{"id":10560,"date":"2025-09-30T09:59:14","date_gmt":"2025-09-30T09:59:14","guid":{"rendered":"https:\/\/jinhuaceramic.com\/?post_type=product&#038;p=10560"},"modified":"2025-09-30T09:59:16","modified_gmt":"2025-09-30T09:59:16","slug":"luxury-bath-accessories-wholesale","status":"publish","type":"product","link":"https:\/\/jinhuaceramic.com\/es\/product\/luxury-bath-accessories-wholesale\/","title":{"rendered":"Accesorios de Ba\u00f1o de Lujo al por Mayor con Esmalte Blanco Moteado"},"content":{"rendered":"<div class=\"wp-block-columns is-layout-flex wp-container-core-columns-is-layout-9d6595d7 wp-block-columns-is-layout-flex\">\n<div class=\"wp-block-column is-layout-flow wp-block-column-is-layout-flow\">\n<h3 class=\"wp-block-heading\">Premium Accesorios de ba\u00f1o de lujo al por mayor Caracter\u00edsticas:<\/h3>\n\n\n\n<ul class=\"wp-block-list\">\n<li><strong>Sencillo y con estilo: <\/strong>Estos accesorios de ba\u00f1o de lujo al por mayor presentan un dise\u00f1o minimalista, con el blanco como color principal y cabezales de bomba negros, lo que les confiere un aspecto limpio y refrescante. La parte superior de todos los accesorios de ba\u00f1o presenta delicadas texturas moteadas, presentando un estilo moderno sencillo pero exquisito.<\/li>\n\n\n\n<li><strong>Funcionalidad pr\u00e1ctica: <\/strong>Estos juegos de ba\u00f1o de cer\u00e1mica a granel incluyen accesorios de ba\u00f1o b\u00e1sicos, como dispensadores de jab\u00f3n, portacepillos de dientes y jaboneras, que satisfacen las necesidades diarias de almacenamiento de art\u00edculos de aseo en el cuarto de ba\u00f1o.<\/li>\n\n\n\n<li><strong>Resistente y duradero: <\/strong>Estos accesorios de ba\u00f1o de lujo de cer\u00e1mica de alta calidad al por mayor tienen una textura dura y una mayor resistencia al desgaste y a los impactos en comparaci\u00f3n con materiales como el pl\u00e1stico y la resina. No se da\u00f1an f\u00e1cilmente y tienen una larga vida \u00fatil.<\/li>\n\n\n\n<li><strong>F\u00e1cil de limpiar: <\/strong>Estos juegos de ba\u00f1o de cer\u00e1mica a granel tienen un esmalte liso, lo que dificulta la adherencia de manchas de agua, suciedad, etc. Para la limpieza diaria, basta con pasar un pa\u00f1o h\u00famedo para eliminar f\u00e1cilmente las manchas y mantener el aspecto limpio del juego de ba\u00f1o.<\/li>\n<\/ul>\n<\/div>\n\n\n\n<div class=\"wp-block-column is-layout-flow wp-block-column-is-layout-flow\">\n<figure class=\"wp-block-image size-full\"><img fetchpriority=\"high\" decoding=\"async\" width=\"800\" height=\"800\" src=\"https:\/\/jinhuaceramic.com\/wp-content\/uploads\/2025\/09\/White-Bathroom-Accessories-with-Speckled-Texture-Ceramic-Soap-Bottle-and-Soap-Dish-Set-2.webp\" alt=\"Accesorios de Ba\u00f1o de Lujo al por Mayor con Esmalte Blanco Moteado\" class=\"wp-image-10561\" srcset=\"https:\/\/jinhuaceramic.com\/wp-content\/uploads\/2025\/09\/White-Bathroom-Accessories-with-Speckled-Texture-Ceramic-Soap-Bottle-and-Soap-Dish-Set-2.webp 800w, https:\/\/jinhuaceramic.com\/wp-content\/uploads\/2025\/09\/White-Bathroom-Accessories-with-Speckled-Texture-Ceramic-Soap-Bottle-and-Soap-Dish-Set-2-300x300.webp 300w, https:\/\/jinhuaceramic.com\/wp-content\/uploads\/2025\/09\/White-Bathroom-Accessories-with-Speckled-Texture-Ceramic-Soap-Bottle-and-Soap-Dish-Set-2-150x150.webp 150w, https:\/\/jinhuaceramic.com\/wp-content\/uploads\/2025\/09\/White-Bathroom-Accessories-with-Speckled-Texture-Ceramic-Soap-Bottle-and-Soap-Dish-Set-2-768x768.webp 768w, https:\/\/jinhuaceramic.com\/wp-content\/uploads\/2025\/09\/White-Bathroom-Accessories-with-Speckled-Texture-Ceramic-Soap-Bottle-and-Soap-Dish-Set-2-12x12.webp 12w, https:\/\/jinhuaceramic.com\/wp-content\/uploads\/2025\/09\/White-Bathroom-Accessories-with-Speckled-Texture-Ceramic-Soap-Bottle-and-Soap-Dish-Set-2-285x285.webp 285w, https:\/\/jinhuaceramic.com\/wp-content\/uploads\/2025\/09\/White-Bathroom-Accessories-with-Speckled-Texture-Ceramic-Soap-Bottle-and-Soap-Dish-Set-2-270x270.webp 270w, https:\/\/jinhuaceramic.com\/wp-content\/uploads\/2025\/09\/White-Bathroom-Accessories-with-Speckled-Texture-Ceramic-Soap-Bottle-and-Soap-Dish-Set-2-540x540.webp 540w, https:\/\/jinhuaceramic.com\/wp-content\/uploads\/2025\/09\/White-Bathroom-Accessories-with-Speckled-Texture-Ceramic-Soap-Bottle-and-Soap-Dish-Set-2-660x660.webp 660w\" sizes=\"(max-width: 800px) 100vw, 800px\" \/><\/figure>\n<\/div>\n<\/div>","protected":false},"excerpt":{"rendered":"<p>Bienvenido a comprar juegos de ba\u00f1o de cer\u00e1mica al por mayor. Estos accesorios de ba\u00f1o de lujo blancos al por mayor presentan un dise\u00f1o sencillo y elegante que realza la belleza general del cuarto de ba\u00f1o. Tambi\u00e9n son pr\u00e1cticos en la funci\u00f3n, resistente y duradero en el material, y f\u00e1cil de limpiar.<\/p>","protected":false},"featured_media":10566,"comment_status":"closed","ping_status":"closed","template":"","meta":{"_acf_changed":false},"product_brand":[],"product_cat":[51],"product_tag":[74],"class_list":{"0":"post-10560","1":"product","2":"type-product","3":"status-publish","4":"has-post-thumbnail","6":"product_cat-bathroom-accessories-wholesale","7":"product_tag-ceramic-bath-accessories-wholesale","9":"first","10":"instock","11":"shipping-taxable","12":"product-type-simple"},"acf":[],"_links":{"self":[{"href":"https:\/\/jinhuaceramic.com\/es\/wp-json\/wp\/v2\/product\/10560","targetHints":{"allow":["GET"]}}],"collection":[{"href":"https:\/\/jinhuaceramic.com\/es\/wp-json\/wp\/v2\/product"}],"about":[{"href":"https:\/\/jinhuaceramic.com\/es\/wp-json\/wp\/v2\/types\/product"}],"replies":[{"embeddable":true,"href":"https:\/\/jinhuaceramic.com\/es\/wp-json\/wp\/v2\/comments?post=10560"}],"version-history":[{"count":0,"href":"https:\/\/jinhuaceramic.com\/es\/wp-json\/wp\/v2\/product\/10560\/revisions"}],"wp:featuredmedia":[{"embeddable":true,"href":"https:\/\/jinhuaceramic.com\/es\/wp-json\/wp\/v2\/media\/10566"}],"wp:attachment":[{"href":"https:\/\/jinhuaceramic.com\/es\/wp-json\/wp\/v2\/media?parent=10560"}],"wp:term":[{"taxonomy":"product_brand","embeddable":true,"href":"https:\/\/jinhuaceramic.com\/es\/wp-json\/wp\/v2\/product_brand?post=10560"},{"taxonomy":"product_cat","embeddable":true,"href":"https:\/\/jinhuaceramic.com\/es\/wp-json\/wp\/v2\/product_cat?post=10560"},{"taxonomy":"product_tag","embeddable":true,"href":"https:\/\/jinhuaceramic.com\/es\/wp-json\/wp\/v2\/product_tag?post=10560"}],"curies":[{"name":"wp","href":"https:\/\/api.w.org\/{rel}","templated":true}]}}