{"id":10583,"date":"2025-10-10T05:40:58","date_gmt":"2025-10-10T05:40:58","guid":{"rendered":"https:\/\/jinhuaceramic.com\/?post_type=product&#038;p=10583"},"modified":"2025-10-10T05:41:00","modified_gmt":"2025-10-10T05:41:00","slug":"wholesale-round-baking-dish","status":"publish","type":"product","link":"https:\/\/jinhuaceramic.com\/es\/product\/wholesale-round-baking-dish\/","title":{"rendered":"Mayorista Plato Redondo para Hornear con Borde Ondulado, Bandeja de Cer\u00e1mica Personalizada para Tartas"},"content":{"rendered":"<div class=\"wp-block-columns is-layout-flex wp-container-core-columns-is-layout-9d6595d7 wp-block-columns-is-layout-flex\">\n<div class=\"wp-block-column is-layout-flow wp-block-column-is-layout-flow\">\n<h3 class=\"wp-block-heading\">Plato redondo para hornear al por mayor de primera calidad Caracter\u00edsticas:<\/h3>\n\n\n\n<ul class=\"wp-block-list\">\n<li><strong>Borde ondulado distintivo:<\/strong> Estos platos redondos para hornear al por mayor tienen un distintivo dise\u00f1o ondulado a lo largo del borde que parecen p\u00e9talos en flor. Estos moldes transmiten una fuerte sensaci\u00f3n de arte y belleza. Al mismo tiempo, el borde ondulado permite crear una tarta con bordes crujientes y una bonita forma.<\/li>\n\n\n\n<li><strong>Textura de lunares:<\/strong> Estos platos para hornear personalizados tienen una textura de lunares circulares a lo largo del lateral, lo que a\u00f1ade un toque y una estratificaci\u00f3n visual a los platos para hornear, haci\u00e9ndolos parecer un poco m\u00e1s refinados y sofisticados que una simple superficie lisa de plato para hornear.<\/li>\n\n\n\n<li><strong>Material de alta calidad:<\/strong> Estos moldes de cer\u00e1mica para hornear de alta calidad a granel pueden conducir y distribuir eficazmente el calor, garantizando un calentamiento uniforme de los ingredientes durante el proceso de horneado y evitando quemaduras localizadas o cocciones insuficientes.<\/li>\n\n\n\n<li><strong>Compatible con una gran variedad de equipos de cocina:<\/strong> Estos moldes redondos de cer\u00e1mica para hornear al por mayor tienen una excelente resistencia al calor y al fr\u00edo y son seguros para su uso en el horno, microondas y lavavajillas. Sin embargo, se debe tener cuidado de evitar el calor y el fr\u00edo repentinos o el contacto directo con llamas abiertas para evitar grietas por choque t\u00e9rmico.<\/li>\n\n\n\n<li><strong>Escenarios de uso enriquecidos: <\/strong>Estos platos redondos para hornear al por mayor pueden satisfacer diversas necesidades culinarias, como hornear pasteles, tartas, as\u00ed como platos como pollo asado y carne. Mientras tanto, su elegante aspecto permite servirlos directamente como vajilla en la mesa del comedor.<\/li>\n<\/ul>\n<\/div>\n\n\n\n<div class=\"wp-block-column is-layout-flow wp-block-column-is-layout-flow\">\n<figure class=\"wp-block-image size-full\"><img fetchpriority=\"high\" decoding=\"async\" width=\"1800\" height=\"1800\" src=\"https:\/\/jinhuaceramic.com\/wp-content\/uploads\/2025\/10\/Round-Baking-Dish-with-Polka-Dot-Texture-Ceramic-Custom-Pie-Pan-Bulk-5.webp\" alt=\"mayorista-plato-redondo-de-hornear-con-borde-ondulado-custom-pie-pan-5\" class=\"wp-image-10587\" srcset=\"https:\/\/jinhuaceramic.com\/wp-content\/uploads\/2025\/10\/Round-Baking-Dish-with-Polka-Dot-Texture-Ceramic-Custom-Pie-Pan-Bulk-5.webp 1800w, https:\/\/jinhuaceramic.com\/wp-content\/uploads\/2025\/10\/Round-Baking-Dish-with-Polka-Dot-Texture-Ceramic-Custom-Pie-Pan-Bulk-5-300x300.webp 300w, https:\/\/jinhuaceramic.com\/wp-content\/uploads\/2025\/10\/Round-Baking-Dish-with-Polka-Dot-Texture-Ceramic-Custom-Pie-Pan-Bulk-5-150x150.webp 150w, https:\/\/jinhuaceramic.com\/wp-content\/uploads\/2025\/10\/Round-Baking-Dish-with-Polka-Dot-Texture-Ceramic-Custom-Pie-Pan-Bulk-5-768x768.webp 768w, https:\/\/jinhuaceramic.com\/wp-content\/uploads\/2025\/10\/Round-Baking-Dish-with-Polka-Dot-Texture-Ceramic-Custom-Pie-Pan-Bulk-5-12x12.webp 12w, https:\/\/jinhuaceramic.com\/wp-content\/uploads\/2025\/10\/Round-Baking-Dish-with-Polka-Dot-Texture-Ceramic-Custom-Pie-Pan-Bulk-5-285x285.webp 285w, https:\/\/jinhuaceramic.com\/wp-content\/uploads\/2025\/10\/Round-Baking-Dish-with-Polka-Dot-Texture-Ceramic-Custom-Pie-Pan-Bulk-5-1600x1600.webp 1600w, https:\/\/jinhuaceramic.com\/wp-content\/uploads\/2025\/10\/Round-Baking-Dish-with-Polka-Dot-Texture-Ceramic-Custom-Pie-Pan-Bulk-5-270x270.webp 270w, https:\/\/jinhuaceramic.com\/wp-content\/uploads\/2025\/10\/Round-Baking-Dish-with-Polka-Dot-Texture-Ceramic-Custom-Pie-Pan-Bulk-5-540x540.webp 540w, https:\/\/jinhuaceramic.com\/wp-content\/uploads\/2025\/10\/Round-Baking-Dish-with-Polka-Dot-Texture-Ceramic-Custom-Pie-Pan-Bulk-5-660x660.webp 660w\" sizes=\"(max-width: 1800px) 100vw, 1800px\" \/><\/figure>\n<\/div>\n<\/div>","protected":false},"excerpt":{"rendered":"<p>Bienvenido a comprar nuestros moldes redondos para hornear al por mayor. Estos moldes para hornear al por mayor con un dise\u00f1o excepcional y agradable apariencia visual, una amplia variedad de escenarios de aplicaci\u00f3n, y materiales cer\u00e1micos de alta calidad, se puede utilizar a su ventaja a trav\u00e9s de la cocina casera en general y eventos especiales. Es un producto de cocina imprescindible que tiene tanto est\u00e9tica como practicidad.<\/p>","protected":false},"featured_media":10588,"comment_status":"closed","ping_status":"closed","template":"","meta":{"_acf_changed":false},"product_brand":[],"product_cat":[53],"product_tag":[70,71],"class_list":{"0":"post-10583","1":"product","2":"type-product","3":"status-publish","4":"has-post-thumbnail","6":"product_cat-bakeware-in-bulk","7":"product_tag-custom-pie-pans","8":"product_tag-wholesale-baking-pans","10":"first","11":"instock","12":"shipping-taxable","13":"product-type-simple"},"acf":[],"_links":{"self":[{"href":"https:\/\/jinhuaceramic.com\/es\/wp-json\/wp\/v2\/product\/10583","targetHints":{"allow":["GET"]}}],"collection":[{"href":"https:\/\/jinhuaceramic.com\/es\/wp-json\/wp\/v2\/product"}],"about":[{"href":"https:\/\/jinhuaceramic.com\/es\/wp-json\/wp\/v2\/types\/product"}],"replies":[{"embeddable":true,"href":"https:\/\/jinhuaceramic.com\/es\/wp-json\/wp\/v2\/comments?post=10583"}],"version-history":[{"count":0,"href":"https:\/\/jinhuaceramic.com\/es\/wp-json\/wp\/v2\/product\/10583\/revisions"}],"wp:featuredmedia":[{"embeddable":true,"href":"https:\/\/jinhuaceramic.com\/es\/wp-json\/wp\/v2\/media\/10588"}],"wp:attachment":[{"href":"https:\/\/jinhuaceramic.com\/es\/wp-json\/wp\/v2\/media?parent=10583"}],"wp:term":[{"taxonomy":"product_brand","embeddable":true,"href":"https:\/\/jinhuaceramic.com\/es\/wp-json\/wp\/v2\/product_brand?post=10583"},{"taxonomy":"product_cat","embeddable":true,"href":"https:\/\/jinhuaceramic.com\/es\/wp-json\/wp\/v2\/product_cat?post=10583"},{"taxonomy":"product_tag","embeddable":true,"href":"https:\/\/jinhuaceramic.com\/es\/wp-json\/wp\/v2\/product_tag?post=10583"}],"curies":[{"name":"wp","href":"https:\/\/api.w.org\/{rel}","templated":true}]}}