{"id":10592,"date":"2025-10-10T06:16:20","date_gmt":"2025-10-10T06:16:20","guid":{"rendered":"https:\/\/jinhuaceramic.com\/?post_type=product&#038;p=10592"},"modified":"2025-10-10T06:16:58","modified_gmt":"2025-10-10T06:16:58","slug":"wholesale-ceramic-baking-dishes","status":"publish","type":"product","link":"https:\/\/jinhuaceramic.com\/es\/product\/wholesale-ceramic-baking-dishes\/","title":{"rendered":"Mayorista Platos de Cer\u00e1mica para Hornear, Rectangular Bakeware Supply"},"content":{"rendered":"<div class=\"wp-block-columns is-layout-flex wp-container-core-columns-is-layout-9d6595d7 wp-block-columns-is-layout-flex\">\n<div class=\"wp-block-column is-layout-flow wp-block-column-is-layout-flow\">\n<h3 class=\"wp-block-heading\">Premium al por mayor de cer\u00e1mica para hornear Platos Caracter\u00edsticas:<\/h3>\n\n\n\n<ul class=\"wp-block-list\">\n<li><strong>Dise\u00f1o elegante:<\/strong> Los platos de cer\u00e1mica al por mayor para hornear al por mayor tienen un elegante dise\u00f1o amarillo y verde en contraste. El interior de la fuente de horno es amarillo y el exterior de la fuente de horno es verde, por lo que el contraste fuerte y alegrar la mesa de la cena en lugar de apagarlo.<\/li>\n\n\n\n<li><strong>Salud y seguridad: <\/strong>Estos moldes para hornear al por mayor est\u00e1n fabricados con materiales cer\u00e1micos naturales cocidos a altas temperaturas, que no liberan sustancias qu\u00edmicas nocivas o t\u00f3xicas al hornear o servir. Los materiales cer\u00e1micos no reaccionan qu\u00edmicamente con los alimentos, lo que favorece una dieta saludable.<\/li>\n\n\n\n<li><strong>F\u00e1cil de limpiar: <\/strong>Estos platos de cer\u00e1mica para hornear al por mayor est\u00e1n fabricados con materiales lisos y densos, lo que facilita su limpieza, ya que los residuos de alimentos no se adhieren a la superficie de los platos de cer\u00e1mica para hornear. Los residuos se eliminan f\u00e1cilmente de los platos de cer\u00e1mica con los productos de limpieza habituales y agua caliente.<\/li>\n\n\n\n<li><strong>Vers\u00e1til para cualquier lugar:<\/strong> Estos moldes a medida se adaptan a diversos equipos de cocina, como el horno, el microondas, etc., y admiten diversos estilos de cocci\u00f3n, como el horneado y el asado. Pueden utilizarse en el d\u00eda a d\u00eda del hogar o para comidas informales con amigos.<\/li>\n\n\n\n<li><strong>Viene con asas dobles: <\/strong>Este molde rectangular de cer\u00e1mica para hornear a granel tiene asas dobles para un manejo estable al levantarlo, incluso con alimentos calientes. Su dise\u00f1o y forma proporcionan un borde limpio, liso y redondeado, y una mayor capacidad que permite hornear una gama m\u00e1s amplia de platos (lasa\u00f1a, verduras, parrilla, etc.).<\/li>\n<\/ul>\n<\/div>\n\n\n\n<div class=\"wp-block-column is-layout-flow wp-block-column-is-layout-flow\">\n<figure class=\"wp-block-image size-full\"><img fetchpriority=\"high\" decoding=\"async\" width=\"1001\" height=\"1001\" src=\"https:\/\/jinhuaceramic.com\/wp-content\/uploads\/2025\/10\/Ceramic-Custom-Baking-Dishes-Wholesale-Professional-Bakeware-Supplies-4.webp\" alt=\"mayorista-ceramica-platos-rectangulares-para-hornear-4\" class=\"wp-image-10595\" srcset=\"https:\/\/jinhuaceramic.com\/wp-content\/uploads\/2025\/10\/Ceramic-Custom-Baking-Dishes-Wholesale-Professional-Bakeware-Supplies-4.webp 1001w, https:\/\/jinhuaceramic.com\/wp-content\/uploads\/2025\/10\/Ceramic-Custom-Baking-Dishes-Wholesale-Professional-Bakeware-Supplies-4-300x300.webp 300w, https:\/\/jinhuaceramic.com\/wp-content\/uploads\/2025\/10\/Ceramic-Custom-Baking-Dishes-Wholesale-Professional-Bakeware-Supplies-4-150x150.webp 150w, https:\/\/jinhuaceramic.com\/wp-content\/uploads\/2025\/10\/Ceramic-Custom-Baking-Dishes-Wholesale-Professional-Bakeware-Supplies-4-768x768.webp 768w, https:\/\/jinhuaceramic.com\/wp-content\/uploads\/2025\/10\/Ceramic-Custom-Baking-Dishes-Wholesale-Professional-Bakeware-Supplies-4-12x12.webp 12w, https:\/\/jinhuaceramic.com\/wp-content\/uploads\/2025\/10\/Ceramic-Custom-Baking-Dishes-Wholesale-Professional-Bakeware-Supplies-4-285x285.webp 285w, https:\/\/jinhuaceramic.com\/wp-content\/uploads\/2025\/10\/Ceramic-Custom-Baking-Dishes-Wholesale-Professional-Bakeware-Supplies-4-270x270.webp 270w, https:\/\/jinhuaceramic.com\/wp-content\/uploads\/2025\/10\/Ceramic-Custom-Baking-Dishes-Wholesale-Professional-Bakeware-Supplies-4-540x540.webp 540w, https:\/\/jinhuaceramic.com\/wp-content\/uploads\/2025\/10\/Ceramic-Custom-Baking-Dishes-Wholesale-Professional-Bakeware-Supplies-4-660x660.webp 660w\" sizes=\"(max-width: 1001px) 100vw, 1001px\" \/><\/figure>\n<\/div>\n<\/div>","protected":false},"excerpt":{"rendered":"<p>Bienvenido a comprar al por mayor estos moldes de cer\u00e1mica para hornear con asas dobles. Estos moldes para hornear personalizados tambi\u00e9n pueden proporcionarle la comodidad y conveniencia que alguien desea en t\u00e9rminos de dise\u00f1o, materiales saludables, ecol\u00f3gicos, f\u00e1ciles de limpiar y caracter\u00edsticas funcionales \u00fatiles y pr\u00e1cticas; un utensilio de cocina hermoso y f\u00e1cil de usar que puede aportar tanta comodidad y disfrute al cocinar y compartir comidas.<\/p>","protected":false},"featured_media":10594,"comment_status":"closed","ping_status":"closed","template":"","meta":{"_acf_changed":false},"product_brand":[],"product_cat":[53],"product_tag":[71],"class_list":{"0":"post-10592","1":"product","2":"type-product","3":"status-publish","4":"has-post-thumbnail","6":"product_cat-bakeware-in-bulk","7":"product_tag-wholesale-baking-pans","9":"first","10":"instock","11":"shipping-taxable","12":"product-type-simple"},"acf":[],"_links":{"self":[{"href":"https:\/\/jinhuaceramic.com\/es\/wp-json\/wp\/v2\/product\/10592","targetHints":{"allow":["GET"]}}],"collection":[{"href":"https:\/\/jinhuaceramic.com\/es\/wp-json\/wp\/v2\/product"}],"about":[{"href":"https:\/\/jinhuaceramic.com\/es\/wp-json\/wp\/v2\/types\/product"}],"replies":[{"embeddable":true,"href":"https:\/\/jinhuaceramic.com\/es\/wp-json\/wp\/v2\/comments?post=10592"}],"version-history":[{"count":0,"href":"https:\/\/jinhuaceramic.com\/es\/wp-json\/wp\/v2\/product\/10592\/revisions"}],"wp:featuredmedia":[{"embeddable":true,"href":"https:\/\/jinhuaceramic.com\/es\/wp-json\/wp\/v2\/media\/10594"}],"wp:attachment":[{"href":"https:\/\/jinhuaceramic.com\/es\/wp-json\/wp\/v2\/media?parent=10592"}],"wp:term":[{"taxonomy":"product_brand","embeddable":true,"href":"https:\/\/jinhuaceramic.com\/es\/wp-json\/wp\/v2\/product_brand?post=10592"},{"taxonomy":"product_cat","embeddable":true,"href":"https:\/\/jinhuaceramic.com\/es\/wp-json\/wp\/v2\/product_cat?post=10592"},{"taxonomy":"product_tag","embeddable":true,"href":"https:\/\/jinhuaceramic.com\/es\/wp-json\/wp\/v2\/product_tag?post=10592"}],"curies":[{"name":"wp","href":"https:\/\/api.w.org\/{rel}","templated":true}]}}