{"id":10613,"date":"2025-10-16T08:04:22","date_gmt":"2025-10-16T08:04:22","guid":{"rendered":"https:\/\/jinhuaceramic.com\/?post_type=product&#038;p=10613"},"modified":"2025-10-16T08:05:56","modified_gmt":"2025-10-16T08:05:56","slug":"mini-ramekins-bulk","status":"publish","type":"product","link":"https:\/\/jinhuaceramic.com\/es\/product\/mini-ramekins-bulk\/","title":{"rendered":"Mini Ramekins a Granel con Tapa, Tazas de Cer\u00e1mica para Souffl\u00e9 al por Mayor"},"content":{"rendered":"<div class=\"wp-block-columns is-layout-flex wp-container-core-columns-is-layout-9d6595d7 wp-block-columns-is-layout-flex\">\n<div class=\"wp-block-column is-layout-flow wp-block-column-is-layout-flow\">\n<h3 class=\"wp-block-heading\">Mini Ramekins Premium a Granel con Tapa Caracter\u00edsticas:<\/h3>\n\n\n\n<ul class=\"wp-block-list\">\n<li><strong>Dise\u00f1o peque\u00f1o y bonito:<\/strong> Estas mini cazuelas a granel tienen un tama\u00f1o compacto, junto con dos asas y una forma circular, lo que hace que el dise\u00f1o sea exquisito y bonito. Tambi\u00e9n cuentan con decoraciones de textura \u00fanica y peque\u00f1as asas negras en la tapa, con un dise\u00f1o general sencillo y detallado.<\/li>\n\n\n\n<li><strong>Nuevos colores:<\/strong> La mayor\u00eda de los mini ramekines a granel se entregan en colores nuevos y suaves como el morado claro, el blanco roto y el verde claro, que aportar\u00e1n una sensaci\u00f3n de frescura a la mesa del comedor y la cocina, y realzar\u00e1n la buena experiencia visual, perfectamente adecuada para los usuarios a los que les gustan las apariencias c\u00e1lidas y frescas.<\/li>\n\n\n\n<li><strong>Seguridad y salud:<\/strong> Los materiales cer\u00e1micos naturales de alta calidad empleados para fabricar estas tazas de cer\u00e1mica para souffl\u00e9 al por mayor tienen propiedades qu\u00edmicas estables, que no transfieren sustancias insalubres durante la cocci\u00f3n a altas temperaturas, lo que garantiza la seguridad y la salud de los alimentos.<\/li>\n\n\n\n<li><strong>Uso polivalente:<\/strong> El peque\u00f1o tama\u00f1o de estos moldes personalizados los hace id\u00f3neos para cocinar postres peque\u00f1os como creme brulee, souffl\u00e9, magdalenas, etc. Tambi\u00e9n pueden utilizarse como vajilla y colocarse en la mesa para servir sopas, guisos, etc., satisfaciendo diversas necesidades culinarias y de consumo.<\/li>\n<\/ul>\n<\/div>\n\n\n\n<div class=\"wp-block-column is-layout-flow wp-block-column-is-layout-flow\">\n<figure class=\"wp-block-image size-full\"><img fetchpriority=\"high\" decoding=\"async\" width=\"800\" height=\"800\" src=\"https:\/\/jinhuaceramic.com\/wp-content\/uploads\/2025\/10\/Bulk-Ramekins-with-Lid-Ceramic-Wholesale-Souffle-Cups-for-Restaurant.webp\" alt=\"mini-ramequines-a granel-con-tapa-mayorista-cer\u00e1mica-tazas-para-gofres-1\" class=\"wp-image-10618\" srcset=\"https:\/\/jinhuaceramic.com\/wp-content\/uploads\/2025\/10\/Bulk-Ramekins-with-Lid-Ceramic-Wholesale-Souffle-Cups-for-Restaurant.webp 800w, https:\/\/jinhuaceramic.com\/wp-content\/uploads\/2025\/10\/Bulk-Ramekins-with-Lid-Ceramic-Wholesale-Souffle-Cups-for-Restaurant-300x300.webp 300w, https:\/\/jinhuaceramic.com\/wp-content\/uploads\/2025\/10\/Bulk-Ramekins-with-Lid-Ceramic-Wholesale-Souffle-Cups-for-Restaurant-150x150.webp 150w, https:\/\/jinhuaceramic.com\/wp-content\/uploads\/2025\/10\/Bulk-Ramekins-with-Lid-Ceramic-Wholesale-Souffle-Cups-for-Restaurant-768x768.webp 768w, https:\/\/jinhuaceramic.com\/wp-content\/uploads\/2025\/10\/Bulk-Ramekins-with-Lid-Ceramic-Wholesale-Souffle-Cups-for-Restaurant-12x12.webp 12w, https:\/\/jinhuaceramic.com\/wp-content\/uploads\/2025\/10\/Bulk-Ramekins-with-Lid-Ceramic-Wholesale-Souffle-Cups-for-Restaurant-285x285.webp 285w, https:\/\/jinhuaceramic.com\/wp-content\/uploads\/2025\/10\/Bulk-Ramekins-with-Lid-Ceramic-Wholesale-Souffle-Cups-for-Restaurant-270x270.webp 270w, https:\/\/jinhuaceramic.com\/wp-content\/uploads\/2025\/10\/Bulk-Ramekins-with-Lid-Ceramic-Wholesale-Souffle-Cups-for-Restaurant-540x540.webp 540w, https:\/\/jinhuaceramic.com\/wp-content\/uploads\/2025\/10\/Bulk-Ramekins-with-Lid-Ceramic-Wholesale-Souffle-Cups-for-Restaurant-660x660.webp 660w\" sizes=\"(max-width: 800px) 100vw, 800px\" \/><\/figure>\n<\/div>\n<\/div>","protected":false},"excerpt":{"rendered":"<p>Bienvenido a comprar estos mini ramequines a granel con tapa. Estos mini ramekins con tapa se han convertido en una herramienta indispensable en la cocina, ya que son peque\u00f1os en volumen, tiernos y encantadores en forma, seguros y saludables en material, y multifuncionales y vers\u00e1tiles en aplicaci\u00f3n. Tanto para la cocina diaria como para fiestas, pueden ser un elemento importante para proporcionar m\u00e1s comodidad y felicidad a las personas.<\/p>","protected":false},"featured_media":10617,"comment_status":"closed","ping_status":"closed","template":"","meta":{"_acf_changed":false},"product_brand":[],"product_cat":[53],"product_tag":[69,70,71],"class_list":{"0":"post-10613","1":"product","2":"type-product","3":"status-publish","4":"has-post-thumbnail","6":"product_cat-bakeware-in-bulk","7":"product_tag-bulk-ramekins","8":"product_tag-custom-pie-pans","9":"product_tag-wholesale-baking-pans","11":"first","12":"instock","13":"shipping-taxable","14":"product-type-simple"},"acf":[],"_links":{"self":[{"href":"https:\/\/jinhuaceramic.com\/es\/wp-json\/wp\/v2\/product\/10613","targetHints":{"allow":["GET"]}}],"collection":[{"href":"https:\/\/jinhuaceramic.com\/es\/wp-json\/wp\/v2\/product"}],"about":[{"href":"https:\/\/jinhuaceramic.com\/es\/wp-json\/wp\/v2\/types\/product"}],"replies":[{"embeddable":true,"href":"https:\/\/jinhuaceramic.com\/es\/wp-json\/wp\/v2\/comments?post=10613"}],"version-history":[{"count":0,"href":"https:\/\/jinhuaceramic.com\/es\/wp-json\/wp\/v2\/product\/10613\/revisions"}],"wp:featuredmedia":[{"embeddable":true,"href":"https:\/\/jinhuaceramic.com\/es\/wp-json\/wp\/v2\/media\/10617"}],"wp:attachment":[{"href":"https:\/\/jinhuaceramic.com\/es\/wp-json\/wp\/v2\/media?parent=10613"}],"wp:term":[{"taxonomy":"product_brand","embeddable":true,"href":"https:\/\/jinhuaceramic.com\/es\/wp-json\/wp\/v2\/product_brand?post=10613"},{"taxonomy":"product_cat","embeddable":true,"href":"https:\/\/jinhuaceramic.com\/es\/wp-json\/wp\/v2\/product_cat?post=10613"},{"taxonomy":"product_tag","embeddable":true,"href":"https:\/\/jinhuaceramic.com\/es\/wp-json\/wp\/v2\/product_tag?post=10613"}],"curies":[{"name":"wp","href":"https:\/\/api.w.org\/{rel}","templated":true}]}}