{"id":10622,"date":"2025-10-16T07:31:49","date_gmt":"2025-10-16T07:31:49","guid":{"rendered":"https:\/\/jinhuaceramic.com\/?post_type=product&#038;p=10622"},"modified":"2025-10-16T07:31:52","modified_gmt":"2025-10-16T07:31:52","slug":"ceramic-bath-accessory-sets-wholesale","status":"publish","type":"product","link":"https:\/\/jinhuaceramic.com\/es\/product\/ceramic-bath-accessory-sets-wholesale\/","title":{"rendered":"Conjuntos de accesorios de ba\u00f1o de cer\u00e1mica en forma de concha Proveedor al por mayor"},"content":{"rendered":"<div class=\"wp-block-columns is-layout-flex wp-container-core-columns-is-layout-9d6595d7 wp-block-columns-is-layout-flex\">\n<div class=\"wp-block-column is-layout-flow wp-block-column-is-layout-flow\">\n<h3 class=\"wp-block-heading\">Premium forma de concha de cer\u00e1mica accesorios de ba\u00f1o conjuntos de venta al por mayor Caracter\u00edsticas:<\/h3>\n\n\n\n<ul class=\"wp-block-list\">\n<li><strong>Forma \u00fanica:<\/strong> Estos conjuntos de ba\u00f1o a medida presentan conchas marinas como elementos de dise\u00f1o, con formas \u00fanicas e innovadoras en abanico que pueden aportar una atm\u00f3sfera oce\u00e1nica, natural y rom\u00e1ntica al espacio de ba\u00f1o, a\u00f1adiendo elementos art\u00edsticos y divertidos.<\/li>\n\n\n\n<li><strong>Colores frescos:<\/strong> Estos conjuntos de accesorios de ba\u00f1o de cer\u00e1mica al por mayor utilizan el blanco como color base y est\u00e1n decorados con rayas azules. Este esquema de color azul y blanco tradicional es fresco, nuevo y elegante, ofreciendo a la gente una presentaci\u00f3n visual limpia, ordenada y fresca, dando al ba\u00f1o un elemento de estilo oce\u00e1nico.<\/li>\n\n\n\n<li><strong>Material de alta calidad:<\/strong> Los juegos de accesorios de ba\u00f1o de cer\u00e1mica al por mayor est\u00e1n hechos de cer\u00e1mica de alta calidad, que es dura, resistente al desgaste y duradera, con una larga vida \u00fatil. Al mismo tiempo, la superficie de cer\u00e1mica es lisa, no es f\u00e1cil de manchar y es f\u00e1cil de limpiar.<\/li>\n\n\n\n<li><strong>Alta practicidad: <\/strong>Hay varios tipos de accesorios de ba\u00f1o al por mayor, como botellas de jab\u00f3n, portacepillos de dientes, jaboneras y bandejas, que acompa\u00f1an a estos conjuntos de ba\u00f1o y que satisfacen las necesidades funcionales de almacenamiento de jab\u00f3n y art\u00edculos de aseo en el ba\u00f1o, haciendo las cosas m\u00e1s pr\u00e1cticas para la vida diaria de los usuarios.<\/li>\n<\/ul>\n<\/div>\n\n\n\n<div class=\"wp-block-column is-layout-flow wp-block-column-is-layout-flow\">\n<figure class=\"wp-block-image size-full\"><img fetchpriority=\"high\" decoding=\"async\" width=\"640\" height=\"640\" src=\"https:\/\/jinhuaceramic.com\/wp-content\/uploads\/2025\/10\/Custom-Shell-Shape-Bathroom-Set-Wholesale-Ceramic-Bathroom-Accessories-Suppliers-2.webp\" alt=\"concha-cer\u00e1mica-ba\u00f1o-accesorios-sets-mayorista-proveedor-2\" class=\"wp-image-10623\" srcset=\"https:\/\/jinhuaceramic.com\/wp-content\/uploads\/2025\/10\/Custom-Shell-Shape-Bathroom-Set-Wholesale-Ceramic-Bathroom-Accessories-Suppliers-2.webp 640w, https:\/\/jinhuaceramic.com\/wp-content\/uploads\/2025\/10\/Custom-Shell-Shape-Bathroom-Set-Wholesale-Ceramic-Bathroom-Accessories-Suppliers-2-300x300.webp 300w, https:\/\/jinhuaceramic.com\/wp-content\/uploads\/2025\/10\/Custom-Shell-Shape-Bathroom-Set-Wholesale-Ceramic-Bathroom-Accessories-Suppliers-2-150x150.webp 150w, https:\/\/jinhuaceramic.com\/wp-content\/uploads\/2025\/10\/Custom-Shell-Shape-Bathroom-Set-Wholesale-Ceramic-Bathroom-Accessories-Suppliers-2-12x12.webp 12w, https:\/\/jinhuaceramic.com\/wp-content\/uploads\/2025\/10\/Custom-Shell-Shape-Bathroom-Set-Wholesale-Ceramic-Bathroom-Accessories-Suppliers-2-285x285.webp 285w, https:\/\/jinhuaceramic.com\/wp-content\/uploads\/2025\/10\/Custom-Shell-Shape-Bathroom-Set-Wholesale-Ceramic-Bathroom-Accessories-Suppliers-2-270x270.webp 270w, https:\/\/jinhuaceramic.com\/wp-content\/uploads\/2025\/10\/Custom-Shell-Shape-Bathroom-Set-Wholesale-Ceramic-Bathroom-Accessories-Suppliers-2-540x540.webp 540w\" sizes=\"(max-width: 640px) 100vw, 640px\" \/><\/figure>\n<\/div>\n<\/div>","protected":false},"excerpt":{"rendered":"<p>Bienvenido a comprar nuestros conjuntos de accesorios de ba\u00f1o de cer\u00e1mica al por mayor. Las ventajas de estos juegos de ba\u00f1o personalizados son la perfecta combinaci\u00f3n de formas de concha \u00fanicas, frescos colores azul y blanco, excelentes materiales y completa funcionalidad. Estos juegos de ba\u00f1o no s\u00f3lo son art\u00edculos de ba\u00f1o pr\u00e1cticos, sino tambi\u00e9n decoraciones que pueden realzar el gusto y el ambiente del ba\u00f1o, lo que los convierte en una opci\u00f3n ideal para quienes persiguen un estilo de vida de alta calidad.<\/p>","protected":false},"featured_media":10627,"comment_status":"closed","ping_status":"closed","template":"","meta":{"_acf_changed":false},"product_brand":[],"product_cat":[51],"product_tag":[74],"class_list":{"0":"post-10622","1":"product","2":"type-product","3":"status-publish","4":"has-post-thumbnail","6":"product_cat-bathroom-accessories-wholesale","7":"product_tag-ceramic-bath-accessories-wholesale","9":"first","10":"instock","11":"shipping-taxable","12":"product-type-simple"},"acf":[],"_links":{"self":[{"href":"https:\/\/jinhuaceramic.com\/es\/wp-json\/wp\/v2\/product\/10622","targetHints":{"allow":["GET"]}}],"collection":[{"href":"https:\/\/jinhuaceramic.com\/es\/wp-json\/wp\/v2\/product"}],"about":[{"href":"https:\/\/jinhuaceramic.com\/es\/wp-json\/wp\/v2\/types\/product"}],"replies":[{"embeddable":true,"href":"https:\/\/jinhuaceramic.com\/es\/wp-json\/wp\/v2\/comments?post=10622"}],"version-history":[{"count":0,"href":"https:\/\/jinhuaceramic.com\/es\/wp-json\/wp\/v2\/product\/10622\/revisions"}],"wp:featuredmedia":[{"embeddable":true,"href":"https:\/\/jinhuaceramic.com\/es\/wp-json\/wp\/v2\/media\/10627"}],"wp:attachment":[{"href":"https:\/\/jinhuaceramic.com\/es\/wp-json\/wp\/v2\/media?parent=10622"}],"wp:term":[{"taxonomy":"product_brand","embeddable":true,"href":"https:\/\/jinhuaceramic.com\/es\/wp-json\/wp\/v2\/product_brand?post=10622"},{"taxonomy":"product_cat","embeddable":true,"href":"https:\/\/jinhuaceramic.com\/es\/wp-json\/wp\/v2\/product_cat?post=10622"},{"taxonomy":"product_tag","embeddable":true,"href":"https:\/\/jinhuaceramic.com\/es\/wp-json\/wp\/v2\/product_tag?post=10622"}],"curies":[{"name":"wp","href":"https:\/\/api.w.org\/{rel}","templated":true}]}}