{"id":10645,"date":"2025-10-16T06:40:02","date_gmt":"2025-10-16T06:40:02","guid":{"rendered":"https:\/\/jinhuaceramic.com\/?post_type=product&#038;p=10645"},"modified":"2025-10-16T06:40:04","modified_gmt":"2025-10-16T06:40:04","slug":"custom-soap-dispenser","status":"publish","type":"product","link":"https:\/\/jinhuaceramic.com\/es\/product\/custom-soap-dispenser\/","title":{"rendered":"Dispensador de jab\u00f3n personalizado \u00fanico, botella de jab\u00f3n l\u00edquido de cer\u00e1mica a granel"},"content":{"rendered":"<div class=\"wp-block-columns is-layout-flex wp-container-core-columns-is-layout-9d6595d7 wp-block-columns-is-layout-flex\">\n<div class=\"wp-block-column is-layout-flow wp-block-column-is-layout-flow\">\n<h3 class=\"wp-block-heading\">Dispensador de jab\u00f3n personalizado Premium Unique Caracter\u00edsticas:<\/h3>\n\n\n\n<ul class=\"wp-block-list\">\n<li><strong>Dise\u00f1o distintivo:<\/strong> Estos dispensadores de jab\u00f3n personalizados utilizan una forma c\u00fabica, similar al apilamiento tridimensional de burbujas, que resulta creativa y atractiva, y puede convertirse en un elemento visual en el cuarto de ba\u00f1o, proporcionando un ambiente art\u00edstico \u00fanico a su cuarto de ba\u00f1o.<\/li>\n\n\n\n<li><strong>M\u00faltiples colores:<\/strong> Estos dispensadores de jab\u00f3n personalizados ofrecen varios colores, como blanco roto, rosa claro, plata, etc. El blanco hueso y el rosa claro transmiten calidez y suavidad, mientras que el plateado transmite moda, modernidad y elaboraci\u00f3n, lo que se adapta a diversos estilos de decoraci\u00f3n de ba\u00f1os.<\/li>\n\n\n\n<li><strong>Composici\u00f3n duradera:<\/strong> Estas botellas de jab\u00f3n personalizadas est\u00e1n compuestas de cer\u00e1mica de alta calidad cocida a alta temperatura, que tiene cierta resistencia y grado de dureza; los dispensadores no se desgastan ni se rompen f\u00e1cilmente, y tienen una larga vida \u00fatil.<\/li>\n\n\n\n<li><strong>Alta practicidad: <\/strong>Estos dispensadores de jab\u00f3n al por mayor tienen una capacidad moderada y no requieren la adici\u00f3n frecuente de l\u00edquido. La bomba de prensado equipada puede presionar suavemente, exprimir f\u00e1cilmente una cantidad adecuada de desinfectante de manos o detergente, y la salida es estable, evitando el desperdicio.<\/li>\n<\/ul>\n\n\n\n<p><\/p>\n<\/div>\n\n\n\n<div class=\"wp-block-column is-layout-flow wp-block-column-is-layout-flow\">\n<figure class=\"wp-block-image size-full\"><img fetchpriority=\"high\" decoding=\"async\" width=\"800\" height=\"800\" src=\"https:\/\/jinhuaceramic.com\/wp-content\/uploads\/2025\/10\/Unique-Custom-Soap-Dispenser-Ceramic-Bulk-Liquid-Soap-Bottle-Wholesale-8.webp\" alt=\"dispensador de jab\u00f3n personalizado \u00fanico - botella de jab\u00f3n l\u00edquido a granel de cer\u00e1mica - 8\" class=\"wp-image-10652\" srcset=\"https:\/\/jinhuaceramic.com\/wp-content\/uploads\/2025\/10\/Unique-Custom-Soap-Dispenser-Ceramic-Bulk-Liquid-Soap-Bottle-Wholesale-8.webp 800w, https:\/\/jinhuaceramic.com\/wp-content\/uploads\/2025\/10\/Unique-Custom-Soap-Dispenser-Ceramic-Bulk-Liquid-Soap-Bottle-Wholesale-8-300x300.webp 300w, https:\/\/jinhuaceramic.com\/wp-content\/uploads\/2025\/10\/Unique-Custom-Soap-Dispenser-Ceramic-Bulk-Liquid-Soap-Bottle-Wholesale-8-150x150.webp 150w, https:\/\/jinhuaceramic.com\/wp-content\/uploads\/2025\/10\/Unique-Custom-Soap-Dispenser-Ceramic-Bulk-Liquid-Soap-Bottle-Wholesale-8-768x768.webp 768w, https:\/\/jinhuaceramic.com\/wp-content\/uploads\/2025\/10\/Unique-Custom-Soap-Dispenser-Ceramic-Bulk-Liquid-Soap-Bottle-Wholesale-8-12x12.webp 12w, https:\/\/jinhuaceramic.com\/wp-content\/uploads\/2025\/10\/Unique-Custom-Soap-Dispenser-Ceramic-Bulk-Liquid-Soap-Bottle-Wholesale-8-285x285.webp 285w, https:\/\/jinhuaceramic.com\/wp-content\/uploads\/2025\/10\/Unique-Custom-Soap-Dispenser-Ceramic-Bulk-Liquid-Soap-Bottle-Wholesale-8-270x270.webp 270w, https:\/\/jinhuaceramic.com\/wp-content\/uploads\/2025\/10\/Unique-Custom-Soap-Dispenser-Ceramic-Bulk-Liquid-Soap-Bottle-Wholesale-8-540x540.webp 540w, https:\/\/jinhuaceramic.com\/wp-content\/uploads\/2025\/10\/Unique-Custom-Soap-Dispenser-Ceramic-Bulk-Liquid-Soap-Bottle-Wholesale-8-660x660.webp 660w\" sizes=\"(max-width: 800px) 100vw, 800px\" \/><\/figure>\n<\/div>\n<\/div>","protected":false},"excerpt":{"rendered":"<p>Bienvenido a comprar estos dispensadores de jab\u00f3n personalizados tienen un dise\u00f1o \u00fanico de apariencia c\u00fabica, diversas opciones de color, materiales resistentes y duraderos, y caracter\u00edsticas funcionales pr\u00e1cticas, combinando practicidad y est\u00e9tica, haci\u00e9ndolos no s\u00f3lo pr\u00e1cticos productos de ba\u00f1o, sino tambi\u00e9n art\u00edculos para el hogar que pueden embellecer el ambiente del ba\u00f1o y mejorar la calidad de vida.<\/p>","protected":false},"featured_media":10647,"comment_status":"closed","ping_status":"closed","template":"","meta":{"_acf_changed":false},"product_brand":[],"product_cat":[51],"product_tag":[73],"class_list":{"0":"post-10645","1":"product","2":"type-product","3":"status-publish","4":"has-post-thumbnail","6":"product_cat-bathroom-accessories-wholesale","7":"product_tag-custom-soap-dispensers","9":"first","10":"instock","11":"shipping-taxable","12":"product-type-simple"},"acf":[],"_links":{"self":[{"href":"https:\/\/jinhuaceramic.com\/es\/wp-json\/wp\/v2\/product\/10645","targetHints":{"allow":["GET"]}}],"collection":[{"href":"https:\/\/jinhuaceramic.com\/es\/wp-json\/wp\/v2\/product"}],"about":[{"href":"https:\/\/jinhuaceramic.com\/es\/wp-json\/wp\/v2\/types\/product"}],"replies":[{"embeddable":true,"href":"https:\/\/jinhuaceramic.com\/es\/wp-json\/wp\/v2\/comments?post=10645"}],"version-history":[{"count":0,"href":"https:\/\/jinhuaceramic.com\/es\/wp-json\/wp\/v2\/product\/10645\/revisions"}],"wp:featuredmedia":[{"embeddable":true,"href":"https:\/\/jinhuaceramic.com\/es\/wp-json\/wp\/v2\/media\/10647"}],"wp:attachment":[{"href":"https:\/\/jinhuaceramic.com\/es\/wp-json\/wp\/v2\/media?parent=10645"}],"wp:term":[{"taxonomy":"product_brand","embeddable":true,"href":"https:\/\/jinhuaceramic.com\/es\/wp-json\/wp\/v2\/product_brand?post=10645"},{"taxonomy":"product_cat","embeddable":true,"href":"https:\/\/jinhuaceramic.com\/es\/wp-json\/wp\/v2\/product_cat?post=10645"},{"taxonomy":"product_tag","embeddable":true,"href":"https:\/\/jinhuaceramic.com\/es\/wp-json\/wp\/v2\/product_tag?post=10645"}],"curies":[{"name":"wp","href":"https:\/\/api.w.org\/{rel}","templated":true}]}}