{"id":10656,"date":"2025-10-16T06:07:51","date_gmt":"2025-10-16T06:07:51","guid":{"rendered":"https:\/\/jinhuaceramic.com\/?post_type=product&#038;p=10656"},"modified":"2025-10-16T06:41:05","modified_gmt":"2025-10-16T06:41:05","slug":"custom-bakeware-set","status":"publish","type":"product","link":"https:\/\/jinhuaceramic.com\/es\/product\/custom-bakeware-set\/","title":{"rendered":"3-Piece Red Custom Bakeware Set, Platos de cer\u00e1mica para hornear al por mayor"},"content":{"rendered":"<div class=\"wp-block-columns is-layout-flex wp-container-core-columns-is-layout-9d6595d7 wp-block-columns-is-layout-flex\">\n<div class=\"wp-block-column is-layout-flow wp-block-column-is-layout-flow\">\n<h3 class=\"wp-block-heading\">Caracter\u00edsticas del juego de utensilios de cocina personalizados de 3 piezas en color rojo:<\/h3>\n\n\n\n<ul class=\"wp-block-list\">\n<li><strong>Dise\u00f1o elegante:<\/strong> Estos juegos de fuentes para hornear al por mayor presentan colores rojos vivos, combinados con l\u00edneas marrones oscuras en los bordes, lo que a\u00f1ade vitalidad a la cocina y a la mesa del comedor. El lateral de la fuente para hornear tiene una textura similar a las ondas del agua, lo que a\u00f1ade un toque de dise\u00f1o y refinamiento.<\/li>\n\n\n\n<li><strong>Excelente material: <\/strong>Estas bandejas de cer\u00e1mica para hornear al por mayor tienen una buena conductividad t\u00e9rmica, lo que permite que el calor se distribuya uniformemente durante el horneado, evitando que se formen puntos calientes o fr\u00edos al cocinar los alimentos y permitiendo que estos adquieran un mejor color y sabor.<\/li>\n\n\n\n<li><strong>Diferentes tama\u00f1os:<\/strong> Estos juegos de utensilios de cocina personalizados incluyen 3 bandejas para hornear de diferentes tama\u00f1os, que satisfar\u00e1n las necesidades culinarias de diferentes cantidades de comida. La bandeja peque\u00f1a se puede utilizar para preparar postres o comidas individuales, mientras que la bandeja grande se puede utilizar para hornear m\u00e1s ingredientes necesarios para comidas familiares. Esto ampl\u00eda la utilidad y la flexibilidad.<\/li>\n\n\n\n<li><strong>F\u00e1cil limpieza:<\/strong> Estos juegos de utensilios de cocina de cer\u00e1mica personalizados tienen un esmalte y una textura densa con una superficie lisa, lo que evita que los residuos de comida se adhieran. Se limpian f\u00e1cilmente con agua tibia y productos de limpieza habituales, y luego con una esponja o un pa\u00f1o suave.<\/li>\n<\/ul>\n<\/div>\n\n\n\n<div class=\"wp-block-column is-layout-flow wp-block-column-is-layout-flow\">\n<figure class=\"wp-block-image size-full\"><img fetchpriority=\"high\" decoding=\"async\" width=\"1000\" height=\"1000\" src=\"https:\/\/jinhuaceramic.com\/wp-content\/uploads\/2025\/10\/3-Piece-Red-Custom-Bakeware-Set-Ceramic-Baking-Dishes-Pans-Wholesale-3.webp\" alt=\"Juego de 3 piezas de utensilios de cocina personalizados de color rojo, platos de cer\u00e1mica para hornear, venta al por mayor, 3\" class=\"wp-image-10658\" srcset=\"https:\/\/jinhuaceramic.com\/wp-content\/uploads\/2025\/10\/3-Piece-Red-Custom-Bakeware-Set-Ceramic-Baking-Dishes-Pans-Wholesale-3.webp 1000w, https:\/\/jinhuaceramic.com\/wp-content\/uploads\/2025\/10\/3-Piece-Red-Custom-Bakeware-Set-Ceramic-Baking-Dishes-Pans-Wholesale-3-300x300.webp 300w, https:\/\/jinhuaceramic.com\/wp-content\/uploads\/2025\/10\/3-Piece-Red-Custom-Bakeware-Set-Ceramic-Baking-Dishes-Pans-Wholesale-3-150x150.webp 150w, https:\/\/jinhuaceramic.com\/wp-content\/uploads\/2025\/10\/3-Piece-Red-Custom-Bakeware-Set-Ceramic-Baking-Dishes-Pans-Wholesale-3-768x768.webp 768w, https:\/\/jinhuaceramic.com\/wp-content\/uploads\/2025\/10\/3-Piece-Red-Custom-Bakeware-Set-Ceramic-Baking-Dishes-Pans-Wholesale-3-12x12.webp 12w, https:\/\/jinhuaceramic.com\/wp-content\/uploads\/2025\/10\/3-Piece-Red-Custom-Bakeware-Set-Ceramic-Baking-Dishes-Pans-Wholesale-3-285x285.webp 285w, https:\/\/jinhuaceramic.com\/wp-content\/uploads\/2025\/10\/3-Piece-Red-Custom-Bakeware-Set-Ceramic-Baking-Dishes-Pans-Wholesale-3-270x270.webp 270w, https:\/\/jinhuaceramic.com\/wp-content\/uploads\/2025\/10\/3-Piece-Red-Custom-Bakeware-Set-Ceramic-Baking-Dishes-Pans-Wholesale-3-540x540.webp 540w, https:\/\/jinhuaceramic.com\/wp-content\/uploads\/2025\/10\/3-Piece-Red-Custom-Bakeware-Set-Ceramic-Baking-Dishes-Pans-Wholesale-3-660x660.webp 660w\" sizes=\"(max-width: 1000px) 100vw, 1000px\" \/><\/figure>\n<\/div>\n<\/div>","protected":false},"excerpt":{"rendered":"<p>Bienvenido a la compra de estos juegos de utensilios de reposter\u00eda personalizados de 3 piezas, que incluyen moldes de cer\u00e1mica duraderos y resistentes al calor con un acabado esmaltado rojo brillante. Son perfectos para hornear en casa con frecuencia y para recibir invitados, ya que aportan mucha comodidad y alegr\u00eda a las actividades culinarias y gastron\u00f3micas. Ofrecemos personalizaci\u00f3n OEM\/ODM para proyectos de marca y venta al por mayor.<\/p>","protected":false},"featured_media":10659,"comment_status":"closed","ping_status":"closed","template":"","meta":{"_acf_changed":false},"product_brand":[],"product_cat":[53],"product_tag":[71],"class_list":{"0":"post-10656","1":"product","2":"type-product","3":"status-publish","4":"has-post-thumbnail","6":"product_cat-bakeware-in-bulk","7":"product_tag-wholesale-baking-pans","9":"first","10":"instock","11":"shipping-taxable","12":"product-type-simple"},"acf":[],"_links":{"self":[{"href":"https:\/\/jinhuaceramic.com\/es\/wp-json\/wp\/v2\/product\/10656","targetHints":{"allow":["GET"]}}],"collection":[{"href":"https:\/\/jinhuaceramic.com\/es\/wp-json\/wp\/v2\/product"}],"about":[{"href":"https:\/\/jinhuaceramic.com\/es\/wp-json\/wp\/v2\/types\/product"}],"replies":[{"embeddable":true,"href":"https:\/\/jinhuaceramic.com\/es\/wp-json\/wp\/v2\/comments?post=10656"}],"version-history":[{"count":0,"href":"https:\/\/jinhuaceramic.com\/es\/wp-json\/wp\/v2\/product\/10656\/revisions"}],"wp:featuredmedia":[{"embeddable":true,"href":"https:\/\/jinhuaceramic.com\/es\/wp-json\/wp\/v2\/media\/10659"}],"wp:attachment":[{"href":"https:\/\/jinhuaceramic.com\/es\/wp-json\/wp\/v2\/media?parent=10656"}],"wp:term":[{"taxonomy":"product_brand","embeddable":true,"href":"https:\/\/jinhuaceramic.com\/es\/wp-json\/wp\/v2\/product_brand?post=10656"},{"taxonomy":"product_cat","embeddable":true,"href":"https:\/\/jinhuaceramic.com\/es\/wp-json\/wp\/v2\/product_cat?post=10656"},{"taxonomy":"product_tag","embeddable":true,"href":"https:\/\/jinhuaceramic.com\/es\/wp-json\/wp\/v2\/product_tag?post=10656"}],"curies":[{"name":"wp","href":"https:\/\/api.w.org\/{rel}","templated":true}]}}