{"id":10668,"date":"2025-10-16T03:37:14","date_gmt":"2025-10-16T03:37:14","guid":{"rendered":"https:\/\/jinhuaceramic.com\/?post_type=product&#038;p=10668"},"modified":"2025-10-16T03:37:16","modified_gmt":"2025-10-16T03:37:16","slug":"custom-bath-set-in-bulk","status":"publish","type":"product","link":"https:\/\/jinhuaceramic.com\/es\/product\/custom-bath-set-in-bulk\/","title":{"rendered":"Set de Ba\u00f1o R\u00fastico Personalizado a Granel, Jabonera y Dosificador de Cer\u00e1mica"},"content":{"rendered":"<div class=\"wp-block-columns is-layout-flex wp-container-core-columns-is-layout-9d6595d7 wp-block-columns-is-layout-flex\">\n<div class=\"wp-block-column is-layout-flow wp-block-column-is-layout-flow\">\n<h3 class=\"wp-block-heading\">Set de Ba\u00f1o R\u00fastico Premium a Granel Caracter\u00edsticas:<\/h3>\n\n\n\n<ul class=\"wp-block-list\">\n<li><strong>Colores r\u00fasticos: <\/strong>El juego de ba\u00f1o a medida a granel presenta un suave tono amarillo terroso, que da una sensaci\u00f3n c\u00e1lida y confortable. El esmalte tambi\u00e9n est\u00e1 adornado con peque\u00f1os puntos negros irregulares, que a\u00f1aden una belleza natural y r\u00fastica al producto.<\/li>\n\n\n\n<li><strong>Textura especial:<\/strong> Cada uno de los productos de este juego de ba\u00f1era personalizado a granel presenta una textura diagonal \u00fanica que rompe con la planitud de los productos de ba\u00f1o comunes y confiere una sensaci\u00f3n art\u00edstica y de moda al cuarto de ba\u00f1o, convirti\u00e9ndose as\u00ed en una joya decorativa en el cuarto de ba\u00f1o.<\/li>\n\n\n\n<li><strong>Material duradero:<\/strong> El juego de ba\u00f1o personalizado est\u00e1 fabricado con materiales cer\u00e1micos de alta calidad cocidos a gran temperatura. Son duraderos, robustos, impermeables y resistentes a la humedad, lo que los hace muy vers\u00e1tiles para su uso en entornos h\u00famedos como los cuartos de ba\u00f1o.<\/li>\n\n\n\n<li><strong>Practicidad:<\/strong> Todos estos conjuntos de art\u00edculos de ba\u00f1o son extremadamente pr\u00e1cticos. El cepillo de dientes titular puede contener cepillos de dientes, pasta de dientes y otros art\u00edculos de cuidado personal; El dispensador de jab\u00f3n se mueve suavemente y es muy c\u00f3modo de usar; El plato de jab\u00f3n tiene la funci\u00f3n de agujeros de drenaje, que es capaz de drenar el agua de jab\u00f3n mejor y evitar que se ablande.<\/li>\n<\/ul>\n<\/div>\n\n\n\n<div class=\"wp-block-column is-layout-flow wp-block-column-is-layout-flow\">\n<figure class=\"wp-block-image size-full\"><img fetchpriority=\"high\" decoding=\"async\" width=\"810\" height=\"702\" src=\"https:\/\/jinhuaceramic.com\/wp-content\/uploads\/2025\/10\/Rustic-Bathroom-Accessories-Ceramic-Soap-Dispenser-and-Toothbrush-Holder-Set-5.webp\" alt=\"jabonera y dispensador de jabon ceramico r\u00fastico a granel-5\" class=\"wp-image-10671\" srcset=\"https:\/\/jinhuaceramic.com\/wp-content\/uploads\/2025\/10\/Rustic-Bathroom-Accessories-Ceramic-Soap-Dispenser-and-Toothbrush-Holder-Set-5.webp 810w, https:\/\/jinhuaceramic.com\/wp-content\/uploads\/2025\/10\/Rustic-Bathroom-Accessories-Ceramic-Soap-Dispenser-and-Toothbrush-Holder-Set-5-300x260.webp 300w, https:\/\/jinhuaceramic.com\/wp-content\/uploads\/2025\/10\/Rustic-Bathroom-Accessories-Ceramic-Soap-Dispenser-and-Toothbrush-Holder-Set-5-768x666.webp 768w, https:\/\/jinhuaceramic.com\/wp-content\/uploads\/2025\/10\/Rustic-Bathroom-Accessories-Ceramic-Soap-Dispenser-and-Toothbrush-Holder-Set-5-14x12.webp 14w, https:\/\/jinhuaceramic.com\/wp-content\/uploads\/2025\/10\/Rustic-Bathroom-Accessories-Ceramic-Soap-Dispenser-and-Toothbrush-Holder-Set-5-285x247.webp 285w, https:\/\/jinhuaceramic.com\/wp-content\/uploads\/2025\/10\/Rustic-Bathroom-Accessories-Ceramic-Soap-Dispenser-and-Toothbrush-Holder-Set-5-660x572.webp 660w, https:\/\/jinhuaceramic.com\/wp-content\/uploads\/2025\/10\/Rustic-Bathroom-Accessories-Ceramic-Soap-Dispenser-and-Toothbrush-Holder-Set-5-150x130.webp 150w\" sizes=\"(max-width: 810px) 100vw, 810px\" \/><\/figure>\n<\/div>\n<\/div>\n\n\n\n<p><\/p>","protected":false},"excerpt":{"rendered":"<p>Bienvenido a comprar este set de ba\u00f1o r\u00fastico personalizado a granel que incluye un dispensador de jab\u00f3n, un portacepillos de dientes y una jabonera, con cer\u00e1mica duradera de alta cocci\u00f3n con un acabado mate natural. Ideal para la venta al por mayor y la personalizaci\u00f3n OEM \/ ODM, trae hermosos efectos visuales al ba\u00f1o y proporciona una experiencia de usuario c\u00f3moda y confortable.<\/p>","protected":false},"featured_media":10670,"comment_status":"closed","ping_status":"closed","template":"","meta":{"_acf_changed":false},"product_brand":[],"product_cat":[51],"product_tag":[74],"class_list":{"0":"post-10668","1":"product","2":"type-product","3":"status-publish","4":"has-post-thumbnail","6":"product_cat-bathroom-accessories-wholesale","7":"product_tag-ceramic-bath-accessories-wholesale","9":"first","10":"instock","11":"shipping-taxable","12":"product-type-simple"},"acf":[],"_links":{"self":[{"href":"https:\/\/jinhuaceramic.com\/es\/wp-json\/wp\/v2\/product\/10668","targetHints":{"allow":["GET"]}}],"collection":[{"href":"https:\/\/jinhuaceramic.com\/es\/wp-json\/wp\/v2\/product"}],"about":[{"href":"https:\/\/jinhuaceramic.com\/es\/wp-json\/wp\/v2\/types\/product"}],"replies":[{"embeddable":true,"href":"https:\/\/jinhuaceramic.com\/es\/wp-json\/wp\/v2\/comments?post=10668"}],"version-history":[{"count":0,"href":"https:\/\/jinhuaceramic.com\/es\/wp-json\/wp\/v2\/product\/10668\/revisions"}],"wp:featuredmedia":[{"embeddable":true,"href":"https:\/\/jinhuaceramic.com\/es\/wp-json\/wp\/v2\/media\/10670"}],"wp:attachment":[{"href":"https:\/\/jinhuaceramic.com\/es\/wp-json\/wp\/v2\/media?parent=10668"}],"wp:term":[{"taxonomy":"product_brand","embeddable":true,"href":"https:\/\/jinhuaceramic.com\/es\/wp-json\/wp\/v2\/product_brand?post=10668"},{"taxonomy":"product_cat","embeddable":true,"href":"https:\/\/jinhuaceramic.com\/es\/wp-json\/wp\/v2\/product_cat?post=10668"},{"taxonomy":"product_tag","embeddable":true,"href":"https:\/\/jinhuaceramic.com\/es\/wp-json\/wp\/v2\/product_tag?post=10668"}],"curies":[{"name":"wp","href":"https:\/\/api.w.org\/{rel}","templated":true}]}}