{"id":10680,"date":"2025-10-16T01:41:01","date_gmt":"2025-10-16T01:41:01","guid":{"rendered":"https:\/\/jinhuaceramic.com\/?post_type=product&#038;p=10680"},"modified":"2025-11-12T03:54:25","modified_gmt":"2025-11-12T03:54:25","slug":"wholesale-baking-dish-sets","status":"publish","type":"product","link":"https:\/\/jinhuaceramic.com\/es\/product\/wholesale-baking-dish-sets\/","title":{"rendered":"Plato de cer\u00e1mica para hornear, Plato de cer\u00e1mica para hornear, Plato de cer\u00e1mica para hornear, Plato de cer\u00e1mica para hornear"},"content":{"rendered":"<div class=\"wp-block-columns is-layout-flex wp-container-core-columns-is-layout-9d6595d7 wp-block-columns-is-layout-flex\">\n<div class=\"wp-block-column is-layout-flow wp-block-column-is-layout-flow\">\n<h3 class=\"wp-block-heading\">Premium Blanco al por mayor Baking Dish Sets Caracter\u00edstica:<\/h3>\n\n\n\n<ul class=\"wp-block-list\">\n<li><strong>Dise\u00f1o elegante:<\/strong> Estos juegos de fuente de horno al por mayor est\u00e1n fabricados en el cl\u00e1sico color blanco, sencillo y elegante, y pueden combinarse f\u00e1cilmente con cualquier estilo de decoraci\u00f3n de cocina y servicio de mesa. Los finos patrones de cuadr\u00edcula en la superficie del plato de hornear proporcionan la estratificaci\u00f3n visual y hacen que el plato de hornear parezca m\u00e1s elegante.<\/li>\n\n\n\n<li><strong>Material de alta calidad: <\/strong>Estos juegos de fuentes para hornear de cer\u00e1mica natural blanca al por mayor no se fabrican con productos qu\u00edmicos nocivos, aunque se cocinen a fuego alto. No reaccionan qu\u00edmicamente con los alimentos una vez cocinados y servidos, para una dieta segura.<\/li>\n\n\n\n<li><strong>Varios tama\u00f1os:<\/strong> Los distintos tama\u00f1os de las 3 bandejas de hornear de estos juegos de bandejas de hornear al por mayor tienen distintos usos culinarios. Las bandejas de hornear peque\u00f1as son ideales para raciones individuales, como porciones individuales de comidas o postres, mientras que las bandejas de hornear extragrandes son adecuadas para asar grandes cantidades de alimentos, como pollos enteros.<\/li>\n\n\n\n<li><strong>Nestable:<\/strong> Estos platos para hornear personalizados a granel vienen en varios tama\u00f1os y pueden colocarse capa sobre capa, lo que ahorra espacio de almacenamiento en la cocina y mantiene los armarios ordenados y organizados.<\/li>\n<\/ul>\n<\/div>\n\n\n\n<div class=\"wp-block-column is-layout-flow wp-block-column-is-layout-flow\">\n<figure class=\"wp-block-image size-full\"><img fetchpriority=\"high\" decoding=\"async\" width=\"1600\" height=\"1600\" src=\"https:\/\/jinhuaceramic.com\/wp-content\/uploads\/2025\/10\/White-Baking-Dishes-with-Grid-Texture-Ceramic-Custom-Kitchen-Bakeware-Set-5.webp\" alt=\"blanco-mayorista-sets-de-platos-de-hornear-personalizados-bater\u00eda-de-cer\u00e1mica-5\" class=\"wp-image-10684\" srcset=\"https:\/\/jinhuaceramic.com\/wp-content\/uploads\/2025\/10\/White-Baking-Dishes-with-Grid-Texture-Ceramic-Custom-Kitchen-Bakeware-Set-5.webp 1600w, https:\/\/jinhuaceramic.com\/wp-content\/uploads\/2025\/10\/White-Baking-Dishes-with-Grid-Texture-Ceramic-Custom-Kitchen-Bakeware-Set-5-300x300.webp 300w, https:\/\/jinhuaceramic.com\/wp-content\/uploads\/2025\/10\/White-Baking-Dishes-with-Grid-Texture-Ceramic-Custom-Kitchen-Bakeware-Set-5-150x150.webp 150w, https:\/\/jinhuaceramic.com\/wp-content\/uploads\/2025\/10\/White-Baking-Dishes-with-Grid-Texture-Ceramic-Custom-Kitchen-Bakeware-Set-5-768x768.webp 768w, https:\/\/jinhuaceramic.com\/wp-content\/uploads\/2025\/10\/White-Baking-Dishes-with-Grid-Texture-Ceramic-Custom-Kitchen-Bakeware-Set-5-12x12.webp 12w, https:\/\/jinhuaceramic.com\/wp-content\/uploads\/2025\/10\/White-Baking-Dishes-with-Grid-Texture-Ceramic-Custom-Kitchen-Bakeware-Set-5-285x285.webp 285w, https:\/\/jinhuaceramic.com\/wp-content\/uploads\/2025\/10\/White-Baking-Dishes-with-Grid-Texture-Ceramic-Custom-Kitchen-Bakeware-Set-5-270x270.webp 270w, https:\/\/jinhuaceramic.com\/wp-content\/uploads\/2025\/10\/White-Baking-Dishes-with-Grid-Texture-Ceramic-Custom-Kitchen-Bakeware-Set-5-540x540.webp 540w, https:\/\/jinhuaceramic.com\/wp-content\/uploads\/2025\/10\/White-Baking-Dishes-with-Grid-Texture-Ceramic-Custom-Kitchen-Bakeware-Set-5-660x660.webp 660w\" sizes=\"(max-width: 1600px) 100vw, 1600px\" \/><\/figure>\n<\/div>\n<\/div>","protected":false},"excerpt":{"rendered":"<p>Le damos la bienvenida a nuestros juegos de fuentes de cer\u00e1mica al por mayor. Estos conjuntos de utensilios de cer\u00e1mica para hornear sobresalen en dise\u00f1o de apariencia, seguridad de los materiales, calentamiento uniforme, f\u00e1cil limpieza y fuerte practicidad, haci\u00e9ndolos herramientas de cocina indispensables en la cocina. Es un utensilio de cocina recomendado tanto para chefs profesionales como para aficionados a la cocina casera.<\/p>","protected":false},"featured_media":10685,"comment_status":"closed","ping_status":"closed","template":"","meta":{"_acf_changed":false},"product_brand":[],"product_cat":[53],"product_tag":[71],"class_list":{"0":"post-10680","1":"product","2":"type-product","3":"status-publish","4":"has-post-thumbnail","6":"product_cat-bakeware-in-bulk","7":"product_tag-wholesale-baking-pans","9":"first","10":"instock","11":"shipping-taxable","12":"product-type-simple"},"acf":[],"_links":{"self":[{"href":"https:\/\/jinhuaceramic.com\/es\/wp-json\/wp\/v2\/product\/10680","targetHints":{"allow":["GET"]}}],"collection":[{"href":"https:\/\/jinhuaceramic.com\/es\/wp-json\/wp\/v2\/product"}],"about":[{"href":"https:\/\/jinhuaceramic.com\/es\/wp-json\/wp\/v2\/types\/product"}],"replies":[{"embeddable":true,"href":"https:\/\/jinhuaceramic.com\/es\/wp-json\/wp\/v2\/comments?post=10680"}],"version-history":[{"count":0,"href":"https:\/\/jinhuaceramic.com\/es\/wp-json\/wp\/v2\/product\/10680\/revisions"}],"wp:featuredmedia":[{"embeddable":true,"href":"https:\/\/jinhuaceramic.com\/es\/wp-json\/wp\/v2\/media\/10685"}],"wp:attachment":[{"href":"https:\/\/jinhuaceramic.com\/es\/wp-json\/wp\/v2\/media?parent=10680"}],"wp:term":[{"taxonomy":"product_brand","embeddable":true,"href":"https:\/\/jinhuaceramic.com\/es\/wp-json\/wp\/v2\/product_brand?post=10680"},{"taxonomy":"product_cat","embeddable":true,"href":"https:\/\/jinhuaceramic.com\/es\/wp-json\/wp\/v2\/product_cat?post=10680"},{"taxonomy":"product_tag","embeddable":true,"href":"https:\/\/jinhuaceramic.com\/es\/wp-json\/wp\/v2\/product_tag?post=10680"}],"curies":[{"name":"wp","href":"https:\/\/api.w.org\/{rel}","templated":true}]}}