{"id":10728,"date":"2025-10-23T04:03:57","date_gmt":"2025-10-23T04:03:57","guid":{"rendered":"https:\/\/jinhuaceramic.com\/?post_type=product&#038;p=10728"},"modified":"2025-10-23T04:04:01","modified_gmt":"2025-10-23T04:04:01","slug":"bulk-supply-baking-dishes","status":"publish","type":"product","link":"https:\/\/jinhuaceramic.com\/es\/product\/bulk-supply-baking-dishes\/","title":{"rendered":"Platos para hornear a granel, utensilios de cocina de cer\u00e1mica antiadherente a medida"},"content":{"rendered":"<div class=\"wp-block-columns is-layout-flex wp-container-core-columns-is-layout-9d6595d7 wp-block-columns-is-layout-flex\">\n<div class=\"wp-block-column is-layout-flow wp-block-column-is-layout-flow\">\n<h3 class=\"wp-block-heading\">Premium Bulk Supply Platos para hornear Caracter\u00edsticas:<\/h3>\n\n\n\n<ul class=\"wp-block-list\">\n<li><strong>Dise\u00f1o elegante:<\/strong> Nuestros moldes para hornear a granel est\u00e1n fabricados en un suave color amarillo, que da una sensaci\u00f3n de calidez y a\u00f1ade vitalidad a la cocina y a la mesa del comedor. El esmalte est\u00e1 adornado con manchas negras irregulares, que las distinguen de las bandejas de hornear comunes de color s\u00f3lido y las hacen m\u00e1s delicadas.<\/li>\n\n\n\n<li><strong>M\u00faltiples tama\u00f1os:<\/strong> Este juego de fuentes para hornear de suministro a granel tiene 3 tama\u00f1os de fuentes para hornear y puede seleccionarse seg\u00fan el n\u00famero de comensales y la cantidad de ingredientes. Desde comidas privadas hasta fiestas familiares, estos juegos de fuentes para hornear pueden satisfacer las necesidades culinarias y son aplicables a situaciones de uso extensivo.<\/li>\n\n\n\n<li><strong>Material de alta calidad:<\/strong> Estos moldes para hornear de suministro a granel est\u00e1n fabricados con materiales cer\u00e1micos de alta calidad, que son capaces de distribuir y transferir el calor uniformemente mientras se hornea, de modo que cada parte de los ingredientes se calentar\u00e1 uniformemente y garantizar\u00e1 la calidad de los alimentos despu\u00e9s de la cocci\u00f3n.<\/li>\n\n\n\n<li><strong>Antiadherente y f\u00e1cil de limpiar:<\/strong> Estos utensilios de cer\u00e1mica para hornear al por mayor est\u00e1n esmaltados suavemente en el exterior, con una textura lo suficientemente gruesa como para evitar que se peguen los restos de comida. Para limpiarlos basta con agua tibia combinada con los productos de limpieza habituales y pasar una esponja.<\/li>\n\n\n\n<li><strong>Conducci\u00f3n uniforme del calor:<\/strong> La cer\u00e1mica es altamente conductora, lo que significa que el calor se distribuir\u00e1 uniformemente al hornear los alimentos, evitando que se quemen o se horneen de forma desigual. Este utensilio para hornear al por mayor es de cer\u00e1mica y se puede aplicar a todo tipo de hornos.<\/li>\n<\/ul>\n<\/div>\n\n\n\n<div class=\"wp-block-column is-layout-flow wp-block-column-is-layout-flow\">\n<figure class=\"wp-block-image size-full\"><img fetchpriority=\"high\" decoding=\"async\" width=\"1800\" height=\"1800\" src=\"https:\/\/jinhuaceramic.com\/wp-content\/uploads\/2025\/10\/Non-Stick-Custom-Baking-Pan-Set-Wholesale-Ceramic-Kitchen-Bakeware-3.webp\" alt=\"vajilla de cer\u00e1mica antiadherente para hornear a granel personalizada-3\" class=\"wp-image-10730\" srcset=\"https:\/\/jinhuaceramic.com\/wp-content\/uploads\/2025\/10\/Non-Stick-Custom-Baking-Pan-Set-Wholesale-Ceramic-Kitchen-Bakeware-3.webp 1800w, https:\/\/jinhuaceramic.com\/wp-content\/uploads\/2025\/10\/Non-Stick-Custom-Baking-Pan-Set-Wholesale-Ceramic-Kitchen-Bakeware-3-300x300.webp 300w, https:\/\/jinhuaceramic.com\/wp-content\/uploads\/2025\/10\/Non-Stick-Custom-Baking-Pan-Set-Wholesale-Ceramic-Kitchen-Bakeware-3-150x150.webp 150w, https:\/\/jinhuaceramic.com\/wp-content\/uploads\/2025\/10\/Non-Stick-Custom-Baking-Pan-Set-Wholesale-Ceramic-Kitchen-Bakeware-3-768x768.webp 768w, https:\/\/jinhuaceramic.com\/wp-content\/uploads\/2025\/10\/Non-Stick-Custom-Baking-Pan-Set-Wholesale-Ceramic-Kitchen-Bakeware-3-12x12.webp 12w, https:\/\/jinhuaceramic.com\/wp-content\/uploads\/2025\/10\/Non-Stick-Custom-Baking-Pan-Set-Wholesale-Ceramic-Kitchen-Bakeware-3-285x285.webp 285w, https:\/\/jinhuaceramic.com\/wp-content\/uploads\/2025\/10\/Non-Stick-Custom-Baking-Pan-Set-Wholesale-Ceramic-Kitchen-Bakeware-3-1600x1600.webp 1600w, https:\/\/jinhuaceramic.com\/wp-content\/uploads\/2025\/10\/Non-Stick-Custom-Baking-Pan-Set-Wholesale-Ceramic-Kitchen-Bakeware-3-270x270.webp 270w, https:\/\/jinhuaceramic.com\/wp-content\/uploads\/2025\/10\/Non-Stick-Custom-Baking-Pan-Set-Wholesale-Ceramic-Kitchen-Bakeware-3-540x540.webp 540w, https:\/\/jinhuaceramic.com\/wp-content\/uploads\/2025\/10\/Non-Stick-Custom-Baking-Pan-Set-Wholesale-Ceramic-Kitchen-Bakeware-3-660x660.webp 660w\" sizes=\"(max-width: 1800px) 100vw, 1800px\" \/><\/figure>\n<\/div>\n<\/div>","protected":false},"excerpt":{"rendered":"<p>Le damos la bienvenida a la compra de nuestro juego de 3 bandejas para hornear a granel. Estos juegos de bandejas para hornear a medida, con su elegante dise\u00f1o exterior, sus pr\u00e1cticas y diversas caracter\u00edsticas funcionales y sus materiales cer\u00e1micos de calentamiento uniforme y f\u00e1cil limpieza, son una opci\u00f3n pr\u00e1ctica y hermosa para los utensilios de cocina en las cocinas dom\u00e9sticas. Tanto para la cocina diaria como para ocasiones especiales, pueden aportar una buena experiencia.<\/p>","protected":false},"featured_media":10729,"comment_status":"closed","ping_status":"closed","template":"","meta":{"_acf_changed":false},"product_brand":[],"product_cat":[53],"product_tag":[71],"class_list":{"0":"post-10728","1":"product","2":"type-product","3":"status-publish","4":"has-post-thumbnail","6":"product_cat-bakeware-in-bulk","7":"product_tag-wholesale-baking-pans","9":"first","10":"instock","11":"shipping-taxable","12":"product-type-simple"},"acf":[],"_links":{"self":[{"href":"https:\/\/jinhuaceramic.com\/es\/wp-json\/wp\/v2\/product\/10728","targetHints":{"allow":["GET"]}}],"collection":[{"href":"https:\/\/jinhuaceramic.com\/es\/wp-json\/wp\/v2\/product"}],"about":[{"href":"https:\/\/jinhuaceramic.com\/es\/wp-json\/wp\/v2\/types\/product"}],"replies":[{"embeddable":true,"href":"https:\/\/jinhuaceramic.com\/es\/wp-json\/wp\/v2\/comments?post=10728"}],"version-history":[{"count":0,"href":"https:\/\/jinhuaceramic.com\/es\/wp-json\/wp\/v2\/product\/10728\/revisions"}],"wp:featuredmedia":[{"embeddable":true,"href":"https:\/\/jinhuaceramic.com\/es\/wp-json\/wp\/v2\/media\/10729"}],"wp:attachment":[{"href":"https:\/\/jinhuaceramic.com\/es\/wp-json\/wp\/v2\/media?parent=10728"}],"wp:term":[{"taxonomy":"product_brand","embeddable":true,"href":"https:\/\/jinhuaceramic.com\/es\/wp-json\/wp\/v2\/product_brand?post=10728"},{"taxonomy":"product_cat","embeddable":true,"href":"https:\/\/jinhuaceramic.com\/es\/wp-json\/wp\/v2\/product_cat?post=10728"},{"taxonomy":"product_tag","embeddable":true,"href":"https:\/\/jinhuaceramic.com\/es\/wp-json\/wp\/v2\/product_tag?post=10728"}],"curies":[{"name":"wp","href":"https:\/\/api.w.org\/{rel}","templated":true}]}}