{"id":10737,"date":"2025-10-23T03:26:41","date_gmt":"2025-10-23T03:26:41","guid":{"rendered":"https:\/\/jinhuaceramic.com\/?post_type=product&#038;p=10737"},"modified":"2025-11-12T03:54:09","modified_gmt":"2025-11-12T03:54:09","slug":"3-piece-bakeware-set-wholesale","status":"publish","type":"product","link":"https:\/\/jinhuaceramic.com\/es\/product\/3-piece-bakeware-set-wholesale\/","title":{"rendered":"Juego de 3 piezas de cer\u00e1mica para hornear, Naranja al por mayor"},"content":{"rendered":"<div class=\"wp-block-columns is-layout-flex wp-container-core-columns-is-layout-9d6595d7 wp-block-columns-is-layout-flex\">\n<div class=\"wp-block-column is-layout-flow wp-block-column-is-layout-flow\">\n<h3 class=\"wp-block-heading\">Premium Orange 3-Pieza Bakeware Set Caracter\u00edsticas al por mayor:<\/h3>\n\n\n\n<ul class=\"wp-block-list\">\n<li><strong>Color llamativo:<\/strong> Este juego de utensilios para hornear de 3 piezas al por mayor presenta un vivo color naranja con impredecibles manchas blancas y negras en la superficie exterior, personalizado y \u00fanico, y puede llamar f\u00e1cilmente la atenci\u00f3n, inyectando energ\u00eda y pasi\u00f3n a la mesa de comedor o a la cocina y realzando la sensaci\u00f3n de ceremonia en la cena.<\/li>\n\n\n\n<li><strong>Seguridad y salud:<\/strong> El juego de utensilios para hornear de 3 piezas al por mayor est\u00e1 fabricado con los mejores materiales cer\u00e1micos, que tienen propiedades qu\u00edmicas estables y nunca liberan elementos t\u00f3xicos cuando se utilizan para hornear a altas temperaturas, lo que garantiza la seguridad en contacto con los alimentos y protege la salud de los usuarios.<\/li>\n\n\n\n<li><strong>Varios tama\u00f1os: <\/strong>Estos juegos de utensilios para hornear de cer\u00e1mica personalizados incluyen 3 tama\u00f1os diferentes de bandejas para hornear. El molde peque\u00f1o es adecuado para preparar postres o platos de una sola raci\u00f3n, mientras que el molde grande se puede utilizar para asar una gran cantidad de ingredientes necesarios para reuniones familiares, como pollo entero, filete, etc.<\/li>\n\n\n\n<li><strong>C\u00f3modas asas:<\/strong> Estas bandejas de cer\u00e1mica para hornear al por mayor est\u00e1n equipadas con asas anchas en ambos lados para facilitar el agarre, lo que hace que sea c\u00f3modo sacar las bandejas del horno o moverlas a la mesa del comedor, reduciendo el riesgo de quemaduras.<\/li>\n<\/ul>\n<\/div>\n\n\n\n<div class=\"wp-block-column is-layout-flow wp-block-column-is-layout-flow\">\n<figure class=\"wp-block-image size-full\"><img fetchpriority=\"high\" decoding=\"async\" width=\"1800\" height=\"1800\" src=\"https:\/\/jinhuaceramic.com\/wp-content\/uploads\/2025\/10\/Orange-3-Piece-Bakeware-Set-Ceramic-Custom-Baking-Dishes-Pans-Wholesale-6.webp\" alt=\"juego de utensilios para hornear de 3 piezas de color naranja-platos de cer\u00e1mica para hornear personalizados al por mayor-6\" class=\"wp-image-10742\" srcset=\"https:\/\/jinhuaceramic.com\/wp-content\/uploads\/2025\/10\/Orange-3-Piece-Bakeware-Set-Ceramic-Custom-Baking-Dishes-Pans-Wholesale-6.webp 1800w, https:\/\/jinhuaceramic.com\/wp-content\/uploads\/2025\/10\/Orange-3-Piece-Bakeware-Set-Ceramic-Custom-Baking-Dishes-Pans-Wholesale-6-300x300.webp 300w, https:\/\/jinhuaceramic.com\/wp-content\/uploads\/2025\/10\/Orange-3-Piece-Bakeware-Set-Ceramic-Custom-Baking-Dishes-Pans-Wholesale-6-150x150.webp 150w, https:\/\/jinhuaceramic.com\/wp-content\/uploads\/2025\/10\/Orange-3-Piece-Bakeware-Set-Ceramic-Custom-Baking-Dishes-Pans-Wholesale-6-768x768.webp 768w, https:\/\/jinhuaceramic.com\/wp-content\/uploads\/2025\/10\/Orange-3-Piece-Bakeware-Set-Ceramic-Custom-Baking-Dishes-Pans-Wholesale-6-12x12.webp 12w, https:\/\/jinhuaceramic.com\/wp-content\/uploads\/2025\/10\/Orange-3-Piece-Bakeware-Set-Ceramic-Custom-Baking-Dishes-Pans-Wholesale-6-285x285.webp 285w, https:\/\/jinhuaceramic.com\/wp-content\/uploads\/2025\/10\/Orange-3-Piece-Bakeware-Set-Ceramic-Custom-Baking-Dishes-Pans-Wholesale-6-1600x1600.webp 1600w, https:\/\/jinhuaceramic.com\/wp-content\/uploads\/2025\/10\/Orange-3-Piece-Bakeware-Set-Ceramic-Custom-Baking-Dishes-Pans-Wholesale-6-270x270.webp 270w, https:\/\/jinhuaceramic.com\/wp-content\/uploads\/2025\/10\/Orange-3-Piece-Bakeware-Set-Ceramic-Custom-Baking-Dishes-Pans-Wholesale-6-540x540.webp 540w, https:\/\/jinhuaceramic.com\/wp-content\/uploads\/2025\/10\/Orange-3-Piece-Bakeware-Set-Ceramic-Custom-Baking-Dishes-Pans-Wholesale-6-660x660.webp 660w\" sizes=\"(max-width: 1800px) 100vw, 1800px\" \/><\/figure>\n<\/div>\n<\/div>","protected":false},"excerpt":{"rendered":"<p>Bienvenido a comprar este juego de utensilios para hornear de 3 piezas al por mayor directamente de f\u00e1brica. Los moldes de cer\u00e1mica para hornear tienen colores de moda, materiales sanos y seguros, juegos funcionales de varios tama\u00f1os y dise\u00f1os con asas c\u00f3modas, por lo que son utensilios de cocina \u00fatiles y elegantes. No s\u00f3lo son un utensilio de reposter\u00eda imprescindible en la cocina, sino que tambi\u00e9n pueden servir directamente como vajilla en la mesa de comedor para aumentar el placer de comer.<\/p>","protected":false},"featured_media":10743,"comment_status":"closed","ping_status":"closed","template":"","meta":{"_acf_changed":false},"product_brand":[],"product_cat":[53],"product_tag":[71],"class_list":{"0":"post-10737","1":"product","2":"type-product","3":"status-publish","4":"has-post-thumbnail","6":"product_cat-bakeware-in-bulk","7":"product_tag-wholesale-baking-pans","9":"first","10":"instock","11":"shipping-taxable","12":"product-type-simple"},"acf":[],"_links":{"self":[{"href":"https:\/\/jinhuaceramic.com\/es\/wp-json\/wp\/v2\/product\/10737","targetHints":{"allow":["GET"]}}],"collection":[{"href":"https:\/\/jinhuaceramic.com\/es\/wp-json\/wp\/v2\/product"}],"about":[{"href":"https:\/\/jinhuaceramic.com\/es\/wp-json\/wp\/v2\/types\/product"}],"replies":[{"embeddable":true,"href":"https:\/\/jinhuaceramic.com\/es\/wp-json\/wp\/v2\/comments?post=10737"}],"version-history":[{"count":0,"href":"https:\/\/jinhuaceramic.com\/es\/wp-json\/wp\/v2\/product\/10737\/revisions"}],"wp:featuredmedia":[{"embeddable":true,"href":"https:\/\/jinhuaceramic.com\/es\/wp-json\/wp\/v2\/media\/10743"}],"wp:attachment":[{"href":"https:\/\/jinhuaceramic.com\/es\/wp-json\/wp\/v2\/media?parent=10737"}],"wp:term":[{"taxonomy":"product_brand","embeddable":true,"href":"https:\/\/jinhuaceramic.com\/es\/wp-json\/wp\/v2\/product_brand?post=10737"},{"taxonomy":"product_cat","embeddable":true,"href":"https:\/\/jinhuaceramic.com\/es\/wp-json\/wp\/v2\/product_cat?post=10737"},{"taxonomy":"product_tag","embeddable":true,"href":"https:\/\/jinhuaceramic.com\/es\/wp-json\/wp\/v2\/product_tag?post=10737"}],"curies":[{"name":"wp","href":"https:\/\/api.w.org\/{rel}","templated":true}]}}