{"id":10758,"date":"2025-10-23T03:03:03","date_gmt":"2025-10-23T03:03:03","guid":{"rendered":"https:\/\/jinhuaceramic.com\/?post_type=product&#038;p=10758"},"modified":"2025-10-23T03:03:06","modified_gmt":"2025-10-23T03:03:06","slug":"black-bathroom-accessories-wholesale","status":"publish","type":"product","link":"https:\/\/jinhuaceramic.com\/es\/product\/black-bathroom-accessories-wholesale\/","title":{"rendered":"Accesorios de Ba\u00f1o Negros al por mayor, Juego de Ba\u00f1o de Cer\u00e1mica al por mayor"},"content":{"rendered":"<div class=\"wp-block-columns is-layout-flex wp-container-core-columns-is-layout-9d6595d7 wp-block-columns-is-layout-flex\">\n<div class=\"wp-block-column is-layout-flow wp-block-column-is-layout-flow\">\n<h3 class=\"wp-block-heading\">Premium Negro Accesorios de ba\u00f1o al por mayor Caracter\u00edsticas:<\/h3>\n\n\n\n<ul class=\"wp-block-list\">\n<li><strong>Dise\u00f1o moderno:<\/strong> Estos accesorios de ba\u00f1o negros al por mayor presentan un color negro cl\u00e1sico, complementado con delicadas texturas de rayas verticales y bombas plateadas, presentando un estilo moderno y minimalista que puede a\u00f1adir un ambiente de alta gama y elegante al espacio de ba\u00f1o y elevar el estilo general.<\/li>\n\n\n\n<li><strong>Coordinaci\u00f3n unificada:<\/strong> Estos accesorios de ba\u00f1o negros al por mayor mantienen un alto grado de coherencia en color, material y estilo, pareciendo armoniosos y unificados cuando se colocan juntos, haciendo que el espacio de ba\u00f1o presente un efecto visual m\u00e1s coordinado y bello.<\/li>\n\n\n\n<li><strong>Material de alta calidad:<\/strong> Estos juegos de ba\u00f1o al por mayor est\u00e1n fabricados con materiales cer\u00e1micos de alta calidad, que tienen una buena estabilidad qu\u00edmica y resistencia a la corrosi\u00f3n, y no reaccionan f\u00e1cilmente con los componentes qu\u00edmicos de los art\u00edculos de tocador, lo que garantiza la seguridad durante su uso.<\/li>\n\n\n\n<li><strong>Juego de 3 piezas:<\/strong> Este set de ba\u00f1o al por mayor incluye tres accesorios de uso com\u00fan, como una jabonera, un portacepillos de dientes y un vaso para enjuague bucal, proporcionando una soluci\u00f3n completa de accesorios de ba\u00f1o.<\/li>\n\n\n\n<li><strong>Alta practicidad:<\/strong> Estos accesorios de ba\u00f1o negros al por mayor tienen soportes para cepillos de dientes se pueden utilizar para sostener cepillos de dientes, pasta de dientes, etc; el dispensador de jab\u00f3n est\u00e1 equipado con una bomba, que permite una f\u00e1cil presi\u00f3n y dispensaci\u00f3n suave; la jabonera est\u00e1 dise\u00f1ada con agujeros de drenaje, que pueden drenar eficazmente el agua del jab\u00f3n, evitar que se ablande, y extender su vida \u00fatil.<\/li>\n<\/ul>\n<\/div>\n\n\n\n<div class=\"wp-block-column is-layout-flow wp-block-column-is-layout-flow\">\n<figure class=\"wp-block-image size-full\"><img fetchpriority=\"high\" decoding=\"async\" width=\"702\" height=\"702\" src=\"https:\/\/jinhuaceramic.com\/wp-content\/uploads\/2025\/10\/black-bathroom-accessories-wholesale-ceramic-bath-set-bulk-1.webp\" alt=\"black-bathroom-accessories-wholesale-ceramic-bath-set-bulk-1\" class=\"wp-image-10768\" srcset=\"https:\/\/jinhuaceramic.com\/wp-content\/uploads\/2025\/10\/black-bathroom-accessories-wholesale-ceramic-bath-set-bulk-1.webp 702w, https:\/\/jinhuaceramic.com\/wp-content\/uploads\/2025\/10\/black-bathroom-accessories-wholesale-ceramic-bath-set-bulk-1-300x300.webp 300w, https:\/\/jinhuaceramic.com\/wp-content\/uploads\/2025\/10\/black-bathroom-accessories-wholesale-ceramic-bath-set-bulk-1-150x150.webp 150w, https:\/\/jinhuaceramic.com\/wp-content\/uploads\/2025\/10\/black-bathroom-accessories-wholesale-ceramic-bath-set-bulk-1-12x12.webp 12w, https:\/\/jinhuaceramic.com\/wp-content\/uploads\/2025\/10\/black-bathroom-accessories-wholesale-ceramic-bath-set-bulk-1-285x285.webp 285w, https:\/\/jinhuaceramic.com\/wp-content\/uploads\/2025\/10\/black-bathroom-accessories-wholesale-ceramic-bath-set-bulk-1-270x270.webp 270w, https:\/\/jinhuaceramic.com\/wp-content\/uploads\/2025\/10\/black-bathroom-accessories-wholesale-ceramic-bath-set-bulk-1-540x540.webp 540w, https:\/\/jinhuaceramic.com\/wp-content\/uploads\/2025\/10\/black-bathroom-accessories-wholesale-ceramic-bath-set-bulk-1-660x660.webp 660w\" sizes=\"(max-width: 702px) 100vw, 702px\" \/><\/figure>\n<\/div>\n<\/div>","protected":false},"excerpt":{"rendered":"<p>Bienvenido a comprar estos modernos accesorios de ba\u00f1o negro al por mayor. El juego de ba\u00f1o de cer\u00e1mica personalizado es de 3 piezas, con su dise\u00f1o moderno y minimalista, combinaciones de juegos unificadas y coordinadas, materiales cer\u00e1micos de alta calidad con base antideslizante y caracter\u00edsticas funcionales pr\u00e1cticas, que pueden proporcionar a los usuarios una experiencia de ba\u00f1o c\u00f3moda y conveniente. Ideal para compras al por mayor por parte de hoteles, centros comerciales y minoristas.<\/p>","protected":false},"featured_media":10773,"comment_status":"closed","ping_status":"closed","template":"","meta":{"_acf_changed":false},"product_brand":[],"product_cat":[51],"product_tag":[74],"class_list":{"0":"post-10758","1":"product","2":"type-product","3":"status-publish","4":"has-post-thumbnail","6":"product_cat-bathroom-accessories-wholesale","7":"product_tag-ceramic-bath-accessories-wholesale","9":"first","10":"instock","11":"shipping-taxable","12":"product-type-simple"},"acf":[],"_links":{"self":[{"href":"https:\/\/jinhuaceramic.com\/es\/wp-json\/wp\/v2\/product\/10758","targetHints":{"allow":["GET"]}}],"collection":[{"href":"https:\/\/jinhuaceramic.com\/es\/wp-json\/wp\/v2\/product"}],"about":[{"href":"https:\/\/jinhuaceramic.com\/es\/wp-json\/wp\/v2\/types\/product"}],"replies":[{"embeddable":true,"href":"https:\/\/jinhuaceramic.com\/es\/wp-json\/wp\/v2\/comments?post=10758"}],"version-history":[{"count":0,"href":"https:\/\/jinhuaceramic.com\/es\/wp-json\/wp\/v2\/product\/10758\/revisions"}],"wp:featuredmedia":[{"embeddable":true,"href":"https:\/\/jinhuaceramic.com\/es\/wp-json\/wp\/v2\/media\/10773"}],"wp:attachment":[{"href":"https:\/\/jinhuaceramic.com\/es\/wp-json\/wp\/v2\/media?parent=10758"}],"wp:term":[{"taxonomy":"product_brand","embeddable":true,"href":"https:\/\/jinhuaceramic.com\/es\/wp-json\/wp\/v2\/product_brand?post=10758"},{"taxonomy":"product_cat","embeddable":true,"href":"https:\/\/jinhuaceramic.com\/es\/wp-json\/wp\/v2\/product_cat?post=10758"},{"taxonomy":"product_tag","embeddable":true,"href":"https:\/\/jinhuaceramic.com\/es\/wp-json\/wp\/v2\/product_tag?post=10758"}],"curies":[{"name":"wp","href":"https:\/\/api.w.org\/{rel}","templated":true}]}}