{"id":10774,"date":"2025-10-23T07:26:51","date_gmt":"2025-10-23T07:26:51","guid":{"rendered":"https:\/\/jinhuaceramic.com\/?post_type=product&#038;p=10774"},"modified":"2025-10-30T03:29:38","modified_gmt":"2025-10-30T03:29:38","slug":"custom-ceramic-baking-pan","status":"publish","type":"product","link":"https:\/\/jinhuaceramic.com\/es\/product\/custom-ceramic-baking-pan\/","title":{"rendered":"Sart\u00e9n de cer\u00e1mica, utensilios de cocina al por mayor"},"content":{"rendered":"<div class=\"wp-block-columns is-layout-flex wp-container-core-columns-is-layout-9d6595d7 wp-block-columns-is-layout-flex\">\n<div class=\"wp-block-column is-layout-flow wp-block-column-is-layout-flow\">\n<h3 class=\"wp-block-heading\">Bandeja de cer\u00e1mica para hornear Premium Custom Caracter\u00edsticas:<\/h3>\n\n\n\n<ul class=\"wp-block-list\">\n<li><strong>Colores frescos:<\/strong> Estas bandejas de cer\u00e1mica para hornear personalizadas son de un verde fresco con manchas blancas y amarillas irregulares, presentando un efecto visual natural y vivo que a\u00f1ade una sensaci\u00f3n de luminosidad a la mesa de comedor y a la cocina, y realza la alegr\u00eda de cocinar y comer.<\/li>\n\n\n\n<li><strong>Varios tama\u00f1os:<\/strong> Estos juegos de utensilios para hornear al por mayor incluyen 3 sartenes de distintos tama\u00f1os que se adaptan a todo tipo de necesidades culinarias. Si usted necesita para asar peque\u00f1as cantidades de postres y verduras o grandes cantidades de platos principales, usted puede encontrar una cacerola apt bakeware, aumentando la utilidad.<\/li>\n\n\n\n<li><strong>Seguro y saludable:<\/strong> Estos juegos de cer\u00e1mica natural para hornear al por mayor carecen de sustancias qu\u00edmicas nocivas como el mercurio y el plomo. No reaccionan con los alimentos durante la cocci\u00f3n a alta temperatura, por lo que son seguros para la comida y pueden utilizarse con confianza.<\/li>\n\n\n\n<li><strong>Calentamiento uniforme: <\/strong>Estos moldes de cer\u00e1mica a medida tienen una buena conductividad t\u00e9rmica, lo que permite distribuir uniformemente el calor en su interior, evitando el sobrecalentamiento local o la cocci\u00f3n insuficiente de los alimentos.<\/li>\n<\/ul>\n<\/div>\n\n\n\n<div class=\"wp-block-column is-layout-flow wp-block-column-is-layout-flow\">\n<figure class=\"wp-block-image size-full\"><img fetchpriority=\"high\" decoding=\"async\" width=\"1800\" height=\"1800\" src=\"https:\/\/jinhuaceramic.com\/wp-content\/uploads\/2025\/10\/Food-Service-Wholesale-Baking-Pan-Set-Ceramic-Kitchen-Custom-Casserole-Dishes-3.webp\" alt=\"sart\u00e9n de cer\u00e1mica a medida - utensilios de cocina - suministro al por mayor-3\" class=\"wp-image-10776\" srcset=\"https:\/\/jinhuaceramic.com\/wp-content\/uploads\/2025\/10\/Food-Service-Wholesale-Baking-Pan-Set-Ceramic-Kitchen-Custom-Casserole-Dishes-3.webp 1800w, https:\/\/jinhuaceramic.com\/wp-content\/uploads\/2025\/10\/Food-Service-Wholesale-Baking-Pan-Set-Ceramic-Kitchen-Custom-Casserole-Dishes-3-300x300.webp 300w, https:\/\/jinhuaceramic.com\/wp-content\/uploads\/2025\/10\/Food-Service-Wholesale-Baking-Pan-Set-Ceramic-Kitchen-Custom-Casserole-Dishes-3-150x150.webp 150w, https:\/\/jinhuaceramic.com\/wp-content\/uploads\/2025\/10\/Food-Service-Wholesale-Baking-Pan-Set-Ceramic-Kitchen-Custom-Casserole-Dishes-3-768x768.webp 768w, https:\/\/jinhuaceramic.com\/wp-content\/uploads\/2025\/10\/Food-Service-Wholesale-Baking-Pan-Set-Ceramic-Kitchen-Custom-Casserole-Dishes-3-12x12.webp 12w, https:\/\/jinhuaceramic.com\/wp-content\/uploads\/2025\/10\/Food-Service-Wholesale-Baking-Pan-Set-Ceramic-Kitchen-Custom-Casserole-Dishes-3-285x285.webp 285w, https:\/\/jinhuaceramic.com\/wp-content\/uploads\/2025\/10\/Food-Service-Wholesale-Baking-Pan-Set-Ceramic-Kitchen-Custom-Casserole-Dishes-3-1600x1600.webp 1600w, https:\/\/jinhuaceramic.com\/wp-content\/uploads\/2025\/10\/Food-Service-Wholesale-Baking-Pan-Set-Ceramic-Kitchen-Custom-Casserole-Dishes-3-270x270.webp 270w, https:\/\/jinhuaceramic.com\/wp-content\/uploads\/2025\/10\/Food-Service-Wholesale-Baking-Pan-Set-Ceramic-Kitchen-Custom-Casserole-Dishes-3-540x540.webp 540w, https:\/\/jinhuaceramic.com\/wp-content\/uploads\/2025\/10\/Food-Service-Wholesale-Baking-Pan-Set-Ceramic-Kitchen-Custom-Casserole-Dishes-3-660x660.webp 660w\" sizes=\"(max-width: 1800px) 100vw, 1800px\" \/><\/figure>\n<\/div>\n<\/div>\n\n\n\n<p><\/p>","protected":false},"excerpt":{"rendered":"<p>Bienvenido a comprar estos moldes de cer\u00e1mica personalizados para hornear, que con su bonito dise\u00f1o y excelente rendimiento, se han convertido en pr\u00e1cticos utensilios para cocinar y hornear en la cocina. No s\u00f3lo ofrecen un dise\u00f1o \u00fanico, sino tambi\u00e9n un rendimiento de horneado excepcional. La cer\u00e1mica de alta calidad garantiza la resistencia al calor y la irrompibilidad, por lo que es ideal para cocinas dom\u00e9sticas o comerciales.<\/p>","protected":false},"featured_media":10779,"comment_status":"closed","ping_status":"closed","template":"","meta":{"_acf_changed":false},"product_brand":[],"product_cat":[53],"product_tag":[71],"class_list":{"0":"post-10774","1":"product","2":"type-product","3":"status-publish","4":"has-post-thumbnail","6":"product_cat-bakeware-in-bulk","7":"product_tag-wholesale-baking-pans","9":"first","10":"instock","11":"shipping-taxable","12":"product-type-simple"},"acf":[],"_links":{"self":[{"href":"https:\/\/jinhuaceramic.com\/es\/wp-json\/wp\/v2\/product\/10774","targetHints":{"allow":["GET"]}}],"collection":[{"href":"https:\/\/jinhuaceramic.com\/es\/wp-json\/wp\/v2\/product"}],"about":[{"href":"https:\/\/jinhuaceramic.com\/es\/wp-json\/wp\/v2\/types\/product"}],"replies":[{"embeddable":true,"href":"https:\/\/jinhuaceramic.com\/es\/wp-json\/wp\/v2\/comments?post=10774"}],"version-history":[{"count":0,"href":"https:\/\/jinhuaceramic.com\/es\/wp-json\/wp\/v2\/product\/10774\/revisions"}],"wp:featuredmedia":[{"embeddable":true,"href":"https:\/\/jinhuaceramic.com\/es\/wp-json\/wp\/v2\/media\/10779"}],"wp:attachment":[{"href":"https:\/\/jinhuaceramic.com\/es\/wp-json\/wp\/v2\/media?parent=10774"}],"wp:term":[{"taxonomy":"product_brand","embeddable":true,"href":"https:\/\/jinhuaceramic.com\/es\/wp-json\/wp\/v2\/product_brand?post=10774"},{"taxonomy":"product_cat","embeddable":true,"href":"https:\/\/jinhuaceramic.com\/es\/wp-json\/wp\/v2\/product_cat?post=10774"},{"taxonomy":"product_tag","embeddable":true,"href":"https:\/\/jinhuaceramic.com\/es\/wp-json\/wp\/v2\/product_tag?post=10774"}],"curies":[{"name":"wp","href":"https:\/\/api.w.org\/{rel}","templated":true}]}}