{"id":10822,"date":"2025-10-30T05:52:22","date_gmt":"2025-10-30T05:52:22","guid":{"rendered":"https:\/\/jinhuaceramic.com\/?post_type=product&#038;p=10822"},"modified":"2025-10-30T05:52:26","modified_gmt":"2025-10-30T05:52:26","slug":"custom-ceramic-baking-dish-set","status":"publish","type":"product","link":"https:\/\/jinhuaceramic.com\/es\/product\/custom-ceramic-baking-dish-set\/","title":{"rendered":"Juego de 3 piezas de cer\u00e1mica para hornear, utensilios de cocina al por mayor"},"content":{"rendered":"<div class=\"wp-block-columns is-layout-flex wp-container-core-columns-is-layout-9d6595d7 wp-block-columns-is-layout-flex\">\n<div class=\"wp-block-column is-layout-flow wp-block-column-is-layout-flow\">\n<h3 class=\"wp-block-heading\">Set de 3 piezas de cer\u00e1mica para hornear Caracter\u00edsticas:<\/h3>\n\n\n\n<ul class=\"wp-block-list\">\n<li><strong>Estilo elegante:<\/strong> El fondo gris oscuro con manchas blancas y negras surtidas, confiere a este juego de fuentes de cer\u00e1mica personalizadas para hornear un estilo sencillo pero elegante, m\u00e1s distintivo e intencionado, que aporta una presencia tranquilizadora y a la vez energizante a su cocina.<\/li>\n\n\n\n<li><strong>Excelente material:<\/strong> Estos moldes para hornear al por mayor est\u00e1n fabricados con material cer\u00e1mico natural que no lixivia sustancias qu\u00edmicas inseguras y tiene un uso seguro en contacto con alimentos. El material cer\u00e1mico es resistente al calor, puede soportar la cocci\u00f3n en hornos y microondas y no es endeble o dif\u00edcil de deformar f\u00e1cilmente.<\/li>\n\n\n\n<li><strong>Varios tama\u00f1os:<\/strong> Los paquetes de moldes cer\u00e1micos a medida est\u00e1n disponibles en tres tama\u00f1os -grande, mediano y peque\u00f1o- para satisfacer las distintas necesidades de horneado y cocci\u00f3n, maximizar la eficacia culinaria y simplificar el almacenamiento.<\/li>\n\n\n\n<li><strong>Del horno a la mesa: <\/strong>Estos juegos de fuentes de cer\u00e1mica para hornear personalizadas tienen un aspecto bonito y moderno y asas f\u00e1ciles de mover, por lo que no s\u00f3lo son pr\u00e1cticos utensilios para hornear, sino tambi\u00e9n vajillas que se pueden servir directamente en la mesa del comedor, aumentando la diversi\u00f3n de comer.<\/li>\n<\/ul>\n<\/div>\n\n\n\n<div class=\"wp-block-column is-layout-flow wp-block-column-is-layout-flow\">\n<figure class=\"wp-block-image size-full\"><img fetchpriority=\"high\" decoding=\"async\" width=\"1800\" height=\"1800\" src=\"https:\/\/jinhuaceramic.com\/wp-content\/uploads\/2025\/10\/3-Piece-Custom-Baking-Dish-Set-Ceramic-Kitchen-Bakeware-Wholesale-3.webp\" alt=\"juego de 3 piezas de cer\u00e1mica para hornear-cocina-bater\u00eda-3\" class=\"wp-image-10824\" srcset=\"https:\/\/jinhuaceramic.com\/wp-content\/uploads\/2025\/10\/3-Piece-Custom-Baking-Dish-Set-Ceramic-Kitchen-Bakeware-Wholesale-3.webp 1800w, https:\/\/jinhuaceramic.com\/wp-content\/uploads\/2025\/10\/3-Piece-Custom-Baking-Dish-Set-Ceramic-Kitchen-Bakeware-Wholesale-3-300x300.webp 300w, https:\/\/jinhuaceramic.com\/wp-content\/uploads\/2025\/10\/3-Piece-Custom-Baking-Dish-Set-Ceramic-Kitchen-Bakeware-Wholesale-3-150x150.webp 150w, https:\/\/jinhuaceramic.com\/wp-content\/uploads\/2025\/10\/3-Piece-Custom-Baking-Dish-Set-Ceramic-Kitchen-Bakeware-Wholesale-3-768x768.webp 768w, https:\/\/jinhuaceramic.com\/wp-content\/uploads\/2025\/10\/3-Piece-Custom-Baking-Dish-Set-Ceramic-Kitchen-Bakeware-Wholesale-3-12x12.webp 12w, https:\/\/jinhuaceramic.com\/wp-content\/uploads\/2025\/10\/3-Piece-Custom-Baking-Dish-Set-Ceramic-Kitchen-Bakeware-Wholesale-3-285x285.webp 285w, https:\/\/jinhuaceramic.com\/wp-content\/uploads\/2025\/10\/3-Piece-Custom-Baking-Dish-Set-Ceramic-Kitchen-Bakeware-Wholesale-3-1600x1600.webp 1600w, https:\/\/jinhuaceramic.com\/wp-content\/uploads\/2025\/10\/3-Piece-Custom-Baking-Dish-Set-Ceramic-Kitchen-Bakeware-Wholesale-3-270x270.webp 270w, https:\/\/jinhuaceramic.com\/wp-content\/uploads\/2025\/10\/3-Piece-Custom-Baking-Dish-Set-Ceramic-Kitchen-Bakeware-Wholesale-3-540x540.webp 540w, https:\/\/jinhuaceramic.com\/wp-content\/uploads\/2025\/10\/3-Piece-Custom-Baking-Dish-Set-Ceramic-Kitchen-Bakeware-Wholesale-3-660x660.webp 660w\" sizes=\"(max-width: 1800px) 100vw, 1800px\" \/><\/figure>\n<\/div>\n<\/div>","protected":false},"excerpt":{"rendered":"<p>Bienvenido a comprar nuestro juego de fuentes de cer\u00e1mica para hornear personalizadas, perfectas para hornear, servir y almacenar sus platos favoritos. Estos conjuntos de plato de hornear al por mayor, con su elegante dise\u00f1o exterior, materiales sanos, seguros y resistentes al calor, combinaciones pr\u00e1cticas de m\u00faltiples tama\u00f1os, y buena conveniencia de almacenamiento, son un utensilio de cocina pr\u00e1ctico y hermoso. Ideal para compradores al por mayor de utensilios de cocina, restaurantes y marcas que buscan soluciones personalizadas de utensilios de cer\u00e1mica para hornear con soporte OEM\/ODM, proporcionando una gran experiencia culinaria y gastron\u00f3mica.<\/p>","protected":false},"featured_media":10827,"comment_status":"closed","ping_status":"closed","template":"","meta":{"_acf_changed":false},"product_brand":[],"product_cat":[53],"product_tag":[71],"class_list":{"0":"post-10822","1":"product","2":"type-product","3":"status-publish","4":"has-post-thumbnail","6":"product_cat-bakeware-in-bulk","7":"product_tag-wholesale-baking-pans","9":"first","10":"instock","11":"shipping-taxable","12":"product-type-simple"},"acf":[],"_links":{"self":[{"href":"https:\/\/jinhuaceramic.com\/es\/wp-json\/wp\/v2\/product\/10822","targetHints":{"allow":["GET"]}}],"collection":[{"href":"https:\/\/jinhuaceramic.com\/es\/wp-json\/wp\/v2\/product"}],"about":[{"href":"https:\/\/jinhuaceramic.com\/es\/wp-json\/wp\/v2\/types\/product"}],"replies":[{"embeddable":true,"href":"https:\/\/jinhuaceramic.com\/es\/wp-json\/wp\/v2\/comments?post=10822"}],"version-history":[{"count":0,"href":"https:\/\/jinhuaceramic.com\/es\/wp-json\/wp\/v2\/product\/10822\/revisions"}],"wp:featuredmedia":[{"embeddable":true,"href":"https:\/\/jinhuaceramic.com\/es\/wp-json\/wp\/v2\/media\/10827"}],"wp:attachment":[{"href":"https:\/\/jinhuaceramic.com\/es\/wp-json\/wp\/v2\/media?parent=10822"}],"wp:term":[{"taxonomy":"product_brand","embeddable":true,"href":"https:\/\/jinhuaceramic.com\/es\/wp-json\/wp\/v2\/product_brand?post=10822"},{"taxonomy":"product_cat","embeddable":true,"href":"https:\/\/jinhuaceramic.com\/es\/wp-json\/wp\/v2\/product_cat?post=10822"},{"taxonomy":"product_tag","embeddable":true,"href":"https:\/\/jinhuaceramic.com\/es\/wp-json\/wp\/v2\/product_tag?post=10822"}],"curies":[{"name":"wp","href":"https:\/\/api.w.org\/{rel}","templated":true}]}}