{"id":10840,"date":"2025-10-30T07:26:37","date_gmt":"2025-10-30T07:26:37","guid":{"rendered":"https:\/\/jinhuaceramic.com\/?post_type=product&#038;p=10840"},"modified":"2025-10-30T07:27:50","modified_gmt":"2025-10-30T07:27:50","slug":"4-piece-bathroom-set-in-bulk","status":"publish","type":"product","link":"https:\/\/jinhuaceramic.com\/es\/product\/4-piece-bathroom-set-in-bulk\/","title":{"rendered":"Set de Ba\u00f1o de Cer\u00e1mica de 4 Piezas Directo de F\u00e1brica a Granel"},"content":{"rendered":"<div class=\"wp-block-columns is-layout-flex wp-container-core-columns-is-layout-9d6595d7 wp-block-columns-is-layout-flex\">\n<div class=\"wp-block-column is-layout-flow wp-block-column-is-layout-flow\">\n<h3 class=\"wp-block-heading\">Premium 4 Piece Bathroom Set in Bulk\u00a0Features:<\/h3>\n\n\n\n<ul class=\"wp-block-list\">\n<li><strong>Dise\u00f1o elegante:<\/strong> This 4 piece bathroom set in bulk adopts a minimalist and sophisticated aesthetic with vertical striped textures that provide visual layering and three-dimensionality that lessens the monotony of the product. The off-white and beige color combination creates a warm, soft, and sophisticated atmosphere.<\/li>\n\n\n\n<li><strong>Funcionalidad pr\u00e1ctica: <\/strong>This 4 piece bathroom set in bulk includes a variety of bathroom accessories with different functions. The soap dispenser can dispense various liquid soaps; The double grid toothbrush holder can be used to place toothbrushes, toothpaste, etc. separately; The soap dish has drainage holes, which can keep the soap dry.<\/li>\n\n\n\n<li><strong>Material duradero:<\/strong> These factory-direct bathroom sets are made of high-quality ceramic materials, with a certain degree of hardness, strong wear and impact resistance, and are not easily damaged or deformed under normal use, with a long service life.<\/li>\n\n\n\n<li><strong>F\u00e1cil de limpiar: <\/strong>These wholesale ceramic bathroom accessories have smooth and dense glaze surfaces, making it difficult for water stains and dirt to adhere. They can be easily cleaned with a damp cloth, and are easy to maintain.<\/li>\n<\/ul>\n<\/div>\n\n\n\n<div class=\"wp-block-column is-layout-flow wp-block-column-is-layout-flow\">\n<figure class=\"wp-block-image size-full\"><img fetchpriority=\"high\" decoding=\"async\" width=\"1600\" height=\"1600\" src=\"https:\/\/jinhuaceramic.com\/wp-content\/uploads\/2025\/10\/4-Piece-Designer-Bathroom-Sets-Wholesale-Hotel-Bathroom-Accessories-Suppliers-5.webp\" alt=\"factory-direct-ceramic-4-piece-bathroom-set-in-bulk-5\" class=\"wp-image-10844\" srcset=\"https:\/\/jinhuaceramic.com\/wp-content\/uploads\/2025\/10\/4-Piece-Designer-Bathroom-Sets-Wholesale-Hotel-Bathroom-Accessories-Suppliers-5.webp 1600w, https:\/\/jinhuaceramic.com\/wp-content\/uploads\/2025\/10\/4-Piece-Designer-Bathroom-Sets-Wholesale-Hotel-Bathroom-Accessories-Suppliers-5-300x300.webp 300w, https:\/\/jinhuaceramic.com\/wp-content\/uploads\/2025\/10\/4-Piece-Designer-Bathroom-Sets-Wholesale-Hotel-Bathroom-Accessories-Suppliers-5-150x150.webp 150w, https:\/\/jinhuaceramic.com\/wp-content\/uploads\/2025\/10\/4-Piece-Designer-Bathroom-Sets-Wholesale-Hotel-Bathroom-Accessories-Suppliers-5-768x768.webp 768w, https:\/\/jinhuaceramic.com\/wp-content\/uploads\/2025\/10\/4-Piece-Designer-Bathroom-Sets-Wholesale-Hotel-Bathroom-Accessories-Suppliers-5-12x12.webp 12w, https:\/\/jinhuaceramic.com\/wp-content\/uploads\/2025\/10\/4-Piece-Designer-Bathroom-Sets-Wholesale-Hotel-Bathroom-Accessories-Suppliers-5-285x285.webp 285w, https:\/\/jinhuaceramic.com\/wp-content\/uploads\/2025\/10\/4-Piece-Designer-Bathroom-Sets-Wholesale-Hotel-Bathroom-Accessories-Suppliers-5-270x270.webp 270w, https:\/\/jinhuaceramic.com\/wp-content\/uploads\/2025\/10\/4-Piece-Designer-Bathroom-Sets-Wholesale-Hotel-Bathroom-Accessories-Suppliers-5-540x540.webp 540w, https:\/\/jinhuaceramic.com\/wp-content\/uploads\/2025\/10\/4-Piece-Designer-Bathroom-Sets-Wholesale-Hotel-Bathroom-Accessories-Suppliers-5-660x660.webp 660w\" sizes=\"(max-width: 1600px) 100vw, 1600px\" \/><\/figure>\n<\/div>\n<\/div>","protected":false},"excerpt":{"rendered":"<p>Welcome to purchase our factory-direct 4 piece bathroom set in bulk. With its elegant design, practical functionality, and durable and easy-to-clean ceramic materials, it not only provides users with a convenient user experience but also significantly enhances the decorative effect of the bathroom. As a professional bathroom accessories supplier, we offer wholesale customization of soap dispensers, toothbrush holders, tumblers, and soap dishes.<\/p>","protected":false},"featured_media":10841,"comment_status":"closed","ping_status":"closed","template":"","meta":{"_acf_changed":false},"product_brand":[],"product_cat":[51],"product_tag":[74],"class_list":{"0":"post-10840","1":"product","2":"type-product","3":"status-publish","4":"has-post-thumbnail","6":"product_cat-bathroom-accessories-wholesale","7":"product_tag-ceramic-bath-accessories-wholesale","9":"first","10":"instock","11":"shipping-taxable","12":"product-type-simple"},"acf":[],"_links":{"self":[{"href":"https:\/\/jinhuaceramic.com\/es\/wp-json\/wp\/v2\/product\/10840","targetHints":{"allow":["GET"]}}],"collection":[{"href":"https:\/\/jinhuaceramic.com\/es\/wp-json\/wp\/v2\/product"}],"about":[{"href":"https:\/\/jinhuaceramic.com\/es\/wp-json\/wp\/v2\/types\/product"}],"replies":[{"embeddable":true,"href":"https:\/\/jinhuaceramic.com\/es\/wp-json\/wp\/v2\/comments?post=10840"}],"version-history":[{"count":0,"href":"https:\/\/jinhuaceramic.com\/es\/wp-json\/wp\/v2\/product\/10840\/revisions"}],"wp:featuredmedia":[{"embeddable":true,"href":"https:\/\/jinhuaceramic.com\/es\/wp-json\/wp\/v2\/media\/10841"}],"wp:attachment":[{"href":"https:\/\/jinhuaceramic.com\/es\/wp-json\/wp\/v2\/media?parent=10840"}],"wp:term":[{"taxonomy":"product_brand","embeddable":true,"href":"https:\/\/jinhuaceramic.com\/es\/wp-json\/wp\/v2\/product_brand?post=10840"},{"taxonomy":"product_cat","embeddable":true,"href":"https:\/\/jinhuaceramic.com\/es\/wp-json\/wp\/v2\/product_cat?post=10840"},{"taxonomy":"product_tag","embeddable":true,"href":"https:\/\/jinhuaceramic.com\/es\/wp-json\/wp\/v2\/product_tag?post=10840"}],"curies":[{"name":"wp","href":"https:\/\/api.w.org\/{rel}","templated":true}]}}