{"id":10853,"date":"2025-11-05T08:03:16","date_gmt":"2025-11-05T08:03:16","guid":{"rendered":"https:\/\/jinhuaceramic.com\/?post_type=product&#038;p=10853"},"modified":"2025-11-05T08:03:19","modified_gmt":"2025-11-05T08:03:19","slug":"bulk-ceramic-baking-dishes","status":"publish","type":"product","link":"https:\/\/jinhuaceramic.com\/es\/product\/bulk-ceramic-baking-dishes\/","title":{"rendered":"Platos para hornear de cer\u00e1mica a granel directamente de f\u00e1brica. Utensilios de cocina de gres para hornear."},"content":{"rendered":"<div class=\"wp-block-columns is-layout-flex wp-container-core-columns-is-layout-9d6595d7 wp-block-columns-is-layout-flex\">\n<div class=\"wp-block-column is-layout-flow wp-block-column-is-layout-flow\">\n<h3 class=\"wp-block-heading\">Platos de cer\u00e1mica para hornear a granel de primera calidad Caracter\u00edsticas:<\/h3>\n\n\n\n<ul class=\"wp-block-list\">\n<li><strong>Sencillo y vers\u00e1til:<\/strong> Estos platos de cer\u00e1mica para hornear a granel est\u00e1n dise\u00f1ados en un blanco puro, sencillo y elegante, que se adapta a diversas decoraciones y disposiciones de la mesa. La textura vertical exterior aporta movimiento y dimensi\u00f3n, lo que la hace refinada y bella.<\/li>\n\n\n\n<li><strong>Capacidad moderada:<\/strong> Estos platos para hornear al por mayor tienen un tama\u00f1o de 28 onzas y son perfectos para que los coman una o dos personas. Pueden utilizarse para hornear postres y platos personales, como peque\u00f1os pasteles, arroz al horno, etc., para satisfacer las necesidades culinarias de peque\u00f1as familias o individuos y evitar el desperdicio de alimentos.<\/li>\n\n\n\n<li><strong>Salud y seguridad:<\/strong> Estos platos de cer\u00e1mica para hornear a granel est\u00e1n hechos de cer\u00e1mica resistente a altas temperaturas, cocida a altas temperaturas. No contendr\u00e1n productos qu\u00edmicos nocivos ni tendr\u00e1n reacci\u00f3n qu\u00edmica con los alimentos.<\/li>\n\n\n\n<li><strong>Calefacci\u00f3n uniforme:<\/strong> Estas bandejas de hornear al por mayor de alta calidad tienen una buena conductividad t\u00e9rmica, que puede distribuir uniformemente el calor durante el proceso de horneado, evitando que los ingredientes se quemen localmente o se cocinen poco, garantizando as\u00ed el sabor y la calidad de los alimentos.<\/li>\n<\/ul>\n<\/div>\n\n\n\n<div class=\"wp-block-column is-layout-flow wp-block-column-is-layout-flow\">\n<figure class=\"wp-block-image size-full\"><img fetchpriority=\"high\" decoding=\"async\" width=\"2560\" height=\"2560\" src=\"https:\/\/jinhuaceramic.com\/wp-content\/uploads\/2025\/10\/White-Custom-Baking-Dishes-Wholesale-Ceramic-Kitchen-Food-Service-Baking-Pans.webp\" alt=\"Platos de cer\u00e1mica para hornear,Platos de cer\u00e1mica para hornear,Platos de cer\u00e1mica para hornear,Platos de cer\u00e1mica para hornear\" class=\"wp-image-10859\" srcset=\"https:\/\/jinhuaceramic.com\/wp-content\/uploads\/2025\/10\/White-Custom-Baking-Dishes-Wholesale-Ceramic-Kitchen-Food-Service-Baking-Pans.webp 2560w, https:\/\/jinhuaceramic.com\/wp-content\/uploads\/2025\/10\/White-Custom-Baking-Dishes-Wholesale-Ceramic-Kitchen-Food-Service-Baking-Pans-300x300.webp 300w, https:\/\/jinhuaceramic.com\/wp-content\/uploads\/2025\/10\/White-Custom-Baking-Dishes-Wholesale-Ceramic-Kitchen-Food-Service-Baking-Pans-150x150.webp 150w, https:\/\/jinhuaceramic.com\/wp-content\/uploads\/2025\/10\/White-Custom-Baking-Dishes-Wholesale-Ceramic-Kitchen-Food-Service-Baking-Pans-768x768.webp 768w, https:\/\/jinhuaceramic.com\/wp-content\/uploads\/2025\/10\/White-Custom-Baking-Dishes-Wholesale-Ceramic-Kitchen-Food-Service-Baking-Pans-12x12.webp 12w, https:\/\/jinhuaceramic.com\/wp-content\/uploads\/2025\/10\/White-Custom-Baking-Dishes-Wholesale-Ceramic-Kitchen-Food-Service-Baking-Pans-285x285.webp 285w, https:\/\/jinhuaceramic.com\/wp-content\/uploads\/2025\/10\/White-Custom-Baking-Dishes-Wholesale-Ceramic-Kitchen-Food-Service-Baking-Pans-1600x1600.webp 1600w, https:\/\/jinhuaceramic.com\/wp-content\/uploads\/2025\/10\/White-Custom-Baking-Dishes-Wholesale-Ceramic-Kitchen-Food-Service-Baking-Pans-270x270.webp 270w, https:\/\/jinhuaceramic.com\/wp-content\/uploads\/2025\/10\/White-Custom-Baking-Dishes-Wholesale-Ceramic-Kitchen-Food-Service-Baking-Pans-540x540.webp 540w, https:\/\/jinhuaceramic.com\/wp-content\/uploads\/2025\/10\/White-Custom-Baking-Dishes-Wholesale-Ceramic-Kitchen-Food-Service-Baking-Pans-660x660.webp 660w\" sizes=\"(max-width: 2560px) 100vw, 2560px\" \/><\/figure>\n<\/div>\n<\/div>","protected":false},"excerpt":{"rendered":"<p>Encuentre utensilios para hornear al por mayor de primera calidad en JINHUA. Nuestros platos de cer\u00e1mica para hornear a granel blanco son moderados en capacidad y uniforme en la calefacci\u00f3n, la salud y la seguridad, y el material cer\u00e1mico est\u00e9tico. Estas cer\u00e1micas combinan practicidad y est\u00e9tica.<\/p>","protected":false},"featured_media":10858,"comment_status":"closed","ping_status":"closed","template":"","meta":{"_acf_changed":false},"product_brand":[],"product_cat":[53],"product_tag":[71],"class_list":{"0":"post-10853","1":"product","2":"type-product","3":"status-publish","4":"has-post-thumbnail","6":"product_cat-bakeware-in-bulk","7":"product_tag-wholesale-baking-pans","9":"first","10":"instock","11":"shipping-taxable","12":"product-type-simple"},"acf":[],"_links":{"self":[{"href":"https:\/\/jinhuaceramic.com\/es\/wp-json\/wp\/v2\/product\/10853","targetHints":{"allow":["GET"]}}],"collection":[{"href":"https:\/\/jinhuaceramic.com\/es\/wp-json\/wp\/v2\/product"}],"about":[{"href":"https:\/\/jinhuaceramic.com\/es\/wp-json\/wp\/v2\/types\/product"}],"replies":[{"embeddable":true,"href":"https:\/\/jinhuaceramic.com\/es\/wp-json\/wp\/v2\/comments?post=10853"}],"version-history":[{"count":0,"href":"https:\/\/jinhuaceramic.com\/es\/wp-json\/wp\/v2\/product\/10853\/revisions"}],"wp:featuredmedia":[{"embeddable":true,"href":"https:\/\/jinhuaceramic.com\/es\/wp-json\/wp\/v2\/media\/10858"}],"wp:attachment":[{"href":"https:\/\/jinhuaceramic.com\/es\/wp-json\/wp\/v2\/media?parent=10853"}],"wp:term":[{"taxonomy":"product_brand","embeddable":true,"href":"https:\/\/jinhuaceramic.com\/es\/wp-json\/wp\/v2\/product_brand?post=10853"},{"taxonomy":"product_cat","embeddable":true,"href":"https:\/\/jinhuaceramic.com\/es\/wp-json\/wp\/v2\/product_cat?post=10853"},{"taxonomy":"product_tag","embeddable":true,"href":"https:\/\/jinhuaceramic.com\/es\/wp-json\/wp\/v2\/product_tag?post=10853"}],"curies":[{"name":"wp","href":"https:\/\/api.w.org\/{rel}","templated":true}]}}