{"id":10955,"date":"2025-11-06T10:21:47","date_gmt":"2025-11-06T10:21:47","guid":{"rendered":"https:\/\/jinhuaceramic.com\/?post_type=product&#038;p=10955"},"modified":"2025-11-06T10:21:55","modified_gmt":"2025-11-06T10:21:55","slug":"gray-bath-set-wholesale","status":"publish","type":"product","link":"https:\/\/jinhuaceramic.com\/es\/product\/gray-bath-set-wholesale\/","title":{"rendered":"Juego de ba\u00f1o gris al por mayor, art\u00edculos de ba\u00f1o de cer\u00e1mica para hoteles"},"content":{"rendered":"<div class=\"wp-block-columns is-layout-flex wp-container-core-columns-is-layout-9d6595d7 wp-block-columns-is-layout-flex\">\n<div class=\"wp-block-column is-layout-flow wp-block-column-is-layout-flow\">\n<h3 class=\"wp-block-heading\">Premium Minimalista Gris Set de Ba\u00f1o al por mayor Caracter\u00edsticas:<\/h3>\n\n\n\n<ul class=\"wp-block-list\">\n<li><strong>Dise\u00f1o minimalista:<\/strong> El dise\u00f1o de estos conjuntos de ba\u00f1o de cer\u00e1mica a medida es redondeado y est\u00e1 construido en un esquema de color gris con un solo tono y sin adornos innecesarios para una apariencia sin esfuerzo de serenidad y neutralidad que se presta a una amplia variedad de estilos de decoraci\u00f3n de ba\u00f1o.<\/li>\n\n\n\n<li><strong>Alta practicidad:<\/strong> Este set de ba\u00f1o gris al por mayor contiene una selecci\u00f3n de pr\u00e1cticos accesorios de ba\u00f1o, como un dosificador de jab\u00f3n, un soporte para cepillos de dientes, un vaso para enjuague bucal y una jabonera, que satisfacen las necesidades b\u00e1sicas de aseo y almacenamiento para un ba\u00f1o organizado.<\/li>\n\n\n\n<li><strong>Resistente y duradero:<\/strong> Este juego de ba\u00f1o gris al por mayor est\u00e1 fabricado con cer\u00e1mica resistente cocida a altas temperaturas. La cer\u00e1mica tiene un cuerpo duro y una resistencia superior al desgaste, a la tensi\u00f3n y a los ara\u00f1azos, por lo que no es probable que se da\u00f1e con el uso normal.<\/li>\n\n\n\n<li><strong>F\u00e1cil de usar:<\/strong> Nuestros juegos de ba\u00f1o de cer\u00e1mica a medida tienen una superficie lisa y un rendimiento superior a prueba de agua y humedad. No se ver\u00e1n afectados por la humedad o el crecimiento de moho debido a las condiciones de humedad del ba\u00f1o y son f\u00e1ciles de limpiar y mantener, con una larga vida \u00fatil.<\/li>\n<\/ul>\n<\/div>\n\n\n\n<div class=\"wp-block-column is-layout-flow wp-block-column-is-layout-flow\">\n<figure class=\"wp-block-image size-full\"><img fetchpriority=\"high\" decoding=\"async\" width=\"1200\" height=\"1200\" src=\"https:\/\/jinhuaceramic.com\/wp-content\/uploads\/2025\/11\/Minimalist-Gray-Bathroom-Set-Wholesale-Ceramic-Bathroom-Kitchen-Supplies-2.webp\" alt=\"set-ba\u00f1o-gris-suministros-al-mayor-para-ba\u00f1os-de-ceramica-2\" class=\"wp-image-10956\" srcset=\"https:\/\/jinhuaceramic.com\/wp-content\/uploads\/2025\/11\/Minimalist-Gray-Bathroom-Set-Wholesale-Ceramic-Bathroom-Kitchen-Supplies-2.webp 1200w, https:\/\/jinhuaceramic.com\/wp-content\/uploads\/2025\/11\/Minimalist-Gray-Bathroom-Set-Wholesale-Ceramic-Bathroom-Kitchen-Supplies-2-300x300.webp 300w, https:\/\/jinhuaceramic.com\/wp-content\/uploads\/2025\/11\/Minimalist-Gray-Bathroom-Set-Wholesale-Ceramic-Bathroom-Kitchen-Supplies-2-150x150.webp 150w, https:\/\/jinhuaceramic.com\/wp-content\/uploads\/2025\/11\/Minimalist-Gray-Bathroom-Set-Wholesale-Ceramic-Bathroom-Kitchen-Supplies-2-768x768.webp 768w, https:\/\/jinhuaceramic.com\/wp-content\/uploads\/2025\/11\/Minimalist-Gray-Bathroom-Set-Wholesale-Ceramic-Bathroom-Kitchen-Supplies-2-12x12.webp 12w, https:\/\/jinhuaceramic.com\/wp-content\/uploads\/2025\/11\/Minimalist-Gray-Bathroom-Set-Wholesale-Ceramic-Bathroom-Kitchen-Supplies-2-285x285.webp 285w, https:\/\/jinhuaceramic.com\/wp-content\/uploads\/2025\/11\/Minimalist-Gray-Bathroom-Set-Wholesale-Ceramic-Bathroom-Kitchen-Supplies-2-270x270.webp 270w, https:\/\/jinhuaceramic.com\/wp-content\/uploads\/2025\/11\/Minimalist-Gray-Bathroom-Set-Wholesale-Ceramic-Bathroom-Kitchen-Supplies-2-540x540.webp 540w, https:\/\/jinhuaceramic.com\/wp-content\/uploads\/2025\/11\/Minimalist-Gray-Bathroom-Set-Wholesale-Ceramic-Bathroom-Kitchen-Supplies-2-660x660.webp 660w\" sizes=\"(max-width: 1200px) 100vw, 1200px\" \/><\/figure>\n<\/div>\n<\/div>","protected":false},"excerpt":{"rendered":"<p>Bienvenido a comprar al por mayor el set de ba\u00f1o gris minimalista de 4 piezas compuesto por dispensador de jab\u00f3n, portacepillos de dientes, vaso para enjuague bucal y jabonera, dise\u00f1ado para hoteles, resorts y mayoristas de suministros para cuartos de ba\u00f1o. Fabricado en cer\u00e1mica duradera con un acabado elegante y f\u00e1cil de limpiar, ofrece un aspecto moderno y coordinado ideal para la compra al por mayor y la personalizaci\u00f3n OEM\/ODM en proyectos de hosteler\u00eda.<\/p>","protected":false},"featured_media":10957,"comment_status":"closed","ping_status":"closed","template":"","meta":{"_acf_changed":false},"product_brand":[],"product_cat":[51],"product_tag":[74],"class_list":{"0":"post-10955","1":"product","2":"type-product","3":"status-publish","4":"has-post-thumbnail","6":"product_cat-bathroom-accessories-wholesale","7":"product_tag-ceramic-bath-accessories-wholesale","9":"first","10":"instock","11":"shipping-taxable","12":"product-type-simple"},"acf":[],"_links":{"self":[{"href":"https:\/\/jinhuaceramic.com\/es\/wp-json\/wp\/v2\/product\/10955","targetHints":{"allow":["GET"]}}],"collection":[{"href":"https:\/\/jinhuaceramic.com\/es\/wp-json\/wp\/v2\/product"}],"about":[{"href":"https:\/\/jinhuaceramic.com\/es\/wp-json\/wp\/v2\/types\/product"}],"replies":[{"embeddable":true,"href":"https:\/\/jinhuaceramic.com\/es\/wp-json\/wp\/v2\/comments?post=10955"}],"version-history":[{"count":0,"href":"https:\/\/jinhuaceramic.com\/es\/wp-json\/wp\/v2\/product\/10955\/revisions"}],"wp:featuredmedia":[{"embeddable":true,"href":"https:\/\/jinhuaceramic.com\/es\/wp-json\/wp\/v2\/media\/10957"}],"wp:attachment":[{"href":"https:\/\/jinhuaceramic.com\/es\/wp-json\/wp\/v2\/media?parent=10955"}],"wp:term":[{"taxonomy":"product_brand","embeddable":true,"href":"https:\/\/jinhuaceramic.com\/es\/wp-json\/wp\/v2\/product_brand?post=10955"},{"taxonomy":"product_cat","embeddable":true,"href":"https:\/\/jinhuaceramic.com\/es\/wp-json\/wp\/v2\/product_cat?post=10955"},{"taxonomy":"product_tag","embeddable":true,"href":"https:\/\/jinhuaceramic.com\/es\/wp-json\/wp\/v2\/product_tag?post=10955"}],"curies":[{"name":"wp","href":"https:\/\/api.w.org\/{rel}","templated":true}]}}