{"id":11043,"date":"2025-11-12T07:34:17","date_gmt":"2025-11-12T07:34:17","guid":{"rendered":"https:\/\/jinhuaceramic.com\/?post_type=product&#038;p=11043"},"modified":"2025-11-12T07:34:20","modified_gmt":"2025-11-12T07:34:20","slug":"custom-casserole-dish-set","status":"publish","type":"product","link":"https:\/\/jinhuaceramic.com\/es\/product\/custom-casserole-dish-set\/","title":{"rendered":"Juego de cacerolas r\u00fasticas personalizadas, bandejas de cer\u00e1mica para hornear a granel"},"content":{"rendered":"<div class=\"wp-block-columns is-layout-flex wp-container-core-columns-is-layout-9d6595d7 wp-block-columns-is-layout-flex\">\n<div class=\"wp-block-column is-layout-flow wp-block-column-is-layout-flow\">\n<h3 class=\"wp-block-heading\">Premium R\u00fastico Personalizado Cacerola Set Caracter\u00edsticas:<\/h3>\n\n\n\n<ul class=\"wp-block-list\">\n<li><strong>Colores r\u00fasticos: <\/strong>Este juego de cacerolas personalizadas es de color beige, lo que le confiere calidez y una sensaci\u00f3n suave al tacto. Presenta motas en el esmalte para crear una textura de superficie org\u00e1nica y r\u00fastica que da el efecto de una fuente de horno hecha a mano.<\/li>\n\n\n\n<li><strong>Textura elegante:<\/strong> Estas bandejas de cer\u00e1mica para hornear al por mayor tienen finas texturas onduladas insertadas en el borde exterior del cuerpo de la bandeja, acentuando una sensaci\u00f3n tridimensional a los efectos visuales, e incorporando texturas detalladas contra la forma lisa para un cierto alivio visual.<\/li>\n\n\n\n<li><strong>Material de alta calidad: <\/strong>Estos juegos de cacerolas personalizadas est\u00e1n fabricados en cer\u00e1mica de alta calidad con un esmalte de alta cocci\u00f3n que les confiere una excepcional resistencia al calor y estabilidad t\u00e9rmica. Esmalte de calidad alimentaria, sin plomo ni cadmio, seguro, saludable y respetuoso con el medio ambiente.<\/li>\n\n\n\n<li><strong>Variedad de tama\u00f1os:<\/strong> Estos moldes de cer\u00e1mica al por mayor vienen con tres moldes rectangulares de diferentes tama\u00f1os, perfectos para servir platos individuales, platos para compartir en familia e incluso moldes grandes para cenas con varios invitados. Estos tama\u00f1os pueden satisfacer y acomodar tama\u00f1os de cocci\u00f3n flexibles.<\/li>\n<\/ul>\n<\/div>\n\n\n\n<div class=\"wp-block-column is-layout-flow wp-block-column-is-layout-flow\">\n<figure class=\"wp-block-image size-full\"><img fetchpriority=\"high\" decoding=\"async\" width=\"2400\" height=\"2400\" src=\"https:\/\/jinhuaceramic.com\/wp-content\/uploads\/2025\/11\/Rustic-Custom-Casserole-Dish-Set-Ceramic-Kitchen-Food-Service-Baking-Pans.webp\" alt=\"rustic-custom-casserole-dish-set-bulk-ceramic-baking-pans-1\" class=\"wp-image-11049\" srcset=\"https:\/\/jinhuaceramic.com\/wp-content\/uploads\/2025\/11\/Rustic-Custom-Casserole-Dish-Set-Ceramic-Kitchen-Food-Service-Baking-Pans.webp 2400w, https:\/\/jinhuaceramic.com\/wp-content\/uploads\/2025\/11\/Rustic-Custom-Casserole-Dish-Set-Ceramic-Kitchen-Food-Service-Baking-Pans-300x300.webp 300w, https:\/\/jinhuaceramic.com\/wp-content\/uploads\/2025\/11\/Rustic-Custom-Casserole-Dish-Set-Ceramic-Kitchen-Food-Service-Baking-Pans-150x150.webp 150w, https:\/\/jinhuaceramic.com\/wp-content\/uploads\/2025\/11\/Rustic-Custom-Casserole-Dish-Set-Ceramic-Kitchen-Food-Service-Baking-Pans-768x768.webp 768w, https:\/\/jinhuaceramic.com\/wp-content\/uploads\/2025\/11\/Rustic-Custom-Casserole-Dish-Set-Ceramic-Kitchen-Food-Service-Baking-Pans-12x12.webp 12w, https:\/\/jinhuaceramic.com\/wp-content\/uploads\/2025\/11\/Rustic-Custom-Casserole-Dish-Set-Ceramic-Kitchen-Food-Service-Baking-Pans-285x285.webp 285w, https:\/\/jinhuaceramic.com\/wp-content\/uploads\/2025\/11\/Rustic-Custom-Casserole-Dish-Set-Ceramic-Kitchen-Food-Service-Baking-Pans-1600x1600.webp 1600w, https:\/\/jinhuaceramic.com\/wp-content\/uploads\/2025\/11\/Rustic-Custom-Casserole-Dish-Set-Ceramic-Kitchen-Food-Service-Baking-Pans-270x270.webp 270w, https:\/\/jinhuaceramic.com\/wp-content\/uploads\/2025\/11\/Rustic-Custom-Casserole-Dish-Set-Ceramic-Kitchen-Food-Service-Baking-Pans-540x540.webp 540w, https:\/\/jinhuaceramic.com\/wp-content\/uploads\/2025\/11\/Rustic-Custom-Casserole-Dish-Set-Ceramic-Kitchen-Food-Service-Baking-Pans-660x660.webp 660w\" sizes=\"(max-width: 2400px) 100vw, 2400px\" \/><\/figure>\n<\/div>\n<\/div>","protected":false},"excerpt":{"rendered":"<p>Bienvenido a comprar nuestro juego de cacerolas personalizadas de cer\u00e1mica sin plomo de primera calidad, disponible en tres tama\u00f1os. Estas cacerolas al por mayor con colores r\u00fasticos y texturas exquisitas satisfacen diversas necesidades culinarias al tiempo que garantizan la seguridad y comodidad de uso. Tambi\u00e9n realzan el efecto visual de la mesa de comedor, convirti\u00e9ndose en productos de cocina de alta calidad que combinan valor pr\u00e1ctico y est\u00e9tico.<\/p>","protected":false},"featured_media":11044,"comment_status":"closed","ping_status":"closed","template":"","meta":{"_acf_changed":false},"product_brand":[],"product_cat":[53],"product_tag":[70,71],"class_list":{"0":"post-11043","1":"product","2":"type-product","3":"status-publish","4":"has-post-thumbnail","6":"product_cat-bakeware-in-bulk","7":"product_tag-custom-pie-pans","8":"product_tag-wholesale-baking-pans","10":"first","11":"instock","12":"shipping-taxable","13":"product-type-simple"},"acf":[],"_links":{"self":[{"href":"https:\/\/jinhuaceramic.com\/es\/wp-json\/wp\/v2\/product\/11043","targetHints":{"allow":["GET"]}}],"collection":[{"href":"https:\/\/jinhuaceramic.com\/es\/wp-json\/wp\/v2\/product"}],"about":[{"href":"https:\/\/jinhuaceramic.com\/es\/wp-json\/wp\/v2\/types\/product"}],"replies":[{"embeddable":true,"href":"https:\/\/jinhuaceramic.com\/es\/wp-json\/wp\/v2\/comments?post=11043"}],"version-history":[{"count":0,"href":"https:\/\/jinhuaceramic.com\/es\/wp-json\/wp\/v2\/product\/11043\/revisions"}],"wp:featuredmedia":[{"embeddable":true,"href":"https:\/\/jinhuaceramic.com\/es\/wp-json\/wp\/v2\/media\/11044"}],"wp:attachment":[{"href":"https:\/\/jinhuaceramic.com\/es\/wp-json\/wp\/v2\/media?parent=11043"}],"wp:term":[{"taxonomy":"product_brand","embeddable":true,"href":"https:\/\/jinhuaceramic.com\/es\/wp-json\/wp\/v2\/product_brand?post=11043"},{"taxonomy":"product_cat","embeddable":true,"href":"https:\/\/jinhuaceramic.com\/es\/wp-json\/wp\/v2\/product_cat?post=11043"},{"taxonomy":"product_tag","embeddable":true,"href":"https:\/\/jinhuaceramic.com\/es\/wp-json\/wp\/v2\/product_tag?post=11043"}],"curies":[{"name":"wp","href":"https:\/\/api.w.org\/{rel}","templated":true}]}}