{"id":11134,"date":"2025-11-20T04:02:35","date_gmt":"2025-11-20T04:02:35","guid":{"rendered":"https:\/\/jinhuaceramic.com\/?post_type=product&#038;p=11134"},"modified":"2025-11-20T04:05:56","modified_gmt":"2025-11-20T04:05:56","slug":"ceramic-bakeware-set-in-bulk","status":"publish","type":"product","link":"https:\/\/jinhuaceramic.com\/es\/product\/ceramic-bakeware-set-in-bulk\/","title":{"rendered":"Juego de utensilios de cer\u00e1mica azul para hornear a granel, vajilla para hornear personalizada de 3 piezas"},"content":{"rendered":"<div class=\"wp-block-columns is-layout-flex wp-container-core-columns-is-layout-9d6595d7 wp-block-columns-is-layout-flex\">\n<div class=\"wp-block-column is-layout-flow wp-block-column-is-layout-flow\">\n<h3 class=\"wp-block-heading\">Premium Azul Bakeware Set A Granel Caracter\u00edsticas:<\/h3>\n\n\n\n<ul class=\"wp-block-list\">\n<li><strong>Dise\u00f1o elegante: <\/strong>Este juego de utensilios de cer\u00e1mica para hornear a granel est\u00e1 elaborado con un color azul crep\u00fasculo en varios tonos de esmalte. La superficie de la fuente est\u00e1 texturizada de forma ondulada para aportar profundidad y delicadeza a la estratificaci\u00f3n visual.<\/li>\n\n\n\n<li><strong>Funcionalidad: <\/strong>Este juego de utensilios para hornear azules a granel est\u00e1 fabricado con asas texturizadas por ambos lados para facilitar el movimiento y la seguridad al manipular los moldes. Los platos de hornear anidadas ayudar\u00e1n a ahorrar espacio de almacenamiento de la cocina mientras no est\u00e9 en uso tambi\u00e9n.<\/li>\n\n\n\n<li><strong>Varios tama\u00f1os:<\/strong> Estos moldes para hornear de 3 piezas a medida vienen en diferentes tama\u00f1os, con tama\u00f1os peque\u00f1os adecuados para hornear platos para una sola persona, tama\u00f1os medianos adecuados para platos familiares y tama\u00f1os grandes capaces de acomodar pollos asados enteros o grandes platos horneados, satisfaciendo diversas necesidades culinarias desde comidas para una sola persona hasta reuniones familiares.<\/li>\n\n\n\n<li><strong>Materiales de primera calidad: <\/strong>Este molde rectangular de cer\u00e1mica para hornear est\u00e1 hecho de cer\u00e1mica de alta cocci\u00f3n, que proporciona una mayor resistencia al calor a alta temperatura y retenci\u00f3n del calor. La superficie esmaltada de cer\u00e1mica de alta cocci\u00f3n es resistente a los ara\u00f1azos, duradera y no se decolora con el tiempo, para mantener un aspecto duradero de la sart\u00e9n. Tambi\u00e9n es apta para horno, microondas y lavavajillas.<\/li>\n<\/ul>\n<\/div>\n\n\n\n<div class=\"wp-block-column is-layout-flow wp-block-column-is-layout-flow\">\n<figure class=\"wp-block-image size-full\"><img fetchpriority=\"high\" decoding=\"async\" width=\"2400\" height=\"2400\" src=\"https:\/\/jinhuaceramic.com\/wp-content\/uploads\/2025\/11\/Blue-Wholesale-Bakeware-Set-Custom-Ceramic-Food-Service-Baking-Dishes-Pans-4.webp\" alt=\"juego de utensilios de cer\u00e1mica azul para hornear a granel-personalizado-3vajillas-4\" class=\"wp-image-11137\" srcset=\"https:\/\/jinhuaceramic.com\/wp-content\/uploads\/2025\/11\/Blue-Wholesale-Bakeware-Set-Custom-Ceramic-Food-Service-Baking-Dishes-Pans-4.webp 2400w, https:\/\/jinhuaceramic.com\/wp-content\/uploads\/2025\/11\/Blue-Wholesale-Bakeware-Set-Custom-Ceramic-Food-Service-Baking-Dishes-Pans-4-300x300.webp 300w, https:\/\/jinhuaceramic.com\/wp-content\/uploads\/2025\/11\/Blue-Wholesale-Bakeware-Set-Custom-Ceramic-Food-Service-Baking-Dishes-Pans-4-150x150.webp 150w, https:\/\/jinhuaceramic.com\/wp-content\/uploads\/2025\/11\/Blue-Wholesale-Bakeware-Set-Custom-Ceramic-Food-Service-Baking-Dishes-Pans-4-768x768.webp 768w, https:\/\/jinhuaceramic.com\/wp-content\/uploads\/2025\/11\/Blue-Wholesale-Bakeware-Set-Custom-Ceramic-Food-Service-Baking-Dishes-Pans-4-12x12.webp 12w, https:\/\/jinhuaceramic.com\/wp-content\/uploads\/2025\/11\/Blue-Wholesale-Bakeware-Set-Custom-Ceramic-Food-Service-Baking-Dishes-Pans-4-285x285.webp 285w, https:\/\/jinhuaceramic.com\/wp-content\/uploads\/2025\/11\/Blue-Wholesale-Bakeware-Set-Custom-Ceramic-Food-Service-Baking-Dishes-Pans-4-1600x1600.webp 1600w, https:\/\/jinhuaceramic.com\/wp-content\/uploads\/2025\/11\/Blue-Wholesale-Bakeware-Set-Custom-Ceramic-Food-Service-Baking-Dishes-Pans-4-270x270.webp 270w, https:\/\/jinhuaceramic.com\/wp-content\/uploads\/2025\/11\/Blue-Wholesale-Bakeware-Set-Custom-Ceramic-Food-Service-Baking-Dishes-Pans-4-540x540.webp 540w, https:\/\/jinhuaceramic.com\/wp-content\/uploads\/2025\/11\/Blue-Wholesale-Bakeware-Set-Custom-Ceramic-Food-Service-Baking-Dishes-Pans-4-660x660.webp 660w\" sizes=\"(max-width: 2400px) 100vw, 2400px\" \/><\/figure>\n<\/div>\n<\/div>","protected":false},"excerpt":{"rendered":"<p>Bienvenido a comprar nuestro juego de utensilios de cer\u00e1mica azul para hornear al por mayor. Con su dise\u00f1o integral, material y funcionalidad, se ha convertido en una opci\u00f3n pr\u00e1ctica entre los utensilios de cocina. No s\u00f3lo son utensilios de cocina indispensables en la cocina, sino que tambi\u00e9n pueden servir directamente como vajilla en la mesa del comedor, realzando la presentaci\u00f3n visual de la comida, y son a la vez pr\u00e1cticos y decorativos. Es ideal para cocinar en casa y para las necesidades de producci\u00f3n de restaurantes y panader\u00edas que requieren grandes lotes.<\/p>","protected":false},"featured_media":11139,"comment_status":"closed","ping_status":"closed","template":"","meta":{"_acf_changed":false},"product_brand":[],"product_cat":[53],"product_tag":[71],"class_list":{"0":"post-11134","1":"product","2":"type-product","3":"status-publish","4":"has-post-thumbnail","6":"product_cat-bakeware-in-bulk","7":"product_tag-wholesale-baking-pans","9":"first","10":"instock","11":"shipping-taxable","12":"product-type-simple"},"acf":[],"_links":{"self":[{"href":"https:\/\/jinhuaceramic.com\/es\/wp-json\/wp\/v2\/product\/11134","targetHints":{"allow":["GET"]}}],"collection":[{"href":"https:\/\/jinhuaceramic.com\/es\/wp-json\/wp\/v2\/product"}],"about":[{"href":"https:\/\/jinhuaceramic.com\/es\/wp-json\/wp\/v2\/types\/product"}],"replies":[{"embeddable":true,"href":"https:\/\/jinhuaceramic.com\/es\/wp-json\/wp\/v2\/comments?post=11134"}],"version-history":[{"count":0,"href":"https:\/\/jinhuaceramic.com\/es\/wp-json\/wp\/v2\/product\/11134\/revisions"}],"wp:featuredmedia":[{"embeddable":true,"href":"https:\/\/jinhuaceramic.com\/es\/wp-json\/wp\/v2\/media\/11139"}],"wp:attachment":[{"href":"https:\/\/jinhuaceramic.com\/es\/wp-json\/wp\/v2\/media?parent=11134"}],"wp:term":[{"taxonomy":"product_brand","embeddable":true,"href":"https:\/\/jinhuaceramic.com\/es\/wp-json\/wp\/v2\/product_brand?post=11134"},{"taxonomy":"product_cat","embeddable":true,"href":"https:\/\/jinhuaceramic.com\/es\/wp-json\/wp\/v2\/product_cat?post=11134"},{"taxonomy":"product_tag","embeddable":true,"href":"https:\/\/jinhuaceramic.com\/es\/wp-json\/wp\/v2\/product_tag?post=11134"}],"curies":[{"name":"wp","href":"https:\/\/api.w.org\/{rel}","templated":true}]}}