{"id":11144,"date":"2025-11-20T03:15:04","date_gmt":"2025-11-20T03:15:04","guid":{"rendered":"https:\/\/jinhuaceramic.com\/?post_type=product&#038;p=11144"},"modified":"2025-11-20T03:15:06","modified_gmt":"2025-11-20T03:15:06","slug":"matte-black-bathroom-accessory-set-bulk","status":"publish","type":"product","link":"https:\/\/jinhuaceramic.com\/es\/product\/matte-black-bathroom-accessory-set-bulk\/","title":{"rendered":"Juego de accesorios de ba\u00f1o negro mate a granel, juego de ba\u00f1o de cer\u00e1mica"},"content":{"rendered":"<div class=\"wp-block-columns is-layout-flex wp-container-core-columns-is-layout-9d6595d7 wp-block-columns-is-layout-flex\">\n<div class=\"wp-block-column is-layout-flow wp-block-column-is-layout-flow\">\n<h3 class=\"wp-block-heading\">Premium\u00a0Matte Black Bathroom Accessory Set\u200b Bulk Features:<\/h3>\n\n\n\n<ul class=\"wp-block-list\">\n<li><strong>Dise\u00f1o moderno: <\/strong>This matte black bathroom accessory set\u200b bulk is designed with a matte pure black tone and vertical texture, with a simple and modern style that combines the sharpness of industrial style with the delicacy of light luxury style. They can easily integrate various bathroom decoration styles such as minimalism, Nordic, and light luxury.<\/li>\n\n\n\n<li><strong>Juego completo:<\/strong> This matte black bathroom accessory set\u200b bulk includes a soap dispenser, toothbrush holder, cotton jar, tray, and soap dish for storing hand sanitizer, toothbrushes, cotton swabs\/balls, soap, as well as organizing small items for &#8220;one-stop&#8221; partitioned storage of bathroom toiletries and a de-cluttered counter.<\/li>\n\n\n\n<li><strong>Material duradero: <\/strong>These custom bathroom sets are made of high-quality ceramic, which is hard, wear-resistant, not easily broken, and has a long time of service life. Ceramics are natural materials that do not contain chemicals and are harmless to human health.<\/li>\n\n\n\n<li><strong>Easy to Care: <\/strong>These custom ceramic bathroom accessories can be wiped clean on the surface, and special care is not needed. The black color is not obvious when it gets dirty, which means you will not need to clean it frequently.<\/li>\n<\/ul>\n<\/div>\n\n\n\n<div class=\"wp-block-column is-layout-flow wp-block-column-is-layout-flow\">\n<figure class=\"wp-block-image size-full\"><img fetchpriority=\"high\" decoding=\"async\" width=\"1600\" height=\"1600\" src=\"https:\/\/jinhuaceramic.com\/wp-content\/uploads\/2025\/11\/Black-Design-Bathroom-Set-Wholesale-Custom-Bathroom-Kitchen-Supplies-3.webp\" alt=\"matte-black-bathroom-accessory-set\u200b-bulk-ceramic-bath-set-3\" class=\"wp-image-11146\" srcset=\"https:\/\/jinhuaceramic.com\/wp-content\/uploads\/2025\/11\/Black-Design-Bathroom-Set-Wholesale-Custom-Bathroom-Kitchen-Supplies-3.webp 1600w, https:\/\/jinhuaceramic.com\/wp-content\/uploads\/2025\/11\/Black-Design-Bathroom-Set-Wholesale-Custom-Bathroom-Kitchen-Supplies-3-300x300.webp 300w, https:\/\/jinhuaceramic.com\/wp-content\/uploads\/2025\/11\/Black-Design-Bathroom-Set-Wholesale-Custom-Bathroom-Kitchen-Supplies-3-150x150.webp 150w, https:\/\/jinhuaceramic.com\/wp-content\/uploads\/2025\/11\/Black-Design-Bathroom-Set-Wholesale-Custom-Bathroom-Kitchen-Supplies-3-768x768.webp 768w, https:\/\/jinhuaceramic.com\/wp-content\/uploads\/2025\/11\/Black-Design-Bathroom-Set-Wholesale-Custom-Bathroom-Kitchen-Supplies-3-12x12.webp 12w, https:\/\/jinhuaceramic.com\/wp-content\/uploads\/2025\/11\/Black-Design-Bathroom-Set-Wholesale-Custom-Bathroom-Kitchen-Supplies-3-285x285.webp 285w, https:\/\/jinhuaceramic.com\/wp-content\/uploads\/2025\/11\/Black-Design-Bathroom-Set-Wholesale-Custom-Bathroom-Kitchen-Supplies-3-270x270.webp 270w, https:\/\/jinhuaceramic.com\/wp-content\/uploads\/2025\/11\/Black-Design-Bathroom-Set-Wholesale-Custom-Bathroom-Kitchen-Supplies-3-540x540.webp 540w, https:\/\/jinhuaceramic.com\/wp-content\/uploads\/2025\/11\/Black-Design-Bathroom-Set-Wholesale-Custom-Bathroom-Kitchen-Supplies-3-660x660.webp 660w\" sizes=\"(max-width: 1600px) 100vw, 1600px\" \/><\/figure>\n<\/div>\n<\/div>","protected":false},"excerpt":{"rendered":"<p>Welcome to purchase our matte black bathroom accessory set\u200b bulk. These custom bathroom sets achieve a dual value of beauty and practicality with modern design, complete accessories, and durable and easy-to-clean ceramic materials. They not only enhance the overall style of the bathroom but also make the scientific storage design, making them a high-quality choice for creating exquisite bathroom spaces. Perfect for hotels, homes, and branded bathroom collections.<\/p>","protected":false},"featured_media":11148,"comment_status":"closed","ping_status":"closed","template":"","meta":{"_acf_changed":false},"product_brand":[],"product_cat":[51],"product_tag":[74],"class_list":{"0":"post-11144","1":"product","2":"type-product","3":"status-publish","4":"has-post-thumbnail","6":"product_cat-bathroom-accessories-wholesale","7":"product_tag-ceramic-bath-accessories-wholesale","9":"first","10":"instock","11":"shipping-taxable","12":"product-type-simple"},"acf":[],"_links":{"self":[{"href":"https:\/\/jinhuaceramic.com\/es\/wp-json\/wp\/v2\/product\/11144","targetHints":{"allow":["GET"]}}],"collection":[{"href":"https:\/\/jinhuaceramic.com\/es\/wp-json\/wp\/v2\/product"}],"about":[{"href":"https:\/\/jinhuaceramic.com\/es\/wp-json\/wp\/v2\/types\/product"}],"replies":[{"embeddable":true,"href":"https:\/\/jinhuaceramic.com\/es\/wp-json\/wp\/v2\/comments?post=11144"}],"version-history":[{"count":0,"href":"https:\/\/jinhuaceramic.com\/es\/wp-json\/wp\/v2\/product\/11144\/revisions"}],"wp:featuredmedia":[{"embeddable":true,"href":"https:\/\/jinhuaceramic.com\/es\/wp-json\/wp\/v2\/media\/11148"}],"wp:attachment":[{"href":"https:\/\/jinhuaceramic.com\/es\/wp-json\/wp\/v2\/media?parent=11144"}],"wp:term":[{"taxonomy":"product_brand","embeddable":true,"href":"https:\/\/jinhuaceramic.com\/es\/wp-json\/wp\/v2\/product_brand?post=11144"},{"taxonomy":"product_cat","embeddable":true,"href":"https:\/\/jinhuaceramic.com\/es\/wp-json\/wp\/v2\/product_cat?post=11144"},{"taxonomy":"product_tag","embeddable":true,"href":"https:\/\/jinhuaceramic.com\/es\/wp-json\/wp\/v2\/product_tag?post=11144"}],"curies":[{"name":"wp","href":"https:\/\/api.w.org\/{rel}","templated":true}]}}