{"id":11167,"date":"2025-11-20T02:31:52","date_gmt":"2025-11-20T02:31:52","guid":{"rendered":"https:\/\/jinhuaceramic.com\/?post_type=product&#038;p=11167"},"modified":"2025-11-20T02:31:54","modified_gmt":"2025-11-20T02:31:54","slug":"ceramic-rectangular-baking-dish-bulk","status":"publish","type":"product","link":"https:\/\/jinhuaceramic.com\/es\/product\/ceramic-rectangular-baking-dish-bulk\/","title":{"rendered":"Fuente rectangular de cer\u00e1mica con degradado para hornear. Suministro a granel."},"content":{"rendered":"<div class=\"wp-block-columns is-layout-flex wp-container-core-columns-is-layout-9d6595d7 wp-block-columns-is-layout-flex\">\n<div class=\"wp-block-column is-layout-flow wp-block-column-is-layout-flow\">\n<h3 class=\"wp-block-heading\">Plato de cer\u00e1mica rectangular para hornear a granel Caracter\u00edsticas:<\/h3>\n\n\n\n<ul class=\"wp-block-list\">\n<li><strong>Colores vibrantes: <\/strong>La superficie exterior de estas bandejas rectangulares de cer\u00e1mica para hornear a granel presenta una c\u00e1lida y viva combinaci\u00f3n de colores en degradado amarillo-naranja, que a\u00f1ade un toque de luminosidad a la cocina y a la mesa del comedor; la pared interior blanca facilita la observaci\u00f3n del estado de cocci\u00f3n de los alimentos y evita la fatiga visual.<\/li>\n\n\n\n<li><strong>Dise\u00f1o rectangular de gran capacidad: <\/strong>Estas bandejas de hornear a medida son m\u00e1s adecuadas para las necesidades de producci\u00f3n de gran volumen de la cocina casera, la hosteler\u00eda y las panader\u00edas.<\/li>\n\n\n\n<li><strong>Material cer\u00e1mico de alta temperatura: <\/strong>Este plato de cer\u00e1mica rectangular para hornear a granel es resistente a hornos, microondas y lavavajillas, apto para uso de alta frecuencia. El esmalte sin plomo respetuoso con el medio ambiente cumple las normas europeas y americanas de seguridad en contacto con alimentos, apto para la exportaci\u00f3n al por mayor.<\/li>\n\n\n\n<li><strong>Dise\u00f1o f\u00e1cil de usar:<\/strong> La forma rectangular de estas fuentes de hornear personalizadas le proporciona un mayor espacio \u00fatil en su horno y facilita el corte y el servicio. En cada extremo hay asas en forma de arco colocadas ergon\u00f3micamente para facilitar el agarre.<\/li>\n\n\n\n<li><strong>Multiusos:<\/strong> La generosa capacidad de estas fuentes de horno personalizadas permite hornear alimentos para un gran n\u00famero de personas, acomodando a las familias. Estas fuentes de horno personalizadas pueden utilizarse para hornear, exponer o servir en la mesa, por ejemplo, para servir desde guisos hasta ensaladas o frutas en diversos entornos, como cocinar, servir y emplatar alimentos.<\/li>\n<\/ul>\n<\/div>\n\n\n\n<div class=\"wp-block-column is-layout-flow wp-block-column-is-layout-flow\">\n<figure class=\"wp-block-image size-full\"><img fetchpriority=\"high\" decoding=\"async\" width=\"1600\" height=\"1600\" src=\"https:\/\/jinhuaceramic.com\/wp-content\/uploads\/2025\/11\/Yellow-Orange-Gradient-Baking-Dishes-Wholesale-Custom-Ceramic-Baking-Pans-4.webp\" alt=\"Plato de cer\u00e1mica rectangular para hornear con gradiente - Suministro a granel-4\" class=\"wp-image-11170\" srcset=\"https:\/\/jinhuaceramic.com\/wp-content\/uploads\/2025\/11\/Yellow-Orange-Gradient-Baking-Dishes-Wholesale-Custom-Ceramic-Baking-Pans-4.webp 1600w, https:\/\/jinhuaceramic.com\/wp-content\/uploads\/2025\/11\/Yellow-Orange-Gradient-Baking-Dishes-Wholesale-Custom-Ceramic-Baking-Pans-4-300x300.webp 300w, https:\/\/jinhuaceramic.com\/wp-content\/uploads\/2025\/11\/Yellow-Orange-Gradient-Baking-Dishes-Wholesale-Custom-Ceramic-Baking-Pans-4-150x150.webp 150w, https:\/\/jinhuaceramic.com\/wp-content\/uploads\/2025\/11\/Yellow-Orange-Gradient-Baking-Dishes-Wholesale-Custom-Ceramic-Baking-Pans-4-768x768.webp 768w, https:\/\/jinhuaceramic.com\/wp-content\/uploads\/2025\/11\/Yellow-Orange-Gradient-Baking-Dishes-Wholesale-Custom-Ceramic-Baking-Pans-4-12x12.webp 12w, https:\/\/jinhuaceramic.com\/wp-content\/uploads\/2025\/11\/Yellow-Orange-Gradient-Baking-Dishes-Wholesale-Custom-Ceramic-Baking-Pans-4-285x285.webp 285w, https:\/\/jinhuaceramic.com\/wp-content\/uploads\/2025\/11\/Yellow-Orange-Gradient-Baking-Dishes-Wholesale-Custom-Ceramic-Baking-Pans-4-270x270.webp 270w, https:\/\/jinhuaceramic.com\/wp-content\/uploads\/2025\/11\/Yellow-Orange-Gradient-Baking-Dishes-Wholesale-Custom-Ceramic-Baking-Pans-4-540x540.webp 540w, https:\/\/jinhuaceramic.com\/wp-content\/uploads\/2025\/11\/Yellow-Orange-Gradient-Baking-Dishes-Wholesale-Custom-Ceramic-Baking-Pans-4-660x660.webp 660w\" sizes=\"(max-width: 1600px) 100vw, 1600px\" \/><\/figure>\n<\/div>\n<\/div>","protected":false},"excerpt":{"rendered":"<p>Bienvenido a comprar nuestro plato de cer\u00e1mica rectangular para hornear a granel cuenta con un gradiente de color amarillo-naranja, se destaca entre los utensilios de cocina con sus colores brillantes y dise\u00f1os pr\u00e1cticos. Combinan est\u00e9tica y funcionalidad, dise\u00f1adas con gran capacidad y asas de f\u00e1cil agarre, satisfacen las necesidades de horneado a la vez que a\u00f1aden vitalidad a la cocina y a la mesa del comedor. Ideales para mayoristas, restaurantes y marcas que buscan moldes de reposter\u00eda fiables y personalizables.<\/p>","protected":false},"featured_media":11168,"comment_status":"closed","ping_status":"closed","template":"","meta":{"_acf_changed":false},"product_brand":[],"product_cat":[53],"product_tag":[71],"class_list":{"0":"post-11167","1":"product","2":"type-product","3":"status-publish","4":"has-post-thumbnail","6":"product_cat-bakeware-in-bulk","7":"product_tag-wholesale-baking-pans","9":"first","10":"instock","11":"shipping-taxable","12":"product-type-simple"},"acf":[],"_links":{"self":[{"href":"https:\/\/jinhuaceramic.com\/es\/wp-json\/wp\/v2\/product\/11167","targetHints":{"allow":["GET"]}}],"collection":[{"href":"https:\/\/jinhuaceramic.com\/es\/wp-json\/wp\/v2\/product"}],"about":[{"href":"https:\/\/jinhuaceramic.com\/es\/wp-json\/wp\/v2\/types\/product"}],"replies":[{"embeddable":true,"href":"https:\/\/jinhuaceramic.com\/es\/wp-json\/wp\/v2\/comments?post=11167"}],"version-history":[{"count":0,"href":"https:\/\/jinhuaceramic.com\/es\/wp-json\/wp\/v2\/product\/11167\/revisions"}],"wp:featuredmedia":[{"embeddable":true,"href":"https:\/\/jinhuaceramic.com\/es\/wp-json\/wp\/v2\/media\/11168"}],"wp:attachment":[{"href":"https:\/\/jinhuaceramic.com\/es\/wp-json\/wp\/v2\/media?parent=11167"}],"wp:term":[{"taxonomy":"product_brand","embeddable":true,"href":"https:\/\/jinhuaceramic.com\/es\/wp-json\/wp\/v2\/product_brand?post=11167"},{"taxonomy":"product_cat","embeddable":true,"href":"https:\/\/jinhuaceramic.com\/es\/wp-json\/wp\/v2\/product_cat?post=11167"},{"taxonomy":"product_tag","embeddable":true,"href":"https:\/\/jinhuaceramic.com\/es\/wp-json\/wp\/v2\/product_tag?post=11167"}],"curies":[{"name":"wp","href":"https:\/\/api.w.org\/{rel}","templated":true}]}}