{"id":11183,"date":"2025-11-20T07:07:51","date_gmt":"2025-11-20T07:07:51","guid":{"rendered":"https:\/\/jinhuaceramic.com\/?post_type=product&#038;p=11183"},"modified":"2025-11-20T07:07:54","modified_gmt":"2025-11-20T07:07:54","slug":"custom-ceramic-bathroom-accessories","status":"publish","type":"product","link":"https:\/\/jinhuaceramic.com\/es\/product\/custom-ceramic-bathroom-accessories\/","title":{"rendered":"Accesorios de ba\u00f1o de cer\u00e1mica personalizados a granel, juego de ba\u00f1o al por mayor"},"content":{"rendered":"<div class=\"wp-block-columns is-layout-flex wp-container-core-columns-is-layout-9d6595d7 wp-block-columns-is-layout-flex\">\n<div class=\"wp-block-column is-layout-flow wp-block-column-is-layout-flow\">\n<h3 class=\"wp-block-heading\">Accesorios de ba\u00f1o de cer\u00e1mica personalizados de alta calidad Caracter\u00edstica:<\/h3>\n\n\n\n<ul class=\"wp-block-list\">\n<li><strong>Color elegante: <\/strong>Estos accesorios de ba\u00f1o de cer\u00e1mica personalizados son, en general, de un color beige suave y neutro, con una textura mate suave, lo que evita la sensaci\u00f3n de barata que producen los reflejos, y son adecuados para crear un ambiente c\u00e1lido y relajante en el ba\u00f1o.<\/li>\n\n\n\n<li><strong>Textura \u00fanica:<\/strong> Estos accesorios de ba\u00f1o de cer\u00e1mica personalizados est\u00e1n dise\u00f1ados con una textura de rayas verticales en la superficie, con un ligero efecto tridimensional c\u00f3ncavo-convexo. Al tocarlos, se pueden sentir delicadas ondulaciones y, visualmente, se aprecian suaves cambios de luz y sombra, lo que a\u00f1ade riqueza al sencillo tono beige.<\/li>\n\n\n\n<li><strong>Material duradero:<\/strong> Nuestro juego de ba\u00f1o al por mayor est\u00e1 fabricado con materiales cer\u00e1micos de alta calidad producidos a altas temperaturas que garantizan una gran dureza, un menor desgaste y una larga vida \u00fatil en comparaci\u00f3n con la resina o los pl\u00e1sticos.<\/li>\n\n\n\n<li><strong>Juego completo:<\/strong> Este juego de ba\u00f1o al por mayor incluye botellas de jab\u00f3n, portacepillos de dientes, jaboneras y un soporte para el cepillo del inodoro, que se pueden utilizar para guardar jab\u00f3n l\u00edquido, cepillos de dientes, jab\u00f3n y limpiar inodoros, respectivamente, logrando un almacenamiento \u201cintegral\u201d y compartimentado de los art\u00edculos de ba\u00f1o y productos de limpieza, lo que permite que la encimera diga adi\u00f3s al desorden.<\/li>\n<\/ul>\n<\/div>\n\n\n\n<div class=\"wp-block-column is-layout-flow wp-block-column-is-layout-flow\">\n<figure class=\"wp-block-image size-full\"><img fetchpriority=\"high\" decoding=\"async\" width=\"1600\" height=\"1600\" src=\"https:\/\/jinhuaceramic.com\/wp-content\/uploads\/2025\/11\/Ceramic-Custom-Made-Bathroom-Accessories-Soap-Dispenser-and-Toothbrush-Holder-Set.webp\" alt=\"Accesorios de ba\u00f1o de cer\u00e1mica personalizados - Venta al por mayor - Juego de ba\u00f1o 1\" class=\"wp-image-11189\" srcset=\"https:\/\/jinhuaceramic.com\/wp-content\/uploads\/2025\/11\/Ceramic-Custom-Made-Bathroom-Accessories-Soap-Dispenser-and-Toothbrush-Holder-Set.webp 1600w, https:\/\/jinhuaceramic.com\/wp-content\/uploads\/2025\/11\/Ceramic-Custom-Made-Bathroom-Accessories-Soap-Dispenser-and-Toothbrush-Holder-Set-300x300.webp 300w, https:\/\/jinhuaceramic.com\/wp-content\/uploads\/2025\/11\/Ceramic-Custom-Made-Bathroom-Accessories-Soap-Dispenser-and-Toothbrush-Holder-Set-150x150.webp 150w, https:\/\/jinhuaceramic.com\/wp-content\/uploads\/2025\/11\/Ceramic-Custom-Made-Bathroom-Accessories-Soap-Dispenser-and-Toothbrush-Holder-Set-768x768.webp 768w, https:\/\/jinhuaceramic.com\/wp-content\/uploads\/2025\/11\/Ceramic-Custom-Made-Bathroom-Accessories-Soap-Dispenser-and-Toothbrush-Holder-Set-12x12.webp 12w, https:\/\/jinhuaceramic.com\/wp-content\/uploads\/2025\/11\/Ceramic-Custom-Made-Bathroom-Accessories-Soap-Dispenser-and-Toothbrush-Holder-Set-285x285.webp 285w, https:\/\/jinhuaceramic.com\/wp-content\/uploads\/2025\/11\/Ceramic-Custom-Made-Bathroom-Accessories-Soap-Dispenser-and-Toothbrush-Holder-Set-270x270.webp 270w, https:\/\/jinhuaceramic.com\/wp-content\/uploads\/2025\/11\/Ceramic-Custom-Made-Bathroom-Accessories-Soap-Dispenser-and-Toothbrush-Holder-Set-540x540.webp 540w, https:\/\/jinhuaceramic.com\/wp-content\/uploads\/2025\/11\/Ceramic-Custom-Made-Bathroom-Accessories-Soap-Dispenser-and-Toothbrush-Holder-Set-660x660.webp 660w\" sizes=\"(max-width: 1600px) 100vw, 1600px\" \/><\/figure>\n<\/div>\n<\/div>","protected":false},"excerpt":{"rendered":"<p>Bienvenido a comprar nuestros accesorios de ba\u00f1o de cer\u00e1mica personalizados, que combinan est\u00e9tica y practicidad gracias a sus elegantes colores, texturas \u00fanicas, funcionalidad completa y materiales cer\u00e1micos de alta calidad. El juego de ba\u00f1o es ideal para compradores mayoristas. Duradero, elegante, personalizable y perfecto para hoteles, hogares y l\u00edneas de ba\u00f1o de marca.<\/p>","protected":false},"featured_media":11188,"comment_status":"closed","ping_status":"closed","template":"","meta":{"_acf_changed":false},"product_brand":[],"product_cat":[51],"product_tag":[74],"class_list":{"0":"post-11183","1":"product","2":"type-product","3":"status-publish","4":"has-post-thumbnail","6":"product_cat-bathroom-accessories-wholesale","7":"product_tag-ceramic-bath-accessories-wholesale","9":"first","10":"instock","11":"shipping-taxable","12":"product-type-simple"},"acf":[],"_links":{"self":[{"href":"https:\/\/jinhuaceramic.com\/es\/wp-json\/wp\/v2\/product\/11183","targetHints":{"allow":["GET"]}}],"collection":[{"href":"https:\/\/jinhuaceramic.com\/es\/wp-json\/wp\/v2\/product"}],"about":[{"href":"https:\/\/jinhuaceramic.com\/es\/wp-json\/wp\/v2\/types\/product"}],"replies":[{"embeddable":true,"href":"https:\/\/jinhuaceramic.com\/es\/wp-json\/wp\/v2\/comments?post=11183"}],"version-history":[{"count":0,"href":"https:\/\/jinhuaceramic.com\/es\/wp-json\/wp\/v2\/product\/11183\/revisions"}],"wp:featuredmedia":[{"embeddable":true,"href":"https:\/\/jinhuaceramic.com\/es\/wp-json\/wp\/v2\/media\/11188"}],"wp:attachment":[{"href":"https:\/\/jinhuaceramic.com\/es\/wp-json\/wp\/v2\/media?parent=11183"}],"wp:term":[{"taxonomy":"product_brand","embeddable":true,"href":"https:\/\/jinhuaceramic.com\/es\/wp-json\/wp\/v2\/product_brand?post=11183"},{"taxonomy":"product_cat","embeddable":true,"href":"https:\/\/jinhuaceramic.com\/es\/wp-json\/wp\/v2\/product_cat?post=11183"},{"taxonomy":"product_tag","embeddable":true,"href":"https:\/\/jinhuaceramic.com\/es\/wp-json\/wp\/v2\/product_tag?post=11183"}],"curies":[{"name":"wp","href":"https:\/\/api.w.org\/{rel}","templated":true}]}}