{"id":11198,"date":"2025-11-27T02:24:26","date_gmt":"2025-11-27T02:24:26","guid":{"rendered":"https:\/\/jinhuaceramic.com\/?post_type=product&#038;p=11198"},"modified":"2025-11-27T02:24:28","modified_gmt":"2025-11-27T02:24:28","slug":"red-ceramic-baking-dish-wholesale","status":"publish","type":"product","link":"https:\/\/jinhuaceramic.com\/es\/product\/red-ceramic-baking-dish-wholesale\/","title":{"rendered":"Bandeja para hornear de cer\u00e1mica roja degradada al por mayor, suministros de bandejas para hornear personalizadas"},"content":{"rendered":"<div class=\"wp-block-columns is-layout-flex wp-container-core-columns-is-layout-9d6595d7 wp-block-columns-is-layout-flex\">\n<div class=\"wp-block-column is-layout-flow wp-block-column-is-layout-flow\">\n<h3 class=\"wp-block-heading\">Premium Gradiente Rojo Plato de cer\u00e1mica para hornear al por mayor Caracter\u00edsticas:<\/h3>\n\n\n\n<ul class=\"wp-block-list\">\n<li><strong>Textura \u00fanica:<\/strong> Este plato de cer\u00e1mica roja para hornear al por mayor tiene en su superficie exterior texturas horizontales de ranuras tridimensionales, dispuestas en paralelo con profundidad y anchura uniformes, lo que lo hace m\u00e1s elegante y reconocible. Adem\u00e1s, aumentan en cierta medida la fricci\u00f3n, lo que facilita su agarre.<\/li>\n\n\n\n<li><strong>Colores vivos: <\/strong>Estos moldes personalizados, con una superficie exterior en degradado de negro en la parte inferior a rojo en la superior, presentan una paleta de colores rica y brillante. El interior es blanco, lo que crea un marcado contraste con el color rojo del exterior y el blanco del interior, que confiere al molde un atractivo aspecto limpio y ordenado. Esta combinaci\u00f3n de colores tambi\u00e9n realza el aspecto de los alimentos que se cocinan en el molde.<\/li>\n\n\n\n<li><strong>Forma cuadrada cl\u00e1sica:<\/strong> Estos cl\u00e1sicos dise\u00f1os cuadrados de fuentes de cer\u00e1mica roja para hornear al por mayor permiten aprovechar al m\u00e1ximo el espacio del horno, por lo que resultan adecuados para asar verduras, carne, boller\u00eda y mucho m\u00e1s. Las asas blancas de ambos lados son f\u00e1ciles de coger, lo que reduce el riesgo de quemaduras.<\/li>\n\n\n\n<li><strong>Material de alta calidad: <\/strong>Estas bandejas de horno personalizadas est\u00e1n fabricadas con materiales cer\u00e1micos naturales, no t\u00f3xicos e inocuos, y pueden tocar directamente los alimentos sin peligro. La cer\u00e1mica es un material capaz de soportar altas temperaturas sin sufrir ning\u00fan da\u00f1o, distribuyendo uniformemente el calor por toda la superficie de cocci\u00f3n y ayudando a conseguir los resultados de horneado deseados.<\/li>\n<\/ul>\n<\/div>\n\n\n\n<div class=\"wp-block-column is-layout-flow wp-block-column-is-layout-flow\">\n<figure class=\"wp-block-image size-full\"><img fetchpriority=\"high\" decoding=\"async\" width=\"1600\" height=\"1600\" src=\"https:\/\/jinhuaceramic.com\/wp-content\/uploads\/2025\/11\/Gradient-Red-Ceramic-Baking-Pans-Customized-Baking-Dish-Wholesale-Bakeware-2.webp\" alt=\"gradient-red-ceramic-baking-dish-wholesale-custom-baking-pans-supplies-2\" class=\"wp-image-11199\" srcset=\"https:\/\/jinhuaceramic.com\/wp-content\/uploads\/2025\/11\/Gradient-Red-Ceramic-Baking-Pans-Customized-Baking-Dish-Wholesale-Bakeware-2.webp 1600w, https:\/\/jinhuaceramic.com\/wp-content\/uploads\/2025\/11\/Gradient-Red-Ceramic-Baking-Pans-Customized-Baking-Dish-Wholesale-Bakeware-2-300x300.webp 300w, https:\/\/jinhuaceramic.com\/wp-content\/uploads\/2025\/11\/Gradient-Red-Ceramic-Baking-Pans-Customized-Baking-Dish-Wholesale-Bakeware-2-150x150.webp 150w, https:\/\/jinhuaceramic.com\/wp-content\/uploads\/2025\/11\/Gradient-Red-Ceramic-Baking-Pans-Customized-Baking-Dish-Wholesale-Bakeware-2-768x768.webp 768w, https:\/\/jinhuaceramic.com\/wp-content\/uploads\/2025\/11\/Gradient-Red-Ceramic-Baking-Pans-Customized-Baking-Dish-Wholesale-Bakeware-2-12x12.webp 12w, https:\/\/jinhuaceramic.com\/wp-content\/uploads\/2025\/11\/Gradient-Red-Ceramic-Baking-Pans-Customized-Baking-Dish-Wholesale-Bakeware-2-285x285.webp 285w, https:\/\/jinhuaceramic.com\/wp-content\/uploads\/2025\/11\/Gradient-Red-Ceramic-Baking-Pans-Customized-Baking-Dish-Wholesale-Bakeware-2-270x270.webp 270w, https:\/\/jinhuaceramic.com\/wp-content\/uploads\/2025\/11\/Gradient-Red-Ceramic-Baking-Pans-Customized-Baking-Dish-Wholesale-Bakeware-2-540x540.webp 540w, https:\/\/jinhuaceramic.com\/wp-content\/uploads\/2025\/11\/Gradient-Red-Ceramic-Baking-Pans-Customized-Baking-Dish-Wholesale-Bakeware-2-660x660.webp 660w\" sizes=\"(max-width: 1600px) 100vw, 1600px\" \/><\/figure>\n<\/div>\n<\/div>","protected":false},"excerpt":{"rendered":"<p>Bienvenido a comprar el gradiente rojo plato de cer\u00e1mica para hornear al por mayor es una cacerola para hornear durable, resistente al calor dise\u00f1ado para uso profesional, con un esmalte gradiente premium y fuerte cuerpo de cer\u00e1mica. Ideal para mayoristas, minoristas y marcas, con servicio personalizado OEM\/ODM. Es de uso flexible, como para hornear, servir y grandes suministros comerciales.<\/p>","protected":false},"featured_media":11204,"comment_status":"closed","ping_status":"closed","template":"","meta":{"_acf_changed":false},"product_brand":[],"product_cat":[53],"product_tag":[70,71],"class_list":{"0":"post-11198","1":"product","2":"type-product","3":"status-publish","4":"has-post-thumbnail","6":"product_cat-bakeware-in-bulk","7":"product_tag-custom-pie-pans","8":"product_tag-wholesale-baking-pans","10":"first","11":"instock","12":"shipping-taxable","13":"product-type-simple"},"acf":[],"_links":{"self":[{"href":"https:\/\/jinhuaceramic.com\/es\/wp-json\/wp\/v2\/product\/11198","targetHints":{"allow":["GET"]}}],"collection":[{"href":"https:\/\/jinhuaceramic.com\/es\/wp-json\/wp\/v2\/product"}],"about":[{"href":"https:\/\/jinhuaceramic.com\/es\/wp-json\/wp\/v2\/types\/product"}],"replies":[{"embeddable":true,"href":"https:\/\/jinhuaceramic.com\/es\/wp-json\/wp\/v2\/comments?post=11198"}],"version-history":[{"count":0,"href":"https:\/\/jinhuaceramic.com\/es\/wp-json\/wp\/v2\/product\/11198\/revisions"}],"wp:featuredmedia":[{"embeddable":true,"href":"https:\/\/jinhuaceramic.com\/es\/wp-json\/wp\/v2\/media\/11204"}],"wp:attachment":[{"href":"https:\/\/jinhuaceramic.com\/es\/wp-json\/wp\/v2\/media?parent=11198"}],"wp:term":[{"taxonomy":"product_brand","embeddable":true,"href":"https:\/\/jinhuaceramic.com\/es\/wp-json\/wp\/v2\/product_brand?post=11198"},{"taxonomy":"product_cat","embeddable":true,"href":"https:\/\/jinhuaceramic.com\/es\/wp-json\/wp\/v2\/product_cat?post=11198"},{"taxonomy":"product_tag","embeddable":true,"href":"https:\/\/jinhuaceramic.com\/es\/wp-json\/wp\/v2\/product_tag?post=11198"}],"curies":[{"name":"wp","href":"https:\/\/api.w.org\/{rel}","templated":true}]}}