{"id":11208,"date":"2025-11-27T03:12:56","date_gmt":"2025-11-27T03:12:56","guid":{"rendered":"https:\/\/jinhuaceramic.com\/?post_type=product&#038;p=11208"},"modified":"2025-11-27T03:12:58","modified_gmt":"2025-11-27T03:12:58","slug":"ceramic-bathroom-accessories-in-bulk","status":"publish","type":"product","link":"https:\/\/jinhuaceramic.com\/es\/product\/ceramic-bathroom-accessories-in-bulk\/","title":{"rendered":"Accesorios de ba\u00f1o de cer\u00e1mica blanca al por mayor con textura en relieve"},"content":{"rendered":"<div class=\"wp-block-columns is-layout-flex wp-container-core-columns-is-layout-9d6595d7 wp-block-columns-is-layout-flex\">\n<div class=\"wp-block-column is-layout-flow wp-block-column-is-layout-flow\">\n<h3 class=\"wp-block-heading\">Accesorios de ba\u00f1o de cer\u00e1mica a granel Set Caracter\u00edsticas:<\/h3>\n\n\n\n<ul class=\"wp-block-list\">\n<li><strong>Dise\u00f1o elegante:<\/strong> Estos accesorios de ba\u00f1o de cer\u00e1mica a granel presentan un dise\u00f1o combinado de cer\u00e1mica blanca y bombas doradas, presentando un estilo de lujo elegante y ligero. La superficie de cada accesorio presenta patrones tridimensionales en relieve, rompiendo la monoton\u00eda del blanco puro y a\u00f1adiendo una sensaci\u00f3n de estratificaci\u00f3n visual y refinamiento.<\/li>\n\n\n\n<li><strong>Material de alta calidad:<\/strong> Estos juegos de ba\u00f1o de cer\u00e1mica al por mayor est\u00e1n hechos de material de alta calidad con gran dureza, resistencia al desgaste y larga vida \u00fatil. El esmalte es suave y denso, y las manchas o marcas de agua no se adhieren f\u00e1cilmente a \u00e9l; por lo tanto, la limpieza y el mantenimiento son bastante f\u00e1ciles.<\/li>\n\n\n\n<li><strong>Juego completo: <\/strong>Nuestros accesorios de ba\u00f1o de cer\u00e1mica a granel incluyen accesorios de ba\u00f1o como dispensadores de jab\u00f3n, portacepillos de dientes, vasos para enjuague bucal y jaboneras que est\u00e1n claramente divididos y son pr\u00e1cticos. El dispensador de jab\u00f3n es suave de presionar, y la salida de l\u00edquido es estable. El portacepillos de dientes est\u00e1 separado y puede contener varios cepillos de dientes.<\/li>\n\n\n\n<li><strong>Ideal para regalo: <\/strong>Los materiales de primera calidad y los sofisticados dise\u00f1os de nuestros conjuntos de ba\u00f1o personalizados ser\u00e1n un excelente regalo para la inauguraci\u00f3n de una casa, una boda o cualquier otra ocasi\u00f3n en la que los valores pr\u00e1cticos y est\u00e9ticos sean importantes.<\/li>\n\n\n\n<li><strong>Adecuado para m\u00faltiples escenarios: <\/strong>Nuestros accesorios de cer\u00e1mica para cuartos de ba\u00f1o a granel est\u00e1n disponibles para proyectos hoteleros, casas de hu\u00e9spedes, cuartos de ba\u00f1o comerciales, cuartos de ba\u00f1o residenciales de alta gama y sets de regalo al por mayor. Como contamos con una cadena de suministro madura, podemos atender grandes pedidos y proyectos a largo plazo y facilitar la compra a grandes clientes mayoristas.<\/li>\n<\/ul>\n<\/div>\n\n\n\n<div class=\"wp-block-column is-layout-flow wp-block-column-is-layout-flow\">\n<figure class=\"wp-block-image size-full\"><img fetchpriority=\"high\" decoding=\"async\" width=\"1600\" height=\"1600\" src=\"https:\/\/jinhuaceramic.com\/wp-content\/uploads\/2025\/11\/White-Bathroom-Set-with-Embossed-Texture-Ceramic-Bathroom-Accessories-Wholesale-2.webp\" alt=\"accesorios-ba\u00f1o-ceramica-blanca-en-bultos-con-textura-gofrada-2\" class=\"wp-image-11209\" srcset=\"https:\/\/jinhuaceramic.com\/wp-content\/uploads\/2025\/11\/White-Bathroom-Set-with-Embossed-Texture-Ceramic-Bathroom-Accessories-Wholesale-2.webp 1600w, https:\/\/jinhuaceramic.com\/wp-content\/uploads\/2025\/11\/White-Bathroom-Set-with-Embossed-Texture-Ceramic-Bathroom-Accessories-Wholesale-2-300x300.webp 300w, https:\/\/jinhuaceramic.com\/wp-content\/uploads\/2025\/11\/White-Bathroom-Set-with-Embossed-Texture-Ceramic-Bathroom-Accessories-Wholesale-2-150x150.webp 150w, https:\/\/jinhuaceramic.com\/wp-content\/uploads\/2025\/11\/White-Bathroom-Set-with-Embossed-Texture-Ceramic-Bathroom-Accessories-Wholesale-2-768x768.webp 768w, https:\/\/jinhuaceramic.com\/wp-content\/uploads\/2025\/11\/White-Bathroom-Set-with-Embossed-Texture-Ceramic-Bathroom-Accessories-Wholesale-2-12x12.webp 12w, https:\/\/jinhuaceramic.com\/wp-content\/uploads\/2025\/11\/White-Bathroom-Set-with-Embossed-Texture-Ceramic-Bathroom-Accessories-Wholesale-2-285x285.webp 285w, https:\/\/jinhuaceramic.com\/wp-content\/uploads\/2025\/11\/White-Bathroom-Set-with-Embossed-Texture-Ceramic-Bathroom-Accessories-Wholesale-2-270x270.webp 270w, https:\/\/jinhuaceramic.com\/wp-content\/uploads\/2025\/11\/White-Bathroom-Set-with-Embossed-Texture-Ceramic-Bathroom-Accessories-Wholesale-2-540x540.webp 540w, https:\/\/jinhuaceramic.com\/wp-content\/uploads\/2025\/11\/White-Bathroom-Set-with-Embossed-Texture-Ceramic-Bathroom-Accessories-Wholesale-2-660x660.webp 660w\" sizes=\"(max-width: 1600px) 100vw, 1600px\" \/><\/figure>\n<\/div>\n<\/div>","protected":false},"excerpt":{"rendered":"<p>Bienvenido a comprar al por mayor estos accesorios de cer\u00e1mica blanca para cuartos de ba\u00f1o, con elegantes texturas en relieve y artesan\u00eda de porcelana de alta calidad, que ofrecen una est\u00e9tica limpia y moderna ideal para hoteles, hogares y cuartos de ba\u00f1o comerciales. Con un enfoque tanto en la funcionalidad como en la est\u00e9tica, todo el mundo puede experimentar el m\u00e1s alto nivel de rentabilidad de su experiencia sanitaria. Jinhua ofrece una soluci\u00f3n pr\u00e1ctica y de primera calidad para el suministro de accesorios de ba\u00f1o a granel.<\/p>","protected":false},"featured_media":11210,"comment_status":"closed","ping_status":"closed","template":"","meta":{"_acf_changed":false},"product_brand":[],"product_cat":[51],"product_tag":[74],"class_list":{"0":"post-11208","1":"product","2":"type-product","3":"status-publish","4":"has-post-thumbnail","6":"product_cat-bathroom-accessories-wholesale","7":"product_tag-ceramic-bath-accessories-wholesale","9":"first","10":"instock","11":"shipping-taxable","12":"product-type-simple"},"acf":[],"_links":{"self":[{"href":"https:\/\/jinhuaceramic.com\/es\/wp-json\/wp\/v2\/product\/11208","targetHints":{"allow":["GET"]}}],"collection":[{"href":"https:\/\/jinhuaceramic.com\/es\/wp-json\/wp\/v2\/product"}],"about":[{"href":"https:\/\/jinhuaceramic.com\/es\/wp-json\/wp\/v2\/types\/product"}],"replies":[{"embeddable":true,"href":"https:\/\/jinhuaceramic.com\/es\/wp-json\/wp\/v2\/comments?post=11208"}],"version-history":[{"count":0,"href":"https:\/\/jinhuaceramic.com\/es\/wp-json\/wp\/v2\/product\/11208\/revisions"}],"wp:featuredmedia":[{"embeddable":true,"href":"https:\/\/jinhuaceramic.com\/es\/wp-json\/wp\/v2\/media\/11210"}],"wp:attachment":[{"href":"https:\/\/jinhuaceramic.com\/es\/wp-json\/wp\/v2\/media?parent=11208"}],"wp:term":[{"taxonomy":"product_brand","embeddable":true,"href":"https:\/\/jinhuaceramic.com\/es\/wp-json\/wp\/v2\/product_brand?post=11208"},{"taxonomy":"product_cat","embeddable":true,"href":"https:\/\/jinhuaceramic.com\/es\/wp-json\/wp\/v2\/product_cat?post=11208"},{"taxonomy":"product_tag","embeddable":true,"href":"https:\/\/jinhuaceramic.com\/es\/wp-json\/wp\/v2\/product_tag?post=11208"}],"curies":[{"name":"wp","href":"https:\/\/api.w.org\/{rel}","templated":true}]}}