{"id":11228,"date":"2025-11-27T03:49:36","date_gmt":"2025-11-27T03:49:36","guid":{"rendered":"https:\/\/jinhuaceramic.com\/?post_type=product&#038;p=11228"},"modified":"2025-11-27T03:49:48","modified_gmt":"2025-11-27T03:49:48","slug":"square-ceramic-baking-dish-wholesale","status":"publish","type":"product","link":"https:\/\/jinhuaceramic.com\/es\/product\/square-ceramic-baking-dish-wholesale\/","title":{"rendered":"Venta al por mayor de fuentes de cer\u00e1mica cuadradas azules para hornear, suministros de utensilios de cocina para hornear"},"content":{"rendered":"<div class=\"wp-block-columns is-layout-flex wp-container-core-columns-is-layout-9d6595d7 wp-block-columns-is-layout-flex\">\n<div class=\"wp-block-column is-layout-flow wp-block-column-is-layout-flow\">\n<h3 class=\"wp-block-heading\">Plato de Cer\u00e1mica Cuadrado Azul al por mayor Caracter\u00edsticas:<\/h3>\n\n\n\n<ul class=\"wp-block-list\">\n<li><strong>Colores frescos:<\/strong> Este plato de cer\u00e1mica cuadrado para hornear al por mayor adopta un esquema de color de gradiente azul y esmalte interior blanco. El azul se vuelve gradualmente m\u00e1s claro desde la parte inferior hasta el borde, con una transici\u00f3n natural y en capas, visualmente refrescante y elegante, a\u00f1adiendo un toque de color din\u00e1mico a la cocina y mesa de comedor.<\/li>\n\n\n\n<li><strong>Material cer\u00e1mico de alta temperatura:<\/strong> Nuestra fuente de cer\u00e1mica cuadrada azul para hornear al por mayor est\u00e1 fabricada con cer\u00e1mica especial resistente a altas temperaturas que puede soportar el calor elevado del ciclo de horneado del horno sin que el material se agriete o deforme f\u00e1cilmente. Cada plato tiene un acabado de esmalte brillante que resiste tanto el aceite como los ara\u00f1azos y puede limpiarse f\u00e1cilmente sin dejar restos de comida.<\/li>\n\n\n\n<li><strong>Muy pr\u00e1ctico:<\/strong> Estos moldes cuadrados al por mayor est\u00e1n disponibles en dos tama\u00f1os, est\u00e1ndar y extragrande, para aprovechar al m\u00e1ximo el espacio del horno. Estas bandejas tienen una profundidad y un fondo moderados, lo que significa que podemos hornear en ellas una gran variedad de platos, como lasa\u00f1a, pollo asado, filetes, brownies y mucho m\u00e1s. Las asas a ambos lados proporcionan un c\u00f3modo agarre.<\/li>\n\n\n\n<li><strong>Vers\u00e1til y adaptable a varios dispositivos:<\/strong> El molde a medida cuenta con una robusta estructura cer\u00e1mica que garantiza un calentamiento uniforme de los alimentos, por lo que es apto para hornos, microondas, lavavajillas y frigor\u00edficos, satisfaciendo las necesidades de todo el proceso, desde el horneado y el calentamiento hasta el almacenamiento.<\/li>\n<\/ul>\n<\/div>\n\n\n\n<div class=\"wp-block-column is-layout-flow wp-block-column-is-layout-flow\">\n<figure class=\"wp-block-image size-full\"><img fetchpriority=\"high\" decoding=\"async\" width=\"1600\" height=\"1600\" src=\"https:\/\/jinhuaceramic.com\/wp-content\/uploads\/2025\/11\/Blue-Square-Baking-Dishes-Kitchen-Ceramic-Custom-Baking-Pans-Wholesale-6.webp\" alt=\"blue-square-ceramic-baking-dish-mayorista-cocina-bakeware-6\" class=\"wp-image-11229\" srcset=\"https:\/\/jinhuaceramic.com\/wp-content\/uploads\/2025\/11\/Blue-Square-Baking-Dishes-Kitchen-Ceramic-Custom-Baking-Pans-Wholesale-6.webp 1600w, https:\/\/jinhuaceramic.com\/wp-content\/uploads\/2025\/11\/Blue-Square-Baking-Dishes-Kitchen-Ceramic-Custom-Baking-Pans-Wholesale-6-300x300.webp 300w, https:\/\/jinhuaceramic.com\/wp-content\/uploads\/2025\/11\/Blue-Square-Baking-Dishes-Kitchen-Ceramic-Custom-Baking-Pans-Wholesale-6-150x150.webp 150w, https:\/\/jinhuaceramic.com\/wp-content\/uploads\/2025\/11\/Blue-Square-Baking-Dishes-Kitchen-Ceramic-Custom-Baking-Pans-Wholesale-6-768x768.webp 768w, https:\/\/jinhuaceramic.com\/wp-content\/uploads\/2025\/11\/Blue-Square-Baking-Dishes-Kitchen-Ceramic-Custom-Baking-Pans-Wholesale-6-12x12.webp 12w, https:\/\/jinhuaceramic.com\/wp-content\/uploads\/2025\/11\/Blue-Square-Baking-Dishes-Kitchen-Ceramic-Custom-Baking-Pans-Wholesale-6-285x285.webp 285w, https:\/\/jinhuaceramic.com\/wp-content\/uploads\/2025\/11\/Blue-Square-Baking-Dishes-Kitchen-Ceramic-Custom-Baking-Pans-Wholesale-6-270x270.webp 270w, https:\/\/jinhuaceramic.com\/wp-content\/uploads\/2025\/11\/Blue-Square-Baking-Dishes-Kitchen-Ceramic-Custom-Baking-Pans-Wholesale-6-540x540.webp 540w, https:\/\/jinhuaceramic.com\/wp-content\/uploads\/2025\/11\/Blue-Square-Baking-Dishes-Kitchen-Ceramic-Custom-Baking-Pans-Wholesale-6-660x660.webp 660w\" sizes=\"(max-width: 1600px) 100vw, 1600px\" \/><\/figure>\n<\/div>\n<\/div>","protected":false},"excerpt":{"rendered":"<p>Bienvenido a comprar este plato de cer\u00e1mica cuadrado azul para hornear al por mayor est\u00e1 hecho de porcelana de alta temperatura, hecho espec\u00edficamente para uso en la cocina. Viene en tama\u00f1o normal y m\u00e1s grande de lo normal, y es apto para horno, microondas, lavavajillas y frigor\u00edfico. La distribuci\u00f3n del calor es radial y es lisa para facilitar la limpieza. Perfecta para hornear, asar, servir e incluso almacenar. Totalmente personalizable para pedidos al por mayor.<\/p>\n<p>&nbsp;<\/p>","protected":false},"featured_media":11230,"comment_status":"closed","ping_status":"closed","template":"","meta":{"_acf_changed":false},"product_brand":[],"product_cat":[53],"product_tag":[70,71],"class_list":{"0":"post-11228","1":"product","2":"type-product","3":"status-publish","4":"has-post-thumbnail","6":"product_cat-bakeware-in-bulk","7":"product_tag-custom-pie-pans","8":"product_tag-wholesale-baking-pans","10":"first","11":"instock","12":"shipping-taxable","13":"product-type-simple"},"acf":[],"_links":{"self":[{"href":"https:\/\/jinhuaceramic.com\/es\/wp-json\/wp\/v2\/product\/11228","targetHints":{"allow":["GET"]}}],"collection":[{"href":"https:\/\/jinhuaceramic.com\/es\/wp-json\/wp\/v2\/product"}],"about":[{"href":"https:\/\/jinhuaceramic.com\/es\/wp-json\/wp\/v2\/types\/product"}],"replies":[{"embeddable":true,"href":"https:\/\/jinhuaceramic.com\/es\/wp-json\/wp\/v2\/comments?post=11228"}],"version-history":[{"count":0,"href":"https:\/\/jinhuaceramic.com\/es\/wp-json\/wp\/v2\/product\/11228\/revisions"}],"wp:featuredmedia":[{"embeddable":true,"href":"https:\/\/jinhuaceramic.com\/es\/wp-json\/wp\/v2\/media\/11230"}],"wp:attachment":[{"href":"https:\/\/jinhuaceramic.com\/es\/wp-json\/wp\/v2\/media?parent=11228"}],"wp:term":[{"taxonomy":"product_brand","embeddable":true,"href":"https:\/\/jinhuaceramic.com\/es\/wp-json\/wp\/v2\/product_brand?post=11228"},{"taxonomy":"product_cat","embeddable":true,"href":"https:\/\/jinhuaceramic.com\/es\/wp-json\/wp\/v2\/product_cat?post=11228"},{"taxonomy":"product_tag","embeddable":true,"href":"https:\/\/jinhuaceramic.com\/es\/wp-json\/wp\/v2\/product_tag?post=11228"}],"curies":[{"name":"wp","href":"https:\/\/api.w.org\/{rel}","templated":true}]}}