{"id":11244,"date":"2025-11-27T07:38:09","date_gmt":"2025-11-27T07:38:09","guid":{"rendered":"https:\/\/jinhuaceramic.com\/?post_type=product&#038;p=11244"},"modified":"2025-11-27T07:38:12","modified_gmt":"2025-11-27T07:38:12","slug":"casserole-baking-dishes-wholesale","status":"publish","type":"product","link":"https:\/\/jinhuaceramic.com\/es\/product\/casserole-baking-dishes-wholesale\/","title":{"rendered":"Aguas blancas para hornear al por mayor con textura \u00fanica"},"content":{"rendered":"<div class=\"wp-block-columns is-layout-flex wp-container-core-columns-is-layout-9d6595d7 wp-block-columns-is-layout-flex\">\n<div class=\"wp-block-column is-layout-flow wp-block-column-is-layout-flow\">\n<h3 class=\"wp-block-heading\">Aguadera blanca de alta calidad para hornear al por mayor Caracter\u00edsticas del plato:<\/h3>\n\n\n\n<ul class=\"wp-block-list\">\n<li><strong>Textura \u00fanica: <\/strong>La superficie exterior de estas cazuelas blancas para hornear al por mayor adopta un dise\u00f1o de textura tridimensional, cubierta con patrones finos, ondulados e irregulares, que presentan un efecto de \u201ctextura de roca natural\u201d. Esto rompe la monoton\u00eda de los platos para hornear de colores s\u00f3lidos y realza su valor decorativo art\u00edstico.<\/li>\n\n\n\n<li><strong>Gran sentido pr\u00e1ctico: <\/strong>Estas fuentes para horno al por mayor, con su forma rectangular y su dise\u00f1o de gran capacidad, tienen un alto \u00edndice de aprovechamiento del espacio. No solo caben en los hornos dom\u00e9sticos normales, sino que tambi\u00e9n ofrecen un amplio espacio para cocinar, adecuado para diversos tipos de platos, como lasa\u00f1a, pollo asado, filete, brownies, etc.<\/li>\n\n\n\n<li><strong>Material de alta calidad: <\/strong>Estos moldes para hornear personalizados est\u00e1n fabricados con material cer\u00e1mico de alta calidad y sometidos a un proceso de cocci\u00f3n a alta temperatura que les confiere resistencia al calor y un calentamiento uniforme. Garantizan un calentamiento uniforme de todos los alimentos, evitando que algunas zonas se quemen o queden crudas.<\/li>\n\n\n\n<li><strong>Excelente conducci\u00f3n del calor: <\/strong>La gruesa estructura cer\u00e1mica garantiza un calentamiento uniforme de los alimentos, por lo que es ideal para hornear lasa\u00f1a, gratinados, postres, carnes asadas y verduras.<\/li>\n\n\n\n<li><strong>F\u00e1cil de limpiar:<\/strong> El esmalte brillante de estas bandejas de cer\u00e1mica personalizadas es resistente al aceite y a los ara\u00f1azos, lo que facilita su limpieza y evita que queden manchas de comida. Para limpiarlas a diario, basta con pasar un pa\u00f1o con detergente.<\/li>\n<\/ul>\n<\/div>\n\n\n\n<div class=\"wp-block-column is-layout-flow wp-block-column-is-layout-flow\">\n<figure class=\"wp-block-image size-full\"><img fetchpriority=\"high\" decoding=\"async\" width=\"1600\" height=\"1600\" src=\"https:\/\/jinhuaceramic.com\/wp-content\/uploads\/2025\/11\/White-Casserole-Dish-with-Unique-Texture-Ceramic-Custom-Baking-Pans-Wholesale.webp\" alt=\"Bandejas para hornear blancas al por mayor con textura \u00fanica 1\" class=\"wp-image-11250\" srcset=\"https:\/\/jinhuaceramic.com\/wp-content\/uploads\/2025\/11\/White-Casserole-Dish-with-Unique-Texture-Ceramic-Custom-Baking-Pans-Wholesale.webp 1600w, https:\/\/jinhuaceramic.com\/wp-content\/uploads\/2025\/11\/White-Casserole-Dish-with-Unique-Texture-Ceramic-Custom-Baking-Pans-Wholesale-300x300.webp 300w, https:\/\/jinhuaceramic.com\/wp-content\/uploads\/2025\/11\/White-Casserole-Dish-with-Unique-Texture-Ceramic-Custom-Baking-Pans-Wholesale-150x150.webp 150w, https:\/\/jinhuaceramic.com\/wp-content\/uploads\/2025\/11\/White-Casserole-Dish-with-Unique-Texture-Ceramic-Custom-Baking-Pans-Wholesale-768x768.webp 768w, https:\/\/jinhuaceramic.com\/wp-content\/uploads\/2025\/11\/White-Casserole-Dish-with-Unique-Texture-Ceramic-Custom-Baking-Pans-Wholesale-12x12.webp 12w, https:\/\/jinhuaceramic.com\/wp-content\/uploads\/2025\/11\/White-Casserole-Dish-with-Unique-Texture-Ceramic-Custom-Baking-Pans-Wholesale-285x285.webp 285w, https:\/\/jinhuaceramic.com\/wp-content\/uploads\/2025\/11\/White-Casserole-Dish-with-Unique-Texture-Ceramic-Custom-Baking-Pans-Wholesale-270x270.webp 270w, https:\/\/jinhuaceramic.com\/wp-content\/uploads\/2025\/11\/White-Casserole-Dish-with-Unique-Texture-Ceramic-Custom-Baking-Pans-Wholesale-540x540.webp 540w, https:\/\/jinhuaceramic.com\/wp-content\/uploads\/2025\/11\/White-Casserole-Dish-with-Unique-Texture-Ceramic-Custom-Baking-Pans-Wholesale-660x660.webp 660w\" sizes=\"(max-width: 1600px) 100vw, 1600px\" \/><\/figure>\n<\/div>\n<\/div>","protected":false},"excerpt":{"rendered":"<p>Bienvenido a la venta al por mayor de estas cazuelas de cer\u00e1mica blanca para hornear, con un exterior de textura \u00fanica y fabricadas en cer\u00e1mica de alta temperatura, que tienen unas propiedades de retenci\u00f3n del calor extraordinarias en hornos, microondas, lavavajillas y frigor\u00edficos. Ya sea para hornear a diario, para banquetes festivos o como decoraci\u00f3n de cocina, todas ellas pueden resultar muy \u00fatiles y son una opci\u00f3n de alta calidad para mejorar la experiencia culinaria.<\/p>","protected":false},"featured_media":11247,"comment_status":"closed","ping_status":"closed","template":"","meta":{"_acf_changed":false},"product_brand":[],"product_cat":[53],"product_tag":[70,71],"class_list":{"0":"post-11244","1":"product","2":"type-product","3":"status-publish","4":"has-post-thumbnail","6":"product_cat-bakeware-in-bulk","7":"product_tag-custom-pie-pans","8":"product_tag-wholesale-baking-pans","10":"first","11":"instock","12":"shipping-taxable","13":"product-type-simple"},"acf":[],"_links":{"self":[{"href":"https:\/\/jinhuaceramic.com\/es\/wp-json\/wp\/v2\/product\/11244","targetHints":{"allow":["GET"]}}],"collection":[{"href":"https:\/\/jinhuaceramic.com\/es\/wp-json\/wp\/v2\/product"}],"about":[{"href":"https:\/\/jinhuaceramic.com\/es\/wp-json\/wp\/v2\/types\/product"}],"replies":[{"embeddable":true,"href":"https:\/\/jinhuaceramic.com\/es\/wp-json\/wp\/v2\/comments?post=11244"}],"version-history":[{"count":0,"href":"https:\/\/jinhuaceramic.com\/es\/wp-json\/wp\/v2\/product\/11244\/revisions"}],"wp:featuredmedia":[{"embeddable":true,"href":"https:\/\/jinhuaceramic.com\/es\/wp-json\/wp\/v2\/media\/11247"}],"wp:attachment":[{"href":"https:\/\/jinhuaceramic.com\/es\/wp-json\/wp\/v2\/media?parent=11244"}],"wp:term":[{"taxonomy":"product_brand","embeddable":true,"href":"https:\/\/jinhuaceramic.com\/es\/wp-json\/wp\/v2\/product_brand?post=11244"},{"taxonomy":"product_cat","embeddable":true,"href":"https:\/\/jinhuaceramic.com\/es\/wp-json\/wp\/v2\/product_cat?post=11244"},{"taxonomy":"product_tag","embeddable":true,"href":"https:\/\/jinhuaceramic.com\/es\/wp-json\/wp\/v2\/product_tag?post=11244"}],"curies":[{"name":"wp","href":"https:\/\/api.w.org\/{rel}","templated":true}]}}