{"id":11265,"date":"2025-11-27T08:07:58","date_gmt":"2025-11-27T08:07:58","guid":{"rendered":"https:\/\/jinhuaceramic.com\/?post_type=product&#038;p=11265"},"modified":"2025-11-27T08:08:01","modified_gmt":"2025-11-27T08:08:01","slug":"oval-ceramic-baking-dish-wholesale","status":"publish","type":"product","link":"https:\/\/jinhuaceramic.com\/es\/product\/oval-ceramic-baking-dish-wholesale\/","title":{"rendered":"Venta al por mayor de fuentes de cer\u00e1mica ovaladas para hornear, suministro de bandejas para hornear personalizadas"},"content":{"rendered":"<div class=\"wp-block-columns is-layout-flex wp-container-core-columns-is-layout-9d6595d7 wp-block-columns-is-layout-flex\">\n<div class=\"wp-block-column is-layout-flow wp-block-column-is-layout-flow\">\n<h3 class=\"wp-block-heading\">Premium Oval Plato de cer\u00e1mica para hornear al por mayor Caracter\u00edsticas:<\/h3>\n\n\n\n<ul class=\"wp-block-list\">\n<li><strong>Dise\u00f1o retro:<\/strong> Esta fuente de cer\u00e1mica ovalada para hornear al por mayor est\u00e1 dise\u00f1ada en un color blanco con bordes marr\u00f3n caramelo, presentando un toque minimalista y a la vez retro. El exterior de la bandeja para hornear est\u00e1 dise\u00f1ado con textura de rayas verticales, que no s\u00f3lo mejora el nivel visual, sino que tambi\u00e9n aumenta la fricci\u00f3n durante el agarre.<\/li>\n\n\n\n<li><strong>Materiales de alta calidad:<\/strong> Este plato ovalado de cer\u00e1mica para hornear al por mayor est\u00e1 hecho de arcilla natural con una capa superficial de esmalte no t\u00f3xico. No contienen PFOA, plomo, cadmio, etc., y pueden utilizarse con confianza.<\/li>\n\n\n\n<li><strong>Compatibilidad con todas las escenas: <\/strong>Estos platos para hornear al por mayor admiten el uso en lavavajillas, frigor\u00edfico, horno y microondas, pudiendo tanto refrigerar los ingredientes como calentarlos y cocinarlos directamente en el horno\/microondas. Despu\u00e9s de su uso, tambi\u00e9n se pueden limpiar directamente en el lavavajillas, lo que mejora la eficiencia del funcionamiento de la cocina.<\/li>\n\n\n\n<li><strong>Del horno a la mesa:<\/strong> Estas bandejas de horno personalizadas son est\u00e9ticamente agradables y tienen asas f\u00e1ciles de manejar. Adem\u00e1s de utilizarse para hornear todo tipo de recetas, tambi\u00e9n pueden usarse como vajilla directamente sobre la mesa del comedor, a\u00f1adiendo valor visual a la comida o la cena.<\/li>\n\n\n\n<li><strong>Dise\u00f1o apilable:<\/strong> Las fuentes de cer\u00e1mica ovaladas para hornear al por mayor son f\u00e1ciles de apilar y almacenar, lo que ahorra espacio y las hace ideales para compras al por mayor y para catering a gran escala. Admiten diferentes capacidades y combinaciones de colores, proporcionando una gama completa de soluciones de vajilla.<\/li>\n<\/ul>\n<\/div>\n\n\n\n<div class=\"wp-block-column is-layout-flow wp-block-column-is-layout-flow\">\n<figure class=\"wp-block-image size-full\"><img fetchpriority=\"high\" decoding=\"async\" width=\"1194\" height=\"1103\" src=\"https:\/\/jinhuaceramic.com\/wp-content\/uploads\/2025\/11\/Oval-Custom-Baking-Dish-Ceramic-Bakeware-Wholesale-Baking-Pan-Supplies-2.webp\" alt=\"bandeja de cer\u00e1mica ovalada para hornear al por mayor-suministro de bandejas para hornear a medida-2\" class=\"wp-image-11266\" srcset=\"https:\/\/jinhuaceramic.com\/wp-content\/uploads\/2025\/11\/Oval-Custom-Baking-Dish-Ceramic-Bakeware-Wholesale-Baking-Pan-Supplies-2.webp 1194w, https:\/\/jinhuaceramic.com\/wp-content\/uploads\/2025\/11\/Oval-Custom-Baking-Dish-Ceramic-Bakeware-Wholesale-Baking-Pan-Supplies-2-300x277.webp 300w, https:\/\/jinhuaceramic.com\/wp-content\/uploads\/2025\/11\/Oval-Custom-Baking-Dish-Ceramic-Bakeware-Wholesale-Baking-Pan-Supplies-2-768x709.webp 768w, https:\/\/jinhuaceramic.com\/wp-content\/uploads\/2025\/11\/Oval-Custom-Baking-Dish-Ceramic-Bakeware-Wholesale-Baking-Pan-Supplies-2-13x12.webp 13w, https:\/\/jinhuaceramic.com\/wp-content\/uploads\/2025\/11\/Oval-Custom-Baking-Dish-Ceramic-Bakeware-Wholesale-Baking-Pan-Supplies-2-285x263.webp 285w, https:\/\/jinhuaceramic.com\/wp-content\/uploads\/2025\/11\/Oval-Custom-Baking-Dish-Ceramic-Bakeware-Wholesale-Baking-Pan-Supplies-2-660x610.webp 660w, https:\/\/jinhuaceramic.com\/wp-content\/uploads\/2025\/11\/Oval-Custom-Baking-Dish-Ceramic-Bakeware-Wholesale-Baking-Pan-Supplies-2-150x139.webp 150w\" sizes=\"(max-width: 1194px) 100vw, 1194px\" \/><\/figure>\n<\/div>\n<\/div>","protected":false},"excerpt":{"rendered":"<p>Bienvenido a comprar este plato de cer\u00e1mica para hornear ovalada al por mayor, con un dise\u00f1o exterior retro, materiales cer\u00e1micos de alta temperatura, y es seguro para hornos, microondas, que se han convertido en herramientas de cocina flexibles y eficientes en la cocina. Ellos no s\u00f3lo pueden lograr excelentes efectos de cocci\u00f3n, sino tambi\u00e9n mejorar la experiencia de comer a trav\u00e9s de la apariencia exquisita, por lo que es un producto de cocina pr\u00e1ctico y hermoso, tanto para hornear en casa y servicio de comida comercial.<\/p>","protected":false},"featured_media":11272,"comment_status":"closed","ping_status":"closed","template":"","meta":{"_acf_changed":false},"product_brand":[],"product_cat":[53],"product_tag":[71],"class_list":{"0":"post-11265","1":"product","2":"type-product","3":"status-publish","4":"has-post-thumbnail","6":"product_cat-bakeware-in-bulk","7":"product_tag-wholesale-baking-pans","9":"first","10":"instock","11":"shipping-taxable","12":"product-type-simple"},"acf":[],"_links":{"self":[{"href":"https:\/\/jinhuaceramic.com\/es\/wp-json\/wp\/v2\/product\/11265","targetHints":{"allow":["GET"]}}],"collection":[{"href":"https:\/\/jinhuaceramic.com\/es\/wp-json\/wp\/v2\/product"}],"about":[{"href":"https:\/\/jinhuaceramic.com\/es\/wp-json\/wp\/v2\/types\/product"}],"replies":[{"embeddable":true,"href":"https:\/\/jinhuaceramic.com\/es\/wp-json\/wp\/v2\/comments?post=11265"}],"version-history":[{"count":0,"href":"https:\/\/jinhuaceramic.com\/es\/wp-json\/wp\/v2\/product\/11265\/revisions"}],"wp:featuredmedia":[{"embeddable":true,"href":"https:\/\/jinhuaceramic.com\/es\/wp-json\/wp\/v2\/media\/11272"}],"wp:attachment":[{"href":"https:\/\/jinhuaceramic.com\/es\/wp-json\/wp\/v2\/media?parent=11265"}],"wp:term":[{"taxonomy":"product_brand","embeddable":true,"href":"https:\/\/jinhuaceramic.com\/es\/wp-json\/wp\/v2\/product_brand?post=11265"},{"taxonomy":"product_cat","embeddable":true,"href":"https:\/\/jinhuaceramic.com\/es\/wp-json\/wp\/v2\/product_cat?post=11265"},{"taxonomy":"product_tag","embeddable":true,"href":"https:\/\/jinhuaceramic.com\/es\/wp-json\/wp\/v2\/product_tag?post=11265"}],"curies":[{"name":"wp","href":"https:\/\/api.w.org\/{rel}","templated":true}]}}