{"id":11289,"date":"2025-12-04T01:42:02","date_gmt":"2025-12-04T01:42:02","guid":{"rendered":"https:\/\/jinhuaceramic.com\/?post_type=product&#038;p=11289"},"modified":"2025-12-04T01:42:08","modified_gmt":"2025-12-04T01:42:08","slug":"wholesale-small-baking-pans","status":"publish","type":"product","link":"https:\/\/jinhuaceramic.com\/es\/product\/wholesale-small-baking-pans\/","title":{"rendered":"Venta al por mayor de moldes para hornear peque\u00f1os, suministro de moldes para hornear cuadrados de cer\u00e1mica"},"content":{"rendered":"<div class=\"wp-block-columns is-layout-flex wp-container-core-columns-is-layout-9d6595d7 wp-block-columns-is-layout-flex\">\n<div class=\"wp-block-column is-layout-flow wp-block-column-is-layout-flow\">\n<h3 class=\"wp-block-heading\">Venta al por mayor de moldes peque\u00f1os para hornear Caracter\u00edsticas:<\/h3>\n\n\n\n<ul class=\"wp-block-list\">\n<li><strong>Dise\u00f1o minimalista:<\/strong> Estas bandejas peque\u00f1as para hornear al por mayor presentan un dise\u00f1o cuadrado, limpio y totalmente blanco, con un estilo sencillo y vers\u00e1til. Pueden servirse directamente en la mesa de comedor como recipientes, realzando el orden visual de la comida, y son adecuados para cocinas y comedores de diversos estilos decorativos.<\/li>\n\n\n\n<li><strong>Dise\u00f1o de molde cuadrado peque\u00f1o:<\/strong> Estos moldes para hornear peque\u00f1os al por mayor tienen una capacidad est\u00e1ndar de 14 onzas, forma cuadrada compacta, adecuada para hornear pasteles, pudines, platos de arroz al horno, postres, peque\u00f1as porciones y muchos otros platos.<\/li>\n\n\n\n<li><strong>Resistente y duradero:<\/strong> Estos utensilios de cer\u00e1mica cuadrados para hornear al por mayor est\u00e1n fabricados con material cer\u00e1mico de alta calidad mediante cocci\u00f3n a alta temperatura, lo que les confiere un cierto grado de dureza que los hace menos propensos al desgaste y la deformaci\u00f3n, y menos susceptibles a los ara\u00f1azos de los utensilios de cocina met\u00e1licos, alargando as\u00ed su vida \u00fatil.<\/li>\n\n\n\n<li><strong>F\u00e1cil de limpiar: <\/strong>En comparaci\u00f3n con los moldes de metal o silicona, estos moldes de cer\u00e1mica al por mayor tienen una superficie lisa y densa, y es menos probable que se adhieran residuos de alimentos. Son f\u00e1ciles de lavar a mano o a m\u00e1quina y su mantenimiento es sencillo.<\/li>\n<\/ul>\n<\/div>\n\n\n\n<div class=\"wp-block-column is-layout-flow wp-block-column-is-layout-flow\">\n<figure class=\"wp-block-image size-full\"><img fetchpriority=\"high\" decoding=\"async\" width=\"2258\" height=\"2560\" src=\"https:\/\/jinhuaceramic.com\/wp-content\/uploads\/2025\/11\/White-Small-Custom-Baking-Pans-Ceramic-Kitchen-Bakeware-Wholesale-Baking-Dishes.webp\" alt=\"mayorista-sartenes-ceramica-cuadrada-suministro-1\" class=\"wp-image-11296\" srcset=\"https:\/\/jinhuaceramic.com\/wp-content\/uploads\/2025\/11\/White-Small-Custom-Baking-Pans-Ceramic-Kitchen-Bakeware-Wholesale-Baking-Dishes.webp 2258w, https:\/\/jinhuaceramic.com\/wp-content\/uploads\/2025\/11\/White-Small-Custom-Baking-Pans-Ceramic-Kitchen-Bakeware-Wholesale-Baking-Dishes-265x300.webp 265w, https:\/\/jinhuaceramic.com\/wp-content\/uploads\/2025\/11\/White-Small-Custom-Baking-Pans-Ceramic-Kitchen-Bakeware-Wholesale-Baking-Dishes-768x871.webp 768w, https:\/\/jinhuaceramic.com\/wp-content\/uploads\/2025\/11\/White-Small-Custom-Baking-Pans-Ceramic-Kitchen-Bakeware-Wholesale-Baking-Dishes-11x12.webp 11w, https:\/\/jinhuaceramic.com\/wp-content\/uploads\/2025\/11\/White-Small-Custom-Baking-Pans-Ceramic-Kitchen-Bakeware-Wholesale-Baking-Dishes-285x323.webp 285w, https:\/\/jinhuaceramic.com\/wp-content\/uploads\/2025\/11\/White-Small-Custom-Baking-Pans-Ceramic-Kitchen-Bakeware-Wholesale-Baking-Dishes-1600x1814.webp 1600w, https:\/\/jinhuaceramic.com\/wp-content\/uploads\/2025\/11\/White-Small-Custom-Baking-Pans-Ceramic-Kitchen-Bakeware-Wholesale-Baking-Dishes-582x660.webp 582w, https:\/\/jinhuaceramic.com\/wp-content\/uploads\/2025\/11\/White-Small-Custom-Baking-Pans-Ceramic-Kitchen-Bakeware-Wholesale-Baking-Dishes-132x150.webp 132w\" sizes=\"(max-width: 2258px) 100vw, 2258px\" \/><\/figure>\n<\/div>\n<\/div>","protected":false},"excerpt":{"rendered":"<p>Bienvenido a comprar al por mayor estos peque\u00f1os moldes para hornear est\u00e1n hechos de porcelana de alta temperatura y dise\u00f1ados para uso comercial vers\u00e1til. Aptos para horno, microondas, lavavajillas y frigor\u00edfico, ofrecen un glaseado suave, una construcci\u00f3n duradera y un tama\u00f1o ideal para postres, platos al horno y raciones individuales.<\/p>","protected":false},"featured_media":11292,"comment_status":"closed","ping_status":"closed","template":"","meta":{"_acf_changed":false},"product_brand":[],"product_cat":[53],"product_tag":[69,71],"class_list":{"0":"post-11289","1":"product","2":"type-product","3":"status-publish","4":"has-post-thumbnail","6":"product_cat-bakeware-in-bulk","7":"product_tag-bulk-ramekins","8":"product_tag-wholesale-baking-pans","10":"first","11":"instock","12":"shipping-taxable","13":"product-type-simple"},"acf":[],"_links":{"self":[{"href":"https:\/\/jinhuaceramic.com\/es\/wp-json\/wp\/v2\/product\/11289","targetHints":{"allow":["GET"]}}],"collection":[{"href":"https:\/\/jinhuaceramic.com\/es\/wp-json\/wp\/v2\/product"}],"about":[{"href":"https:\/\/jinhuaceramic.com\/es\/wp-json\/wp\/v2\/types\/product"}],"replies":[{"embeddable":true,"href":"https:\/\/jinhuaceramic.com\/es\/wp-json\/wp\/v2\/comments?post=11289"}],"version-history":[{"count":0,"href":"https:\/\/jinhuaceramic.com\/es\/wp-json\/wp\/v2\/product\/11289\/revisions"}],"wp:featuredmedia":[{"embeddable":true,"href":"https:\/\/jinhuaceramic.com\/es\/wp-json\/wp\/v2\/media\/11292"}],"wp:attachment":[{"href":"https:\/\/jinhuaceramic.com\/es\/wp-json\/wp\/v2\/media?parent=11289"}],"wp:term":[{"taxonomy":"product_brand","embeddable":true,"href":"https:\/\/jinhuaceramic.com\/es\/wp-json\/wp\/v2\/product_brand?post=11289"},{"taxonomy":"product_cat","embeddable":true,"href":"https:\/\/jinhuaceramic.com\/es\/wp-json\/wp\/v2\/product_cat?post=11289"},{"taxonomy":"product_tag","embeddable":true,"href":"https:\/\/jinhuaceramic.com\/es\/wp-json\/wp\/v2\/product_tag?post=11289"}],"curies":[{"name":"wp","href":"https:\/\/api.w.org\/{rel}","templated":true}]}}