{"id":11309,"date":"2025-12-04T03:38:03","date_gmt":"2025-12-04T03:38:03","guid":{"rendered":"https:\/\/jinhuaceramic.com\/?post_type=product&#038;p=11309"},"modified":"2025-12-04T03:38:07","modified_gmt":"2025-12-04T03:38:07","slug":"custom-candle-vessels-wholesale","status":"publish","type":"product","link":"https:\/\/jinhuaceramic.com\/es\/product\/custom-candle-vessels-wholesale\/","title":{"rendered":"Vasos de cer\u00e1mica para velas al por mayor, Tarros para velas a rayas"},"content":{"rendered":"<div class=\"wp-block-columns is-layout-flex wp-container-core-columns-is-layout-9d6595d7 wp-block-columns-is-layout-flex\">\n<div class=\"wp-block-column is-layout-flow wp-block-column-is-layout-flow\">\n<h3 class=\"wp-block-heading\">Caracter\u00edsticas de los recipientes para velas personalizados de alta calidad al por mayor:<\/h3>\n\n\n\n<ul class=\"wp-block-list\">\n<li><strong>Dise\u00f1o a rayas:<\/strong> Estos recipientes para velas personalizados al por mayor presentan un color base cremoso con rayas verticales irregulares dibujadas a mano, creando un estilo alegre y retro que combina la frescura de la campi\u00f1a francesa con el toque art\u00edstico de los muebles modernos, lo que los convierte en un elemento visual destacado en el espacio.<\/li>\n\n\n\n<li><strong>Forma \u00fanica:<\/strong> Estos recipientes para velas personalizados al por mayor est\u00e1n dise\u00f1ados con una forma de \u201ctambor con cintura\u201d, con l\u00edneas suaves y delicadas que rompen la monoton\u00eda de los tarros cil\u00edndricos convencionales para velas. Combinados con elementos rayados, tienen m\u00e1s capas y pueden utilizarse como elementos decorativos independientes, incluso sin velas.<\/li>\n\n\n\n<li><strong>Varios colores:<\/strong> Estos tarros para velas personalizados est\u00e1n disponibles en varios colores a rayas, como amarillo, rosa, azul, verde y rojo, que se pueden adaptar a diferentes estilos espaciales y preferencias personales, satisfaciendo diferentes necesidades de combinaci\u00f3n de textiles para el hogar.<\/li>\n\n\n\n<li><strong>Material duradero: <\/strong>Estos tarros para velas al por mayor est\u00e1n fabricados con materiales cer\u00e1micos de alta calidad, que tienen una buena resistencia al calor y a la corrosi\u00f3n. Este material no solo es seguro y respetuoso con el medio ambiente, sino que tambi\u00e9n puede mantener la belleza y la practicidad de los tarros para velas durante mucho tiempo.<\/li>\n<\/ul>\n<\/div>\n\n\n\n<div class=\"wp-block-column is-layout-flow wp-block-column-is-layout-flow\">\n<figure class=\"wp-block-image size-full\"><img fetchpriority=\"high\" decoding=\"async\" width=\"1050\" height=\"1050\" src=\"https:\/\/jinhuaceramic.com\/wp-content\/uploads\/2025\/12\/Striped-Candle-Jar-with-Various-Colors-Ceramic-Custom-Candle-Vessels-Wholesale-4.webp\" alt=\"vasos-de-cer\u00e1mica-personalizados-para-velas-al-por-mayor-vasos-rayados-para-velas-4\" class=\"wp-image-11312\" srcset=\"https:\/\/jinhuaceramic.com\/wp-content\/uploads\/2025\/12\/Striped-Candle-Jar-with-Various-Colors-Ceramic-Custom-Candle-Vessels-Wholesale-4.webp 1050w, https:\/\/jinhuaceramic.com\/wp-content\/uploads\/2025\/12\/Striped-Candle-Jar-with-Various-Colors-Ceramic-Custom-Candle-Vessels-Wholesale-4-300x300.webp 300w, https:\/\/jinhuaceramic.com\/wp-content\/uploads\/2025\/12\/Striped-Candle-Jar-with-Various-Colors-Ceramic-Custom-Candle-Vessels-Wholesale-4-150x150.webp 150w, https:\/\/jinhuaceramic.com\/wp-content\/uploads\/2025\/12\/Striped-Candle-Jar-with-Various-Colors-Ceramic-Custom-Candle-Vessels-Wholesale-4-768x768.webp 768w, https:\/\/jinhuaceramic.com\/wp-content\/uploads\/2025\/12\/Striped-Candle-Jar-with-Various-Colors-Ceramic-Custom-Candle-Vessels-Wholesale-4-12x12.webp 12w, https:\/\/jinhuaceramic.com\/wp-content\/uploads\/2025\/12\/Striped-Candle-Jar-with-Various-Colors-Ceramic-Custom-Candle-Vessels-Wholesale-4-285x285.webp 285w, https:\/\/jinhuaceramic.com\/wp-content\/uploads\/2025\/12\/Striped-Candle-Jar-with-Various-Colors-Ceramic-Custom-Candle-Vessels-Wholesale-4-270x270.webp 270w, https:\/\/jinhuaceramic.com\/wp-content\/uploads\/2025\/12\/Striped-Candle-Jar-with-Various-Colors-Ceramic-Custom-Candle-Vessels-Wholesale-4-540x540.webp 540w, https:\/\/jinhuaceramic.com\/wp-content\/uploads\/2025\/12\/Striped-Candle-Jar-with-Various-Colors-Ceramic-Custom-Candle-Vessels-Wholesale-4-660x660.webp 660w\" sizes=\"(max-width: 1050px) 100vw, 1050px\" \/><\/figure>\n<\/div>\n<\/div>","protected":false},"excerpt":{"rendered":"<p>Bienvenido a la compra al por mayor de estos recipientes para velas personalizados con dise\u00f1o retro a rayas, forma \u00fanica, diversas opciones de color y material cer\u00e1mico duradero. Se convierten en accesorios decorativos que combinan valor decorativo y pr\u00e1ctico. Pueden crear un ambiente c\u00e1lido y confortable, y la diversidad de combinaciones de colores tambi\u00e9n se adapta a diferentes estilos de hogar, lo que los convierte en una opci\u00f3n de alta calidad para mejorar la textura del espacio.<\/p>","protected":false},"featured_media":11311,"comment_status":"closed","ping_status":"closed","template":"","meta":{"_acf_changed":false},"product_brand":[],"product_cat":[52],"product_tag":[66],"class_list":{"0":"post-11309","1":"product","2":"type-product","3":"status-publish","4":"has-post-thumbnail","6":"product_cat-wholesale-candle-containers","7":"product_tag-candle-jars-wholesale","9":"first","10":"instock","11":"shipping-taxable","12":"product-type-simple"},"acf":[],"_links":{"self":[{"href":"https:\/\/jinhuaceramic.com\/es\/wp-json\/wp\/v2\/product\/11309","targetHints":{"allow":["GET"]}}],"collection":[{"href":"https:\/\/jinhuaceramic.com\/es\/wp-json\/wp\/v2\/product"}],"about":[{"href":"https:\/\/jinhuaceramic.com\/es\/wp-json\/wp\/v2\/types\/product"}],"replies":[{"embeddable":true,"href":"https:\/\/jinhuaceramic.com\/es\/wp-json\/wp\/v2\/comments?post=11309"}],"version-history":[{"count":0,"href":"https:\/\/jinhuaceramic.com\/es\/wp-json\/wp\/v2\/product\/11309\/revisions"}],"wp:featuredmedia":[{"embeddable":true,"href":"https:\/\/jinhuaceramic.com\/es\/wp-json\/wp\/v2\/media\/11311"}],"wp:attachment":[{"href":"https:\/\/jinhuaceramic.com\/es\/wp-json\/wp\/v2\/media?parent=11309"}],"wp:term":[{"taxonomy":"product_brand","embeddable":true,"href":"https:\/\/jinhuaceramic.com\/es\/wp-json\/wp\/v2\/product_brand?post=11309"},{"taxonomy":"product_cat","embeddable":true,"href":"https:\/\/jinhuaceramic.com\/es\/wp-json\/wp\/v2\/product_cat?post=11309"},{"taxonomy":"product_tag","embeddable":true,"href":"https:\/\/jinhuaceramic.com\/es\/wp-json\/wp\/v2\/product_tag?post=11309"}],"curies":[{"name":"wp","href":"https:\/\/api.w.org\/{rel}","templated":true}]}}