{"id":11331,"date":"2025-12-04T06:21:01","date_gmt":"2025-12-04T06:21:01","guid":{"rendered":"https:\/\/jinhuaceramic.com\/?post_type=product&#038;p=11331"},"modified":"2025-12-18T04:04:07","modified_gmt":"2025-12-18T04:04:07","slug":"5-piece-bathroom-accessory-set-wholesale","status":"publish","type":"product","link":"https:\/\/jinhuaceramic.com\/es\/product\/5-piece-bathroom-accessory-set-wholesale\/","title":{"rendered":"Juego de 5 accesorios de ba\u00f1o al por mayor, juego de ba\u00f1o de cer\u00e1mica"},"content":{"rendered":"<div class=\"wp-block-columns is-layout-flex wp-container-core-columns-is-layout-9d6595d7 wp-block-columns-is-layout-flex\">\n<div class=\"wp-block-column is-layout-flow wp-block-column-is-layout-flow\">\n<h3 class=\"wp-block-heading\">Juego de accesorios de ba\u00f1o de 5 piezas de primera calidad al por mayor Caracter\u00edsticas:<\/h3>\n\n\n\n<ul class=\"wp-block-list\">\n<li><strong>Dise\u00f1o elegante:<\/strong> Este juego de 5 accesorios de ba\u00f1o al por mayor presenta una combinaci\u00f3n de bombas de color blanco puro y metal, con un estilo minimalista pero refinado. Todos los accesorios tienen una textura tejida en la superficie, rompiendo la monoton\u00eda lisa de la cer\u00e1mica tradicional y combinando la suavidad del estilo n\u00f3rdico con la delicadeza del estilo lujoso y ligero.<\/li>\n\n\n\n<li><strong>Juego completo:<\/strong> Este juego de 5 accesorios de ba\u00f1o al por mayor incluye dispensadores de jab\u00f3n, tarros de almacenamiento, portacepillos de dientes, vasos para enjuague bucal y jaboneras, que satisfacen las necesidades b\u00e1sicas de almacenamiento y uso diario en el ba\u00f1o, lo que permite colocar los art\u00edculos de tocador de forma m\u00e1s organizada y ordenada, y aprovechar mejor el espacio del ba\u00f1o.<\/li>\n\n\n\n<li><strong>Detalle bien pensado: <\/strong>Estos juegos de ba\u00f1o de cer\u00e1mica al por mayor est\u00e1n dise\u00f1ados con detalles cuidadosamente pensados: la bomba del dispensador de jab\u00f3n se presiona suavemente y controla con precisi\u00f3n la salida de l\u00edquido; el soporte para cepillos de dientes con doble rejilla puede contener dos cepillos al mismo tiempo para evitar el contacto cruzado; la tapa del tarro para guardar algodones evita el polvo y la humedad.<\/li>\n\n\n\n<li><strong>Material cer\u00e1mico de alta calidad:<\/strong> Este juego de 5 accesorios de ba\u00f1o al por mayor est\u00e1 fabricado en cer\u00e1mica duradera de alta densidad. Este producto ofrece un tacto de primera calidad, gran estabilidad y una superficie lisa y resistente a las manchas que repele el agua y los residuos de suciedad, lo que lo hace adecuado para un uso prolongado en hoteles, pensiones y canales minoristas.<\/li>\n\n\n\n<li><strong>Estilo de dise\u00f1o unificado:<\/strong> Estos juegos de ba\u00f1o de cer\u00e1mica personalizados presentan un dise\u00f1o y una textura uniformes, lo que mejora la imagen y la est\u00e9tica general de la marca. Ideales para compras al por mayor por parte de marcas de muebles para el hogar, cadenas hoteleras, empresas de regalos, plataformas de comercio electr\u00f3nico y apoyo a proyectos.<\/li>\n<\/ul>\n<\/div>\n\n\n\n<div class=\"wp-block-column is-layout-flow wp-block-column-is-layout-flow\">\n<figure class=\"wp-block-image size-full\"><img fetchpriority=\"high\" decoding=\"async\" width=\"2560\" height=\"2560\" src=\"https:\/\/jinhuaceramic.com\/wp-content\/uploads\/2025\/12\/5-Piece-White-Designer-Bathroom-Set-Ceramic-Wholesale-Bathroom-Accessories-Bulk.webp\" alt=\"Juego de 5 accesorios de ba\u00f1o al por mayor, juego de ba\u00f1o de cer\u00e1mica 1\" class=\"wp-image-11341\" srcset=\"https:\/\/jinhuaceramic.com\/wp-content\/uploads\/2025\/12\/5-Piece-White-Designer-Bathroom-Set-Ceramic-Wholesale-Bathroom-Accessories-Bulk.webp 2560w, https:\/\/jinhuaceramic.com\/wp-content\/uploads\/2025\/12\/5-Piece-White-Designer-Bathroom-Set-Ceramic-Wholesale-Bathroom-Accessories-Bulk-300x300.webp 300w, https:\/\/jinhuaceramic.com\/wp-content\/uploads\/2025\/12\/5-Piece-White-Designer-Bathroom-Set-Ceramic-Wholesale-Bathroom-Accessories-Bulk-150x150.webp 150w, https:\/\/jinhuaceramic.com\/wp-content\/uploads\/2025\/12\/5-Piece-White-Designer-Bathroom-Set-Ceramic-Wholesale-Bathroom-Accessories-Bulk-768x768.webp 768w, https:\/\/jinhuaceramic.com\/wp-content\/uploads\/2025\/12\/5-Piece-White-Designer-Bathroom-Set-Ceramic-Wholesale-Bathroom-Accessories-Bulk-12x12.webp 12w, https:\/\/jinhuaceramic.com\/wp-content\/uploads\/2025\/12\/5-Piece-White-Designer-Bathroom-Set-Ceramic-Wholesale-Bathroom-Accessories-Bulk-285x285.webp 285w, https:\/\/jinhuaceramic.com\/wp-content\/uploads\/2025\/12\/5-Piece-White-Designer-Bathroom-Set-Ceramic-Wholesale-Bathroom-Accessories-Bulk-1600x1600.webp 1600w, https:\/\/jinhuaceramic.com\/wp-content\/uploads\/2025\/12\/5-Piece-White-Designer-Bathroom-Set-Ceramic-Wholesale-Bathroom-Accessories-Bulk-270x270.webp 270w, https:\/\/jinhuaceramic.com\/wp-content\/uploads\/2025\/12\/5-Piece-White-Designer-Bathroom-Set-Ceramic-Wholesale-Bathroom-Accessories-Bulk-540x540.webp 540w, https:\/\/jinhuaceramic.com\/wp-content\/uploads\/2025\/12\/5-Piece-White-Designer-Bathroom-Set-Ceramic-Wholesale-Bathroom-Accessories-Bulk-660x660.webp 660w\" sizes=\"(max-width: 2560px) 100vw, 2560px\" \/><\/figure>\n<\/div>\n<\/div>","protected":false},"excerpt":{"rendered":"<p>Bienvenido a la venta al por mayor de nuestro juego de accesorios de ba\u00f1o de 5 piezas en color blanco. Consiga un doble valor de belleza y practicidad con su exclusivo dise\u00f1o de textura tejida, su meticulosa distribuci\u00f3n funcional y sus materiales cer\u00e1micos de alta calidad. Ideal para hoteles, minoristas y marcas de decoraci\u00f3n del hogar, perfecto para la venta al por mayor y para renovar el ba\u00f1o con estilo.<\/p>","protected":false},"featured_media":11333,"comment_status":"closed","ping_status":"closed","template":"","meta":{"_acf_changed":false},"product_brand":[],"product_cat":[51],"product_tag":[74],"class_list":{"0":"post-11331","1":"product","2":"type-product","3":"status-publish","4":"has-post-thumbnail","6":"product_cat-bathroom-accessories-wholesale","7":"product_tag-ceramic-bath-accessories-wholesale","9":"first","10":"instock","11":"shipping-taxable","12":"product-type-simple"},"acf":[],"_links":{"self":[{"href":"https:\/\/jinhuaceramic.com\/es\/wp-json\/wp\/v2\/product\/11331","targetHints":{"allow":["GET"]}}],"collection":[{"href":"https:\/\/jinhuaceramic.com\/es\/wp-json\/wp\/v2\/product"}],"about":[{"href":"https:\/\/jinhuaceramic.com\/es\/wp-json\/wp\/v2\/types\/product"}],"replies":[{"embeddable":true,"href":"https:\/\/jinhuaceramic.com\/es\/wp-json\/wp\/v2\/comments?post=11331"}],"version-history":[{"count":0,"href":"https:\/\/jinhuaceramic.com\/es\/wp-json\/wp\/v2\/product\/11331\/revisions"}],"wp:featuredmedia":[{"embeddable":true,"href":"https:\/\/jinhuaceramic.com\/es\/wp-json\/wp\/v2\/media\/11333"}],"wp:attachment":[{"href":"https:\/\/jinhuaceramic.com\/es\/wp-json\/wp\/v2\/media?parent=11331"}],"wp:term":[{"taxonomy":"product_brand","embeddable":true,"href":"https:\/\/jinhuaceramic.com\/es\/wp-json\/wp\/v2\/product_brand?post=11331"},{"taxonomy":"product_cat","embeddable":true,"href":"https:\/\/jinhuaceramic.com\/es\/wp-json\/wp\/v2\/product_cat?post=11331"},{"taxonomy":"product_tag","embeddable":true,"href":"https:\/\/jinhuaceramic.com\/es\/wp-json\/wp\/v2\/product_tag?post=11331"}],"curies":[{"name":"wp","href":"https:\/\/api.w.org\/{rel}","templated":true}]}}