{"id":11344,"date":"2025-12-04T03:23:47","date_gmt":"2025-12-04T03:23:47","guid":{"rendered":"https:\/\/jinhuaceramic.com\/?post_type=product&#038;p=11344"},"modified":"2025-12-04T03:23:51","modified_gmt":"2025-12-04T03:23:51","slug":"ceramic-baking-pan-set-in-bulk","status":"publish","type":"product","link":"https:\/\/jinhuaceramic.com\/es\/product\/ceramic-baking-pan-set-in-bulk\/","title":{"rendered":"Juego de bandejas de cer\u00e1mica rojas personalizadas al por mayor con bordes ondulados"},"content":{"rendered":"<div class=\"wp-block-columns is-layout-flex wp-container-core-columns-is-layout-9d6595d7 wp-block-columns-is-layout-flex\">\n<div class=\"wp-block-column is-layout-flow wp-block-column-is-layout-flow\">\n<h3 class=\"wp-block-heading\">Juego de Sartenes de Cer\u00e1mica Roja a Granel Caracter\u00edsticas:<\/h3>\n\n\n\n<ul class=\"wp-block-list\">\n<li><strong>Materiales de primera calidad:<\/strong> Este juego de moldes de cer\u00e1mica para hornear a granel est\u00e1 fabricado con material cer\u00e1mico de alta calidad, que posee una excelente resistencia al calor y al fr\u00edo. Soportan el horneado a altas temperaturas y la refrigeraci\u00f3n a bajas temperaturas sin romperse ni deformarse f\u00e1cilmente, satisfaciendo las necesidades tanto del horneado dom\u00e9stico como del horneado profesional en restaurantes.<\/li>\n\n\n\n<li><strong>Dise\u00f1o elegante:<\/strong> Estas bandejas de horno personalizadas presentan un dise\u00f1o contrastado de esmalte exterior rojo y esmalte interior blanco, que crea un fuerte contraste visual. Junto con los bordes ondulados, rompen con las l\u00edneas simples de las bandejas de horno convencionales, creando un estilo vivo y din\u00e1mico.<\/li>\n\n\n\n<li><strong>Detalles bien pensados: <\/strong>El dise\u00f1o de doble oreja de este juego de cacerolas de cer\u00e1mica para hornear a granel es f\u00e1cil de coger, especialmente cuando la cacerola est\u00e1 llena de comida, proporcionando un mejor agarre y estabilidad. Los bordes ondulados no solo realzan la sensaci\u00f3n de dise\u00f1o, sino que tambi\u00e9n facilitan los bordes crujientes de los ingredientes horneados.<\/li>\n\n\n\n<li><strong>Varios tama\u00f1os: <\/strong>Estos juegos de utensilios para hornear a medida vienen en 3 tama\u00f1os. Estos tama\u00f1os peque\u00f1os se pueden usar para hacer platos para una sola persona, tama\u00f1os medianos que son adecuados para alitas de pollo a la plancha caseras y espaguetis con queso, y tama\u00f1os grandes acomodan pollo asado entero o platos de porciones grandes, satisfaciendo diversas necesidades culinarias, desde comidas individuales hasta comidas en grupo.<\/li>\n<\/ul>\n<\/div>\n\n\n\n<div class=\"wp-block-column is-layout-flow wp-block-column-is-layout-flow\">\n<figure class=\"wp-block-image size-full\"><img fetchpriority=\"high\" decoding=\"async\" width=\"1001\" height=\"1001\" src=\"https:\/\/jinhuaceramic.com\/wp-content\/uploads\/2025\/12\/Red-Baking-Dish-Set-with-Wavy-Edges-Ceramic-Food-Service-Baking-Pans-Wholesale-4.webp\" alt=\"bandeja de cer\u00e1mica roja a medida con bordes ondulados-4\" class=\"wp-image-11347\" srcset=\"https:\/\/jinhuaceramic.com\/wp-content\/uploads\/2025\/12\/Red-Baking-Dish-Set-with-Wavy-Edges-Ceramic-Food-Service-Baking-Pans-Wholesale-4.webp 1001w, https:\/\/jinhuaceramic.com\/wp-content\/uploads\/2025\/12\/Red-Baking-Dish-Set-with-Wavy-Edges-Ceramic-Food-Service-Baking-Pans-Wholesale-4-300x300.webp 300w, https:\/\/jinhuaceramic.com\/wp-content\/uploads\/2025\/12\/Red-Baking-Dish-Set-with-Wavy-Edges-Ceramic-Food-Service-Baking-Pans-Wholesale-4-150x150.webp 150w, https:\/\/jinhuaceramic.com\/wp-content\/uploads\/2025\/12\/Red-Baking-Dish-Set-with-Wavy-Edges-Ceramic-Food-Service-Baking-Pans-Wholesale-4-768x768.webp 768w, https:\/\/jinhuaceramic.com\/wp-content\/uploads\/2025\/12\/Red-Baking-Dish-Set-with-Wavy-Edges-Ceramic-Food-Service-Baking-Pans-Wholesale-4-12x12.webp 12w, https:\/\/jinhuaceramic.com\/wp-content\/uploads\/2025\/12\/Red-Baking-Dish-Set-with-Wavy-Edges-Ceramic-Food-Service-Baking-Pans-Wholesale-4-285x285.webp 285w, https:\/\/jinhuaceramic.com\/wp-content\/uploads\/2025\/12\/Red-Baking-Dish-Set-with-Wavy-Edges-Ceramic-Food-Service-Baking-Pans-Wholesale-4-270x270.webp 270w, https:\/\/jinhuaceramic.com\/wp-content\/uploads\/2025\/12\/Red-Baking-Dish-Set-with-Wavy-Edges-Ceramic-Food-Service-Baking-Pans-Wholesale-4-540x540.webp 540w, https:\/\/jinhuaceramic.com\/wp-content\/uploads\/2025\/12\/Red-Baking-Dish-Set-with-Wavy-Edges-Ceramic-Food-Service-Baking-Pans-Wholesale-4-660x660.webp 660w\" sizes=\"(max-width: 1001px) 100vw, 1001px\" \/><\/figure>\n<\/div>\n<\/div>","protected":false},"excerpt":{"rendered":"<p>Bienvenido a comprar este juego de cacerolas de cer\u00e1mica roja para hornear al por mayor, con elegantes bordes ondulados, un duradero cuerpo de cer\u00e1mica de alta temperatura y un vers\u00e1til dise\u00f1o rectangular. La multi-tama\u00f1o y funcional hacerlos m\u00e1s pr\u00e1cticos y adecuados para diversas tareas de cocina. Ideal para marcas de reposter\u00eda, mayoristas de cocina y personalizaci\u00f3n OEM\/ODM.<\/p>\n<p>&nbsp;<\/p>","protected":false},"featured_media":11349,"comment_status":"closed","ping_status":"closed","template":"","meta":{"_acf_changed":false},"product_brand":[],"product_cat":[53],"product_tag":[71],"class_list":{"0":"post-11344","1":"product","2":"type-product","3":"status-publish","4":"has-post-thumbnail","6":"product_cat-bakeware-in-bulk","7":"product_tag-wholesale-baking-pans","9":"first","10":"instock","11":"shipping-taxable","12":"product-type-simple"},"acf":[],"_links":{"self":[{"href":"https:\/\/jinhuaceramic.com\/es\/wp-json\/wp\/v2\/product\/11344","targetHints":{"allow":["GET"]}}],"collection":[{"href":"https:\/\/jinhuaceramic.com\/es\/wp-json\/wp\/v2\/product"}],"about":[{"href":"https:\/\/jinhuaceramic.com\/es\/wp-json\/wp\/v2\/types\/product"}],"replies":[{"embeddable":true,"href":"https:\/\/jinhuaceramic.com\/es\/wp-json\/wp\/v2\/comments?post=11344"}],"version-history":[{"count":0,"href":"https:\/\/jinhuaceramic.com\/es\/wp-json\/wp\/v2\/product\/11344\/revisions"}],"wp:featuredmedia":[{"embeddable":true,"href":"https:\/\/jinhuaceramic.com\/es\/wp-json\/wp\/v2\/media\/11349"}],"wp:attachment":[{"href":"https:\/\/jinhuaceramic.com\/es\/wp-json\/wp\/v2\/media?parent=11344"}],"wp:term":[{"taxonomy":"product_brand","embeddable":true,"href":"https:\/\/jinhuaceramic.com\/es\/wp-json\/wp\/v2\/product_brand?post=11344"},{"taxonomy":"product_cat","embeddable":true,"href":"https:\/\/jinhuaceramic.com\/es\/wp-json\/wp\/v2\/product_cat?post=11344"},{"taxonomy":"product_tag","embeddable":true,"href":"https:\/\/jinhuaceramic.com\/es\/wp-json\/wp\/v2\/product_tag?post=11344"}],"curies":[{"name":"wp","href":"https:\/\/api.w.org\/{rel}","templated":true}]}}