{"id":11360,"date":"2025-12-04T07:22:43","date_gmt":"2025-12-04T07:22:43","guid":{"rendered":"https:\/\/jinhuaceramic.com\/?post_type=product&#038;p=11360"},"modified":"2025-12-04T07:22:48","modified_gmt":"2025-12-04T07:22:48","slug":"green-bathroom-set-wholesale","status":"publish","type":"product","link":"https:\/\/jinhuaceramic.com\/es\/product\/green-bathroom-set-wholesale\/","title":{"rendered":"Juego de ba\u00f1o ecol\u00f3gico al por mayor, accesorios de ba\u00f1o de cer\u00e1mica personalizados"},"content":{"rendered":"<div class=\"wp-block-columns is-layout-flex wp-container-core-columns-is-layout-9d6595d7 wp-block-columns-is-layout-flex\">\n<div class=\"wp-block-column is-layout-flow wp-block-column-is-layout-flow\">\n<h3 class=\"wp-block-heading\">Juego de ba\u00f1o verde fresco premium al por mayor Caracter\u00edsticas:<\/h3>\n\n\n\n<ul class=\"wp-block-list\">\n<li><strong>Estilo fresco:<\/strong> Este juego de ba\u00f1o verde al por mayor presenta una suave combinaci\u00f3n de colores verde claro, con un estilo fresco y relajante. La textura que recuerda a las espigas de trigo en la superficie a\u00f1ade capas visuales, lo que hace que el juego parezca m\u00e1s exquisito y de alta gama.<\/li>\n\n\n\n<li><strong>Material cer\u00e1mico de alta calidad: <\/strong>Este juego de ba\u00f1o verde al por mayor est\u00e1 fabricado con cer\u00e1mica cocida a alta temperatura, tiene una estructura estable, no se decolora f\u00e1cilmente, tiene un esmalte delicado y brillante, es muy resistente a las manchas y se puede mantener limpio con un simple enjuague diario.<\/li>\n\n\n\n<li><strong>Alta practicidad:<\/strong> Estos juegos de ba\u00f1o de cer\u00e1mica personalizados incluyen dispensadores de jab\u00f3n, portacepillos de dientes, tarros de almacenamiento con tapa, jaboneras y otros accesorios de ba\u00f1o. Permiten guardar por separado el desinfectante de manos\/champ\u00fa, los cepillos de dientes, los bastoncillos\/bolitas de algod\u00f3n y el jab\u00f3n, lo que permite clasificar y guardar todos los art\u00edculos de ba\u00f1o en un solo lugar, acabando con el desorden en el lavabo.<\/li>\n\n\n\n<li><strong>Adecuado para varios estilos de ba\u00f1o:<\/strong> Este conjunto de ba\u00f1o ecol\u00f3gico al por mayor combina f\u00e1cilmente con madera, blanco y azulejos de colores claros, lo que lo hace adecuado para estilos modernos, escandinavos y naturales, entre otros. Tambi\u00e9n es adecuado para proyectos hoteleros a gran escala, supermercados, comercio electr\u00f3nico transfronterizo y personalizaci\u00f3n de marcas.<\/li>\n<\/ul>\n<\/div>\n\n\n\n<div class=\"wp-block-column is-layout-flow wp-block-column-is-layout-flow\">\n<figure class=\"wp-block-image size-full\"><img fetchpriority=\"high\" decoding=\"async\" width=\"2560\" height=\"2560\" src=\"https:\/\/jinhuaceramic.com\/wp-content\/uploads\/2025\/12\/Fresh-Green-Bathroom-Set-Ceramic-Custom-Made-Bathroom-Accessories-Wholesale-4.webp\" alt=\"juego-de-ba\u00f1o-verde-al-por-mayor-accesorios-de-ba\u00f1o-de-cer\u00e1mica-personalizados-4\" class=\"wp-image-11363\" srcset=\"https:\/\/jinhuaceramic.com\/wp-content\/uploads\/2025\/12\/Fresh-Green-Bathroom-Set-Ceramic-Custom-Made-Bathroom-Accessories-Wholesale-4.webp 2560w, https:\/\/jinhuaceramic.com\/wp-content\/uploads\/2025\/12\/Fresh-Green-Bathroom-Set-Ceramic-Custom-Made-Bathroom-Accessories-Wholesale-4-300x300.webp 300w, https:\/\/jinhuaceramic.com\/wp-content\/uploads\/2025\/12\/Fresh-Green-Bathroom-Set-Ceramic-Custom-Made-Bathroom-Accessories-Wholesale-4-150x150.webp 150w, https:\/\/jinhuaceramic.com\/wp-content\/uploads\/2025\/12\/Fresh-Green-Bathroom-Set-Ceramic-Custom-Made-Bathroom-Accessories-Wholesale-4-768x768.webp 768w, https:\/\/jinhuaceramic.com\/wp-content\/uploads\/2025\/12\/Fresh-Green-Bathroom-Set-Ceramic-Custom-Made-Bathroom-Accessories-Wholesale-4-12x12.webp 12w, https:\/\/jinhuaceramic.com\/wp-content\/uploads\/2025\/12\/Fresh-Green-Bathroom-Set-Ceramic-Custom-Made-Bathroom-Accessories-Wholesale-4-285x285.webp 285w, https:\/\/jinhuaceramic.com\/wp-content\/uploads\/2025\/12\/Fresh-Green-Bathroom-Set-Ceramic-Custom-Made-Bathroom-Accessories-Wholesale-4-1600x1600.webp 1600w, https:\/\/jinhuaceramic.com\/wp-content\/uploads\/2025\/12\/Fresh-Green-Bathroom-Set-Ceramic-Custom-Made-Bathroom-Accessories-Wholesale-4-270x270.webp 270w, https:\/\/jinhuaceramic.com\/wp-content\/uploads\/2025\/12\/Fresh-Green-Bathroom-Set-Ceramic-Custom-Made-Bathroom-Accessories-Wholesale-4-540x540.webp 540w, https:\/\/jinhuaceramic.com\/wp-content\/uploads\/2025\/12\/Fresh-Green-Bathroom-Set-Ceramic-Custom-Made-Bathroom-Accessories-Wholesale-4-660x660.webp 660w\" sizes=\"(max-width: 2560px) 100vw, 2560px\" \/><\/figure>\n<\/div>\n<\/div>","protected":false},"excerpt":{"rendered":"<p>Bienvenido a comprar nuestro juego de ba\u00f1o ecol\u00f3gico al por mayor, que combina practicidad y est\u00e9tica, no solo realzando el estilo del ba\u00f1o con un estilo fresco y suave, sino tambi\u00e9n haciendo que el proceso de lavado sea m\u00e1s conveniente a trav\u00e9s de un almacenamiento cient\u00edfico. Fabricado con cer\u00e1mica duradera de alta temperatura, es f\u00e1cil de limpiar, resistente a la humedad e ideal para hoteles, minoristas y marcas de decoraci\u00f3n del hogar.<\/p>","protected":false},"featured_media":11362,"comment_status":"closed","ping_status":"closed","template":"","meta":{"_acf_changed":false},"product_brand":[],"product_cat":[51],"product_tag":[74],"class_list":{"0":"post-11360","1":"product","2":"type-product","3":"status-publish","4":"has-post-thumbnail","6":"product_cat-bathroom-accessories-wholesale","7":"product_tag-ceramic-bath-accessories-wholesale","9":"first","10":"instock","11":"shipping-taxable","12":"product-type-simple"},"acf":[],"_links":{"self":[{"href":"https:\/\/jinhuaceramic.com\/es\/wp-json\/wp\/v2\/product\/11360","targetHints":{"allow":["GET"]}}],"collection":[{"href":"https:\/\/jinhuaceramic.com\/es\/wp-json\/wp\/v2\/product"}],"about":[{"href":"https:\/\/jinhuaceramic.com\/es\/wp-json\/wp\/v2\/types\/product"}],"replies":[{"embeddable":true,"href":"https:\/\/jinhuaceramic.com\/es\/wp-json\/wp\/v2\/comments?post=11360"}],"version-history":[{"count":0,"href":"https:\/\/jinhuaceramic.com\/es\/wp-json\/wp\/v2\/product\/11360\/revisions"}],"wp:featuredmedia":[{"embeddable":true,"href":"https:\/\/jinhuaceramic.com\/es\/wp-json\/wp\/v2\/media\/11362"}],"wp:attachment":[{"href":"https:\/\/jinhuaceramic.com\/es\/wp-json\/wp\/v2\/media?parent=11360"}],"wp:term":[{"taxonomy":"product_brand","embeddable":true,"href":"https:\/\/jinhuaceramic.com\/es\/wp-json\/wp\/v2\/product_brand?post=11360"},{"taxonomy":"product_cat","embeddable":true,"href":"https:\/\/jinhuaceramic.com\/es\/wp-json\/wp\/v2\/product_cat?post=11360"},{"taxonomy":"product_tag","embeddable":true,"href":"https:\/\/jinhuaceramic.com\/es\/wp-json\/wp\/v2\/product_tag?post=11360"}],"curies":[{"name":"wp","href":"https:\/\/api.w.org\/{rel}","templated":true}]}}