{"id":11382,"date":"2025-12-11T01:40:40","date_gmt":"2025-12-11T01:40:40","guid":{"rendered":"https:\/\/jinhuaceramic.com\/?post_type=product&#038;p=11382"},"modified":"2025-12-11T01:40:42","modified_gmt":"2025-12-11T01:40:42","slug":"round-baking-pan-wholesale","status":"publish","type":"product","link":"https:\/\/jinhuaceramic.com\/es\/product\/round-baking-pan-wholesale\/","title":{"rendered":"Molde redondo retro rojo para hornear al por mayor, utensilios de cer\u00e1mica para hornear a granel"},"content":{"rendered":"<div class=\"wp-block-columns is-layout-flex wp-container-core-columns-is-layout-9d6595d7 wp-block-columns-is-layout-flex\">\n<div class=\"wp-block-column is-layout-flow wp-block-column-is-layout-flow\">\n<h3 class=\"wp-block-heading\">Caracter\u00edsticas del molde redondo retro rojo premium al por mayor:<\/h3>\n\n\n\n<ul class=\"wp-block-list\">\n<li><strong>Esquema de colores y patr\u00f3n: <\/strong>Este molde para hornear redondo al por mayor tiene un exterior rojo con un estampado floral blanco y un interior beige claro con un estampado rojo. Los colores se complementan entre s\u00ed, creando un estilo retro rico y elegante que combina la est\u00e9tica china con el encanto rural.<\/li>\n\n\n\n<li><strong>Detalles Dise\u00f1o:<\/strong> Esta bandeja redonda para hornear al por mayor presenta bordes dentados de color marr\u00f3n, que rompen con las l\u00edneas mon\u00f3tonas de las bandejas para hornear convencionales. Combinadas con asas de color marr\u00f3n oscuro a ambos lados, mejoran la estabilidad del agarre y le dan al dise\u00f1o general un toque vintage. Se pueden servir directamente en la mesa del comedor como recipiente, realzando el estilo visual de la comida.<\/li>\n\n\n\n<li><strong>Gran sentido pr\u00e1ctico: <\/strong>Los moldes para hornear personalizados se pueden utilizar para hornear carnes, verduras, pizzas, tartas, postres y mucho m\u00e1s, y mejoran con cada uso, ya que son multifuncionales. Son aptos para todo tipo de electrodom\u00e9sticos, incluidos frigor\u00edficos, hornos, microondas, lavavajillas, etc., lo que los hace muy pr\u00e1cticos y vers\u00e1tiles.<\/li>\n\n\n\n<li><strong>Materiales de alta calidad: <\/strong>Los moldes para hornear personalizados est\u00e1n fabricados en cer\u00e1mica de alta calidad, lo que proporciona una transferencia de calor uniforme para que los alimentos se cocinen de manera homog\u00e9nea durante el horneado y se evite que se quemen o se queden crudos en algunas zonas.<\/li>\n<\/ul>\n<\/div>\n\n\n\n<div class=\"wp-block-column is-layout-flow wp-block-column-is-layout-flow\">\n<figure class=\"wp-block-image size-full\"><img fetchpriority=\"high\" decoding=\"async\" width=\"1600\" height=\"1600\" src=\"https:\/\/jinhuaceramic.com\/wp-content\/uploads\/2025\/12\/Retro-Red-Round-Baking-Pan-Ceramic-Custom-Baking-Dish-Wholesale-Bakeware.webp\" alt=\"molde-redondo-retro-para-hornear-al-por-mayor-utensilios-de-cer\u00e1mica-para-hornear-a-granel-1\" class=\"wp-image-11388\" srcset=\"https:\/\/jinhuaceramic.com\/wp-content\/uploads\/2025\/12\/Retro-Red-Round-Baking-Pan-Ceramic-Custom-Baking-Dish-Wholesale-Bakeware.webp 1600w, https:\/\/jinhuaceramic.com\/wp-content\/uploads\/2025\/12\/Retro-Red-Round-Baking-Pan-Ceramic-Custom-Baking-Dish-Wholesale-Bakeware-300x300.webp 300w, https:\/\/jinhuaceramic.com\/wp-content\/uploads\/2025\/12\/Retro-Red-Round-Baking-Pan-Ceramic-Custom-Baking-Dish-Wholesale-Bakeware-150x150.webp 150w, https:\/\/jinhuaceramic.com\/wp-content\/uploads\/2025\/12\/Retro-Red-Round-Baking-Pan-Ceramic-Custom-Baking-Dish-Wholesale-Bakeware-768x768.webp 768w, https:\/\/jinhuaceramic.com\/wp-content\/uploads\/2025\/12\/Retro-Red-Round-Baking-Pan-Ceramic-Custom-Baking-Dish-Wholesale-Bakeware-12x12.webp 12w, https:\/\/jinhuaceramic.com\/wp-content\/uploads\/2025\/12\/Retro-Red-Round-Baking-Pan-Ceramic-Custom-Baking-Dish-Wholesale-Bakeware-285x285.webp 285w, https:\/\/jinhuaceramic.com\/wp-content\/uploads\/2025\/12\/Retro-Red-Round-Baking-Pan-Ceramic-Custom-Baking-Dish-Wholesale-Bakeware-270x270.webp 270w, https:\/\/jinhuaceramic.com\/wp-content\/uploads\/2025\/12\/Retro-Red-Round-Baking-Pan-Ceramic-Custom-Baking-Dish-Wholesale-Bakeware-540x540.webp 540w, https:\/\/jinhuaceramic.com\/wp-content\/uploads\/2025\/12\/Retro-Red-Round-Baking-Pan-Ceramic-Custom-Baking-Dish-Wholesale-Bakeware-660x660.webp 660w\" sizes=\"(max-width: 1600px) 100vw, 1600px\" \/><\/figure>\n<\/div>\n<\/div>","protected":false},"excerpt":{"rendered":"<p>Bienvenido a comprar al por mayor nuestro molde redondo para hornear de color rojo, con un dise\u00f1o retro y exquisito, versatilidad y un material cer\u00e1mico de alta calidad, que se ha convertido en un utensilio de cocina tan bonito como pr\u00e1ctico. Ya sea para cocinar a diario o para hornear en ocasiones especiales, ofrecemos personalizaci\u00f3n completa OEM\/ODM para marcas y mayoristas.<\/p>","protected":false},"featured_media":11387,"comment_status":"closed","ping_status":"closed","template":"","meta":{"_acf_changed":false},"product_brand":[],"product_cat":[53],"product_tag":[71],"class_list":{"0":"post-11382","1":"product","2":"type-product","3":"status-publish","4":"has-post-thumbnail","6":"product_cat-bakeware-in-bulk","7":"product_tag-wholesale-baking-pans","9":"first","10":"instock","11":"shipping-taxable","12":"product-type-simple"},"acf":[],"_links":{"self":[{"href":"https:\/\/jinhuaceramic.com\/es\/wp-json\/wp\/v2\/product\/11382","targetHints":{"allow":["GET"]}}],"collection":[{"href":"https:\/\/jinhuaceramic.com\/es\/wp-json\/wp\/v2\/product"}],"about":[{"href":"https:\/\/jinhuaceramic.com\/es\/wp-json\/wp\/v2\/types\/product"}],"replies":[{"embeddable":true,"href":"https:\/\/jinhuaceramic.com\/es\/wp-json\/wp\/v2\/comments?post=11382"}],"version-history":[{"count":0,"href":"https:\/\/jinhuaceramic.com\/es\/wp-json\/wp\/v2\/product\/11382\/revisions"}],"wp:featuredmedia":[{"embeddable":true,"href":"https:\/\/jinhuaceramic.com\/es\/wp-json\/wp\/v2\/media\/11387"}],"wp:attachment":[{"href":"https:\/\/jinhuaceramic.com\/es\/wp-json\/wp\/v2\/media?parent=11382"}],"wp:term":[{"taxonomy":"product_brand","embeddable":true,"href":"https:\/\/jinhuaceramic.com\/es\/wp-json\/wp\/v2\/product_brand?post=11382"},{"taxonomy":"product_cat","embeddable":true,"href":"https:\/\/jinhuaceramic.com\/es\/wp-json\/wp\/v2\/product_cat?post=11382"},{"taxonomy":"product_tag","embeddable":true,"href":"https:\/\/jinhuaceramic.com\/es\/wp-json\/wp\/v2\/product_tag?post=11382"}],"curies":[{"name":"wp","href":"https:\/\/api.w.org\/{rel}","templated":true}]}}