{"id":11401,"date":"2025-12-11T03:13:51","date_gmt":"2025-12-11T03:13:51","guid":{"rendered":"https:\/\/jinhuaceramic.com\/?post_type=product&#038;p=11401"},"modified":"2025-12-11T03:13:57","modified_gmt":"2025-12-11T03:13:57","slug":"custom-blue-ceramic-baking-dish","status":"publish","type":"product","link":"https:\/\/jinhuaceramic.com\/es\/product\/custom-blue-ceramic-baking-dish\/","title":{"rendered":"Fuente para hornear de cer\u00e1mica azul personalizada a granel con textura en forma de gotas"},"content":{"rendered":"<div class=\"wp-block-columns is-layout-flex wp-container-core-columns-is-layout-9d6595d7 wp-block-columns-is-layout-flex\">\n<div class=\"wp-block-column is-layout-flow wp-block-column-is-layout-flow\">\n<h3 class=\"wp-block-heading\">Plato de cer\u00e1mica para hornear Premium Custom Azul Caracter\u00edsticas:<\/h3>\n\n\n\n<ul class=\"wp-block-list\">\n<li><strong>Dise\u00f1o \u00fanico: <\/strong>Estos platos de cer\u00e1mica azules personalizados para hornear est\u00e1n dise\u00f1ados con un color base azul claro y una textura de goteo en degradado gris-azul, de estilo desenfadado y art\u00edstico a la vez. Tienen una textura \u00fanica dibujada a mano y se pueden servir directamente como recipientes en la mesa de comedor, a\u00f1adiendo capas visuales a la comida.<\/li>\n\n\n\n<li><strong>C\u00f3modas asas:<\/strong> Estas fuentes de cer\u00e1mica azules personalizadas para hornear tienen asas integradas a ambos lados de estas fuentes para hornear son f\u00e1ciles de sacar y colocar del horno, y se pueden sujetar de forma estable incluso con guantes aislantes, lo que mejora la seguridad de las operaciones a alta temperatura.<\/li>\n\n\n\n<li><strong>Gran sentido pr\u00e1ctico:<\/strong> Estos platos para hornear al por mayor est\u00e1n dise\u00f1ados para formas rectangulares delgadas y son adecuados para platos de una sola porci\u00f3n, y se pueden utilizar para hornear bud\u00edn tostado, mini pasteles de libra, verduras al horno, arroz al horno, etc. Adecuados tanto para uso dom\u00e9stico como comercial.<\/li>\n\n\n\n<li><strong>Material cer\u00e1mico de alta temperatura:<\/strong> Estos platos para hornear al por mayor est\u00e1n hechos de cer\u00e1mica cocida a alta temperatura y tienen una fuerte resistencia al calor, se pueden utilizar en un horno y calientan uniformemente. El esmalte es suave y fino, resistente a las manchas y al aceite, y evita que los alimentos se peguen.<\/li>\n<\/ul>\n<\/div>\n\n\n\n<div class=\"wp-block-column is-layout-flow wp-block-column-is-layout-flow\">\n<figure class=\"wp-block-image size-full\"><img fetchpriority=\"high\" decoding=\"async\" width=\"640\" height=\"640\" src=\"https:\/\/jinhuaceramic.com\/wp-content\/uploads\/2025\/12\/Custom-Baking-Dish-with-Drop-Texture-Wholesale-Professional-Bakeware-Supplies-4.webp\" alt=\"bulk-custom-plato de cer\u00e1mica azul con textura de gota-4\" class=\"wp-image-11404\" srcset=\"https:\/\/jinhuaceramic.com\/wp-content\/uploads\/2025\/12\/Custom-Baking-Dish-with-Drop-Texture-Wholesale-Professional-Bakeware-Supplies-4.webp 640w, https:\/\/jinhuaceramic.com\/wp-content\/uploads\/2025\/12\/Custom-Baking-Dish-with-Drop-Texture-Wholesale-Professional-Bakeware-Supplies-4-300x300.webp 300w, https:\/\/jinhuaceramic.com\/wp-content\/uploads\/2025\/12\/Custom-Baking-Dish-with-Drop-Texture-Wholesale-Professional-Bakeware-Supplies-4-150x150.webp 150w, https:\/\/jinhuaceramic.com\/wp-content\/uploads\/2025\/12\/Custom-Baking-Dish-with-Drop-Texture-Wholesale-Professional-Bakeware-Supplies-4-12x12.webp 12w, https:\/\/jinhuaceramic.com\/wp-content\/uploads\/2025\/12\/Custom-Baking-Dish-with-Drop-Texture-Wholesale-Professional-Bakeware-Supplies-4-285x285.webp 285w, https:\/\/jinhuaceramic.com\/wp-content\/uploads\/2025\/12\/Custom-Baking-Dish-with-Drop-Texture-Wholesale-Professional-Bakeware-Supplies-4-270x270.webp 270w, https:\/\/jinhuaceramic.com\/wp-content\/uploads\/2025\/12\/Custom-Baking-Dish-with-Drop-Texture-Wholesale-Professional-Bakeware-Supplies-4-540x540.webp 540w\" sizes=\"(max-width: 640px) 100vw, 640px\" \/><\/figure>\n<\/div>\n<\/div>","protected":false},"excerpt":{"rendered":"<p>Bienvenido a comprar esta fuente de cer\u00e1mica para hornear personalizada de color azul, con un exclusivo esmalte con textura de gota y un resistente cuerpo de porcelana de alta temperatura. Dise\u00f1ada con una pr\u00e1ctica forma rectangular, ofrece una distribuci\u00f3n uniforme del calor, f\u00e1cil limpieza y personalizaci\u00f3n OEM\/ODM completa, ideal para restaurantes, panader\u00edas y marcas de utensilios de cocina que buscan soluciones premium para hornear.<\/p>","protected":false},"featured_media":11402,"comment_status":"closed","ping_status":"closed","template":"","meta":{"_acf_changed":false},"product_brand":[],"product_cat":[53],"product_tag":[71],"class_list":{"0":"post-11401","1":"product","2":"type-product","3":"status-publish","4":"has-post-thumbnail","6":"product_cat-bakeware-in-bulk","7":"product_tag-wholesale-baking-pans","9":"first","10":"instock","11":"shipping-taxable","12":"product-type-simple"},"acf":[],"_links":{"self":[{"href":"https:\/\/jinhuaceramic.com\/es\/wp-json\/wp\/v2\/product\/11401","targetHints":{"allow":["GET"]}}],"collection":[{"href":"https:\/\/jinhuaceramic.com\/es\/wp-json\/wp\/v2\/product"}],"about":[{"href":"https:\/\/jinhuaceramic.com\/es\/wp-json\/wp\/v2\/types\/product"}],"replies":[{"embeddable":true,"href":"https:\/\/jinhuaceramic.com\/es\/wp-json\/wp\/v2\/comments?post=11401"}],"version-history":[{"count":0,"href":"https:\/\/jinhuaceramic.com\/es\/wp-json\/wp\/v2\/product\/11401\/revisions"}],"wp:featuredmedia":[{"embeddable":true,"href":"https:\/\/jinhuaceramic.com\/es\/wp-json\/wp\/v2\/media\/11402"}],"wp:attachment":[{"href":"https:\/\/jinhuaceramic.com\/es\/wp-json\/wp\/v2\/media?parent=11401"}],"wp:term":[{"taxonomy":"product_brand","embeddable":true,"href":"https:\/\/jinhuaceramic.com\/es\/wp-json\/wp\/v2\/product_brand?post=11401"},{"taxonomy":"product_cat","embeddable":true,"href":"https:\/\/jinhuaceramic.com\/es\/wp-json\/wp\/v2\/product_cat?post=11401"},{"taxonomy":"product_tag","embeddable":true,"href":"https:\/\/jinhuaceramic.com\/es\/wp-json\/wp\/v2\/product_tag?post=11401"}],"curies":[{"name":"wp","href":"https:\/\/api.w.org\/{rel}","templated":true}]}}