{"id":11415,"date":"2025-12-11T03:48:30","date_gmt":"2025-12-11T03:48:30","guid":{"rendered":"https:\/\/jinhuaceramic.com\/?post_type=product&#038;p=11415"},"modified":"2025-12-18T06:48:10","modified_gmt":"2025-12-18T06:48:10","slug":"pink-bathroom-accessories-set-wholesale","status":"publish","type":"product","link":"https:\/\/jinhuaceramic.com\/es\/product\/pink-bathroom-accessories-set-wholesale\/","title":{"rendered":"Juego de accesorios de ba\u00f1o de cer\u00e1mica rosa degradado al por mayor"},"content":{"rendered":"<div class=\"wp-block-columns is-layout-flex wp-container-core-columns-is-layout-9d6595d7 wp-block-columns-is-layout-flex\">\n<div class=\"wp-block-column is-layout-flow wp-block-column-is-layout-flow\">\n<h3 class=\"wp-block-heading\">Premium Accesorios de ba\u00f1o rosa Set al por mayor Caracter\u00edsticas:<\/h3>\n\n\n\n<ul class=\"wp-block-list\">\n<li><strong>Efecto degradado: <\/strong>Este set de accesorios de ba\u00f1o de color rosa al por mayor presenta un esquema de color degradado que va del blanco puro al rosa suave. Este efecto degradado da al conjunto un ambiente suave y rom\u00e1ntico, por lo que es perfecto para crear un ambiente acogedor cuarto de ba\u00f1o.<\/li>\n\n\n\n<li><strong>Textura \u00fanica:<\/strong> Este set de accesorios de ba\u00f1o rosa al por mayor est\u00e1 dise\u00f1ado con texturas c\u00f3ncavas y convexas \u00fanicas en la superficie, que son suaves y redondeadas, a\u00f1adiendo capas visuales y diversi\u00f3n, as\u00ed como mejorando la experiencia t\u00e1ctil y a\u00f1adiendo una atm\u00f3sfera art\u00edstica.<\/li>\n\n\n\n<li><strong>Juego completo:<\/strong> Estos juegos de ba\u00f1o personalizados incluyen vasos para enjuagarse la boca, dispensadores de jab\u00f3n, tarros de doble rejilla para cepillos de dientes y jaboneras, que pueden utilizarse para enjuagarse la boca, guardar el desinfectante de manos, los cepillos de dientes y el jab\u00f3n, respectivamente, consiguiendo una clasificaci\u00f3n y almacenamiento \u201ctodo en uno\u201d de los art\u00edculos de aseo del ba\u00f1o, lo que permite decir adi\u00f3s al desorden en la encimera.<\/li>\n\n\n\n<li><strong>Material duradero:<\/strong> Este juego de ba\u00f1o a medida est\u00e1 fabricado en cer\u00e1mica de alta calidad, muy resistente a la corrosi\u00f3n y duradera, lo que hace que el producto tenga una larga vida \u00fatil. Ideal para uso intensivo en hoteles, casas de hu\u00e9spedes, salones de belleza, etc.<\/li>\n<\/ul>\n<\/div>\n\n\n\n<div class=\"wp-block-column is-layout-flow wp-block-column-is-layout-flow\">\n<figure class=\"wp-block-image size-full\"><img fetchpriority=\"high\" decoding=\"async\" width=\"1600\" height=\"1600\" src=\"https:\/\/jinhuaceramic.com\/wp-content\/uploads\/2025\/12\/Gradient-Pink-Ceramic-Bathroom-Set-Custom-Bathroom-Accessories-Wholesale.webp\" alt=\"cer\u00e1mica-gradiente-rosa-accesorios-de-ba\u00f1o-set-mayorista-1\" class=\"wp-image-11422\" srcset=\"https:\/\/jinhuaceramic.com\/wp-content\/uploads\/2025\/12\/Gradient-Pink-Ceramic-Bathroom-Set-Custom-Bathroom-Accessories-Wholesale.webp 1600w, https:\/\/jinhuaceramic.com\/wp-content\/uploads\/2025\/12\/Gradient-Pink-Ceramic-Bathroom-Set-Custom-Bathroom-Accessories-Wholesale-300x300.webp 300w, https:\/\/jinhuaceramic.com\/wp-content\/uploads\/2025\/12\/Gradient-Pink-Ceramic-Bathroom-Set-Custom-Bathroom-Accessories-Wholesale-150x150.webp 150w, https:\/\/jinhuaceramic.com\/wp-content\/uploads\/2025\/12\/Gradient-Pink-Ceramic-Bathroom-Set-Custom-Bathroom-Accessories-Wholesale-768x768.webp 768w, https:\/\/jinhuaceramic.com\/wp-content\/uploads\/2025\/12\/Gradient-Pink-Ceramic-Bathroom-Set-Custom-Bathroom-Accessories-Wholesale-12x12.webp 12w, https:\/\/jinhuaceramic.com\/wp-content\/uploads\/2025\/12\/Gradient-Pink-Ceramic-Bathroom-Set-Custom-Bathroom-Accessories-Wholesale-285x285.webp 285w, https:\/\/jinhuaceramic.com\/wp-content\/uploads\/2025\/12\/Gradient-Pink-Ceramic-Bathroom-Set-Custom-Bathroom-Accessories-Wholesale-270x270.webp 270w, https:\/\/jinhuaceramic.com\/wp-content\/uploads\/2025\/12\/Gradient-Pink-Ceramic-Bathroom-Set-Custom-Bathroom-Accessories-Wholesale-540x540.webp 540w, https:\/\/jinhuaceramic.com\/wp-content\/uploads\/2025\/12\/Gradient-Pink-Ceramic-Bathroom-Set-Custom-Bathroom-Accessories-Wholesale-660x660.webp 660w\" sizes=\"(max-width: 1600px) 100vw, 1600px\" \/><\/figure>\n<\/div>\n<\/div>","protected":false},"excerpt":{"rendered":"<p>Bienvenido a comprar nuestro set de accesorios de ba\u00f1o rosa degradado al por mayor que combina est\u00e9tica y practicidad. Cuenta con una transici\u00f3n de color suave y elegante y durable, artesan\u00eda de cer\u00e1mica de alta calidad. Admite personalizaci\u00f3n OEM y ODM, ideal para espacios residenciales y comerciales de gama alta.<\/p>","protected":false},"featured_media":11417,"comment_status":"closed","ping_status":"closed","template":"","meta":{"_acf_changed":false},"product_brand":[],"product_cat":[51],"product_tag":[74],"class_list":{"0":"post-11415","1":"product","2":"type-product","3":"status-publish","4":"has-post-thumbnail","6":"product_cat-bathroom-accessories-wholesale","7":"product_tag-ceramic-bath-accessories-wholesale","9":"first","10":"instock","11":"shipping-taxable","12":"product-type-simple"},"acf":[],"_links":{"self":[{"href":"https:\/\/jinhuaceramic.com\/es\/wp-json\/wp\/v2\/product\/11415","targetHints":{"allow":["GET"]}}],"collection":[{"href":"https:\/\/jinhuaceramic.com\/es\/wp-json\/wp\/v2\/product"}],"about":[{"href":"https:\/\/jinhuaceramic.com\/es\/wp-json\/wp\/v2\/types\/product"}],"replies":[{"embeddable":true,"href":"https:\/\/jinhuaceramic.com\/es\/wp-json\/wp\/v2\/comments?post=11415"}],"version-history":[{"count":0,"href":"https:\/\/jinhuaceramic.com\/es\/wp-json\/wp\/v2\/product\/11415\/revisions"}],"wp:featuredmedia":[{"embeddable":true,"href":"https:\/\/jinhuaceramic.com\/es\/wp-json\/wp\/v2\/media\/11417"}],"wp:attachment":[{"href":"https:\/\/jinhuaceramic.com\/es\/wp-json\/wp\/v2\/media?parent=11415"}],"wp:term":[{"taxonomy":"product_brand","embeddable":true,"href":"https:\/\/jinhuaceramic.com\/es\/wp-json\/wp\/v2\/product_brand?post=11415"},{"taxonomy":"product_cat","embeddable":true,"href":"https:\/\/jinhuaceramic.com\/es\/wp-json\/wp\/v2\/product_cat?post=11415"},{"taxonomy":"product_tag","embeddable":true,"href":"https:\/\/jinhuaceramic.com\/es\/wp-json\/wp\/v2\/product_tag?post=11415"}],"curies":[{"name":"wp","href":"https:\/\/api.w.org\/{rel}","templated":true}]}}