{"id":11471,"date":"2025-12-18T02:18:55","date_gmt":"2025-12-18T02:18:55","guid":{"rendered":"https:\/\/jinhuaceramic.com\/?post_type=product&#038;p=11471"},"modified":"2025-12-18T02:18:57","modified_gmt":"2025-12-18T02:18:57","slug":"modern-bathroom-set-wholesale","status":"publish","type":"product","link":"https:\/\/jinhuaceramic.com\/es\/product\/modern-bathroom-set-wholesale\/","title":{"rendered":"Juego de ba\u00f1o moderno al por mayor, accesorios de ba\u00f1o de cer\u00e1mica a granel"},"content":{"rendered":"<div class=\"wp-block-columns is-layout-flex wp-container-core-columns-is-layout-9d6595d7 wp-block-columns-is-layout-flex\">\n<div class=\"wp-block-column is-layout-flow wp-block-column-is-layout-flow\">\n<h3 class=\"wp-block-heading\">Premium Modern Ba\u00f1o Set Venta al por mayor Caracter\u00edsticas:<\/h3>\n\n\n\n<ul class=\"wp-block-list\">\n<li><strong>Dise\u00f1o moderno:<\/strong> El moderno juego de ba\u00f1o al por mayor es de color negro mate puro y presenta una forma cuadrada minimalista. Combinan el estilo industrial moderno con una sensaci\u00f3n de lujo ligero y pueden adaptarse a varios estilos de decoraci\u00f3n de ba\u00f1o, a\u00f1adiendo un toque firme y elegante al espacio.<\/li>\n\n\n\n<li><strong>Juego completo: <\/strong>El moderno juego de ba\u00f1o al por mayor incluye un dispensador de jab\u00f3n que puede almacenar desinfectante para manos, un portacepillos de dientes con varios compartimentos que puede contener dos cepillos de dientes y pasta dent\u00edfrica al mismo tiempo, un vaso para enjuague bucal y una jabonera, con lo que se consigue un \u201calmacenamiento zonal refinado\u201d de los art\u00edculos de aseo del ba\u00f1o y se mantiene organizada la encimera del ba\u00f1o.<\/li>\n\n\n\n<li><strong>Resistente y duradero:<\/strong> El juego de ba\u00f1o moderno al por mayor est\u00e1 fabricado con materiales cer\u00e1micos de alta calidad. En comparaci\u00f3n con materiales como la resina y el pl\u00e1stico, los materiales cer\u00e1micos tienen mayor dureza, son menos propensos a sufrir ara\u00f1azos o da\u00f1os durante el uso diario y tienen una vida \u00fatil m\u00e1s larga.<\/li>\n\n\n\n<li><strong>F\u00e1cil de limpiar: <\/strong>Estos accesorios de ba\u00f1o de cer\u00e1mica a granel tienen un esmalte denso y liso, que dificulta la adherencia de manchas y manchas de agua. Basta con pasarles un pa\u00f1o h\u00famedo para mantenerlos limpios, y el coste de mantenimiento es bajo.<\/li>\n\n\n\n<li><strong>Adecuado para la venta al por mayor y la exportaci\u00f3n:<\/strong> Estos accesorios de ba\u00f1o de cer\u00e1mica a granel proceso de producci\u00f3n estandarizado, calidad estable, adecuado para la compra a granel y las ventas en el mercado internacional.<\/li>\n<\/ul>\n<\/div>\n\n\n\n<div class=\"wp-block-column is-layout-flow wp-block-column-is-layout-flow\">\n<figure class=\"wp-block-image size-full\"><img fetchpriority=\"high\" decoding=\"async\" width=\"1600\" height=\"1600\" src=\"https:\/\/jinhuaceramic.com\/wp-content\/uploads\/2025\/12\/All-Black-Modern-Bathroom-Set-Ceramic-Wholesale-Bathroom-Accessories-Bulk.webp\" alt=\"set-ba\u00f1o-moderno-mayorista-ceramica-accesorios-ba\u00f1o-granel-1\" class=\"wp-image-11474\" srcset=\"https:\/\/jinhuaceramic.com\/wp-content\/uploads\/2025\/12\/All-Black-Modern-Bathroom-Set-Ceramic-Wholesale-Bathroom-Accessories-Bulk.webp 1600w, https:\/\/jinhuaceramic.com\/wp-content\/uploads\/2025\/12\/All-Black-Modern-Bathroom-Set-Ceramic-Wholesale-Bathroom-Accessories-Bulk-300x300.webp 300w, https:\/\/jinhuaceramic.com\/wp-content\/uploads\/2025\/12\/All-Black-Modern-Bathroom-Set-Ceramic-Wholesale-Bathroom-Accessories-Bulk-150x150.webp 150w, https:\/\/jinhuaceramic.com\/wp-content\/uploads\/2025\/12\/All-Black-Modern-Bathroom-Set-Ceramic-Wholesale-Bathroom-Accessories-Bulk-768x768.webp 768w, https:\/\/jinhuaceramic.com\/wp-content\/uploads\/2025\/12\/All-Black-Modern-Bathroom-Set-Ceramic-Wholesale-Bathroom-Accessories-Bulk-12x12.webp 12w, https:\/\/jinhuaceramic.com\/wp-content\/uploads\/2025\/12\/All-Black-Modern-Bathroom-Set-Ceramic-Wholesale-Bathroom-Accessories-Bulk-285x285.webp 285w, https:\/\/jinhuaceramic.com\/wp-content\/uploads\/2025\/12\/All-Black-Modern-Bathroom-Set-Ceramic-Wholesale-Bathroom-Accessories-Bulk-270x270.webp 270w, https:\/\/jinhuaceramic.com\/wp-content\/uploads\/2025\/12\/All-Black-Modern-Bathroom-Set-Ceramic-Wholesale-Bathroom-Accessories-Bulk-540x540.webp 540w, https:\/\/jinhuaceramic.com\/wp-content\/uploads\/2025\/12\/All-Black-Modern-Bathroom-Set-Ceramic-Wholesale-Bathroom-Accessories-Bulk-660x660.webp 660w\" sizes=\"(max-width: 1600px) 100vw, 1600px\" \/><\/figure>\n<\/div>\n<\/div>","protected":false},"excerpt":{"rendered":"<p>Le invitamos a adquirir al por mayor nuestro moderno juego de ba\u00f1o, de dise\u00f1o elegante y minimalista y duradero, fabricado en cer\u00e1mica de alta cocci\u00f3n. No s\u00f3lo mejoran la est\u00e9tica general del cuarto de ba\u00f1o, sino que tambi\u00e9n aportan comodidad a la vida cotidiana de las personas. Ideales para hoteles, apartamentos y marcas minoristas, estos accesorios de ba\u00f1o de cer\u00e1mica al por mayor ofrecen una excelente durabilidad, f\u00e1cil mantenimiento y personalizaci\u00f3n completa para pedidos al por mayor.<\/p>","protected":false},"featured_media":11472,"comment_status":"closed","ping_status":"closed","template":"","meta":{"_acf_changed":false},"product_brand":[],"product_cat":[51],"product_tag":[74],"class_list":{"0":"post-11471","1":"product","2":"type-product","3":"status-publish","4":"has-post-thumbnail","6":"product_cat-bathroom-accessories-wholesale","7":"product_tag-ceramic-bath-accessories-wholesale","9":"first","10":"instock","11":"shipping-taxable","12":"product-type-simple"},"acf":[],"_links":{"self":[{"href":"https:\/\/jinhuaceramic.com\/es\/wp-json\/wp\/v2\/product\/11471","targetHints":{"allow":["GET"]}}],"collection":[{"href":"https:\/\/jinhuaceramic.com\/es\/wp-json\/wp\/v2\/product"}],"about":[{"href":"https:\/\/jinhuaceramic.com\/es\/wp-json\/wp\/v2\/types\/product"}],"replies":[{"embeddable":true,"href":"https:\/\/jinhuaceramic.com\/es\/wp-json\/wp\/v2\/comments?post=11471"}],"version-history":[{"count":0,"href":"https:\/\/jinhuaceramic.com\/es\/wp-json\/wp\/v2\/product\/11471\/revisions"}],"wp:featuredmedia":[{"embeddable":true,"href":"https:\/\/jinhuaceramic.com\/es\/wp-json\/wp\/v2\/media\/11472"}],"wp:attachment":[{"href":"https:\/\/jinhuaceramic.com\/es\/wp-json\/wp\/v2\/media?parent=11471"}],"wp:term":[{"taxonomy":"product_brand","embeddable":true,"href":"https:\/\/jinhuaceramic.com\/es\/wp-json\/wp\/v2\/product_brand?post=11471"},{"taxonomy":"product_cat","embeddable":true,"href":"https:\/\/jinhuaceramic.com\/es\/wp-json\/wp\/v2\/product_cat?post=11471"},{"taxonomy":"product_tag","embeddable":true,"href":"https:\/\/jinhuaceramic.com\/es\/wp-json\/wp\/v2\/product_tag?post=11471"}],"curies":[{"name":"wp","href":"https:\/\/api.w.org\/{rel}","templated":true}]}}