{"id":11538,"date":"2025-12-18T08:46:25","date_gmt":"2025-12-18T08:46:25","guid":{"rendered":"https:\/\/jinhuaceramic.com\/?post_type=product&#038;p=11538"},"modified":"2025-12-18T08:48:46","modified_gmt":"2025-12-18T08:48:46","slug":"wholesale-designer-bathroom-set","status":"publish","type":"product","link":"https:\/\/jinhuaceramic.com\/es\/product\/wholesale-designer-bathroom-set\/","title":{"rendered":"Conjunto de ba\u00f1o de dise\u00f1o al por mayor, accesorios de cer\u00e1mica personalizados"},"content":{"rendered":"<div class=\"wp-block-columns is-layout-flex wp-container-core-columns-is-layout-9d6595d7 wp-block-columns-is-layout-flex\">\n<div class=\"wp-block-column is-layout-flow wp-block-column-is-layout-flow\">\n<h3 class=\"wp-block-heading\">Premium Blanco al por mayor conjunto de ba\u00f1o de dise\u00f1o Caracter\u00edsticas:<\/h3>\n\n\n\n<ul class=\"wp-block-list\">\n<li><strong>Dise\u00f1o elegante:<\/strong> Este set de ba\u00f1o de dise\u00f1o al por mayor es de un color blanco puro y vers\u00e1til, con delicadas texturas de rayas verticales en la superficie, que a\u00f1aden una sensaci\u00f3n de estratificaci\u00f3n al producto y hacen que el aspecto general sea menos mon\u00f3tono, m\u00e1s orientado al dise\u00f1o y m\u00e1s art\u00edstico.<\/li>\n\n\n\n<li><strong>Esmalte fino y brillante:<\/strong> El esmalte de este juego de ba\u00f1o de dise\u00f1o al por mayor es suave y blanco, con un tacto delicado, f\u00e1cil de limpiar, y no amarillea f\u00e1cilmente con el uso a largo plazo. Adecuado para hoteles, complejos tur\u00edsticos, apartamentos, pisos piloto y canales minoristas de gama alta.<\/li>\n\n\n\n<li><strong>Accesorios exquisitos:<\/strong> Las bombas de estos dispensadores de jab\u00f3n est\u00e1n dise\u00f1adas en oro, lo que no s\u00f3lo a\u00f1ade un toque de lujo visual y eleva la categor\u00eda general del conjunto, sino que tambi\u00e9n garantiza una buena calidad, un prensado suave y una excelente experiencia de uso.<\/li>\n\n\n\n<li><strong>Juego completo:<\/strong> Este set de ba\u00f1o de dise\u00f1o al por mayor incluye diversos accesorios de ba\u00f1o, como portacepillos para cepillos de dientes y pasta dent\u00edfrica, tarros para bolitas de algod\u00f3n, bandejas para jab\u00f3n, dosificadores de jab\u00f3n para tomar l\u00edquidos y recipientes para vasos de papel desechables, que satisfacen las necesidades b\u00e1sicas de almacenamiento y uso diario en el ba\u00f1o.<\/li>\n\n\n\n<li><strong>Material de alta calidad: <\/strong>Estos juegos de ba\u00f1o a medida est\u00e1n fabricados con cer\u00e1mica de alta calidad, que es resistente y duradera, no se estropea f\u00e1cilmente y resiste la prueba del uso en cuartos de ba\u00f1o h\u00famedos.<\/li>\n<\/ul>\n<\/div>\n\n\n\n<div class=\"wp-block-column is-layout-flow wp-block-column-is-layout-flow\">\n<figure class=\"wp-block-image size-full\"><img fetchpriority=\"high\" decoding=\"async\" width=\"1600\" height=\"1600\" src=\"https:\/\/jinhuaceramic.com\/wp-content\/uploads\/2025\/12\/White-Designer-Bathroom-Sets-Wholesale-Ceramic-Custom-Bathroom-Accessories-1.webp\" alt=\"mayorista-dise\u00f1ador-ba\u00f1o-conjunto-accesorios-ceramica-a-la-medida-1\" class=\"wp-image-11531\" srcset=\"https:\/\/jinhuaceramic.com\/wp-content\/uploads\/2025\/12\/White-Designer-Bathroom-Sets-Wholesale-Ceramic-Custom-Bathroom-Accessories-1.webp 1600w, https:\/\/jinhuaceramic.com\/wp-content\/uploads\/2025\/12\/White-Designer-Bathroom-Sets-Wholesale-Ceramic-Custom-Bathroom-Accessories-1-300x300.webp 300w, https:\/\/jinhuaceramic.com\/wp-content\/uploads\/2025\/12\/White-Designer-Bathroom-Sets-Wholesale-Ceramic-Custom-Bathroom-Accessories-1-150x150.webp 150w, https:\/\/jinhuaceramic.com\/wp-content\/uploads\/2025\/12\/White-Designer-Bathroom-Sets-Wholesale-Ceramic-Custom-Bathroom-Accessories-1-768x768.webp 768w, https:\/\/jinhuaceramic.com\/wp-content\/uploads\/2025\/12\/White-Designer-Bathroom-Sets-Wholesale-Ceramic-Custom-Bathroom-Accessories-1-12x12.webp 12w, https:\/\/jinhuaceramic.com\/wp-content\/uploads\/2025\/12\/White-Designer-Bathroom-Sets-Wholesale-Ceramic-Custom-Bathroom-Accessories-1-285x285.webp 285w, https:\/\/jinhuaceramic.com\/wp-content\/uploads\/2025\/12\/White-Designer-Bathroom-Sets-Wholesale-Ceramic-Custom-Bathroom-Accessories-1-270x270.webp 270w, https:\/\/jinhuaceramic.com\/wp-content\/uploads\/2025\/12\/White-Designer-Bathroom-Sets-Wholesale-Ceramic-Custom-Bathroom-Accessories-1-540x540.webp 540w, https:\/\/jinhuaceramic.com\/wp-content\/uploads\/2025\/12\/White-Designer-Bathroom-Sets-Wholesale-Ceramic-Custom-Bathroom-Accessories-1-660x660.webp 660w\" sizes=\"(max-width: 1600px) 100vw, 1600px\" \/><\/figure>\n<\/div>\n<\/div>","protected":false},"excerpt":{"rendered":"<p>Bienvenido a comprar nuestro conjunto de ba\u00f1o de dise\u00f1o blanco al por mayor, con su hermoso dise\u00f1o, funciones completas y excelentes materiales, se ha convertido en una buena opci\u00f3n para mejorar la calidad del cuarto de ba\u00f1o. Ideal para hoteles, proyectos residenciales y marcas minoristas, no s\u00f3lo pueden satisfacer las necesidades de almacenamiento y uso de los suministros diarios de ba\u00f1o, sino tambi\u00e9n a\u00f1adir un toque de elegancia y orden al ambiente de ba\u00f1o.<\/p>","protected":false},"featured_media":11536,"comment_status":"closed","ping_status":"closed","template":"","meta":{"_acf_changed":false},"product_brand":[],"product_cat":[51],"product_tag":[74],"class_list":{"0":"post-11538","1":"product","2":"type-product","3":"status-publish","4":"has-post-thumbnail","6":"product_cat-bathroom-accessories-wholesale","7":"product_tag-ceramic-bath-accessories-wholesale","9":"first","10":"instock","11":"shipping-taxable","12":"product-type-simple"},"acf":[],"_links":{"self":[{"href":"https:\/\/jinhuaceramic.com\/es\/wp-json\/wp\/v2\/product\/11538","targetHints":{"allow":["GET"]}}],"collection":[{"href":"https:\/\/jinhuaceramic.com\/es\/wp-json\/wp\/v2\/product"}],"about":[{"href":"https:\/\/jinhuaceramic.com\/es\/wp-json\/wp\/v2\/types\/product"}],"replies":[{"embeddable":true,"href":"https:\/\/jinhuaceramic.com\/es\/wp-json\/wp\/v2\/comments?post=11538"}],"version-history":[{"count":0,"href":"https:\/\/jinhuaceramic.com\/es\/wp-json\/wp\/v2\/product\/11538\/revisions"}],"wp:featuredmedia":[{"embeddable":true,"href":"https:\/\/jinhuaceramic.com\/es\/wp-json\/wp\/v2\/media\/11536"}],"wp:attachment":[{"href":"https:\/\/jinhuaceramic.com\/es\/wp-json\/wp\/v2\/media?parent=11538"}],"wp:term":[{"taxonomy":"product_brand","embeddable":true,"href":"https:\/\/jinhuaceramic.com\/es\/wp-json\/wp\/v2\/product_brand?post=11538"},{"taxonomy":"product_cat","embeddable":true,"href":"https:\/\/jinhuaceramic.com\/es\/wp-json\/wp\/v2\/product_cat?post=11538"},{"taxonomy":"product_tag","embeddable":true,"href":"https:\/\/jinhuaceramic.com\/es\/wp-json\/wp\/v2\/product_tag?post=11538"}],"curies":[{"name":"wp","href":"https:\/\/api.w.org\/{rel}","templated":true}]}}