{"id":11569,"date":"2025-12-30T09:31:47","date_gmt":"2025-12-30T09:31:47","guid":{"rendered":"https:\/\/jinhuaceramic.com\/?post_type=product&#038;p=11569"},"modified":"2025-12-30T09:31:53","modified_gmt":"2025-12-30T09:31:53","slug":"custom-soap-dispenser-bottle","status":"publish","type":"product","link":"https:\/\/jinhuaceramic.com\/es\/product\/custom-soap-dispenser-bottle\/","title":{"rendered":"Botella dispensadora de jab\u00f3n personalizada a granel con forma de flor"},"content":{"rendered":"<div class=\"wp-block-columns is-layout-flex wp-container-core-columns-is-layout-9d6595d7 wp-block-columns-is-layout-flex\">\n<div class=\"wp-block-column is-layout-flow wp-block-column-is-layout-flow\">\n<h3 class=\"wp-block-heading\">Botella dispensadora de jab\u00f3n personalizada Premium Caracter\u00edsticas:<\/h3>\n\n\n\n<ul class=\"wp-block-list\">\n<li><strong>Forma \u00fanica: <\/strong>La botella dispensadora de jab\u00f3n personalizada presenta una forma de flor tridimensional con patrones de p\u00e9talos radiantes en la superficie, combinados con suaves tonos rosa claro\/blanco, creando un estilo fresco y dulce que a\u00f1ade una atm\u00f3sfera rom\u00e1ntica al espacio.<\/li>\n\n\n\n<li><strong>Alta practicidad:<\/strong> Las bombas equipadas con la botella dispensadora de jab\u00f3n personalizada tienen un prensado suave, un rebote r\u00e1pido, una salida de l\u00edquido estable y evitan los residuos. La botella tiene una capacidad moderada, que puede satisfacer las necesidades de uso diario sin ocupar espacio en la encimera debido a su gran tama\u00f1o.<\/li>\n\n\n\n<li><strong>Material duradero: <\/strong>Estas botellas dispensadoras de jab\u00f3n personalizadas est\u00e1n fabricadas con materiales cer\u00e1micos de alta calidad, que tienen las caracter\u00edsticas de alta dureza, resistencia al desgaste, resistencia a la corrosi\u00f3n, etc., y pueden mantener el aspecto y el rendimiento de los dispensadores de jab\u00f3n durante mucho tiempo.<\/li>\n\n\n\n<li><strong>Artesan\u00eda exquisita: <\/strong>Estos dispensadores de jab\u00f3n a granel est\u00e1n meticulosamente elaborados mediante m\u00faltiples procesos. La textura de los p\u00e9talos y el efecto tridimensional de las formas se tratan con gran delicadeza, demostrando un exquisito nivel de artesan\u00eda.<\/li>\n\n\n\n<li><strong>Amplias aplicaciones:<\/strong> Estos dispensadores de jab\u00f3n a granel se utilizan mucho en hoteles, complejos tur\u00edsticos, casas de hu\u00e9spedes, venta al por menor de art\u00edculos para el hogar, lotes de regalo, marcas de productos de ba\u00f1o y canales de comercio electr\u00f3nico.<\/li>\n<\/ul>\n<\/div>\n\n\n\n<div class=\"wp-block-column is-layout-flow wp-block-column-is-layout-flow\">\n<figure class=\"wp-block-image size-full\"><img fetchpriority=\"high\" decoding=\"async\" width=\"800\" height=\"800\" src=\"https:\/\/jinhuaceramic.com\/wp-content\/uploads\/2025\/12\/Custom-Soap-Dispenser-with-Flower-Shape-Bulk-Liquid-Soap-Bottle-Wholesale-2.webp\" alt=\"dispensador de jab\u00f3n personalizado a granel botella con forma de flor-2\" class=\"wp-image-11570\" srcset=\"https:\/\/jinhuaceramic.com\/wp-content\/uploads\/2025\/12\/Custom-Soap-Dispenser-with-Flower-Shape-Bulk-Liquid-Soap-Bottle-Wholesale-2.webp 800w, https:\/\/jinhuaceramic.com\/wp-content\/uploads\/2025\/12\/Custom-Soap-Dispenser-with-Flower-Shape-Bulk-Liquid-Soap-Bottle-Wholesale-2-300x300.webp 300w, https:\/\/jinhuaceramic.com\/wp-content\/uploads\/2025\/12\/Custom-Soap-Dispenser-with-Flower-Shape-Bulk-Liquid-Soap-Bottle-Wholesale-2-150x150.webp 150w, https:\/\/jinhuaceramic.com\/wp-content\/uploads\/2025\/12\/Custom-Soap-Dispenser-with-Flower-Shape-Bulk-Liquid-Soap-Bottle-Wholesale-2-768x768.webp 768w, https:\/\/jinhuaceramic.com\/wp-content\/uploads\/2025\/12\/Custom-Soap-Dispenser-with-Flower-Shape-Bulk-Liquid-Soap-Bottle-Wholesale-2-12x12.webp 12w, https:\/\/jinhuaceramic.com\/wp-content\/uploads\/2025\/12\/Custom-Soap-Dispenser-with-Flower-Shape-Bulk-Liquid-Soap-Bottle-Wholesale-2-285x285.webp 285w, https:\/\/jinhuaceramic.com\/wp-content\/uploads\/2025\/12\/Custom-Soap-Dispenser-with-Flower-Shape-Bulk-Liquid-Soap-Bottle-Wholesale-2-270x270.webp 270w, https:\/\/jinhuaceramic.com\/wp-content\/uploads\/2025\/12\/Custom-Soap-Dispenser-with-Flower-Shape-Bulk-Liquid-Soap-Bottle-Wholesale-2-540x540.webp 540w, https:\/\/jinhuaceramic.com\/wp-content\/uploads\/2025\/12\/Custom-Soap-Dispenser-with-Flower-Shape-Bulk-Liquid-Soap-Bottle-Wholesale-2-660x660.webp 660w\" sizes=\"(max-width: 800px) 100vw, 800px\" \/><\/figure>\n<\/div>\n<\/div>","protected":false},"excerpt":{"rendered":"<p>Bienvenido a comprar nuestras botellas dispensadoras de jab\u00f3n personalizadas con forma de flor, que ofrecen un excelente valor decorativo, una buena experiencia de uso y una artesan\u00eda de materiales superior. Se han convertido en un art\u00edculo para el hogar pr\u00e1ctico y hermoso que puede mejorar el placer psicol\u00f3gico y a\u00f1adir un valor \u00fanico a los espacios de vida de la gente.OEM y ODM personalizaci\u00f3n disponible para la adquisici\u00f3n a gran escala.<\/p>","protected":false},"featured_media":11574,"comment_status":"closed","ping_status":"closed","template":"","meta":{"_acf_changed":false},"product_brand":[],"product_cat":[51],"product_tag":[73],"class_list":{"0":"post-11569","1":"product","2":"type-product","3":"status-publish","4":"has-post-thumbnail","6":"product_cat-bathroom-accessories-wholesale","7":"product_tag-custom-soap-dispensers","9":"first","10":"instock","11":"shipping-taxable","12":"product-type-simple"},"acf":[],"_links":{"self":[{"href":"https:\/\/jinhuaceramic.com\/es\/wp-json\/wp\/v2\/product\/11569","targetHints":{"allow":["GET"]}}],"collection":[{"href":"https:\/\/jinhuaceramic.com\/es\/wp-json\/wp\/v2\/product"}],"about":[{"href":"https:\/\/jinhuaceramic.com\/es\/wp-json\/wp\/v2\/types\/product"}],"replies":[{"embeddable":true,"href":"https:\/\/jinhuaceramic.com\/es\/wp-json\/wp\/v2\/comments?post=11569"}],"version-history":[{"count":0,"href":"https:\/\/jinhuaceramic.com\/es\/wp-json\/wp\/v2\/product\/11569\/revisions"}],"wp:featuredmedia":[{"embeddable":true,"href":"https:\/\/jinhuaceramic.com\/es\/wp-json\/wp\/v2\/media\/11574"}],"wp:attachment":[{"href":"https:\/\/jinhuaceramic.com\/es\/wp-json\/wp\/v2\/media?parent=11569"}],"wp:term":[{"taxonomy":"product_brand","embeddable":true,"href":"https:\/\/jinhuaceramic.com\/es\/wp-json\/wp\/v2\/product_brand?post=11569"},{"taxonomy":"product_cat","embeddable":true,"href":"https:\/\/jinhuaceramic.com\/es\/wp-json\/wp\/v2\/product_cat?post=11569"},{"taxonomy":"product_tag","embeddable":true,"href":"https:\/\/jinhuaceramic.com\/es\/wp-json\/wp\/v2\/product_tag?post=11569"}],"curies":[{"name":"wp","href":"https:\/\/api.w.org\/{rel}","templated":true}]}}