{"id":11583,"date":"2025-12-30T09:49:33","date_gmt":"2025-12-30T09:49:33","guid":{"rendered":"https:\/\/jinhuaceramic.com\/?post_type=product&#038;p=11583"},"modified":"2025-12-30T09:49:35","modified_gmt":"2025-12-30T09:49:35","slug":"custom-made-bakeware","status":"publish","type":"product","link":"https:\/\/jinhuaceramic.com\/es\/product\/custom-made-bakeware\/","title":{"rendered":"Utensilios de cocina personalizados de dos tonos, bandeja de horno de cer\u00e1mica al por mayor"},"content":{"rendered":"<div class=\"wp-block-columns is-layout-flex wp-container-core-columns-is-layout-9d6595d7 wp-block-columns-is-layout-flex\">\n<div class=\"wp-block-column is-layout-flow wp-block-column-is-layout-flow\">\n<h3 class=\"wp-block-heading\">Bater\u00eda de reposter\u00eda premium de 3 piezas hecha a medida Caracter\u00edsticas:<\/h3>\n\n\n\n<ul class=\"wp-block-list\">\n<li><strong>Dise\u00f1o bicolor:<\/strong> Estos utensilios para hornear hechos a medida presentan un dise\u00f1o contrastado de azul oscuro y blanco, cl\u00e1sico y visualmente llamativo, que da sensaci\u00f3n de estabilidad y elegancia. Esta combinaci\u00f3n de colores puede combinarse f\u00e1cilmente con diversos estilos de decoraci\u00f3n de cocinas.<\/li>\n\n\n\n<li><strong>M\u00faltiples tama\u00f1os:<\/strong> Los moldes a medida se fabrican en distintos tama\u00f1os, lo que permite utilizarlos solos o combinados para adaptarse a los distintos estilos de cocina. Por ejemplo, utilizando la bandeja grande para asar un pollo entero o cocinar un trozo grande de carne, y la bandeja peque\u00f1a para preparar \u201craciones individuales\u201d de producto horneado.<\/li>\n\n\n\n<li><strong>F\u00e1cil de guardar:<\/strong> Estos moldes para hornear al por mayor mantienen una combinaci\u00f3n de colores uniforme y un contorno rectangular. Los moldes para hornear peque\u00f1os y medianos pueden encajarse en moldes para hornear grandes, que quedan ordenados y coordinados, ahorrando espacio en el armario y combinando est\u00e9tica y comodidad de almacenamiento.<\/li>\n\n\n\n<li><strong>Material de alta calidad: <\/strong>Estos platos para hornear al por mayor est\u00e1n hechos de material cer\u00e1mico, que es resistente al calor y se calienta uniformemente, lo que garantiza que todas las partes de los ingredientes se cocinen en el mismo grado, evitando quemaduras locales o cocci\u00f3n insuficiente, y es adecuado para diversos aparatos de cocina como hornos y microondas.<\/li>\n\n\n\n<li><strong>Listo para la venta al por mayor y la exportaci\u00f3n:<\/strong> Cumple las normas internacionales de seguridad en contacto con alimentos, adecuado para supermercados, propietarios de marcas, proveedores de catering y compras transfronterizas a granel de comercio electr\u00f3nico.<\/li>\n<\/ul>\n<\/div>\n\n\n\n<div class=\"wp-block-column is-layout-flow wp-block-column-is-layout-flow\">\n<figure class=\"wp-block-image size-full\"><img fetchpriority=\"high\" decoding=\"async\" width=\"1024\" height=\"1024\" src=\"https:\/\/jinhuaceramic.com\/wp-content\/uploads\/2025\/12\/3-Piece-Two-Tone-Bakeware-Set-Wholesale-Custom-Ceramic-Baking-Dishes.webp\" alt=\"bandeja de cer\u00e1mica de dos tonos para hornear al por mayor-1\" class=\"wp-image-11590\" srcset=\"https:\/\/jinhuaceramic.com\/wp-content\/uploads\/2025\/12\/3-Piece-Two-Tone-Bakeware-Set-Wholesale-Custom-Ceramic-Baking-Dishes.webp 1024w, https:\/\/jinhuaceramic.com\/wp-content\/uploads\/2025\/12\/3-Piece-Two-Tone-Bakeware-Set-Wholesale-Custom-Ceramic-Baking-Dishes-300x300.webp 300w, https:\/\/jinhuaceramic.com\/wp-content\/uploads\/2025\/12\/3-Piece-Two-Tone-Bakeware-Set-Wholesale-Custom-Ceramic-Baking-Dishes-150x150.webp 150w, https:\/\/jinhuaceramic.com\/wp-content\/uploads\/2025\/12\/3-Piece-Two-Tone-Bakeware-Set-Wholesale-Custom-Ceramic-Baking-Dishes-768x768.webp 768w, https:\/\/jinhuaceramic.com\/wp-content\/uploads\/2025\/12\/3-Piece-Two-Tone-Bakeware-Set-Wholesale-Custom-Ceramic-Baking-Dishes-12x12.webp 12w, https:\/\/jinhuaceramic.com\/wp-content\/uploads\/2025\/12\/3-Piece-Two-Tone-Bakeware-Set-Wholesale-Custom-Ceramic-Baking-Dishes-285x285.webp 285w, https:\/\/jinhuaceramic.com\/wp-content\/uploads\/2025\/12\/3-Piece-Two-Tone-Bakeware-Set-Wholesale-Custom-Ceramic-Baking-Dishes-270x270.webp 270w, https:\/\/jinhuaceramic.com\/wp-content\/uploads\/2025\/12\/3-Piece-Two-Tone-Bakeware-Set-Wholesale-Custom-Ceramic-Baking-Dishes-540x540.webp 540w, https:\/\/jinhuaceramic.com\/wp-content\/uploads\/2025\/12\/3-Piece-Two-Tone-Bakeware-Set-Wholesale-Custom-Ceramic-Baking-Dishes-660x660.webp 660w\" sizes=\"(max-width: 1024px) 100vw, 1024px\" \/><\/figure>\n<\/div>\n<\/div>","protected":false},"excerpt":{"rendered":"<p>Bienvenido a comprar nuestro azul oscuro hecho a medida bakeware, con su dise\u00f1o cl\u00e1sico contraste, combinaci\u00f3n flexible de atributos funcionales, y el rendimiento del material de alta calidad, que se han convertido en herramientas de cocina a la vez hermoso y pr\u00e1ctico en la cocina. Ideal para pedidos al por mayor, programas personalizados y marcas minoristas o de servicios alimentarios que buscan utensilios de cer\u00e1mica para hornear de alta calidad al por mayor.<\/p>","protected":false},"featured_media":11589,"comment_status":"closed","ping_status":"closed","template":"","meta":{"_acf_changed":false},"product_brand":[],"product_cat":[53],"product_tag":[71],"class_list":{"0":"post-11583","1":"product","2":"type-product","3":"status-publish","4":"has-post-thumbnail","6":"product_cat-bakeware-in-bulk","7":"product_tag-wholesale-baking-pans","9":"first","10":"instock","11":"shipping-taxable","12":"product-type-simple"},"acf":[],"_links":{"self":[{"href":"https:\/\/jinhuaceramic.com\/es\/wp-json\/wp\/v2\/product\/11583","targetHints":{"allow":["GET"]}}],"collection":[{"href":"https:\/\/jinhuaceramic.com\/es\/wp-json\/wp\/v2\/product"}],"about":[{"href":"https:\/\/jinhuaceramic.com\/es\/wp-json\/wp\/v2\/types\/product"}],"replies":[{"embeddable":true,"href":"https:\/\/jinhuaceramic.com\/es\/wp-json\/wp\/v2\/comments?post=11583"}],"version-history":[{"count":0,"href":"https:\/\/jinhuaceramic.com\/es\/wp-json\/wp\/v2\/product\/11583\/revisions"}],"wp:featuredmedia":[{"embeddable":true,"href":"https:\/\/jinhuaceramic.com\/es\/wp-json\/wp\/v2\/media\/11589"}],"wp:attachment":[{"href":"https:\/\/jinhuaceramic.com\/es\/wp-json\/wp\/v2\/media?parent=11583"}],"wp:term":[{"taxonomy":"product_brand","embeddable":true,"href":"https:\/\/jinhuaceramic.com\/es\/wp-json\/wp\/v2\/product_brand?post=11583"},{"taxonomy":"product_cat","embeddable":true,"href":"https:\/\/jinhuaceramic.com\/es\/wp-json\/wp\/v2\/product_cat?post=11583"},{"taxonomy":"product_tag","embeddable":true,"href":"https:\/\/jinhuaceramic.com\/es\/wp-json\/wp\/v2\/product_tag?post=11583"}],"curies":[{"name":"wp","href":"https:\/\/api.w.org\/{rel}","templated":true}]}}