{"id":11593,"date":"2025-12-31T01:34:15","date_gmt":"2025-12-31T01:34:15","guid":{"rendered":"https:\/\/jinhuaceramic.com\/?post_type=product&#038;p=11593"},"modified":"2025-12-31T01:34:19","modified_gmt":"2025-12-31T01:34:19","slug":"wholesale-ceramic-full-bathroom-set","status":"publish","type":"product","link":"https:\/\/jinhuaceramic.com\/es\/product\/wholesale-ceramic-full-bathroom-set\/","title":{"rendered":"Juego completo de ba\u00f1o de cer\u00e1mica al por mayor con accesorios de bamb\u00fa"},"content":{"rendered":"<div class=\"wp-block-columns is-layout-flex wp-container-core-columns-is-layout-9d6595d7 wp-block-columns-is-layout-flex\">\n<div class=\"wp-block-column is-layout-flow wp-block-column-is-layout-flow\">\n<h3 class=\"wp-block-heading\">Premium\u00a0Wholesale Ceramic Full Bathroom Set Features:<\/h3>\n\n\n\n<ul class=\"wp-block-list\">\n<li><strong>Varios colores:<\/strong> The wholesale ceramic full bathroom set comes in three colors to choose from: black, white, and gray, all of which are versatile neutral colors with low-key, introverted, and elegant characteristics. Consumers can choose according to their bathroom decoration style or personal preferences.<\/li>\n\n\n\n<li><strong>Bamboo Elements: <\/strong>The wholesale ceramic full bathroom set is paired with bamboo top covers, adding natural and warm bamboo elements, breaking the coldness that matte ceramics may bring, making the bathroom set more approachable as a whole.<\/li>\n\n\n\n<li><strong>Juego completo: <\/strong>These wholesale ceramic full bathroom sets include a variety of commonly used bathroom items, such as soap dispensers, toilet brushes, trash cans, toothbrush holders, soap dishes, etc., fully meeting the daily storage and grooming needs of the bathroom, convenient and practical.<\/li>\n\n\n\n<li><strong>Material duradero:<\/strong> The ceramic main body of these wholesale bathroom sets has high hardness and wear resistance, making them less prone to scratches and damage during daily use; Bamboo components have undergone waterproof treatment and are not easily moldy when exposed to bathroom moisture for a long time.<\/li>\n<\/ul>\n<\/div>\n\n\n\n<div class=\"wp-block-column is-layout-flow wp-block-column-is-layout-flow\">\n<figure class=\"wp-block-image size-full\"><img fetchpriority=\"high\" decoding=\"async\" width=\"1000\" height=\"1000\" src=\"https:\/\/jinhuaceramic.com\/wp-content\/uploads\/2025\/12\/Ceramic-Custom-Bathroom-Set-with-Bamboo-Accessories-Wholesale-Bathrooms-Supplies.webp\" alt=\"wholesale-ceramic-full-bathroom-set\u200b-with-bamboo-accessories-1\" class=\"wp-image-11603\" srcset=\"https:\/\/jinhuaceramic.com\/wp-content\/uploads\/2025\/12\/Ceramic-Custom-Bathroom-Set-with-Bamboo-Accessories-Wholesale-Bathrooms-Supplies.webp 1000w, https:\/\/jinhuaceramic.com\/wp-content\/uploads\/2025\/12\/Ceramic-Custom-Bathroom-Set-with-Bamboo-Accessories-Wholesale-Bathrooms-Supplies-300x300.webp 300w, https:\/\/jinhuaceramic.com\/wp-content\/uploads\/2025\/12\/Ceramic-Custom-Bathroom-Set-with-Bamboo-Accessories-Wholesale-Bathrooms-Supplies-150x150.webp 150w, https:\/\/jinhuaceramic.com\/wp-content\/uploads\/2025\/12\/Ceramic-Custom-Bathroom-Set-with-Bamboo-Accessories-Wholesale-Bathrooms-Supplies-768x768.webp 768w, https:\/\/jinhuaceramic.com\/wp-content\/uploads\/2025\/12\/Ceramic-Custom-Bathroom-Set-with-Bamboo-Accessories-Wholesale-Bathrooms-Supplies-12x12.webp 12w, https:\/\/jinhuaceramic.com\/wp-content\/uploads\/2025\/12\/Ceramic-Custom-Bathroom-Set-with-Bamboo-Accessories-Wholesale-Bathrooms-Supplies-285x285.webp 285w, https:\/\/jinhuaceramic.com\/wp-content\/uploads\/2025\/12\/Ceramic-Custom-Bathroom-Set-with-Bamboo-Accessories-Wholesale-Bathrooms-Supplies-270x270.webp 270w, https:\/\/jinhuaceramic.com\/wp-content\/uploads\/2025\/12\/Ceramic-Custom-Bathroom-Set-with-Bamboo-Accessories-Wholesale-Bathrooms-Supplies-540x540.webp 540w, https:\/\/jinhuaceramic.com\/wp-content\/uploads\/2025\/12\/Ceramic-Custom-Bathroom-Set-with-Bamboo-Accessories-Wholesale-Bathrooms-Supplies-660x660.webp 660w\" sizes=\"(max-width: 1000px) 100vw, 1000px\" \/><\/figure>\n<\/div>\n<\/div>","protected":false},"excerpt":{"rendered":"<p>Welcome to purchase our ceramic full bathroom set\u200b wholesale are elegant in appearance and can add a unique aesthetic touch to the bathroom. Functionally, the product range is complete, fully meeting the daily usage needs of the bathroom. The material is sturdy and durable. Whether in terms of aesthetics, practicality, or durability, these ceramic bathroom sets support large-scale production with high-quality consistency, meeting the needs of long-term cooperation and project-based procurement.<\/p>","protected":false},"featured_media":11601,"comment_status":"closed","ping_status":"closed","template":"","meta":{"_acf_changed":false},"product_brand":[],"product_cat":[51],"product_tag":[74],"class_list":{"0":"post-11593","1":"product","2":"type-product","3":"status-publish","4":"has-post-thumbnail","6":"product_cat-bathroom-accessories-wholesale","7":"product_tag-ceramic-bath-accessories-wholesale","9":"first","10":"instock","11":"shipping-taxable","12":"product-type-simple"},"acf":[],"_links":{"self":[{"href":"https:\/\/jinhuaceramic.com\/es\/wp-json\/wp\/v2\/product\/11593","targetHints":{"allow":["GET"]}}],"collection":[{"href":"https:\/\/jinhuaceramic.com\/es\/wp-json\/wp\/v2\/product"}],"about":[{"href":"https:\/\/jinhuaceramic.com\/es\/wp-json\/wp\/v2\/types\/product"}],"replies":[{"embeddable":true,"href":"https:\/\/jinhuaceramic.com\/es\/wp-json\/wp\/v2\/comments?post=11593"}],"version-history":[{"count":0,"href":"https:\/\/jinhuaceramic.com\/es\/wp-json\/wp\/v2\/product\/11593\/revisions"}],"wp:featuredmedia":[{"embeddable":true,"href":"https:\/\/jinhuaceramic.com\/es\/wp-json\/wp\/v2\/media\/11601"}],"wp:attachment":[{"href":"https:\/\/jinhuaceramic.com\/es\/wp-json\/wp\/v2\/media?parent=11593"}],"wp:term":[{"taxonomy":"product_brand","embeddable":true,"href":"https:\/\/jinhuaceramic.com\/es\/wp-json\/wp\/v2\/product_brand?post=11593"},{"taxonomy":"product_cat","embeddable":true,"href":"https:\/\/jinhuaceramic.com\/es\/wp-json\/wp\/v2\/product_cat?post=11593"},{"taxonomy":"product_tag","embeddable":true,"href":"https:\/\/jinhuaceramic.com\/es\/wp-json\/wp\/v2\/product_tag?post=11593"}],"curies":[{"name":"wp","href":"https:\/\/api.w.org\/{rel}","templated":true}]}}