{"id":11608,"date":"2025-12-31T02:27:24","date_gmt":"2025-12-31T02:27:24","guid":{"rendered":"https:\/\/jinhuaceramic.com\/?post_type=product&#038;p=11608"},"modified":"2025-12-31T02:27:27","modified_gmt":"2025-12-31T02:27:27","slug":"custom-ceramic-baking-pans","status":"publish","type":"product","link":"https:\/\/jinhuaceramic.com\/es\/product\/custom-ceramic-baking-pans\/","title":{"rendered":"Bandejas de cer\u00e1mica personalizadas de dos tonos, aptas para horno, venta al por mayor"},"content":{"rendered":"<div class=\"wp-block-columns is-layout-flex wp-container-core-columns-is-layout-9d6595d7 wp-block-columns-is-layout-flex\">\n<div class=\"wp-block-column is-layout-flow wp-block-column-is-layout-flow\">\n<h3 class=\"wp-block-heading\">Bandejas de cer\u00e1mica para hornear Premium Custom Caracter\u00edsticas:<\/h3>\n\n\n\n<ul class=\"wp-block-list\">\n<li><strong>Dise\u00f1o elegante:<\/strong> Las bandejas de cer\u00e1mica para hornear a medida presentan un dise\u00f1o contrastado de blanco y beige, con una cara interior blanca brillante y una mitad exterior beige mate. Son pulcros, combinan la calidez de la sencillez japonesa y el estilo n\u00f3rdico, y pueden servirse directamente en la mesa de comedor como recipiente.<\/li>\n\n\n\n<li><strong>Varios tama\u00f1os:<\/strong> Estos moldes de cer\u00e1mica para hornear personalizados incluyen 3 tama\u00f1os diferentes de moldes para hornear, que pueden seleccionarse seg\u00fan la receta. Se pueden utilizar por separado o combinados para satisfacer diversas necesidades culinarias, aptos para comidas diarias, reuniones de amigos y otros escenarios.<\/li>\n\n\n\n<li><strong>Cer\u00e1mica apta para el horno:<\/strong> Estos moldes para hornear de cer\u00e1mica personalizados est\u00e1n hechos de material cer\u00e1mico cocido a alta temperatura, lo que los hace seguros para su uso en hornos. Es resistente al calor, no se agrieta f\u00e1cilmente y es apta tanto para hornear con fines comerciales como para cocinar en casa.<\/li>\n\n\n\n<li><strong>F\u00e1cil de limpiar:<\/strong> El salvamanteles apto para horno tiene una superficie lisa que impide eficazmente la adherencia de restos de comida. A la hora de limpiarlos, basta con utilizar una esponja con detergente para dejarlos como nuevos. Tambi\u00e9n se pueden lavar en el lavavajillas, lo que ahorra mucho tiempo de limpieza.<\/li>\n<\/ul>\n<\/div>\n\n\n\n<div class=\"wp-block-column is-layout-flow wp-block-column-is-layout-flow\">\n<figure class=\"wp-block-image size-full\"><img fetchpriority=\"high\" decoding=\"async\" width=\"1500\" height=\"1446\" src=\"https:\/\/jinhuaceramic.com\/wp-content\/uploads\/2025\/12\/Two-Tone-Custom-Baking-Dish-Set-Wholesale-Ceramic-Kitchen-Bakeware-Supplies-5.webp\" alt=\"bandejas de cer\u00e1mica para hornear al por mayor de dos tonos-5\" class=\"wp-image-11612\" srcset=\"https:\/\/jinhuaceramic.com\/wp-content\/uploads\/2025\/12\/Two-Tone-Custom-Baking-Dish-Set-Wholesale-Ceramic-Kitchen-Bakeware-Supplies-5.webp 1500w, https:\/\/jinhuaceramic.com\/wp-content\/uploads\/2025\/12\/Two-Tone-Custom-Baking-Dish-Set-Wholesale-Ceramic-Kitchen-Bakeware-Supplies-5-300x289.webp 300w, https:\/\/jinhuaceramic.com\/wp-content\/uploads\/2025\/12\/Two-Tone-Custom-Baking-Dish-Set-Wholesale-Ceramic-Kitchen-Bakeware-Supplies-5-768x740.webp 768w, https:\/\/jinhuaceramic.com\/wp-content\/uploads\/2025\/12\/Two-Tone-Custom-Baking-Dish-Set-Wholesale-Ceramic-Kitchen-Bakeware-Supplies-5-12x12.webp 12w, https:\/\/jinhuaceramic.com\/wp-content\/uploads\/2025\/12\/Two-Tone-Custom-Baking-Dish-Set-Wholesale-Ceramic-Kitchen-Bakeware-Supplies-5-285x275.webp 285w, https:\/\/jinhuaceramic.com\/wp-content\/uploads\/2025\/12\/Two-Tone-Custom-Baking-Dish-Set-Wholesale-Ceramic-Kitchen-Bakeware-Supplies-5-660x636.webp 660w, https:\/\/jinhuaceramic.com\/wp-content\/uploads\/2025\/12\/Two-Tone-Custom-Baking-Dish-Set-Wholesale-Ceramic-Kitchen-Bakeware-Supplies-5-150x145.webp 150w\" sizes=\"(max-width: 1500px) 100vw, 1500px\" \/><\/figure>\n<\/div>\n<\/div>","protected":false},"excerpt":{"rendered":"<p>Le damos la bienvenida a la compra de nuestras bandejas de cer\u00e1mica para hornear personalizadas en contraste beige y blanco, fabricadas en cer\u00e1mica de alta cocci\u00f3n, que garantizan la seguridad y salubridad de los alimentos. La fuente de horno al por mayor combina un dise\u00f1o elegante con una excelente funcionalidad, no s\u00f3lo mejorar en gran medida el valor est\u00e9tico de la cocina con su excelente practicidad y durabilidad, por lo que una opci\u00f3n ideal para la cocci\u00f3n comercial, colecciones de utensilios de cocina al por menor, y las marcas privadas de utensilios de cocina.<\/p>","protected":false},"featured_media":11611,"comment_status":"closed","ping_status":"closed","template":"","meta":{"_acf_changed":false},"product_brand":[],"product_cat":[53],"product_tag":[71],"class_list":{"0":"post-11608","1":"product","2":"type-product","3":"status-publish","4":"has-post-thumbnail","6":"product_cat-bakeware-in-bulk","7":"product_tag-wholesale-baking-pans","9":"first","10":"instock","11":"shipping-taxable","12":"product-type-simple"},"acf":[],"_links":{"self":[{"href":"https:\/\/jinhuaceramic.com\/es\/wp-json\/wp\/v2\/product\/11608","targetHints":{"allow":["GET"]}}],"collection":[{"href":"https:\/\/jinhuaceramic.com\/es\/wp-json\/wp\/v2\/product"}],"about":[{"href":"https:\/\/jinhuaceramic.com\/es\/wp-json\/wp\/v2\/types\/product"}],"replies":[{"embeddable":true,"href":"https:\/\/jinhuaceramic.com\/es\/wp-json\/wp\/v2\/comments?post=11608"}],"version-history":[{"count":0,"href":"https:\/\/jinhuaceramic.com\/es\/wp-json\/wp\/v2\/product\/11608\/revisions"}],"wp:featuredmedia":[{"embeddable":true,"href":"https:\/\/jinhuaceramic.com\/es\/wp-json\/wp\/v2\/media\/11611"}],"wp:attachment":[{"href":"https:\/\/jinhuaceramic.com\/es\/wp-json\/wp\/v2\/media?parent=11608"}],"wp:term":[{"taxonomy":"product_brand","embeddable":true,"href":"https:\/\/jinhuaceramic.com\/es\/wp-json\/wp\/v2\/product_brand?post=11608"},{"taxonomy":"product_cat","embeddable":true,"href":"https:\/\/jinhuaceramic.com\/es\/wp-json\/wp\/v2\/product_cat?post=11608"},{"taxonomy":"product_tag","embeddable":true,"href":"https:\/\/jinhuaceramic.com\/es\/wp-json\/wp\/v2\/product_tag?post=11608"}],"curies":[{"name":"wp","href":"https:\/\/api.w.org\/{rel}","templated":true}]}}