{"id":11616,"date":"2025-12-31T03:00:51","date_gmt":"2025-12-31T03:00:51","guid":{"rendered":"https:\/\/jinhuaceramic.com\/?post_type=product&#038;p=11616"},"modified":"2025-12-31T03:00:54","modified_gmt":"2025-12-31T03:00:54","slug":"matte-black-bathroom-set-supply","status":"publish","type":"product","link":"https:\/\/jinhuaceramic.com\/es\/product\/matte-black-bathroom-set-supply\/","title":{"rendered":"Juego de ba\u00f1o negro mate, juego de platos dispensadores personalizados"},"content":{"rendered":"<div class=\"wp-block-columns is-layout-flex wp-container-core-columns-is-layout-9d6595d7 wp-block-columns-is-layout-flex\">\n<div class=\"wp-block-column is-layout-flow wp-block-column-is-layout-flow\">\n<h3 class=\"wp-block-heading\">Premium Negro Mate Set de Ba\u00f1o Suministro Caracter\u00edsticas:<\/h3>\n\n\n\n<ul class=\"wp-block-list\">\n<li><strong>Dise\u00f1o moderno:<\/strong> Este set de ba\u00f1o negro mate est\u00e1 dise\u00f1ado con negro mate y textura de rayas verticales, con un estilo sencillo y moderno. Las finas rayas verticales a\u00f1aden capas visuales y evitan la monoton\u00eda del negro puro. El esmalte mate presenta un delicado efecto mate, que es a la vez de alta gama y menos propenso a dejar huellas.<\/li>\n\n\n\n<li><strong>Alta practicidad: <\/strong>Este set de ba\u00f1o en negro mate suministra una variedad de pr\u00e1cticos art\u00edculos esenciales para el ba\u00f1o: dispensadores de jab\u00f3n, portacepillos de dientes, tarros de almacenamiento, portavasos de papel, jaboneras, consiguiendo un almacenamiento limpio \u201ctodo en uno\u201d y diciendo adi\u00f3s a las encimeras desordenadas.<\/li>\n\n\n\n<li><strong>Resistente y duradero:<\/strong> Estos juegos de ba\u00f1o al por mayor est\u00e1n fabricados con materiales cer\u00e1micos de alta calidad que han sido cocidos a altas temperaturas y tienen un cierto grado de dureza. En comparaci\u00f3n con los materiales de resina o pl\u00e1stico, los materiales cer\u00e1micos son m\u00e1s resistentes y duraderos, menos propensos a los ara\u00f1azos y al desgaste, y tienen una vida \u00fatil m\u00e1s larga.<\/li>\n\n\n\n<li><strong>F\u00e1cil de limpiar: <\/strong>Estos juegos de ba\u00f1o de cer\u00e1mica al por mayor tienen una superficie lisa y no se manchan f\u00e1cilmente, por lo que son muy f\u00e1ciles de limpiar. Basta con pasarles suavemente un pa\u00f1o h\u00famedo para mantenerlos como nuevos.<\/li>\n\n\n\n<li><strong>Adecuado para diversas aplicaciones comerciales:<\/strong> Este set de ba\u00f1o negro mate se utiliza ampliamente en hoteles, complejos tur\u00edsticos, proyectos de apartamentos, propiedades residenciales de gama alta, marcas minoristas y canales de comercio electr\u00f3nico.<\/li>\n<\/ul>\n<\/div>\n\n\n\n<div class=\"wp-block-column is-layout-flow wp-block-column-is-layout-flow\">\n<figure class=\"wp-block-image size-full\"><img fetchpriority=\"high\" decoding=\"async\" width=\"1600\" height=\"1600\" src=\"https:\/\/jinhuaceramic.com\/wp-content\/uploads\/2025\/12\/Matte-Black-Bathroom-Set-Ceramic-Custom-Soap-Dispenser-and-Soap-Dish-Set-3.webp\" alt=\"set-ba\u00f1o-negro-mate-suministro-dispensador-personalizado-plato-set-3\" class=\"wp-image-11618\" srcset=\"https:\/\/jinhuaceramic.com\/wp-content\/uploads\/2025\/12\/Matte-Black-Bathroom-Set-Ceramic-Custom-Soap-Dispenser-and-Soap-Dish-Set-3.webp 1600w, https:\/\/jinhuaceramic.com\/wp-content\/uploads\/2025\/12\/Matte-Black-Bathroom-Set-Ceramic-Custom-Soap-Dispenser-and-Soap-Dish-Set-3-300x300.webp 300w, https:\/\/jinhuaceramic.com\/wp-content\/uploads\/2025\/12\/Matte-Black-Bathroom-Set-Ceramic-Custom-Soap-Dispenser-and-Soap-Dish-Set-3-150x150.webp 150w, https:\/\/jinhuaceramic.com\/wp-content\/uploads\/2025\/12\/Matte-Black-Bathroom-Set-Ceramic-Custom-Soap-Dispenser-and-Soap-Dish-Set-3-768x768.webp 768w, https:\/\/jinhuaceramic.com\/wp-content\/uploads\/2025\/12\/Matte-Black-Bathroom-Set-Ceramic-Custom-Soap-Dispenser-and-Soap-Dish-Set-3-12x12.webp 12w, https:\/\/jinhuaceramic.com\/wp-content\/uploads\/2025\/12\/Matte-Black-Bathroom-Set-Ceramic-Custom-Soap-Dispenser-and-Soap-Dish-Set-3-285x285.webp 285w, https:\/\/jinhuaceramic.com\/wp-content\/uploads\/2025\/12\/Matte-Black-Bathroom-Set-Ceramic-Custom-Soap-Dispenser-and-Soap-Dish-Set-3-270x270.webp 270w, https:\/\/jinhuaceramic.com\/wp-content\/uploads\/2025\/12\/Matte-Black-Bathroom-Set-Ceramic-Custom-Soap-Dispenser-and-Soap-Dish-Set-3-540x540.webp 540w, https:\/\/jinhuaceramic.com\/wp-content\/uploads\/2025\/12\/Matte-Black-Bathroom-Set-Ceramic-Custom-Soap-Dispenser-and-Soap-Dish-Set-3-660x660.webp 660w\" sizes=\"(max-width: 1600px) 100vw, 1600px\" \/><\/figure>\n<\/div>\n<\/div>","protected":false},"excerpt":{"rendered":"<p>Bienvenido a adquirir nuestro set de ba\u00f1o negro mate con dispensador de jab\u00f3n y jabonera personalizados, dise\u00f1ado para proyectos mayoristas y OEM. Estos conjuntos de ba\u00f1o personalizados demuestran ventajas significativas con su dise\u00f1o moderno y est\u00e9ticamente agradable, funcionalidad pr\u00e1ctica, y excelentes materiales. Este set de accesorios de ba\u00f1o personalizados es ideal para hoteles, proyectos inmobiliarios y marcas minoristas, por lo que es una soluci\u00f3n fiable para compradores profesionales.<\/p>","protected":false},"featured_media":11619,"comment_status":"closed","ping_status":"closed","template":"","meta":{"_acf_changed":false},"product_brand":[],"product_cat":[51],"product_tag":[74],"class_list":{"0":"post-11616","1":"product","2":"type-product","3":"status-publish","4":"has-post-thumbnail","6":"product_cat-bathroom-accessories-wholesale","7":"product_tag-ceramic-bath-accessories-wholesale","9":"first","10":"instock","11":"shipping-taxable","12":"product-type-simple"},"acf":[],"_links":{"self":[{"href":"https:\/\/jinhuaceramic.com\/es\/wp-json\/wp\/v2\/product\/11616","targetHints":{"allow":["GET"]}}],"collection":[{"href":"https:\/\/jinhuaceramic.com\/es\/wp-json\/wp\/v2\/product"}],"about":[{"href":"https:\/\/jinhuaceramic.com\/es\/wp-json\/wp\/v2\/types\/product"}],"replies":[{"embeddable":true,"href":"https:\/\/jinhuaceramic.com\/es\/wp-json\/wp\/v2\/comments?post=11616"}],"version-history":[{"count":0,"href":"https:\/\/jinhuaceramic.com\/es\/wp-json\/wp\/v2\/product\/11616\/revisions"}],"wp:featuredmedia":[{"embeddable":true,"href":"https:\/\/jinhuaceramic.com\/es\/wp-json\/wp\/v2\/media\/11619"}],"wp:attachment":[{"href":"https:\/\/jinhuaceramic.com\/es\/wp-json\/wp\/v2\/media?parent=11616"}],"wp:term":[{"taxonomy":"product_brand","embeddable":true,"href":"https:\/\/jinhuaceramic.com\/es\/wp-json\/wp\/v2\/product_brand?post=11616"},{"taxonomy":"product_cat","embeddable":true,"href":"https:\/\/jinhuaceramic.com\/es\/wp-json\/wp\/v2\/product_cat?post=11616"},{"taxonomy":"product_tag","embeddable":true,"href":"https:\/\/jinhuaceramic.com\/es\/wp-json\/wp\/v2\/product_tag?post=11616"}],"curies":[{"name":"wp","href":"https:\/\/api.w.org\/{rel}","templated":true}]}}