{"id":11626,"date":"2025-12-31T03:29:24","date_gmt":"2025-12-31T03:29:24","guid":{"rendered":"https:\/\/jinhuaceramic.com\/?post_type=product&#038;p=11626"},"modified":"2025-12-31T03:29:27","modified_gmt":"2025-12-31T03:29:27","slug":"custom-rectangular-baking-pan","status":"publish","type":"product","link":"https:\/\/jinhuaceramic.com\/es\/product\/custom-rectangular-baking-pan\/","title":{"rendered":"Molde rectangular personalizado para hornear, utensilios de cer\u00e1mica para hornear al por mayor"},"content":{"rendered":"<div class=\"wp-block-columns is-layout-flex wp-container-core-columns-is-layout-9d6595d7 wp-block-columns-is-layout-flex\">\n<div class=\"wp-block-column is-layout-flow wp-block-column-is-layout-flow\">\n<h3 class=\"wp-block-heading\">Sart\u00e9n rectangular para hornear Premium Custom Caracter\u00edsticas:<\/h3>\n\n\n\n<ul class=\"wp-block-list\">\n<li><strong>Colores elegantes: <\/strong>Este molde rectangular personalizado presenta un dise\u00f1o contrastado con una pared interior blanca y una exterior azul intenso, creando un contraste visual entre la calma del azul intenso y la limpieza del blanco. Los colores son firmes pero frescos, lo que a\u00f1ade un ambiente elegante a la cocina.<\/li>\n\n\n\n<li><strong>Borde ondulado:<\/strong> Este molde rectangular a medida est\u00e1 dise\u00f1ado con bordes ondulados \u00fanicos, que no s\u00f3lo aumentan la jerarqu\u00eda visual y la delicadeza del molde, sino que tambi\u00e9n facilitan la cocci\u00f3n de tartas crujientes y rizadas, mejorando el efecto de horneado.<\/li>\n\n\n\n<li><strong>Distribuci\u00f3n uniforme del calor:<\/strong> La gruesa estructura cer\u00e1mica de este molde rectangular a medida proporciona una distribuci\u00f3n uniforme del calor, reduciendo el sobrecalentamiento localizado de sus productos horneados, lo que resulta en una mejor consistencia y calidad en sus productos horneados. Esto hace que este molde sea una opci\u00f3n excelente para la producci\u00f3n a granel y la venta al por menor.<\/li>\n\n\n\n<li><strong>Opciones personalizadas:<\/strong> Estos platos de cer\u00e1mica para hornear al por mayor admiten juegos personalizados de un solo tama\u00f1o o de varios tama\u00f1os, adecuados para diversos usos como lasa\u00f1a, arroz al horno, pasteles y postres horneados.<\/li>\n\n\n\n<li><strong>Excelente material:<\/strong> Estos platos de cer\u00e1mica para hornear al por mayor tienen una excelente resistencia a las altas temperaturas y no son propensos a deformarse o da\u00f1arse debido a las altas temperaturas, lo que garantiza su durabilidad. Mientras tanto, la cer\u00e1mica tiene propiedades qu\u00edmicas estables y no libera sustancias nocivas, lo que puede garantizar la seguridad y la salud de los alimentos.<\/li>\n<\/ul>\n<\/div>\n\n\n\n<div class=\"wp-block-column is-layout-flow wp-block-column-is-layout-flow\">\n<figure class=\"wp-block-image size-full\"><img fetchpriority=\"high\" decoding=\"async\" width=\"1001\" height=\"1001\" src=\"https:\/\/jinhuaceramic.com\/wp-content\/uploads\/2025\/12\/Custom-Baking-Pans-with-Wavy-Edge-Wholesale-Ceramic-Casserole-Dishes-Set-3.webp\" alt=\"sart\u00e9n rectangular al por mayor de cer\u00e1mica para hornear-3\" class=\"wp-image-11628\" srcset=\"https:\/\/jinhuaceramic.com\/wp-content\/uploads\/2025\/12\/Custom-Baking-Pans-with-Wavy-Edge-Wholesale-Ceramic-Casserole-Dishes-Set-3.webp 1001w, https:\/\/jinhuaceramic.com\/wp-content\/uploads\/2025\/12\/Custom-Baking-Pans-with-Wavy-Edge-Wholesale-Ceramic-Casserole-Dishes-Set-3-300x300.webp 300w, https:\/\/jinhuaceramic.com\/wp-content\/uploads\/2025\/12\/Custom-Baking-Pans-with-Wavy-Edge-Wholesale-Ceramic-Casserole-Dishes-Set-3-150x150.webp 150w, https:\/\/jinhuaceramic.com\/wp-content\/uploads\/2025\/12\/Custom-Baking-Pans-with-Wavy-Edge-Wholesale-Ceramic-Casserole-Dishes-Set-3-768x768.webp 768w, https:\/\/jinhuaceramic.com\/wp-content\/uploads\/2025\/12\/Custom-Baking-Pans-with-Wavy-Edge-Wholesale-Ceramic-Casserole-Dishes-Set-3-12x12.webp 12w, https:\/\/jinhuaceramic.com\/wp-content\/uploads\/2025\/12\/Custom-Baking-Pans-with-Wavy-Edge-Wholesale-Ceramic-Casserole-Dishes-Set-3-285x285.webp 285w, https:\/\/jinhuaceramic.com\/wp-content\/uploads\/2025\/12\/Custom-Baking-Pans-with-Wavy-Edge-Wholesale-Ceramic-Casserole-Dishes-Set-3-270x270.webp 270w, https:\/\/jinhuaceramic.com\/wp-content\/uploads\/2025\/12\/Custom-Baking-Pans-with-Wavy-Edge-Wholesale-Ceramic-Casserole-Dishes-Set-3-540x540.webp 540w, https:\/\/jinhuaceramic.com\/wp-content\/uploads\/2025\/12\/Custom-Baking-Pans-with-Wavy-Edge-Wholesale-Ceramic-Casserole-Dishes-Set-3-660x660.webp 660w\" sizes=\"(max-width: 1001px) 100vw, 1001px\" \/><\/figure>\n<\/div>\n<\/div>","protected":false},"excerpt":{"rendered":"<p>Bienvenido a comprar nuestra bandeja rectangular para hornear a medida con un dise\u00f1o exquisito, combinaciones pr\u00e1cticas de m\u00faltiples tama\u00f1os y rendimiento de material cer\u00e1mico de alta calidad, que puede satisfacer las necesidades de cocci\u00f3n de diferentes porciones y escenarios. Estos moldes de cer\u00e1mica al por mayor ofrecen una excelente retenci\u00f3n del calor, un rendimiento duradero y una moderna est\u00e9tica de esmalte en dos tonos. Ideales para pedidos OEM\/ODM, se utilizan ampliamente para horneados comerciales, colecciones de utensilios de cocina al por menor y marcas privadas de utensilios de cocina.<\/p>","protected":false},"featured_media":11629,"comment_status":"closed","ping_status":"closed","template":"","meta":{"_acf_changed":false},"product_brand":[],"product_cat":[53],"product_tag":[71],"class_list":{"0":"post-11626","1":"product","2":"type-product","3":"status-publish","4":"has-post-thumbnail","6":"product_cat-bakeware-in-bulk","7":"product_tag-wholesale-baking-pans","9":"first","10":"instock","11":"shipping-taxable","12":"product-type-simple"},"acf":[],"_links":{"self":[{"href":"https:\/\/jinhuaceramic.com\/es\/wp-json\/wp\/v2\/product\/11626","targetHints":{"allow":["GET"]}}],"collection":[{"href":"https:\/\/jinhuaceramic.com\/es\/wp-json\/wp\/v2\/product"}],"about":[{"href":"https:\/\/jinhuaceramic.com\/es\/wp-json\/wp\/v2\/types\/product"}],"replies":[{"embeddable":true,"href":"https:\/\/jinhuaceramic.com\/es\/wp-json\/wp\/v2\/comments?post=11626"}],"version-history":[{"count":0,"href":"https:\/\/jinhuaceramic.com\/es\/wp-json\/wp\/v2\/product\/11626\/revisions"}],"wp:featuredmedia":[{"embeddable":true,"href":"https:\/\/jinhuaceramic.com\/es\/wp-json\/wp\/v2\/media\/11629"}],"wp:attachment":[{"href":"https:\/\/jinhuaceramic.com\/es\/wp-json\/wp\/v2\/media?parent=11626"}],"wp:term":[{"taxonomy":"product_brand","embeddable":true,"href":"https:\/\/jinhuaceramic.com\/es\/wp-json\/wp\/v2\/product_brand?post=11626"},{"taxonomy":"product_cat","embeddable":true,"href":"https:\/\/jinhuaceramic.com\/es\/wp-json\/wp\/v2\/product_cat?post=11626"},{"taxonomy":"product_tag","embeddable":true,"href":"https:\/\/jinhuaceramic.com\/es\/wp-json\/wp\/v2\/product_tag?post=11626"}],"curies":[{"name":"wp","href":"https:\/\/api.w.org\/{rel}","templated":true}]}}