{"id":11634,"date":"2025-12-31T03:51:33","date_gmt":"2025-12-31T03:51:33","guid":{"rendered":"https:\/\/jinhuaceramic.com\/?post_type=product&#038;p=11634"},"modified":"2025-12-31T03:51:35","modified_gmt":"2025-12-31T03:51:35","slug":"bulk-custom-ceramic-bathroom-accessories","status":"publish","type":"product","link":"https:\/\/jinhuaceramic.com\/es\/product\/bulk-custom-ceramic-bathroom-accessories\/","title":{"rendered":"Accesorios de ba\u00f1o de cer\u00e1mica personalizados a granel, juego de ba\u00f1o al por mayor"},"content":{"rendered":"<div class=\"wp-block-columns is-layout-flex wp-container-core-columns-is-layout-9d6595d7 wp-block-columns-is-layout-flex\">\n<div class=\"wp-block-column is-layout-flow wp-block-column-is-layout-flow\">\n<h3 class=\"wp-block-heading\">Premium Bulk Custom Accesorios de ba\u00f1o de cer\u00e1mica Caracter\u00edsticas:<\/h3>\n\n\n\n<ul class=\"wp-block-list\">\n<li><strong>Colores frescos:<\/strong> Estos accesorios de ba\u00f1o de cer\u00e1mica personalizados a granel presentan un dise\u00f1o verde degradado, desde el verde de la parte inferior hasta el blanco. El color es fresco y elegante, dando una sensaci\u00f3n natural y confortable, creando un ambiente tranquilo y relajante para el cuarto de ba\u00f1o.<\/li>\n\n\n\n<li><strong>Textura \u00fanica: <\/strong>Estos accesorios de ba\u00f1o de cer\u00e1mica personalizados a granel est\u00e1n acabados con una superficie de textura c\u00f3ncava-convexa de forma irregular que crea un efecto visual de estratificaci\u00f3n m\u00e1s art\u00edstico y elegante.<\/li>\n\n\n\n<li><strong>Juego completo:<\/strong> Estos conjuntos de ba\u00f1o al por mayor vienen en una variedad de estilos y proporcionan numerosas funciones en el cuarto de ba\u00f1o, incluyendo un dispensador de jab\u00f3n para jab\u00f3n de manos, un soporte para su cepillo de dientes y pasta de dientes, una taza de enjuague bucal, y una bandeja para sostener el jab\u00f3n para que pueda tener todo lo que necesita en su cuarto de ba\u00f1o.<\/li>\n\n\n\n<li><strong>Material de alta calidad: <\/strong>Estos juegos de ba\u00f1o al por mayor est\u00e1n fabricados con material cer\u00e1mico, que tiene una textura dura, es resistente al desgaste y a la corrosi\u00f3n, no se rompe f\u00e1cilmente y tiene una larga vida \u00fatil. La superficie es lisa, lo que dificulta la permanencia de manchas de agua y suciedad y facilita su limpieza.<\/li>\n<\/ul>\n<\/div>\n\n\n\n<div class=\"wp-block-column is-layout-flow wp-block-column-is-layout-flow\">\n<figure class=\"wp-block-image size-full\"><img fetchpriority=\"high\" decoding=\"async\" width=\"1600\" height=\"1600\" src=\"https:\/\/jinhuaceramic.com\/wp-content\/uploads\/2025\/12\/Gradient-Green-Bathroom-Set-Wholesale-Custom-Ceramic-Bathroom-Accessories.webp\" alt=\"bulk-custom-ceramic-bathroom-accessories-bath-set-wholesale-1\" class=\"wp-image-11640\" srcset=\"https:\/\/jinhuaceramic.com\/wp-content\/uploads\/2025\/12\/Gradient-Green-Bathroom-Set-Wholesale-Custom-Ceramic-Bathroom-Accessories.webp 1600w, https:\/\/jinhuaceramic.com\/wp-content\/uploads\/2025\/12\/Gradient-Green-Bathroom-Set-Wholesale-Custom-Ceramic-Bathroom-Accessories-300x300.webp 300w, https:\/\/jinhuaceramic.com\/wp-content\/uploads\/2025\/12\/Gradient-Green-Bathroom-Set-Wholesale-Custom-Ceramic-Bathroom-Accessories-150x150.webp 150w, https:\/\/jinhuaceramic.com\/wp-content\/uploads\/2025\/12\/Gradient-Green-Bathroom-Set-Wholesale-Custom-Ceramic-Bathroom-Accessories-768x768.webp 768w, https:\/\/jinhuaceramic.com\/wp-content\/uploads\/2025\/12\/Gradient-Green-Bathroom-Set-Wholesale-Custom-Ceramic-Bathroom-Accessories-12x12.webp 12w, https:\/\/jinhuaceramic.com\/wp-content\/uploads\/2025\/12\/Gradient-Green-Bathroom-Set-Wholesale-Custom-Ceramic-Bathroom-Accessories-285x285.webp 285w, https:\/\/jinhuaceramic.com\/wp-content\/uploads\/2025\/12\/Gradient-Green-Bathroom-Set-Wholesale-Custom-Ceramic-Bathroom-Accessories-270x270.webp 270w, https:\/\/jinhuaceramic.com\/wp-content\/uploads\/2025\/12\/Gradient-Green-Bathroom-Set-Wholesale-Custom-Ceramic-Bathroom-Accessories-540x540.webp 540w, https:\/\/jinhuaceramic.com\/wp-content\/uploads\/2025\/12\/Gradient-Green-Bathroom-Set-Wholesale-Custom-Ceramic-Bathroom-Accessories-660x660.webp 660w\" sizes=\"(max-width: 1600px) 100vw, 1600px\" \/><\/figure>\n<\/div>\n<\/div>","protected":false},"excerpt":{"rendered":"<p>Bienvenido a comprar nuestros accesorios de ba\u00f1o de cer\u00e1mica a granel personalizados son una opci\u00f3n ideal para mejorar la calidad y la comodidad del ba\u00f1o debido a su hermoso dise\u00f1o exterior, funcionalidad pr\u00e1ctica y materiales duraderos y f\u00e1ciles de limpiar. Tanto si se busca la est\u00e9tica como la practicidad, los consumidores pueden encontrar satisfacci\u00f3n en este juego de ba\u00f1o.<\/p>","protected":false},"featured_media":11635,"comment_status":"closed","ping_status":"closed","template":"","meta":{"_acf_changed":false},"product_brand":[],"product_cat":[51],"product_tag":[74],"class_list":{"0":"post-11634","1":"product","2":"type-product","3":"status-publish","4":"has-post-thumbnail","6":"product_cat-bathroom-accessories-wholesale","7":"product_tag-ceramic-bath-accessories-wholesale","9":"first","10":"instock","11":"shipping-taxable","12":"product-type-simple"},"acf":[],"_links":{"self":[{"href":"https:\/\/jinhuaceramic.com\/es\/wp-json\/wp\/v2\/product\/11634","targetHints":{"allow":["GET"]}}],"collection":[{"href":"https:\/\/jinhuaceramic.com\/es\/wp-json\/wp\/v2\/product"}],"about":[{"href":"https:\/\/jinhuaceramic.com\/es\/wp-json\/wp\/v2\/types\/product"}],"replies":[{"embeddable":true,"href":"https:\/\/jinhuaceramic.com\/es\/wp-json\/wp\/v2\/comments?post=11634"}],"version-history":[{"count":0,"href":"https:\/\/jinhuaceramic.com\/es\/wp-json\/wp\/v2\/product\/11634\/revisions"}],"wp:featuredmedia":[{"embeddable":true,"href":"https:\/\/jinhuaceramic.com\/es\/wp-json\/wp\/v2\/media\/11635"}],"wp:attachment":[{"href":"https:\/\/jinhuaceramic.com\/es\/wp-json\/wp\/v2\/media?parent=11634"}],"wp:term":[{"taxonomy":"product_brand","embeddable":true,"href":"https:\/\/jinhuaceramic.com\/es\/wp-json\/wp\/v2\/product_brand?post=11634"},{"taxonomy":"product_cat","embeddable":true,"href":"https:\/\/jinhuaceramic.com\/es\/wp-json\/wp\/v2\/product_cat?post=11634"},{"taxonomy":"product_tag","embeddable":true,"href":"https:\/\/jinhuaceramic.com\/es\/wp-json\/wp\/v2\/product_tag?post=11634"}],"curies":[{"name":"wp","href":"https:\/\/api.w.org\/{rel}","templated":true}]}}