{"id":11643,"date":"2025-12-31T07:28:56","date_gmt":"2025-12-31T07:28:56","guid":{"rendered":"https:\/\/jinhuaceramic.com\/?post_type=product&#038;p=11643"},"modified":"2025-12-31T07:30:00","modified_gmt":"2025-12-31T07:30:00","slug":"round-baking-dishes-wholesale","status":"publish","type":"product","link":"https:\/\/jinhuaceramic.com\/es\/product\/round-baking-dishes-wholesale\/","title":{"rendered":"Platos redondos de cer\u00e1mica para hornear al por mayor, platos aptos para horno"},"content":{"rendered":"<div class=\"wp-block-columns is-layout-flex wp-container-core-columns-is-layout-9d6595d7 wp-block-columns-is-layout-flex\">\n<div class=\"wp-block-column is-layout-flow wp-block-column-is-layout-flow\">\n<h3 class=\"wp-block-heading\">Premium Cer\u00e1mica Redonda Hornear Platos al por mayor Caracter\u00edsticas:<\/h3>\n\n\n\n<ul class=\"wp-block-list\">\n<li><strong>Color fresco: <\/strong>Estos platos redondos para hornear al por mayor est\u00e1n dise\u00f1ados en forma redonda con un esmalte azul cielo puro, creando un tono de color fresco y suave que aporta una experiencia visual tranquila y confortable. Son adecuados para estilos de cocina o mesa de comedor como el estilo n\u00f3rdico y el estilo crema.<\/li>\n\n\n\n<li><strong>Dise\u00f1o detallado:<\/strong> La textura de rayas verticales en el interior de estos platos redondos para hornear al por mayor no s\u00f3lo a\u00f1ade profundidad visual, sino que tambi\u00e9n ayuda a elevar los alimentos y a evitar que el fondo se empape de grasa, haciendo que los productos horneados sepan m\u00e1s secos.<\/li>\n\n\n\n<li><strong>Forma redonda con una sola asa:<\/strong> La bandeja redonda para hornear al por mayor garantiza un calentamiento uniforme, y el asa \u00fanica facilita levantarla y sacarla del horno, y el orificio circular del asa se puede colgar para guardarla, lo que la hace adecuada para restaurantes y hogares.<\/li>\n\n\n\n<li><strong>Versatilidad:<\/strong> Estas fuentes de horno personalizadas tienen una forma compacta y pueden utilizarse en el horno para hornear platos de una sola raci\u00f3n, como alitas de pollo a la parrilla y peque\u00f1os pasteles. Tambi\u00e9n pueden servirse directamente en la mesa, lo que los hace id\u00f3neos para cenas en solitario y meriendas.<\/li>\n\n\n\n<li><strong>Material de alta calidad:<\/strong> Estos moldes para hornear personalizados est\u00e1n fabricados con material cer\u00e1mico de alta calidad, resistente al calor y que no se deforma con el horneado a alta temperatura. Resistentes y duraderos, no son propensos a ara\u00f1azos o da\u00f1os, con una larga vida \u00fatil.<\/li>\n<\/ul>\n<\/div>\n\n\n\n<div class=\"wp-block-column is-layout-flow wp-block-column-is-layout-flow\">\n<figure class=\"wp-block-image size-full\"><img fetchpriority=\"high\" decoding=\"async\" width=\"1246\" height=\"1246\" src=\"https:\/\/jinhuaceramic.com\/wp-content\/uploads\/2025\/12\/Round-Small-Baking-Dishes-Wholesale-Custom-Ceramic-Food-Service-Baking-Pans-2.webp\" alt=\"platos de cer\u00e1mica redondos para hornear al por mayor aptos para horno-2\" class=\"wp-image-11644\" srcset=\"https:\/\/jinhuaceramic.com\/wp-content\/uploads\/2025\/12\/Round-Small-Baking-Dishes-Wholesale-Custom-Ceramic-Food-Service-Baking-Pans-2.webp 1246w, https:\/\/jinhuaceramic.com\/wp-content\/uploads\/2025\/12\/Round-Small-Baking-Dishes-Wholesale-Custom-Ceramic-Food-Service-Baking-Pans-2-300x300.webp 300w, https:\/\/jinhuaceramic.com\/wp-content\/uploads\/2025\/12\/Round-Small-Baking-Dishes-Wholesale-Custom-Ceramic-Food-Service-Baking-Pans-2-150x150.webp 150w, https:\/\/jinhuaceramic.com\/wp-content\/uploads\/2025\/12\/Round-Small-Baking-Dishes-Wholesale-Custom-Ceramic-Food-Service-Baking-Pans-2-768x768.webp 768w, https:\/\/jinhuaceramic.com\/wp-content\/uploads\/2025\/12\/Round-Small-Baking-Dishes-Wholesale-Custom-Ceramic-Food-Service-Baking-Pans-2-12x12.webp 12w, https:\/\/jinhuaceramic.com\/wp-content\/uploads\/2025\/12\/Round-Small-Baking-Dishes-Wholesale-Custom-Ceramic-Food-Service-Baking-Pans-2-285x285.webp 285w, https:\/\/jinhuaceramic.com\/wp-content\/uploads\/2025\/12\/Round-Small-Baking-Dishes-Wholesale-Custom-Ceramic-Food-Service-Baking-Pans-2-270x270.webp 270w, https:\/\/jinhuaceramic.com\/wp-content\/uploads\/2025\/12\/Round-Small-Baking-Dishes-Wholesale-Custom-Ceramic-Food-Service-Baking-Pans-2-540x540.webp 540w, https:\/\/jinhuaceramic.com\/wp-content\/uploads\/2025\/12\/Round-Small-Baking-Dishes-Wholesale-Custom-Ceramic-Food-Service-Baking-Pans-2-660x660.webp 660w\" sizes=\"(max-width: 1246px) 100vw, 1246px\" \/><\/figure>\n<\/div>\n<\/div>","protected":false},"excerpt":{"rendered":"<p>Bienvenido a comprar nuestros platos redondos de cer\u00e1mica para hornear al por mayor, con placas de horno seguro con un solo mango, dise\u00f1ado para uso profesional y al por menor. Fabricados en cer\u00e1mica de alta cocci\u00f3n para una distribuci\u00f3n uniforme del calor y un rendimiento fiable en el horno, estos platos para hornear admiten pedidos al por mayor y personalizaci\u00f3n OEM\/ODM. Ideales para restaurantes, hoteles, supermercados y marcas de utensilios de cocina que buscan utensilios de cer\u00e1mica duraderos y personalizables.<\/p>","protected":false},"featured_media":11648,"comment_status":"closed","ping_status":"closed","template":"","meta":{"_acf_changed":false},"product_brand":[],"product_cat":[53],"product_tag":[71],"class_list":{"0":"post-11643","1":"product","2":"type-product","3":"status-publish","4":"has-post-thumbnail","6":"product_cat-bakeware-in-bulk","7":"product_tag-wholesale-baking-pans","9":"first","10":"instock","11":"shipping-taxable","12":"product-type-simple"},"acf":[],"_links":{"self":[{"href":"https:\/\/jinhuaceramic.com\/es\/wp-json\/wp\/v2\/product\/11643","targetHints":{"allow":["GET"]}}],"collection":[{"href":"https:\/\/jinhuaceramic.com\/es\/wp-json\/wp\/v2\/product"}],"about":[{"href":"https:\/\/jinhuaceramic.com\/es\/wp-json\/wp\/v2\/types\/product"}],"replies":[{"embeddable":true,"href":"https:\/\/jinhuaceramic.com\/es\/wp-json\/wp\/v2\/comments?post=11643"}],"version-history":[{"count":0,"href":"https:\/\/jinhuaceramic.com\/es\/wp-json\/wp\/v2\/product\/11643\/revisions"}],"wp:featuredmedia":[{"embeddable":true,"href":"https:\/\/jinhuaceramic.com\/es\/wp-json\/wp\/v2\/media\/11648"}],"wp:attachment":[{"href":"https:\/\/jinhuaceramic.com\/es\/wp-json\/wp\/v2\/media?parent=11643"}],"wp:term":[{"taxonomy":"product_brand","embeddable":true,"href":"https:\/\/jinhuaceramic.com\/es\/wp-json\/wp\/v2\/product_brand?post=11643"},{"taxonomy":"product_cat","embeddable":true,"href":"https:\/\/jinhuaceramic.com\/es\/wp-json\/wp\/v2\/product_cat?post=11643"},{"taxonomy":"product_tag","embeddable":true,"href":"https:\/\/jinhuaceramic.com\/es\/wp-json\/wp\/v2\/product_tag?post=11643"}],"curies":[{"name":"wp","href":"https:\/\/api.w.org\/{rel}","templated":true}]}}