{"id":11662,"date":"2025-12-31T08:06:28","date_gmt":"2025-12-31T08:06:28","guid":{"rendered":"https:\/\/jinhuaceramic.com\/?post_type=product&#038;p=11662"},"modified":"2025-12-31T08:06:31","modified_gmt":"2025-12-31T08:06:31","slug":"white-ceramic-bathroom-set-wholesale","status":"publish","type":"product","link":"https:\/\/jinhuaceramic.com\/es\/product\/white-ceramic-bathroom-set-wholesale\/","title":{"rendered":"Juego de ba\u00f1o de cer\u00e1mica blanca al por mayor, accesorios de ba\u00f1o personalizados"},"content":{"rendered":"<div class=\"wp-block-columns is-layout-flex wp-container-core-columns-is-layout-9d6595d7 wp-block-columns-is-layout-flex\">\n<div class=\"wp-block-column is-layout-flow wp-block-column-is-layout-flow\">\n<h3 class=\"wp-block-heading\">Premium Pure White Ceramic Bathroom Set Venta al por mayor Set de ba\u00f1o Caracter\u00edsticas:<\/h3>\n\n\n\n<ul class=\"wp-block-list\">\n<li><strong>Dise\u00f1o minimalista:<\/strong> El juego de ba\u00f1o de cer\u00e1mica blanca al por mayor cuenta con un dise\u00f1o blanco puro mate, emparejado con formas cil\u00edndricas simples, combinando el minimalismo moderno con el estilo wabi-sabi, y puede adaptarse a varios estilos de decoraci\u00f3n de ba\u00f1o como el minimalismo, el estilo crema, el estilo n\u00f3rdico, etc.<\/li>\n\n\n\n<li><strong>Juego completo:<\/strong> El juego de ba\u00f1o de cer\u00e1mica blanca al por mayor viene con todos los elementos esenciales necesarios para cualquier cuarto de ba\u00f1o, incluyendo un dispensador de jab\u00f3n, tarros de almacenamiento, portacepillos de dientes y vasos de enjuague bucal. Este set le ayudar\u00e1 a mantener todos sus art\u00edculos bien organizados, como desinfectantes de manos, bolas de algod\u00f3n, cepillos de dientes y pasta de dientes, etc.<\/li>\n\n\n\n<li><strong>Material duradero:<\/strong> Estos accesorios de ba\u00f1o personalizados tienen una gran dureza y resistencia al desgaste, por lo que son menos propensos a sufrir ara\u00f1azos o da\u00f1os durante el uso diario. El material cer\u00e1mico es impermeable y a prueba de humedad, lo que puede proteger los art\u00edculos del interior del recipiente de la humedad.<\/li>\n\n\n\n<li><strong>Excelente calidad:<\/strong> Estos accesorios de ba\u00f1o personalizados tienen un cierto peso y textura, y se sienten pesados en la mano, dando a la gente una sensaci\u00f3n de alta calidad. Se colocan en la encimera del cuarto de ba\u00f1o, firmes y elegantes, realzando el grado y el estilo generales del cuarto de ba\u00f1o.<\/li>\n\n\n\n<li><strong>Adecuado para la compra al por mayor: <\/strong>Capacidad de producci\u00f3n estable, admite grandes pedidos, normas de calidad unificadas, adecuada para proyectos hoteleros, cadenas minoristas y compras al por mayor transfronterizas.<\/li>\n<\/ul>\n<\/div>\n\n\n\n<div class=\"wp-block-column is-layout-flow wp-block-column-is-layout-flow\">\n<figure class=\"wp-block-image size-full\"><img fetchpriority=\"high\" decoding=\"async\" width=\"2000\" height=\"2000\" src=\"https:\/\/jinhuaceramic.com\/wp-content\/uploads\/2025\/12\/Pure-White-Ceramic-Bathroom-Set-Custom-Bathroom-Accessories-Wholesale-2.webp\" alt=\"juego de ba\u00f1o de cer\u00e1mica blanca - mayorista - accesorio de ba\u00f1o personalizado - 2\" class=\"wp-image-11663\" srcset=\"https:\/\/jinhuaceramic.com\/wp-content\/uploads\/2025\/12\/Pure-White-Ceramic-Bathroom-Set-Custom-Bathroom-Accessories-Wholesale-2.webp 2000w, https:\/\/jinhuaceramic.com\/wp-content\/uploads\/2025\/12\/Pure-White-Ceramic-Bathroom-Set-Custom-Bathroom-Accessories-Wholesale-2-300x300.webp 300w, https:\/\/jinhuaceramic.com\/wp-content\/uploads\/2025\/12\/Pure-White-Ceramic-Bathroom-Set-Custom-Bathroom-Accessories-Wholesale-2-150x150.webp 150w, https:\/\/jinhuaceramic.com\/wp-content\/uploads\/2025\/12\/Pure-White-Ceramic-Bathroom-Set-Custom-Bathroom-Accessories-Wholesale-2-768x768.webp 768w, https:\/\/jinhuaceramic.com\/wp-content\/uploads\/2025\/12\/Pure-White-Ceramic-Bathroom-Set-Custom-Bathroom-Accessories-Wholesale-2-12x12.webp 12w, https:\/\/jinhuaceramic.com\/wp-content\/uploads\/2025\/12\/Pure-White-Ceramic-Bathroom-Set-Custom-Bathroom-Accessories-Wholesale-2-285x285.webp 285w, https:\/\/jinhuaceramic.com\/wp-content\/uploads\/2025\/12\/Pure-White-Ceramic-Bathroom-Set-Custom-Bathroom-Accessories-Wholesale-2-1600x1600.webp 1600w, https:\/\/jinhuaceramic.com\/wp-content\/uploads\/2025\/12\/Pure-White-Ceramic-Bathroom-Set-Custom-Bathroom-Accessories-Wholesale-2-270x270.webp 270w, https:\/\/jinhuaceramic.com\/wp-content\/uploads\/2025\/12\/Pure-White-Ceramic-Bathroom-Set-Custom-Bathroom-Accessories-Wholesale-2-540x540.webp 540w, https:\/\/jinhuaceramic.com\/wp-content\/uploads\/2025\/12\/Pure-White-Ceramic-Bathroom-Set-Custom-Bathroom-Accessories-Wholesale-2-660x660.webp 660w\" sizes=\"(max-width: 2000px) 100vw, 2000px\" \/><\/figure>\n<\/div>\n<\/div>","protected":false},"excerpt":{"rendered":"<p>Bienvenido a comprar nuestro set de ba\u00f1o de cer\u00e1mica blanca pura al por mayor, dise\u00f1ado para hoteles, resorts y marcas minoristas. Este conjunto de accesorios de ba\u00f1o de cer\u00e1mica personalizados cuenta con un acabado esmaltado duradero, un dise\u00f1o minimalista y opciones OEM\/ODM flexibles. Ideal para compras al por mayor, ofrece una calidad constante, f\u00e1cil mantenimiento y un aspecto limpio y de primera calidad para proyectos de ba\u00f1os comerciales.<\/p>","protected":false},"featured_media":11668,"comment_status":"closed","ping_status":"closed","template":"","meta":{"_acf_changed":false},"product_brand":[],"product_cat":[51],"product_tag":[74],"class_list":{"0":"post-11662","1":"product","2":"type-product","3":"status-publish","4":"has-post-thumbnail","6":"product_cat-bathroom-accessories-wholesale","7":"product_tag-ceramic-bath-accessories-wholesale","9":"first","10":"instock","11":"shipping-taxable","12":"product-type-simple"},"acf":[],"_links":{"self":[{"href":"https:\/\/jinhuaceramic.com\/es\/wp-json\/wp\/v2\/product\/11662","targetHints":{"allow":["GET"]}}],"collection":[{"href":"https:\/\/jinhuaceramic.com\/es\/wp-json\/wp\/v2\/product"}],"about":[{"href":"https:\/\/jinhuaceramic.com\/es\/wp-json\/wp\/v2\/types\/product"}],"replies":[{"embeddable":true,"href":"https:\/\/jinhuaceramic.com\/es\/wp-json\/wp\/v2\/comments?post=11662"}],"version-history":[{"count":0,"href":"https:\/\/jinhuaceramic.com\/es\/wp-json\/wp\/v2\/product\/11662\/revisions"}],"wp:featuredmedia":[{"embeddable":true,"href":"https:\/\/jinhuaceramic.com\/es\/wp-json\/wp\/v2\/media\/11668"}],"wp:attachment":[{"href":"https:\/\/jinhuaceramic.com\/es\/wp-json\/wp\/v2\/media?parent=11662"}],"wp:term":[{"taxonomy":"product_brand","embeddable":true,"href":"https:\/\/jinhuaceramic.com\/es\/wp-json\/wp\/v2\/product_brand?post=11662"},{"taxonomy":"product_cat","embeddable":true,"href":"https:\/\/jinhuaceramic.com\/es\/wp-json\/wp\/v2\/product_cat?post=11662"},{"taxonomy":"product_tag","embeddable":true,"href":"https:\/\/jinhuaceramic.com\/es\/wp-json\/wp\/v2\/product_tag?post=11662"}],"curies":[{"name":"wp","href":"https:\/\/api.w.org\/{rel}","templated":true}]}}