{"id":11717,"date":"2026-01-06T01:44:01","date_gmt":"2026-01-06T01:44:01","guid":{"rendered":"https:\/\/jinhuaceramic.com\/?post_type=product&#038;p=11717"},"modified":"2026-01-06T01:44:04","modified_gmt":"2026-01-06T01:44:04","slug":"factory-supply-bathroom-set","status":"publish","type":"product","link":"https:\/\/jinhuaceramic.com\/es\/product\/factory-supply-bathroom-set\/","title":{"rendered":"Juego de ba\u00f1o de suministro de f\u00e1brica, accesorios de ba\u00f1o de cer\u00e1mica gris a granel"},"content":{"rendered":"<div class=\"wp-block-columns is-layout-flex wp-container-core-columns-is-layout-9d6595d7 wp-block-columns-is-layout-flex\">\n<div class=\"wp-block-column is-layout-flow wp-block-column-is-layout-flow\">\n<h3 class=\"wp-block-heading\">Premium\u00a0Factory Supply Bathroom Set Features:<\/h3>\n\n\n\n<ul class=\"wp-block-list\">\n<li><strong>Dise\u00f1o moderno: <\/strong>The factory supply bathroom set is based on matte gray tone, with a minimal geometric look. The light gray color is unobtrusive and adaptable, and the contemporary minimalist design can bring a sense of calm and well-kept feel to your bathroom space.<\/li>\n\n\n\n<li><strong>Juego completo: <\/strong>The factory supply bathroom set is diverse, since different bathroom needs at different times, it includes a soap dispenser, toothbrush holder,\u2002mouthwash cup, storage jar, and soap dish. Typically, the common needs of daily bathroom use make the spatial management of bathroom supplies.<\/li>\n\n\n\n<li><strong>Detalles bien pensados:<\/strong> The detailed design of these wholesale bathroom accessories is practical: the partition design of the toothbrush holder balances hygiene and convenience; The small tray of the toothbrush holder is convenient for storing small items such as jewelry and watches; The lid of the storage jar is tightly attached to the can body, with excellent sealing performance.<\/li>\n\n\n\n<li><strong>Material de alta calidad:<\/strong> These wholesale bathroom accessories are made of high-quality ceramic materials with high hardness and wear resistance, which are not easily damaged in daily use and can withstand the test of time.<\/li>\n\n\n\n<li><strong>Suministro directo de f\u00e1brica:<\/strong> Produced directly from the source ceramic factory, with mature production lines and quality control systems, supporting long-term stable supply and large-volume orders.<\/li>\n<\/ul>\n<\/div>\n\n\n\n<div class=\"wp-block-column is-layout-flow wp-block-column-is-layout-flow\">\n<figure class=\"wp-block-image size-full\"><img fetchpriority=\"high\" decoding=\"async\" width=\"2560\" height=\"2560\" src=\"https:\/\/jinhuaceramic.com\/wp-content\/uploads\/2026\/01\/Gray-Ceramic-Bathroom-Accessories-Custom-Soap-Dispenser-and-Toothbrush-Holder-Set-4.webp\" alt=\"factory-supply-bathroom-set-ceramic-bathroom-accessory-bulk-4\" class=\"wp-image-11720\" srcset=\"https:\/\/jinhuaceramic.com\/wp-content\/uploads\/2026\/01\/Gray-Ceramic-Bathroom-Accessories-Custom-Soap-Dispenser-and-Toothbrush-Holder-Set-4.webp 2560w, https:\/\/jinhuaceramic.com\/wp-content\/uploads\/2026\/01\/Gray-Ceramic-Bathroom-Accessories-Custom-Soap-Dispenser-and-Toothbrush-Holder-Set-4-300x300.webp 300w, https:\/\/jinhuaceramic.com\/wp-content\/uploads\/2026\/01\/Gray-Ceramic-Bathroom-Accessories-Custom-Soap-Dispenser-and-Toothbrush-Holder-Set-4-150x150.webp 150w, https:\/\/jinhuaceramic.com\/wp-content\/uploads\/2026\/01\/Gray-Ceramic-Bathroom-Accessories-Custom-Soap-Dispenser-and-Toothbrush-Holder-Set-4-768x768.webp 768w, https:\/\/jinhuaceramic.com\/wp-content\/uploads\/2026\/01\/Gray-Ceramic-Bathroom-Accessories-Custom-Soap-Dispenser-and-Toothbrush-Holder-Set-4-12x12.webp 12w, https:\/\/jinhuaceramic.com\/wp-content\/uploads\/2026\/01\/Gray-Ceramic-Bathroom-Accessories-Custom-Soap-Dispenser-and-Toothbrush-Holder-Set-4-285x285.webp 285w, https:\/\/jinhuaceramic.com\/wp-content\/uploads\/2026\/01\/Gray-Ceramic-Bathroom-Accessories-Custom-Soap-Dispenser-and-Toothbrush-Holder-Set-4-1600x1600.webp 1600w, https:\/\/jinhuaceramic.com\/wp-content\/uploads\/2026\/01\/Gray-Ceramic-Bathroom-Accessories-Custom-Soap-Dispenser-and-Toothbrush-Holder-Set-4-270x270.webp 270w, https:\/\/jinhuaceramic.com\/wp-content\/uploads\/2026\/01\/Gray-Ceramic-Bathroom-Accessories-Custom-Soap-Dispenser-and-Toothbrush-Holder-Set-4-540x540.webp 540w, https:\/\/jinhuaceramic.com\/wp-content\/uploads\/2026\/01\/Gray-Ceramic-Bathroom-Accessories-Custom-Soap-Dispenser-and-Toothbrush-Holder-Set-4-660x660.webp 660w\" sizes=\"(max-width: 2560px) 100vw, 2560px\" \/><\/figure>\n<\/div>\n<\/div>","protected":false},"excerpt":{"rendered":"<p>Welcome to purchase the factory supply bathroom set, combining aesthetics and practicality, designed for hotels, retailers, and project buyers. The durability of these gray custom bathroom accessory sets ensures long-term cost-effectiveness, making them a high-quality choice for creating clean and high-end bathroom spaces.<\/p>","protected":false},"featured_media":11722,"comment_status":"closed","ping_status":"closed","template":"","meta":{"_acf_changed":false},"product_brand":[],"product_cat":[51],"product_tag":[74],"class_list":{"0":"post-11717","1":"product","2":"type-product","3":"status-publish","4":"has-post-thumbnail","6":"product_cat-bathroom-accessories-wholesale","7":"product_tag-ceramic-bath-accessories-wholesale","9":"first","10":"instock","11":"shipping-taxable","12":"product-type-simple"},"acf":[],"_links":{"self":[{"href":"https:\/\/jinhuaceramic.com\/es\/wp-json\/wp\/v2\/product\/11717","targetHints":{"allow":["GET"]}}],"collection":[{"href":"https:\/\/jinhuaceramic.com\/es\/wp-json\/wp\/v2\/product"}],"about":[{"href":"https:\/\/jinhuaceramic.com\/es\/wp-json\/wp\/v2\/types\/product"}],"replies":[{"embeddable":true,"href":"https:\/\/jinhuaceramic.com\/es\/wp-json\/wp\/v2\/comments?post=11717"}],"version-history":[{"count":0,"href":"https:\/\/jinhuaceramic.com\/es\/wp-json\/wp\/v2\/product\/11717\/revisions"}],"wp:featuredmedia":[{"embeddable":true,"href":"https:\/\/jinhuaceramic.com\/es\/wp-json\/wp\/v2\/media\/11722"}],"wp:attachment":[{"href":"https:\/\/jinhuaceramic.com\/es\/wp-json\/wp\/v2\/media?parent=11717"}],"wp:term":[{"taxonomy":"product_brand","embeddable":true,"href":"https:\/\/jinhuaceramic.com\/es\/wp-json\/wp\/v2\/product_brand?post=11717"},{"taxonomy":"product_cat","embeddable":true,"href":"https:\/\/jinhuaceramic.com\/es\/wp-json\/wp\/v2\/product_cat?post=11717"},{"taxonomy":"product_tag","embeddable":true,"href":"https:\/\/jinhuaceramic.com\/es\/wp-json\/wp\/v2\/product_tag?post=11717"}],"curies":[{"name":"wp","href":"https:\/\/api.w.org\/{rel}","templated":true}]}}