{"id":11761,"date":"2026-01-09T03:12:43","date_gmt":"2026-01-09T03:12:43","guid":{"rendered":"https:\/\/jinhuaceramic.com\/?post_type=product&#038;p=11761"},"modified":"2026-01-09T03:12:46","modified_gmt":"2026-01-09T03:12:46","slug":"oval-baking-dish-wholesale","status":"publish","type":"product","link":"https:\/\/jinhuaceramic.com\/es\/product\/oval-baking-dish-wholesale\/","title":{"rendered":"Plato Ovalado para Hornear al por mayor, Suministros para Hornear de Cer\u00e1mica"},"content":{"rendered":"<div class=\"wp-block-columns is-layout-flex wp-container-core-columns-is-layout-9d6595d7 wp-block-columns-is-layout-flex\">\n<div class=\"wp-block-column is-layout-flow wp-block-column-is-layout-flow\">\n<h3 class=\"wp-block-heading\">Plato para hornear ovalado Premium al por mayor Caracter\u00edsticas:<\/h3>\n\n\n\n<ul class=\"wp-block-list\">\n<li><strong>Dise\u00f1o elegante:<\/strong> Esta fuente de horno ovalada al por mayor adopta un dise\u00f1o contrastado, con una pared exterior blanca con motivos de rayas grises y una pared interior gris puro. El tono gris de baja saturaci\u00f3n es estable y atmosf\u00e9rico, y el patr\u00f3n de rayas verticales a\u00f1ade profundidad visual, presentando un estilo moderno y de moda.<\/li>\n\n\n\n<li><strong>Forma pr\u00e1ctica: <\/strong>Esta fuente de horno ovalada se adapta perfectamente a la colocaci\u00f3n de ingredientes largos, como pescados enteros y chuletas de cordero a la parrilla, y ahorra m\u00e1s espacio en el horno que las fuentes redondas. Las asas integradas a ambos lados son de f\u00e1cil acceso, evitan quemaduras y aumentan la comodidad y seguridad de uso.<\/li>\n\n\n\n<li><strong>Material de alta calidad:<\/strong> La fuente de horno ovalada al por mayor est\u00e1 fabricada con materiales cer\u00e1micos de alta calidad y tiene un cierto grado de estabilidad t\u00e9rmica, lo que permite calentar los alimentos de forma m\u00e1s uniforme, evitar que se quemen localmente o se cocinen poco y mejorar la eficacia de la cocci\u00f3n.<\/li>\n\n\n\n<li><strong>F\u00e1cil de limpiar: <\/strong>Estos moldes de cer\u00e1mica al por mayor tienen una superficie de esmalte lisa y densa, que dificulta la adherencia de restos de comida y manchas de aceite. Despu\u00e9s de hornearlos, l\u00edmpielos suavemente con agua tibia y detergente; las manchas se eliminar\u00e1n f\u00e1cilmente y los moldes quedar\u00e1n limpios.<\/li>\n\n\n\n<li><strong>Adecuado para compras al por mayor:<\/strong> Estos moldes de cer\u00e1mica para hornear al por mayor tienen una estructura estable, un bajo \u00edndice de rotura, son adecuados para la producci\u00f3n a gran escala y la exportaci\u00f3n, y admiten pedidos al por mayor OEM\/ODM.<\/li>\n<\/ul>\n<\/div>\n\n\n\n<div class=\"wp-block-column is-layout-flow wp-block-column-is-layout-flow\">\n<figure class=\"wp-block-image size-full\"><img fetchpriority=\"high\" decoding=\"async\" width=\"726\" height=\"726\" src=\"https:\/\/jinhuaceramic.com\/wp-content\/uploads\/2026\/01\/Oval-Baking-Dish-with-Striped-Pattern-Wholesale-Ceramic-Baking-Pans-Supplies-7.webp\" alt=\"oval-baking-dish-wholesale-ceramic-baking-pans-supplies-7\" class=\"wp-image-11767\" srcset=\"https:\/\/jinhuaceramic.com\/wp-content\/uploads\/2026\/01\/Oval-Baking-Dish-with-Striped-Pattern-Wholesale-Ceramic-Baking-Pans-Supplies-7.webp 726w, https:\/\/jinhuaceramic.com\/wp-content\/uploads\/2026\/01\/Oval-Baking-Dish-with-Striped-Pattern-Wholesale-Ceramic-Baking-Pans-Supplies-7-300x300.webp 300w, https:\/\/jinhuaceramic.com\/wp-content\/uploads\/2026\/01\/Oval-Baking-Dish-with-Striped-Pattern-Wholesale-Ceramic-Baking-Pans-Supplies-7-150x150.webp 150w, https:\/\/jinhuaceramic.com\/wp-content\/uploads\/2026\/01\/Oval-Baking-Dish-with-Striped-Pattern-Wholesale-Ceramic-Baking-Pans-Supplies-7-12x12.webp 12w, https:\/\/jinhuaceramic.com\/wp-content\/uploads\/2026\/01\/Oval-Baking-Dish-with-Striped-Pattern-Wholesale-Ceramic-Baking-Pans-Supplies-7-285x285.webp 285w, https:\/\/jinhuaceramic.com\/wp-content\/uploads\/2026\/01\/Oval-Baking-Dish-with-Striped-Pattern-Wholesale-Ceramic-Baking-Pans-Supplies-7-270x270.webp 270w, https:\/\/jinhuaceramic.com\/wp-content\/uploads\/2026\/01\/Oval-Baking-Dish-with-Striped-Pattern-Wholesale-Ceramic-Baking-Pans-Supplies-7-540x540.webp 540w, https:\/\/jinhuaceramic.com\/wp-content\/uploads\/2026\/01\/Oval-Baking-Dish-with-Striped-Pattern-Wholesale-Ceramic-Baking-Pans-Supplies-7-660x660.webp 660w\" sizes=\"(max-width: 726px) 100vw, 726px\" \/><\/figure>\n<\/div>\n<\/div>","protected":false},"excerpt":{"rendered":"<p>Bienvenido a comprar nuestro plato de hornear oval al por mayor con un patr\u00f3n de rayas, dise\u00f1ado para hornear profesional y suministro de servicio de alimentos. Estos moldes de cer\u00e1mica para hornear est\u00e1n hechos de cer\u00e1mica cocida a alta temperatura con un esmalte de grado alimentario duradero, que ofrece una distribuci\u00f3n uniforme del calor y f\u00e1cil limpieza. Disponibles en varios tama\u00f1os con personalizaci\u00f3n OEM\/ODM, ideales para compradores al por mayor, minoristas y proyectos de hosteler\u00eda que buscan suministros de cer\u00e1mica para hornear fiables.<\/p>","protected":false},"featured_media":11763,"comment_status":"closed","ping_status":"closed","template":"","meta":{"_acf_changed":false},"product_brand":[],"product_cat":[53],"product_tag":[71],"class_list":{"0":"post-11761","1":"product","2":"type-product","3":"status-publish","4":"has-post-thumbnail","6":"product_cat-bakeware-in-bulk","7":"product_tag-wholesale-baking-pans","9":"first","10":"instock","11":"shipping-taxable","12":"product-type-simple"},"acf":[],"_links":{"self":[{"href":"https:\/\/jinhuaceramic.com\/es\/wp-json\/wp\/v2\/product\/11761","targetHints":{"allow":["GET"]}}],"collection":[{"href":"https:\/\/jinhuaceramic.com\/es\/wp-json\/wp\/v2\/product"}],"about":[{"href":"https:\/\/jinhuaceramic.com\/es\/wp-json\/wp\/v2\/types\/product"}],"replies":[{"embeddable":true,"href":"https:\/\/jinhuaceramic.com\/es\/wp-json\/wp\/v2\/comments?post=11761"}],"version-history":[{"count":0,"href":"https:\/\/jinhuaceramic.com\/es\/wp-json\/wp\/v2\/product\/11761\/revisions"}],"wp:featuredmedia":[{"embeddable":true,"href":"https:\/\/jinhuaceramic.com\/es\/wp-json\/wp\/v2\/media\/11763"}],"wp:attachment":[{"href":"https:\/\/jinhuaceramic.com\/es\/wp-json\/wp\/v2\/media?parent=11761"}],"wp:term":[{"taxonomy":"product_brand","embeddable":true,"href":"https:\/\/jinhuaceramic.com\/es\/wp-json\/wp\/v2\/product_brand?post=11761"},{"taxonomy":"product_cat","embeddable":true,"href":"https:\/\/jinhuaceramic.com\/es\/wp-json\/wp\/v2\/product_cat?post=11761"},{"taxonomy":"product_tag","embeddable":true,"href":"https:\/\/jinhuaceramic.com\/es\/wp-json\/wp\/v2\/product_tag?post=11761"}],"curies":[{"name":"wp","href":"https:\/\/api.w.org\/{rel}","templated":true}]}}