{"id":11771,"date":"2026-01-09T03:30:04","date_gmt":"2026-01-09T03:30:04","guid":{"rendered":"https:\/\/jinhuaceramic.com\/?post_type=product&#038;p=11771"},"modified":"2026-01-09T03:30:06","modified_gmt":"2026-01-09T03:30:06","slug":"bulk-bathroom-accessories-wholesale","status":"publish","type":"product","link":"https:\/\/jinhuaceramic.com\/es\/product\/bulk-bathroom-accessories-wholesale\/","title":{"rendered":"Accesorios de Ba\u00f1o al por mayor, Set de Ba\u00f1o Gradiente Azul"},"content":{"rendered":"<div class=\"wp-block-columns is-layout-flex wp-container-core-columns-is-layout-9d6595d7 wp-block-columns-is-layout-flex\">\n<div class=\"wp-block-column is-layout-flow wp-block-column-is-layout-flow\">\n<h3 class=\"wp-block-heading\">Accesorios de ba\u00f1o a granel de primera calidad al por mayor Caracter\u00edsticas:<\/h3>\n\n\n\n<ul class=\"wp-block-list\">\n<li><strong>Colores frescos:<\/strong> Estos accesorios de ba\u00f1o al por mayor presentan un degradado natural entre el azul y el blanco, que crea una atm\u00f3sfera fresca y apacible, como si el oc\u00e9ano se encontrara con el cielo. Esta combinaci\u00f3n de colores puede traer un hermoso paisaje al cuarto de ba\u00f1o y aliviar el estr\u00e9s y la fatiga de la gente en la vida cotidiana.<\/li>\n\n\n\n<li><strong>Textura \u00fanica:<\/strong> Estos accesorios de ba\u00f1o al por mayor est\u00e1n dise\u00f1ados con texturas c\u00f3ncavas y convexas irregulares en la superficie, simulando la forma de las olas del agua. Junto con el esmalte brillante, realzan la suave atm\u00f3sfera del \u201cestilo oce\u00e1nico\u201d y a\u00f1aden un sentido natural y art\u00edstico.<\/li>\n\n\n\n<li><strong>Juego completo:<\/strong> Estos accesorios de ba\u00f1o al por mayor a granel incluyen botellas de jab\u00f3n para dispensar jab\u00f3n l\u00edquido, portacepillos de dientes para guardar cepillos de dientes y pasta dent\u00edfrica, jaboneras y vasos para enjuague bucal, que cubren los principales art\u00edculos de aseo del cuarto de ba\u00f1o y permiten que la encimera diga adi\u00f3s al desorden.<\/li>\n\n\n\n<li><strong>Excelente material: <\/strong>Estos juegos de ba\u00f1o a medida est\u00e1n fabricados con cer\u00e1mica de alta calidad, de textura dura y densa, y tienen una excelente resistencia al desgaste y a los impactos. No son propensos a sufrir ara\u00f1azos o da\u00f1os durante el uso diario y tienen una larga vida \u00fatil.<\/li>\n\n\n\n<li><strong>Superficie lisa y f\u00e1cil de limpiar:<\/strong> El esmalte de este juego de ba\u00f1o a medida es delicado y suave, con una gran resistencia a las manchas y un bajo coste de mantenimiento diario, lo que lo hace adecuado para espacios comerciales y escenarios de uso de gran volumen.<\/li>\n<\/ul>\n<\/div>\n\n\n\n<div class=\"wp-block-column is-layout-flow wp-block-column-is-layout-flow\">\n<figure class=\"wp-block-image size-full\"><img fetchpriority=\"high\" decoding=\"async\" width=\"1588\" height=\"1588\" src=\"https:\/\/jinhuaceramic.com\/wp-content\/uploads\/2026\/01\/Blue-Gradient-Bathroom-Set-Ceramic-Bulk-Bathroom-Accessories-Wholesale-4.webp\" alt=\"bulk-bathroom-accessories-wholesale-azul-gradient-bath-set-4\" class=\"wp-image-11774\" srcset=\"https:\/\/jinhuaceramic.com\/wp-content\/uploads\/2026\/01\/Blue-Gradient-Bathroom-Set-Ceramic-Bulk-Bathroom-Accessories-Wholesale-4.webp 1588w, https:\/\/jinhuaceramic.com\/wp-content\/uploads\/2026\/01\/Blue-Gradient-Bathroom-Set-Ceramic-Bulk-Bathroom-Accessories-Wholesale-4-300x300.webp 300w, https:\/\/jinhuaceramic.com\/wp-content\/uploads\/2026\/01\/Blue-Gradient-Bathroom-Set-Ceramic-Bulk-Bathroom-Accessories-Wholesale-4-150x150.webp 150w, https:\/\/jinhuaceramic.com\/wp-content\/uploads\/2026\/01\/Blue-Gradient-Bathroom-Set-Ceramic-Bulk-Bathroom-Accessories-Wholesale-4-768x768.webp 768w, https:\/\/jinhuaceramic.com\/wp-content\/uploads\/2026\/01\/Blue-Gradient-Bathroom-Set-Ceramic-Bulk-Bathroom-Accessories-Wholesale-4-12x12.webp 12w, https:\/\/jinhuaceramic.com\/wp-content\/uploads\/2026\/01\/Blue-Gradient-Bathroom-Set-Ceramic-Bulk-Bathroom-Accessories-Wholesale-4-285x285.webp 285w, https:\/\/jinhuaceramic.com\/wp-content\/uploads\/2026\/01\/Blue-Gradient-Bathroom-Set-Ceramic-Bulk-Bathroom-Accessories-Wholesale-4-270x270.webp 270w, https:\/\/jinhuaceramic.com\/wp-content\/uploads\/2026\/01\/Blue-Gradient-Bathroom-Set-Ceramic-Bulk-Bathroom-Accessories-Wholesale-4-540x540.webp 540w, https:\/\/jinhuaceramic.com\/wp-content\/uploads\/2026\/01\/Blue-Gradient-Bathroom-Set-Ceramic-Bulk-Bathroom-Accessories-Wholesale-4-660x660.webp 660w\" sizes=\"(max-width: 1588px) 100vw, 1588px\" \/><\/figure>\n<\/div>\n<\/div>","protected":false},"excerpt":{"rendered":"<p>Bienvenido a comprar nuestros accesorios de ba\u00f1o al por mayor al por mayor azul gradiente conjunto de ba\u00f1o de cer\u00e1mica, con un dise\u00f1o \u00fanico, funciones pr\u00e1cticas, y excelentes materiales, dise\u00f1ados para hoteles, centros tur\u00edsticos, y las marcas minoristas. Hecho de cer\u00e1mica de alta cocci\u00f3n con un esmalte degradado suave, este conjunto de accesorios de ba\u00f1o de cer\u00e1mica ofrece durabilidad, f\u00e1cil mantenimiento y calidad constante para pedidos de gran volumen.<\/p>","protected":false},"featured_media":11772,"comment_status":"closed","ping_status":"closed","template":"","meta":{"_acf_changed":false},"product_brand":[],"product_cat":[51],"product_tag":[],"class_list":{"0":"post-11771","1":"product","2":"type-product","3":"status-publish","4":"has-post-thumbnail","6":"product_cat-bathroom-accessories-wholesale","8":"first","9":"instock","10":"shipping-taxable","11":"product-type-simple"},"acf":[],"_links":{"self":[{"href":"https:\/\/jinhuaceramic.com\/es\/wp-json\/wp\/v2\/product\/11771","targetHints":{"allow":["GET"]}}],"collection":[{"href":"https:\/\/jinhuaceramic.com\/es\/wp-json\/wp\/v2\/product"}],"about":[{"href":"https:\/\/jinhuaceramic.com\/es\/wp-json\/wp\/v2\/types\/product"}],"replies":[{"embeddable":true,"href":"https:\/\/jinhuaceramic.com\/es\/wp-json\/wp\/v2\/comments?post=11771"}],"version-history":[{"count":0,"href":"https:\/\/jinhuaceramic.com\/es\/wp-json\/wp\/v2\/product\/11771\/revisions"}],"wp:featuredmedia":[{"embeddable":true,"href":"https:\/\/jinhuaceramic.com\/es\/wp-json\/wp\/v2\/media\/11772"}],"wp:attachment":[{"href":"https:\/\/jinhuaceramic.com\/es\/wp-json\/wp\/v2\/media?parent=11771"}],"wp:term":[{"taxonomy":"product_brand","embeddable":true,"href":"https:\/\/jinhuaceramic.com\/es\/wp-json\/wp\/v2\/product_brand?post=11771"},{"taxonomy":"product_cat","embeddable":true,"href":"https:\/\/jinhuaceramic.com\/es\/wp-json\/wp\/v2\/product_cat?post=11771"},{"taxonomy":"product_tag","embeddable":true,"href":"https:\/\/jinhuaceramic.com\/es\/wp-json\/wp\/v2\/product_tag?post=11771"}],"curies":[{"name":"wp","href":"https:\/\/api.w.org\/{rel}","templated":true}]}}