{"id":11782,"date":"2026-01-09T07:10:05","date_gmt":"2026-01-09T07:10:05","guid":{"rendered":"https:\/\/jinhuaceramic.com\/?post_type=product&#038;p=11782"},"modified":"2026-01-09T07:10:07","modified_gmt":"2026-01-09T07:10:07","slug":"custom-creme-brulee-ramekins","status":"publish","type":"product","link":"https:\/\/jinhuaceramic.com\/es\/product\/custom-creme-brulee-ramekins\/","title":{"rendered":"Creme Brulee Ramekins Personalizados, Tazas de Cer\u00e1mica Roja para Souffl\u00e9 a Granel"},"content":{"rendered":"<div class=\"wp-block-columns is-layout-flex wp-container-core-columns-is-layout-9d6595d7 wp-block-columns-is-layout-flex\">\n<div class=\"wp-block-column is-layout-flow wp-block-column-is-layout-flow\">\n<h3 class=\"wp-block-heading\">Tarrinas de Creme Brulee Personalizadas Tarrina de Creme Brulee Caracter\u00edsticas:<\/h3>\n\n\n\n<ul class=\"wp-block-list\">\n<li><strong>Dise\u00f1o llamativo:<\/strong> Estos moldes personalizados para creme brulee utilizan esmalte rojo brillante de alta saturaci\u00f3n, con un llamativo tono de color adecuado para reuniones festivas y otras escenas. El dise\u00f1o de encaje del borde es un elemento destacado, que a\u00f1ade belleza y delicadeza al recipiente para hornear.<\/li>\n\n\n\n<li><strong>Varios colores:<\/strong> Adem\u00e1s del rojo brillante, estos moldes para creme brulee personalizados tambi\u00e9n est\u00e1n disponibles en otros colores, como el blanco puro, el azul fresco y el negro intenso. Como fabricante, tambi\u00e9n podemos personalizar otros colores seg\u00fan los requisitos del cliente.<\/li>\n\n\n\n<li><strong>Versatilidad: <\/strong>Estas tazas de souffl\u00e9 de cer\u00e1mica al por mayor est\u00e1n dise\u00f1adas para hacer postres de una sola porci\u00f3n como souffl\u00e9, pud\u00edn de caramelo y muffin. No s\u00f3lo son cuencos para hornear, sino tambi\u00e9n peque\u00f1os cuencos para la vida diaria. Prepare sus salsas, frutas, aperitivos y mucho m\u00e1s.<\/li>\n\n\n\n<li><strong>Seguro y saludable:<\/strong> Estos ramequines personalizados para creme brulee est\u00e1n hechos de cer\u00e1mica de alta calidad, con materiales naturales y respetuosos con el medio ambiente que no liberan sustancias nocivas durante el horneado a alta temperatura ni en contacto con los alimentos, lo que garantiza la seguridad y la salud de los alimentos.<\/li>\n\n\n\n<li><strong>Adecuado para diversas aplicaciones comerciales:<\/strong> Estas tazas de souffl\u00e9 de cer\u00e1mica a granel se utilizan ampliamente en restaurantes, hoteles, cafeter\u00edas, panader\u00edas, caf\u00e9s y vajillas de postre al por menor.<\/li>\n<\/ul>\n<\/div>\n\n\n\n<div class=\"wp-block-column is-layout-flow wp-block-column-is-layout-flow\">\n<figure class=\"wp-block-image size-full\"><img fetchpriority=\"high\" decoding=\"async\" width=\"1072\" height=\"1072\" src=\"https:\/\/jinhuaceramic.com\/wp-content\/uploads\/2026\/01\/Red-Creme-Brulee-Ramekins-Bulk-Wholesale-Custom-Ceramic-Souffle-Cups-2.webp\" alt=\"custom-creme-brulee-ramekins-rojo-cer\u00e1mica-souffle-cups-bulk-2\" class=\"wp-image-11783\" srcset=\"https:\/\/jinhuaceramic.com\/wp-content\/uploads\/2026\/01\/Red-Creme-Brulee-Ramekins-Bulk-Wholesale-Custom-Ceramic-Souffle-Cups-2.webp 1072w, https:\/\/jinhuaceramic.com\/wp-content\/uploads\/2026\/01\/Red-Creme-Brulee-Ramekins-Bulk-Wholesale-Custom-Ceramic-Souffle-Cups-2-300x300.webp 300w, https:\/\/jinhuaceramic.com\/wp-content\/uploads\/2026\/01\/Red-Creme-Brulee-Ramekins-Bulk-Wholesale-Custom-Ceramic-Souffle-Cups-2-150x150.webp 150w, https:\/\/jinhuaceramic.com\/wp-content\/uploads\/2026\/01\/Red-Creme-Brulee-Ramekins-Bulk-Wholesale-Custom-Ceramic-Souffle-Cups-2-768x768.webp 768w, https:\/\/jinhuaceramic.com\/wp-content\/uploads\/2026\/01\/Red-Creme-Brulee-Ramekins-Bulk-Wholesale-Custom-Ceramic-Souffle-Cups-2-12x12.webp 12w, https:\/\/jinhuaceramic.com\/wp-content\/uploads\/2026\/01\/Red-Creme-Brulee-Ramekins-Bulk-Wholesale-Custom-Ceramic-Souffle-Cups-2-285x285.webp 285w, https:\/\/jinhuaceramic.com\/wp-content\/uploads\/2026\/01\/Red-Creme-Brulee-Ramekins-Bulk-Wholesale-Custom-Ceramic-Souffle-Cups-2-270x270.webp 270w, https:\/\/jinhuaceramic.com\/wp-content\/uploads\/2026\/01\/Red-Creme-Brulee-Ramekins-Bulk-Wholesale-Custom-Ceramic-Souffle-Cups-2-540x540.webp 540w, https:\/\/jinhuaceramic.com\/wp-content\/uploads\/2026\/01\/Red-Creme-Brulee-Ramekins-Bulk-Wholesale-Custom-Ceramic-Souffle-Cups-2-660x660.webp 660w\" sizes=\"(max-width: 1072px) 100vw, 1072px\" \/><\/figure>\n<\/div>\n<\/div>","protected":false},"excerpt":{"rendered":"<p>Bienvenido a comprar nuestros moldes para creme brulee hechos de cer\u00e1mica de alta temperatura para una distribuci\u00f3n uniforme del calor y un rendimiento de horneado profesional. Estas tazas de souffl\u00e9 de cer\u00e1mica roja al por mayor son aptas para horno, microondas y lavavajillas, con tama\u00f1os, colores y marcas personalizables. Ideales para restaurantes, hoteles, pasteler\u00edas y proveedores de vajillas de marca blanca que buscan moldes para postres duraderos y elegantes.<\/p>","protected":false},"featured_media":11787,"comment_status":"closed","ping_status":"closed","template":"","meta":{"_acf_changed":false},"product_brand":[],"product_cat":[53],"product_tag":[69],"class_list":{"0":"post-11782","1":"product","2":"type-product","3":"status-publish","4":"has-post-thumbnail","6":"product_cat-bakeware-in-bulk","7":"product_tag-bulk-ramekins","9":"first","10":"instock","11":"shipping-taxable","12":"product-type-simple"},"acf":[],"_links":{"self":[{"href":"https:\/\/jinhuaceramic.com\/es\/wp-json\/wp\/v2\/product\/11782","targetHints":{"allow":["GET"]}}],"collection":[{"href":"https:\/\/jinhuaceramic.com\/es\/wp-json\/wp\/v2\/product"}],"about":[{"href":"https:\/\/jinhuaceramic.com\/es\/wp-json\/wp\/v2\/types\/product"}],"replies":[{"embeddable":true,"href":"https:\/\/jinhuaceramic.com\/es\/wp-json\/wp\/v2\/comments?post=11782"}],"version-history":[{"count":0,"href":"https:\/\/jinhuaceramic.com\/es\/wp-json\/wp\/v2\/product\/11782\/revisions"}],"wp:featuredmedia":[{"embeddable":true,"href":"https:\/\/jinhuaceramic.com\/es\/wp-json\/wp\/v2\/media\/11787"}],"wp:attachment":[{"href":"https:\/\/jinhuaceramic.com\/es\/wp-json\/wp\/v2\/media?parent=11782"}],"wp:term":[{"taxonomy":"product_brand","embeddable":true,"href":"https:\/\/jinhuaceramic.com\/es\/wp-json\/wp\/v2\/product_brand?post=11782"},{"taxonomy":"product_cat","embeddable":true,"href":"https:\/\/jinhuaceramic.com\/es\/wp-json\/wp\/v2\/product_cat?post=11782"},{"taxonomy":"product_tag","embeddable":true,"href":"https:\/\/jinhuaceramic.com\/es\/wp-json\/wp\/v2\/product_tag?post=11782"}],"curies":[{"name":"wp","href":"https:\/\/api.w.org\/{rel}","templated":true}]}}